{"id":9971,"date":"2021-02-16T14:22:34","date_gmt":"2021-02-16T14:22:34","guid":{"rendered":"https:\/\/cannespaysdelerins.fr\/?page_id=9971"},"modified":"2022-05-25T07:59:32","modified_gmt":"2022-05-25T07:59:32","slug":"offres-demploi","status":"publish","type":"page","link":"https:\/\/cannespaysdelerins.fr\/index.php\/offres-demploi\/","title":{"rendered":"Offres d&#8217;emploi"},"content":{"rendered":"<p>[et_pb_section fb_built=&#8221;1&#8243; custom_padding_last_edited=&#8221;off|phone&#8221; disabled_on=&#8221;off|off|off&#8221; admin_label=&#8221;Header image&#8221; _builder_version=&#8221;4.5.1&#8243; background_image=&#8221;https:\/\/cannespaysdelerins.fr\/wp-content\/uploads\/2021\/02\/fond-emploi-cannes-lerins.jpg&#8221; parallax=&#8221;on&#8221; z_index=&#8221;0&#8243; min_height=&#8221;700px&#8221; min_height_tablet=&#8221;&#8221; min_height_phone=&#8221;500px&#8221; min_height_last_edited=&#8221;on|desktop&#8221; custom_margin=&#8221;||||false|false&#8221; custom_margin_last_edited=&#8221;off|desktop&#8221; custom_padding=&#8221;||||false|false&#8221; custom_padding_phone=&#8221;||||true|false&#8221; animation_style=&#8221;fade&#8221; collapsed=&#8221;on&#8221;][et_pb_row disabled_on=&#8221;off|off|off&#8221; admin_label=&#8221;Accroche DESKTOP&#8221; _builder_version=&#8221;3.29.3&#8243; background_color=&#8221;rgba(0,0,0,0)&#8221; custom_margin=&#8221;||||false|false&#8221;][et_pb_column type=&#8221;4_4&#8243; _builder_version=&#8221;3.29.3&#8243;][et_pb_text _builder_version=&#8221;4.5.1&#8243; header_font=&#8221;Open Light||||||||&#8221; header_text_align=&#8221;center&#8221; header_text_color=&#8221;#ffffff&#8221; header_font_size=&#8221;40px&#8221; header_letter_spacing=&#8221;1.5px&#8221; header_line_height=&#8221;1.3em&#8221; background_color=&#8221;rgba(0,0,0,0.49)&#8221; max_width=&#8221;500px&#8221; max_width_tablet=&#8221;&#8221; max_width_phone=&#8221;200px&#8221; max_width_last_edited=&#8221;on|phone&#8221; module_alignment=&#8221;center&#8221; custom_margin=&#8221;50px||||false|false&#8221; custom_margin_tablet=&#8221;&#8221; custom_margin_phone=&#8221;0px||||false|false&#8221; custom_margin_last_edited=&#8221;on|phone&#8221; custom_padding=&#8221;30px||30px||true|false&#8221; animation_style=&#8221;fade&#8221; animation_duration=&#8221;2000ms&#8221; header_font_size_tablet=&#8221;&#8221; header_font_size_phone=&#8221;25px&#8221; header_font_size_last_edited=&#8221;on|phone&#8221; header_line_height_tablet=&#8221;&#8221; header_line_height_phone=&#8221;1em&#8221; header_line_height_last_edited=&#8221;on|phone&#8221; border_radii=&#8221;on|6px|6px|6px|6px&#8221;]<\/p>\n<h1 style=\"text-align: center;\">Offres d&#8217;emploi<\/h1>\n<p>[\/et_pb_text][\/et_pb_column][\/et_pb_row][\/et_pb_section][et_pb_section fb_built=&#8221;1&#8243; admin_label=&#8221;Trouver un emploi&#8221; _builder_version=&#8221;3.29.3&#8243; background_color=&#8221;rgba(0,0,0,0)&#8221; custom_margin=&#8221;|40px||40px|false|true&#8221; custom_margin_tablet=&#8221;&#8221; custom_margin_phone=&#8221;|20px||20px|false|true&#8221; custom_margin_last_edited=&#8221;on|desktop&#8221; custom_padding=&#8221;0px||140px||false|false&#8221; animation_style=&#8221;slide&#8221; animation_direction=&#8221;bottom&#8221; animation_duration=&#8221;1550ms&#8221; collapsed=&#8221;off&#8221;][et_pb_row custom_padding_last_edited=&#8221;on|desktop&#8221; admin_label=&#8221;Intro&#8221; _builder_version=&#8221;4.5.1&#8243; _module_preset=&#8221;default&#8221; background_color=&#8221;#ffffff&#8221; width_tablet=&#8221;90%&#8221; width_phone=&#8221;&#8221; width_last_edited=&#8221;on|phone&#8221; max_width=&#8221;900px&#8221; custom_margin=&#8221;-100px||||false|false&#8221; custom_padding=&#8221;50px|20px|50px|20px|true|true&#8221; custom_padding_tablet=&#8221;|30px||30px|true|true&#8221; custom_padding_phone=&#8221;|0px||0px|true|true&#8221;][et_pb_column type=&#8221;4_4&#8243; _builder_version=&#8221;4.5.1&#8243; _module_preset=&#8221;default&#8221;][et_pb_text _builder_version=&#8221;4.5.1&#8243; _module_preset=&#8221;default&#8221; custom_padding=&#8221;|60px||60px|false|true&#8221;]<\/p>\n<p style=\"text-align: center;\"><strong>Vous recherchez un emploi sur le territoire Cannes L\u00e9rins ?<\/strong><\/p>\n<p style=\"text-align: center;\">Afin de faciliter vos recherches, l&#8217;Agglom\u00e9ration a regroup\u00e9 les diff\u00e9rentes plateformes proposant des offres :<br \/>(<em>cliquez sur le logo<\/em>)<\/p>\n<p>[\/et_pb_text][\/et_pb_column][\/et_pb_row][et_pb_row admin_label=&#8221;BREA&#8221; _builder_version=&#8221;4.5.1&#8243; max_width=&#8221;1200px&#8221; custom_padding=&#8221;||||false|false&#8221; animation_style=&#8221;fade&#8221; locked=&#8221;off&#8221;][et_pb_column type=&#8221;4_4&#8243; _builder_version=&#8221;4.0.6&#8243;][et_pb_code _builder_version=&#8221;4.5.1&#8243;]<iframe loading=\"lazy\" src=\"https:\/\/candidat.pole-emploi.fr\/offres\/emploi\/cannes\/v66\" width=\"100%\" height=\"900px\" frameborder=\"0\" scrolling=\"yes\" align=\"right\"> <\/iframe>[\/et_pb_code][\/et_pb_column][\/et_pb_row][et_pb_row column_structure=&#8221;1_4,1_4,1_4,1_4&#8243; custom_padding_last_edited=&#8221;on|desktop&#8221; admin_label=&#8221;AUTRES PARTENAIRES&#8221; _builder_version=&#8221;4.5.1&#8243; background_color=&#8221;#ffffff&#8221; z_index=&#8221;0&#8243; width_tablet=&#8221;90%&#8221; width_phone=&#8221;90%&#8221; width_last_edited=&#8221;on|desktop&#8221; max_width=&#8221;1200px&#8221; overflow-x=&#8221;visible&#8221; overflow-y=&#8221;visible&#8221; custom_margin=&#8221;|auto||auto|false|false&#8221; custom_padding=&#8221;50px|20px|50px|20px|true|true&#8221; custom_padding_tablet=&#8221;|30px||30px|true|true&#8221; custom_padding_phone=&#8221;|0px||0px|false|false&#8221; animation_style=&#8221;fade&#8221; animation_duration=&#8221;2000ms&#8221; box_shadow_style=&#8221;preset3&#8243; box_shadow_vertical=&#8221;40px&#8221; box_shadow_blur=&#8221;110px&#8221; box_shadow_spread=&#8221;0px&#8221; box_shadow_color=&#8221;rgba(131,146,167,0.5)&#8221; locked=&#8221;off&#8221; width__hover_enabled=&#8221;off&#8221;][et_pb_column type=&#8221;1_4&#8243; _builder_version=&#8221;3.29.3&#8243; background_color=&#8221;rgba(0,0,0,0)&#8221; custom_padding=&#8221;|30px||30px|false|true&#8221;][et_pb_text admin_label=&#8221;EMPLOI TERRITORIAL&#8221; _builder_version=&#8221;4.5.1&#8243; _module_preset=&#8221;default&#8221;]<\/p>\n<p style=\"text-align: center;\"><a href=\"https:\/\/www.emploi-territorial.fr\/recherche_emploi_mobilite\/1\/\"><img loading=\"lazy\" decoding=\"async\" class=\"aligncenter wp-image-13735\" src=\"https:\/\/cannespaysdelerins.fr\/wp-content\/uploads\/2022\/05\/logo_set.jpg\" alt=\"\" width=\"347\" height=\"209\" \/><\/a><\/p>\n<p>[\/et_pb_text][\/et_pb_column][et_pb_column type=&#8221;1_4&#8243; _builder_version=&#8221;3.29.3&#8243; background_color=&#8221;rgba(0,0,0,0)&#8221; custom_padding=&#8221;|30px||30px|false|true&#8221;][et_pb_text admin_label=&#8221;APEC&#8221; _builder_version=&#8221;4.5.1&#8243;]<\/p>\n<p><a href=\"https:\/\/www.apec.fr\/candidat\/recherche-emploi.html\/emploi?lieux=561882&amp;lieux=561883&amp;lieux=561938&amp;lieux=561991&amp;lieux=561932&amp;sortsType=DATE\" target=\"_blank\" rel=\"noopener\"><img loading=\"lazy\" decoding=\"async\" class=\"aligncenter wp-image-9974\" src=\"https:\/\/cannespaysdelerins.fr\/wp-content\/uploads\/2021\/02\/APEC.png\" alt=\"\" width=\"263\" height=\"87\" srcset=\"https:\/\/cannespaysdelerins.fr\/wp-content\/uploads\/2021\/02\/APEC.png 389w, https:\/\/cannespaysdelerins.fr\/wp-content\/uploads\/2021\/02\/APEC-300x99.png 300w\" sizes=\"auto, (max-width: 263px) 100vw, 263px\" \/><\/a><\/p>\n<p>[\/et_pb_text][\/et_pb_column][et_pb_column type=&#8221;1_4&#8243; _builder_version=&#8221;3.29.3&#8243; background_color=&#8221;rgba(0,0,0,0)&#8221; custom_padding=&#8221;|30px||30px|false|true&#8221;][et_pb_text admin_label=&#8221;CADRE EMPLOI&#8221; _builder_version=&#8221;4.5.1&#8243;]<\/p>\n<p style=\"text-align: center;\"><a href=\"https:\/\/www.cadremploi.fr\/emploi\/liste_offres\" target=\"_blank\" rel=\"noopener\"><img loading=\"lazy\" decoding=\"async\" class=\"aligncenter wp-image-9976\" src=\"https:\/\/cannespaysdelerins.fr\/wp-content\/uploads\/2021\/02\/CADRE-EMPLOI-1.png\" alt=\"\" width=\"272\" height=\"136\" \/><\/a><\/p>\n<p>[\/et_pb_text][\/et_pb_column][et_pb_column type=&#8221;1_4&#8243; _builder_version=&#8221;3.29.3&#8243; background_color=&#8221;rgba(0,0,0,0)&#8221; custom_padding=&#8221;|30px||30px|false|true&#8221;][et_pb_text admin_label=&#8221;INDEED&#8221; _builder_version=&#8221;4.5.1&#8243;]<\/p>\n<p style=\"text-align: center;\"><a href=\"https:\/\/fr.indeed.com\/emplois?q=&amp;l=Cannes+%2806%29&amp;radius=10\" target=\"_blank\" rel=\"noopener\"><img loading=\"lazy\" decoding=\"async\" class=\"aligncenter wp-image-9982\" src=\"https:\/\/cannespaysdelerins.fr\/wp-content\/uploads\/2021\/02\/INDEED.png\" alt=\"\" width=\"267\" height=\"104\" \/><\/a><\/p>\n<p>[\/et_pb_text][\/et_pb_column][\/et_pb_row][et_pb_row column_structure=&#8221;1_4,1_4,1_4,1_4&#8243; custom_padding_last_edited=&#8221;on|desktop&#8221; admin_label=&#8221;AUTRES PARTENAIRES&#8221; _builder_version=&#8221;4.5.1&#8243; background_color=&#8221;#ffffff&#8221; z_index=&#8221;0&#8243; width_tablet=&#8221;90%&#8221; width_phone=&#8221;90%&#8221; width_last_edited=&#8221;on|desktop&#8221; max_width=&#8221;1200px&#8221; overflow-x=&#8221;visible&#8221; overflow-y=&#8221;visible&#8221; custom_margin=&#8221;|auto||auto|false|false&#8221; custom_padding=&#8221;50px|20px|50px|20px|true|true&#8221; custom_padding_tablet=&#8221;|30px||30px|true|true&#8221; custom_padding_phone=&#8221;|0px||0px|false|false&#8221; animation_style=&#8221;fade&#8221; animation_duration=&#8221;2000ms&#8221; box_shadow_style=&#8221;preset3&#8243; box_shadow_vertical=&#8221;40px&#8221; box_shadow_blur=&#8221;110px&#8221; box_shadow_spread=&#8221;0px&#8221; box_shadow_color=&#8221;rgba(131,146,167,0.5)&#8221; locked=&#8221;off&#8221; width__hover_enabled=&#8221;off&#8221;][et_pb_column type=&#8221;1_4&#8243; _builder_version=&#8221;3.29.3&#8243; background_color=&#8221;rgba(0,0,0,0)&#8221; custom_padding=&#8221;|30px||30px|false|true&#8221;][et_pb_text admin_label=&#8221;JOBIJOBA&#8221; _builder_version=&#8221;4.5.1&#8243;]<\/p>\n<p style=\"text-align: center;\"><a href=\"https:\/\/www.jobijoba.com\/fr\/query\/?what=&amp;where=Cannes&amp;where_type=city&amp;perimeter=10\" target=\"_blank\" rel=\"noopener\"><img loading=\"lazy\" decoding=\"async\" class=\"aligncenter wp-image-9983 size-full\" src=\"https:\/\/cannespaysdelerins.fr\/wp-content\/uploads\/2021\/02\/JOBIJOBA.png\" alt=\"\" width=\"320\" height=\"140\" srcset=\"https:\/\/cannespaysdelerins.fr\/wp-content\/uploads\/2021\/02\/JOBIJOBA.png 320w, https:\/\/cannespaysdelerins.fr\/wp-content\/uploads\/2021\/02\/JOBIJOBA-300x131.png 300w\" sizes=\"auto, (max-width: 320px) 100vw, 320px\" \/><\/a><\/p>\n<p>[\/et_pb_text][\/et_pb_column][et_pb_column type=&#8221;1_4&#8243; _builder_version=&#8221;3.29.3&#8243; background_color=&#8221;rgba(0,0,0,0)&#8221; custom_padding=&#8221;|30px||30px|false|true&#8221;][et_pb_text admin_label=&#8221;JOOBLE&#8221; _builder_version=&#8221;4.5.1&#8243;]<\/p>\n<p style=\"text-align: center;\"><a href=\"https:\/\/fr.jooble.org\/SearchResult?len=1&amp;rgns=Cannes%2C%20Alpes-Maritimes&amp;sid=-2823969403181839149\" target=\"_blank\" rel=\"noopener\"><img loading=\"lazy\" decoding=\"async\" class=\"aligncenter wp-image-9984\" src=\"https:\/\/cannespaysdelerins.fr\/wp-content\/uploads\/2021\/02\/JOOBLE.png\" alt=\"\" width=\"181\" height=\"141\" \/><\/a><\/p>\n<p>[\/et_pb_text][\/et_pb_column][et_pb_column type=&#8221;1_4&#8243; _builder_version=&#8221;3.29.3&#8243; background_color=&#8221;rgba(0,0,0,0)&#8221; custom_padding=&#8221;|30px||30px|false|true&#8221;][et_pb_text admin_label=&#8221;KELJOB&#8221; _builder_version=&#8221;4.5.1&#8243;]<\/p>\n<p style=\"text-align: center;\"><a href=\"https:\/\/www.keljob.com\/recherche?l=Cannes&amp;d=1d&amp;lon=7.033714&amp;lat=43.560314&amp;radius=10\" target=\"_blank\" rel=\"noopener\"><img loading=\"lazy\" decoding=\"async\" class=\"aligncenter wp-image-9985\" src=\"https:\/\/cannespaysdelerins.fr\/wp-content\/uploads\/2021\/02\/KELJOB.png\" alt=\"\" width=\"299\" height=\"116\" srcset=\"https:\/\/cannespaysdelerins.fr\/wp-content\/uploads\/2021\/02\/KELJOB.png 361w, https:\/\/cannespaysdelerins.fr\/wp-content\/uploads\/2021\/02\/KELJOB-300x116.png 300w\" sizes=\"auto, (max-width: 299px) 100vw, 299px\" \/><\/a><\/p>\n<p>[\/et_pb_text][\/et_pb_column][et_pb_column type=&#8221;1_4&#8243; _builder_version=&#8221;3.29.3&#8243; background_color=&#8221;rgba(0,0,0,0)&#8221; custom_padding=&#8221;|30px||30px|false|true&#8221;][et_pb_text admin_label=&#8221;LEBONCOIN&#8221; _builder_version=&#8221;4.5.1&#8243;]<\/p>\n<p style=\"text-align: center;\"><a href=\"https:\/\/www.leboncoin.fr\/recherche?category=33&amp;locations=Cannes__43.55333_7.01363_6495_10000\" target=\"_blank\" rel=\"noopener\"><img loading=\"lazy\" decoding=\"async\" class=\"aligncenter wp-image-9986\" src=\"https:\/\/cannespaysdelerins.fr\/wp-content\/uploads\/2021\/02\/LEBONCOIN-1024x178.png\" alt=\"\" width=\"338\" height=\"59\" \/><\/a><\/p>\n<p>[\/et_pb_text][\/et_pb_column][\/et_pb_row][et_pb_row column_structure=&#8221;1_4,1_4,1_4,1_4&#8243; custom_padding_last_edited=&#8221;on|desktop&#8221; admin_label=&#8221;AUTRES PARTENAIRES&#8221; _builder_version=&#8221;4.5.1&#8243; background_color=&#8221;#ffffff&#8221; z_index=&#8221;0&#8243; width_tablet=&#8221;90%&#8221; width_phone=&#8221;90%&#8221; width_last_edited=&#8221;on|desktop&#8221; max_width=&#8221;1200px&#8221; overflow-x=&#8221;visible&#8221; overflow-y=&#8221;visible&#8221; custom_margin=&#8221;|auto||auto|false|false&#8221; custom_padding=&#8221;50px|20px|50px|20px|true|true&#8221; custom_padding_tablet=&#8221;|30px||30px|true|true&#8221; custom_padding_phone=&#8221;|0px||0px|false|false&#8221; animation_style=&#8221;fade&#8221; animation_duration=&#8221;2000ms&#8221; box_shadow_style=&#8221;preset3&#8243; box_shadow_vertical=&#8221;40px&#8221; box_shadow_blur=&#8221;110px&#8221; box_shadow_spread=&#8221;0px&#8221; box_shadow_color=&#8221;rgba(131,146,167,0.5)&#8221; locked=&#8221;off&#8221; width__hover_enabled=&#8221;off&#8221;][et_pb_column type=&#8221;1_4&#8243; _builder_version=&#8221;3.29.3&#8243; background_color=&#8221;rgba(0,0,0,0)&#8221; custom_padding=&#8221;|30px||30px|false|true&#8221;][et_pb_text admin_label=&#8221;LINKEDIN&#8221; _builder_version=&#8221;4.5.1&#8243;]<\/p>\n<p style=\"text-align: center;\"><a href=\"https:\/\/www.linkedin.com\/authwall?trk=bf&amp;trkInfo=AQE-R7GmmVUPFQAAAXerNIGoI0UXRYF68Op7AvbbLB9HIAvJpwgFDB_0nkwqaQTs4DKGRoC7lmDFAw5qegtAIQGcgSvh839nmJNx_YgyUMSb8J_qZdmthp2_54pWbraIe0lCcJo=&amp;originalReferer=&amp;sessionRedirect=https%3A%2F%2Ffr.linkedin.com%2Fjobs%2Fsearch%3Flocation%3DCannes%252C%252BProvence-Alpes-C%25C3%25B4te%252Bd%25E2%2580%2599Azur%252C%252BFrance%26trk%3Dpublic_jobs_jobs-search-bar_search-submit%26f_PP%3D101063459%252C101553089%252C105277356%252C105892764%252C108000067%26sortBy%3DDD%26redirect%3Dfalse%26position%3D1%26pageNum%3D0\" target=\"_blank\" rel=\"noopener\"><img loading=\"lazy\" decoding=\"async\" class=\"aligncenter wp-image-9987\" src=\"https:\/\/cannespaysdelerins.fr\/wp-content\/uploads\/2021\/02\/LINKEDIN-300x169.png\" alt=\"\" width=\"264\" height=\"149\" \/><\/a><\/p>\n<p>[\/et_pb_text][\/et_pb_column][et_pb_column type=&#8221;1_4&#8243; _builder_version=&#8221;3.29.3&#8243; background_color=&#8221;rgba(0,0,0,0)&#8221; custom_padding=&#8221;|30px||30px|false|true&#8221;][et_pb_text admin_label=&#8221;MAIRIE CANNES&#8221; _builder_version=&#8221;4.5.1&#8243;]<\/p>\n<p style=\"text-align: center;\"><a href=\"https:\/\/recrutement.cannes.com\/\"><img loading=\"lazy\" decoding=\"async\" class=\"aligncenter wp-image-13174\" src=\"https:\/\/cannespaysdelerins.fr\/wp-content\/uploads\/2022\/01\/LOGO_CANNES_COTE_AZUR_RVB-e1642065254200-300x272.jpg\" alt=\"\" width=\"128\" height=\"116\" \/><\/a><\/p>\n<p>[\/et_pb_text][\/et_pb_column][et_pb_column type=&#8221;1_4&#8243; _builder_version=&#8221;3.29.3&#8243; background_color=&#8221;rgba(0,0,0,0)&#8221; custom_padding=&#8221;|30px||30px|false|true&#8221;][et_pb_text admin_label=&#8221;MONSTER&#8221; _builder_version=&#8221;4.5.1&#8243; _module_preset=&#8221;default&#8221;]<\/p>\n<p style=\"text-align: center;\"><a href=\"https:\/\/www.monster.fr\/emploi\/recherche\/?where=Cannes__2c-Alpes__2dMaritimes__2c-Provence__2dAlpes__2dC%C3%B4te-d__27Azur&amp;rad=10&amp;tm=0\" target=\"_blank\" rel=\"noopener\"><img loading=\"lazy\" decoding=\"async\" class=\"aligncenter wp-image-9988 size-medium\" src=\"https:\/\/cannespaysdelerins.fr\/wp-content\/uploads\/2021\/02\/MONSTER-300x56.png\" alt=\"\" width=\"300\" height=\"56\" \/><\/a><\/p>\n<p>[\/et_pb_text][\/et_pb_column][et_pb_column type=&#8221;1_4&#8243; _builder_version=&#8221;3.29.3&#8243; background_color=&#8221;rgba(0,0,0,0)&#8221; custom_padding=&#8221;|30px||30px|false|true&#8221;][et_pb_text admin_label=&#8221;NEUVOO&#8221; _builder_version=&#8221;4.5.1&#8243; _module_preset=&#8221;default&#8221;]<\/p>\n<p style=\"text-align: center;\"><a href=\"https:\/\/neuvoo.fr\/emplois\/?k=&amp;l=Cannes%2C+Alpes-Maritimes+%2806%29&amp;p=1&amp;date=1d&amp;field=&amp;company=&amp;source_type=&amp;radius=15&amp;from=&amp;test=&amp;iam=&amp;is_category=no\" target=\"_blank\" rel=\"noopener\"><img loading=\"lazy\" decoding=\"async\" class=\"aligncenter wp-image-9989 size-medium\" src=\"https:\/\/cannespaysdelerins.fr\/wp-content\/uploads\/2021\/02\/NEUVOO-300x53.png\" alt=\"\" width=\"300\" height=\"53\" \/><\/a><\/p>\n<p>[\/et_pb_text][\/et_pb_column][\/et_pb_row][et_pb_row column_structure=&#8221;1_4,1_4,1_4,1_4&#8243; custom_padding_last_edited=&#8221;on|desktop&#8221; admin_label=&#8221;AUTRES PARTENAIRES&#8221; _builder_version=&#8221;4.5.1&#8243; background_color=&#8221;#ffffff&#8221; z_index=&#8221;0&#8243; width_tablet=&#8221;90%&#8221; width_phone=&#8221;90%&#8221; width_last_edited=&#8221;on|desktop&#8221; max_width=&#8221;1200px&#8221; overflow-x=&#8221;visible&#8221; overflow-y=&#8221;visible&#8221; custom_margin=&#8221;|auto||auto|false|false&#8221; custom_padding=&#8221;50px|20px|50px|20px|true|true&#8221; custom_padding_tablet=&#8221;|30px||30px|true|true&#8221; custom_padding_phone=&#8221;|0px||0px|false|false&#8221; animation_style=&#8221;fade&#8221; animation_duration=&#8221;2000ms&#8221; box_shadow_style=&#8221;preset3&#8243; box_shadow_vertical=&#8221;40px&#8221; box_shadow_blur=&#8221;110px&#8221; box_shadow_spread=&#8221;0px&#8221; box_shadow_color=&#8221;rgba(131,146,167,0.5)&#8221; locked=&#8221;off&#8221; width__hover_enabled=&#8221;off&#8221;][et_pb_column type=&#8221;1_4&#8243; _builder_version=&#8221;3.29.3&#8243; background_color=&#8221;rgba(0,0,0,0)&#8221; custom_padding=&#8221;|30px||30px|false|true&#8221;][et_pb_text admin_label=&#8221;PACAJOB&#8221; _builder_version=&#8221;4.5.1&#8243;]<\/p>\n<p style=\"text-align: center;\"><a href=\"https:\/\/www.pacajob.com\/emplois\/recherche.html?k=&amp;k_autocomplete=&amp;l=Cannes+06400&amp;l_autocomplete=http%3A%2F%2Fwww.rj.com%2Fcommun%2Flocalite%2Fcommune%2F6029&amp;ray=10&amp;d=all\" target=\"_blank\" rel=\"noopener\"><img loading=\"lazy\" decoding=\"async\" class=\"aligncenter wp-image-9990 size-full\" src=\"https:\/\/cannespaysdelerins.fr\/wp-content\/uploads\/2021\/02\/PACAJOB.png\" alt=\"\" width=\"351\" height=\"144\" srcset=\"https:\/\/cannespaysdelerins.fr\/wp-content\/uploads\/2021\/02\/PACAJOB.png 351w, https:\/\/cannespaysdelerins.fr\/wp-content\/uploads\/2021\/02\/PACAJOB-300x123.png 300w\" sizes=\"auto, (max-width: 351px) 100vw, 351px\" \/><\/a><\/p>\n<p>[\/et_pb_text][\/et_pb_column][et_pb_column type=&#8221;1_4&#8243; _builder_version=&#8221;3.29.3&#8243; background_color=&#8221;rgba(0,0,0,0)&#8221; custom_padding=&#8221;|30px||30px|false|true&#8221;][et_pb_text admin_label=&#8221;STUDENT JOB&#8221; _builder_version=&#8221;4.5.1&#8243; _module_preset=&#8221;default&#8221;]<\/p>\n<p style=\"text-align: center;\"><a href=\"https:\/\/www.studentjob.fr\/offre?utf8=%E2%9C%93&amp;region_name=&amp;job_guide_name=&amp;search%5Bzipcode_eq%5D=Cannes&amp;search%5Bkeywords_scope%5D=&amp;sort_by=published_date&amp;search%5Bgeo_distance_eq%5D=10\" target=\"_blank\" rel=\"noopener\"><img loading=\"lazy\" decoding=\"async\" class=\"aligncenter wp-image-9992\" src=\"https:\/\/cannespaysdelerins.fr\/wp-content\/uploads\/2021\/02\/STUDENT-JOB-300x300.png\" alt=\"\" width=\"167\" height=\"167\" \/><\/a><\/p>\n<p>[\/et_pb_text][\/et_pb_column][et_pb_column type=&#8221;1_4&#8243; _builder_version=&#8221;3.29.3&#8243; background_color=&#8221;rgba(0,0,0,0)&#8221; custom_padding=&#8221;|30px||30px|false|true&#8221;][et_pb_text admin_label=&#8221;WELCOME TO JUNGLE&#8221; _builder_version=&#8221;4.5.1&#8243;]<\/p>\n<p style=\"text-align: center;\"><a href=\"https:\/\/www.welcometothejungle.com\/fr\/jobs?aroundQuery=Cannes%2C%20France&amp;aroundLatLng=43.55333%2C7.01363&amp;aroundRadius=10000&amp;page=1\" target=\"_blank\" rel=\"noopener\"><img loading=\"lazy\" decoding=\"async\" class=\"aligncenter wp-image-9993 size-medium\" src=\"https:\/\/cannespaysdelerins.fr\/wp-content\/uploads\/2021\/02\/WELCOME-TO-THE-JUNGLE-300x113.png\" alt=\"\" width=\"300\" height=\"113\" \/><\/a><\/p>\n<p>[\/et_pb_text][\/et_pb_column][et_pb_column type=&#8221;1_4&#8243; _builder_version=&#8221;3.29.3&#8243; background_color=&#8221;rgba(0,0,0,0)&#8221; custom_padding=&#8221;|30px||30px|false|true&#8221;][et_pb_text admin_label=&#8221;OPTION CARRIERE&#8221; _builder_version=&#8221;4.5.1&#8243;]<\/p>\n<p style=\"text-align: center;\" data-wp-editing=\"1\"><a href=\"https:\/\/www.optioncarriere.com\/recherche\/emplois?s=&amp;l=Cannes%2C+Alpes-Maritimes\"><img loading=\"lazy\" decoding=\"async\" class=\"aligncenter wp-image-13011\" src=\"https:\/\/cannespaysdelerins.fr\/wp-content\/uploads\/2021\/12\/Optioncarriere-1024x135.png\" alt=\"\" width=\"479\" height=\"63\" \/><\/a><\/p>\n<p>&nbsp;<\/p>\n<p>&nbsp;<\/p>\n<p>[\/et_pb_text][\/et_pb_column][\/et_pb_row][et_pb_row column_structure=&#8221;1_3,1_3,1_3&#8243; admin_label=&#8221;Contacts&#8221; _builder_version=&#8221;4.5.1&#8243; _module_preset=&#8221;default&#8221; max_width=&#8221;900px&#8221;][et_pb_column type=&#8221;1_3&#8243; _builder_version=&#8221;4.5.1&#8243; _module_preset=&#8221;default&#8221;][et_pb_text admin_label=&#8221;Coordonn\u00e9es&#8221; _builder_version=&#8221;4.5.1&#8243; _module_preset=&#8221;default&#8221; background_color=&#8221;#e09900&#8243; max_width=&#8221;300px&#8221; module_alignment=&#8221;center&#8221; custom_padding=&#8221;20px|20px|20px|20px|true|true&#8221; border_radii=&#8221;on|15px|15px|15px|15px&#8221;]<\/p>\n<h2 style=\"text-align: center;\"><span style=\"color: #ffffff;\">Une question ?<\/span><\/h2>\n<p style=\"text-align: center;\"><a href=\"mailto:emploi@cannespaysdelerins.fr\" target=\"_blank\" rel=\"noopener\"><strong><span style=\"color: #ffffff;\">emploi@cannespaysdelerins.fr<\/span><\/strong><\/a><\/p>\n<p>[\/et_pb_text][\/et_pb_column][et_pb_column type=&#8221;1_3&#8243; _builder_version=&#8221;4.5.1&#8243; _module_preset=&#8221;default&#8221;][\/et_pb_column][et_pb_column type=&#8221;1_3&#8243; _builder_version=&#8221;4.5.1&#8243; _module_preset=&#8221;default&#8221;][et_pb_text admin_label=&#8221;RS&#8221; _builder_version=&#8221;4.5.1&#8243; _module_preset=&#8221;default&#8221;]<\/p>\n<p><strong>Retrouvez \u00e9galement toute l&#8217;actualit\u00e9 de l&#8217;Emploi \u00e0 Cannes L\u00e9rins sur<\/strong> :<\/p>\n<p><a href=\"https:\/\/www.facebook.com\/CannesLerinsEmploi\" target=\"_blank\" rel=\"noopener\"><img loading=\"lazy\" decoding=\"async\" class=\"wp-image-10623  alignleft\" src=\"https:\/\/cannespaysdelerins.fr\/wp-content\/uploads\/2021\/03\/FB-150x150.png\" alt=\"\" width=\"36\" height=\"36\" \/><\/a> \u00a0\u00a0\u00a0 <a href=\"https:\/\/instagram.com\/canneslerins_emploi?igshid=4akvg85ajttp\" target=\"_blank\" rel=\"noopener\"><img loading=\"lazy\" decoding=\"async\" class=\"wp-image-10625  alignleft\" src=\"https:\/\/cannespaysdelerins.fr\/wp-content\/uploads\/2021\/03\/INSTA-150x150.png\" alt=\"\" width=\"36\" height=\"36\" srcset=\"https:\/\/cannespaysdelerins.fr\/wp-content\/uploads\/2021\/03\/INSTA-150x150.png 150w, https:\/\/cannespaysdelerins.fr\/wp-content\/uploads\/2021\/03\/INSTA.png 152w\" sizes=\"auto, (max-width: 36px) 100vw, 36px\" \/><\/a><a href=\"https:\/\/www.linkedin.com\/company\/cannes-lerins-emploi\" target=\"_blank\" rel=\"noopener\"><img loading=\"lazy\" decoding=\"async\" class=\"alignleft wp-image-10624\" src=\"https:\/\/cannespaysdelerins.fr\/wp-content\/uploads\/2021\/03\/LKD.png\" alt=\"\" width=\"36\" height=\"37\" \/><\/a><\/p>\n<p>[\/et_pb_text][\/et_pb_column][\/et_pb_row][\/et_pb_section]<\/p>\n","protected":false},"excerpt":{"rendered":"<p>Offres d&#8217;emploiVous recherchez un emploi sur le territoire Cannes L\u00e9rins ? Afin de faciliter vos recherches, l&#8217;Agglom\u00e9ration a regroup\u00e9 les diff\u00e9rentes plateformes proposant des offres :(cliquez sur le logo) &nbsp; &nbsp;Une question ? emploi@cannespaysdelerins.frRetrouvez \u00e9galement toute l&#8217;actualit\u00e9 de l&#8217;Emploi \u00e0 Cannes L\u00e9rins sur : \u00a0\u00a0\u00a0<\/p>\n","protected":false},"author":3,"featured_media":0,"parent":0,"menu_order":0,"comment_status":"closed","ping_status":"closed","template":"","meta":{"_et_pb_use_builder":"on","_et_pb_old_content":"","_et_gb_content_width":"","footnotes":""},"class_list":["post-9971","page","type-page","status-publish","hentry"],"_links":{"self":[{"href":"https:\/\/cannespaysdelerins.fr\/index.php\/wp-json\/wp\/v2\/pages\/9971","targetHints":{"allow":["GET"]}}],"collection":[{"href":"https:\/\/cannespaysdelerins.fr\/index.php\/wp-json\/wp\/v2\/pages"}],"about":[{"href":"https:\/\/cannespaysdelerins.fr\/index.php\/wp-json\/wp\/v2\/types\/page"}],"author":[{"embeddable":true,"href":"https:\/\/cannespaysdelerins.fr\/index.php\/wp-json\/wp\/v2\/users\/3"}],"replies":[{"embeddable":true,"href":"https:\/\/cannespaysdelerins.fr\/index.php\/wp-json\/wp\/v2\/comments?post=9971"}],"version-history":[{"count":50,"href":"https:\/\/cannespaysdelerins.fr\/index.php\/wp-json\/wp\/v2\/pages\/9971\/revisions"}],"predecessor-version":[{"id":13782,"href":"https:\/\/cannespaysdelerins.fr\/index.php\/wp-json\/wp\/v2\/pages\/9971\/revisions\/13782"}],"wp:attachment":[{"href":"https:\/\/cannespaysdelerins.fr\/index.php\/wp-json\/wp\/v2\/media?parent=9971"}],"curies":[{"name":"wp","href":"https:\/\/api.w.org\/{rel}","templated":true}]}}