{"id":9335,"date":"2020-11-18T16:08:21","date_gmt":"2020-11-18T16:08:21","guid":{"rendered":"https:\/\/cannespaysdelerins.fr\/?page_id=9335"},"modified":"2026-04-16T09:16:09","modified_gmt":"2026-04-16T09:16:09","slug":"projets-europeens","status":"publish","type":"page","link":"https:\/\/cannespaysdelerins.fr\/index.php\/projets-europeens\/","title":{"rendered":"Projets europ\u00e9ens"},"content":{"rendered":"<p>[et_pb_section fb_built=&#8221;1&#8243; custom_padding_last_edited=&#8221;off|phone&#8221; disabled_on=&#8221;on|off|off&#8221; admin_label=&#8221;Header image&#8221; _builder_version=&#8221;4.16&#8243; background_image=&#8221;https:\/\/cannespaysdelerins.fr\/wp-content\/uploads\/2020\/11\/Hander.jpg&#8221; parallax=&#8221;on&#8221; z_index=&#8221;0&#8243; min_height=&#8221;700px&#8221; min_height_tablet=&#8221;&#8221; min_height_phone=&#8221;500px&#8221; min_height_last_edited=&#8221;on|desktop&#8221; custom_margin=&#8221;||||false|false&#8221; custom_margin_last_edited=&#8221;off|desktop&#8221; custom_padding=&#8221;||||false|false&#8221; custom_padding_phone=&#8221;||||true|false&#8221; animation_style=&#8221;fade&#8221; collapsed=&#8221;off&#8221; global_colors_info=&#8221;{}&#8221;][et_pb_row disabled_on=&#8221;off|off|off&#8221; admin_label=&#8221;Accroche DESKTOP&#8221; _builder_version=&#8221;4.16&#8243; background_color=&#8221;rgba(0,0,0,0)&#8221; custom_margin=&#8221;||||false|false&#8221; global_colors_info=&#8221;{}&#8221;][et_pb_column type=&#8221;4_4&#8243; _builder_version=&#8221;4.16&#8243; global_colors_info=&#8221;{}&#8221;][et_pb_text _builder_version=&#8221;4.16&#8243; header_font=&#8221;Open Light||||||||&#8221; header_text_align=&#8221;center&#8221; header_text_color=&#8221;#ffffff&#8221; header_font_size=&#8221;40px&#8221; header_letter_spacing=&#8221;1.5px&#8221; header_line_height=&#8221;1.6em&#8221; background_color=&#8221;rgba(22,56,81,0.64)&#8221; max_width=&#8221;450px&#8221; max_width_tablet=&#8221;&#8221; max_width_phone=&#8221;250px&#8221; max_width_last_edited=&#8221;on|phone&#8221; module_alignment=&#8221;center&#8221; custom_margin=&#8221;50px||||false|false&#8221; custom_margin_tablet=&#8221;&#8221; custom_margin_phone=&#8221;0px||||false|false&#8221; custom_margin_last_edited=&#8221;on|phone&#8221; custom_padding=&#8221;30px||30px||true|false&#8221; animation_style=&#8221;fade&#8221; animation_duration=&#8221;2000ms&#8221; header_font_size_tablet=&#8221;&#8221; header_font_size_phone=&#8221;25px&#8221; header_font_size_last_edited=&#8221;on|phone&#8221; header_line_height_tablet=&#8221;&#8221; header_line_height_phone=&#8221;1em&#8221; header_line_height_last_edited=&#8221;on|phone&#8221; border_radii=&#8221;on|6px|6px|6px|6px&#8221; global_colors_info=&#8221;{}&#8221;]<\/p>\n<h1 style=\"text-align: center;\">Projets europ\u00e9ens<\/h1>\n<p>[\/et_pb_text][\/et_pb_column][\/et_pb_row][\/et_pb_section][et_pb_section fb_built=&#8221;1&#8243; custom_padding_last_edited=&#8221;off|phone&#8221; disabled_on=&#8221;off|on|on&#8221; admin_label=&#8221;Header image smartphone&#8221; _builder_version=&#8221;4.16&#8243; background_image=&#8221;https:\/\/cannespaysdelerins.fr\/wp-content\/uploads\/2020\/11\/Hander.jpg&#8221; parallax=&#8221;on&#8221; z_index=&#8221;0&#8243; min_height=&#8221;700px&#8221; min_height_tablet=&#8221;&#8221; min_height_phone=&#8221;500px&#8221; min_height_last_edited=&#8221;on|desktop&#8221; custom_margin=&#8221;||||false|false&#8221; custom_margin_last_edited=&#8221;off|desktop&#8221; custom_padding=&#8221;||||false|false&#8221; custom_padding_phone=&#8221;||||true|false&#8221; animation_style=&#8221;fade&#8221; collapsed=&#8221;off&#8221; global_colors_info=&#8221;{}&#8221;][et_pb_row disabled_on=&#8221;off|off|off&#8221; admin_label=&#8221;Accroche DESKTOP&#8221; _builder_version=&#8221;4.16&#8243; background_color=&#8221;rgba(0,0,0,0)&#8221; custom_margin=&#8221;||||false|false&#8221; global_colors_info=&#8221;{}&#8221;][et_pb_column type=&#8221;4_4&#8243; _builder_version=&#8221;4.16&#8243; global_colors_info=&#8221;{}&#8221;][et_pb_text _builder_version=&#8221;4.16&#8243; header_font=&#8221;Open Light||||||||&#8221; header_text_align=&#8221;center&#8221; header_text_color=&#8221;#ffffff&#8221; header_font_size=&#8221;40px&#8221; header_letter_spacing=&#8221;1.5px&#8221; header_line_height=&#8221;1.6em&#8221; background_color=&#8221;rgba(22,56,81,0.64)&#8221; max_width=&#8221;450px&#8221; max_width_tablet=&#8221;&#8221; max_width_phone=&#8221;300px&#8221; max_width_last_edited=&#8221;on|phone&#8221; module_alignment=&#8221;center&#8221; custom_margin=&#8221;50px||||false|false&#8221; custom_margin_tablet=&#8221;&#8221; custom_margin_phone=&#8221;50px||||false|false&#8221; custom_margin_last_edited=&#8221;on|phone&#8221; custom_padding=&#8221;20px|20px|20px|20px|true|true&#8221; animation_style=&#8221;fade&#8221; animation_duration=&#8221;2000ms&#8221; header_font_size_tablet=&#8221;&#8221; header_font_size_phone=&#8221;25px&#8221; header_font_size_last_edited=&#8221;on|desktop&#8221; header_line_height_tablet=&#8221;&#8221; header_line_height_phone=&#8221;1em&#8221; header_line_height_last_edited=&#8221;on|phone&#8221; border_radii=&#8221;on|6px|6px|6px|6px&#8221; global_colors_info=&#8221;{}&#8221;]<\/p>\n<h1 style=\"text-align: center;\">Projets europ\u00e9ens<\/h1>\n<p>[\/et_pb_text][\/et_pb_column][\/et_pb_row][\/et_pb_section][et_pb_section fb_built=&#8221;1&#8243; admin_label=&#8221;LISTE PROJETS&#8221; _builder_version=&#8221;4.16&#8243; background_image=&#8221;https:\/\/cannespaysdelerins.fr\/wp-content\/uploads\/2019\/10\/frise-communes1200.png&#8221; background_size=&#8221;initial&#8221; custom_margin=&#8221;||||false|false&#8221; custom_padding=&#8221;||||false|false&#8221; global_colors_info=&#8221;{}&#8221;][et_pb_row use_custom_gutter=&#8221;on&#8221; admin_label=&#8221;PROJETS UE&#8221; _builder_version=&#8221;4.16&#8243; max_width=&#8221;900px&#8221; animation_style=&#8221;fade&#8221; global_colors_info=&#8221;{}&#8221;][et_pb_column type=&#8221;4_4&#8243; _builder_version=&#8221;4.16&#8243; global_colors_info=&#8221;{}&#8221;][et_pb_text _builder_version=&#8221;4.16&#8243; header_font=&#8221;Open regular||||||||&#8221; header_text_align=&#8221;left&#8221; header_text_color=&#8221;#666666&#8243; header_font_size=&#8221;25px&#8221; header_line_height=&#8221;1.4em&#8221; background_enable_color=&#8221;off&#8221; custom_margin=&#8221;||||false|false&#8221; custom_padding=&#8221;||||false|false&#8221; global_colors_info=&#8221;{}&#8221;]<\/p>\n<h1 style=\"text-align: left;\">Projets de Cannes L\u00e9rins subventionn\u00e9s par l&#8217;Europe<\/h1>\n<p>[\/et_pb_text][et_pb_accordion _builder_version=&#8221;4.25.2&#8243; _module_preset=&#8221;default&#8221; hover_enabled=&#8221;0&#8243; global_colors_info=&#8221;{}&#8221; sticky_enabled=&#8221;0&#8243;][et_pb_accordion_item title=&#8221;Risq&#8217;Eau&#8221; open=&#8221;on&#8221; _builder_version=&#8221;4.16&#8243; _module_preset=&#8221;default&#8221; global_colors_info=&#8221;{}&#8221;]<\/p>\n<p><a href=\"https:\/\/cannespaysdelerins.fr\/index.php\/risqeau\/\"><strong>Acc\u00e9der au projet<\/strong><\/a><\/p>\n<p>[\/et_pb_accordion_item][et_pb_accordion_item title=&#8221;FEAMP &#8211; Ici commence la mer&#8221; _builder_version=&#8221;4.16&#8243; _module_preset=&#8221;default&#8221; global_colors_info=&#8221;{}&#8221; open=&#8221;off&#8221;]<\/p>\n<p><a href=\"https:\/\/cannespaysdelerins.fr\/index.php\/ici-commence-la-mer\/\"><strong>Acc\u00e9der au projet<\/strong><\/a><\/p>\n<p>[\/et_pb_accordion_item][et_pb_accordion_item title=&#8221;FEDER &#8211; Gestion intelligente des d\u00e9chets&#8221; _builder_version=&#8221;4.16&#8243; _module_preset=&#8221;default&#8221; global_colors_info=&#8221;{}&#8221; open=&#8221;off&#8221;]<\/p>\n<p><a href=\"https:\/\/cannespaysdelerins.fr\/index.php\/gestion-intelligente-des-dechets\/\"><strong>Acc\u00e9der au projet<\/strong><\/a><\/p>\n<p>[\/et_pb_accordion_item][et_pb_accordion_item title=&#8221;FEDER &#8211; Am\u00e9nagement de la Cit\u00e9 des entreprises&#8221; _builder_version=&#8221;4.16&#8243; _module_preset=&#8221;default&#8221; global_colors_info=&#8221;{}&#8221; open=&#8221;off&#8221;]<\/p>\n<p><a href=\"https:\/\/cannespaysdelerins.fr\/index.php\/amenagement-de-la-cite-des-entreprises\/\"><strong>Acc\u00e9der au projet<\/strong><\/a><\/p>\n<p>[\/et_pb_accordion_item][et_pb_accordion_item title=&#8221;PITER &#8211; Pays r\u00e9silients&#8221; _builder_version=&#8221;4.16&#8243; _module_preset=&#8221;default&#8221; global_colors_info=&#8221;{}&#8221; open=&#8221;off&#8221;]<\/p>\n<p><a href=\"https:\/\/cannespaysdelerins.fr\/index.php\/pays-resilients\/\"><strong>Acc\u00e9der au projet<\/strong><\/a><\/p>\n<p>[\/et_pb_accordion_item][et_pb_accordion_item title=&#8221;PITER &#8211; Pays aimables&#8221; _builder_version=&#8221;4.16&#8243; _module_preset=&#8221;default&#8221; global_colors_info=&#8221;{}&#8221; open=&#8221;off&#8221;]<\/p>\n<p><a href=\"https:\/\/cannespaysdelerins.fr\/index.php\/pays-aimables\/\"><strong>Acc\u00e9der au projet<\/strong><\/a><\/p>\n<p>[\/et_pb_accordion_item][et_pb_accordion_item title=&#8221;NAUTITECH&#8221; _builder_version=&#8221;4.25.2&#8243; _module_preset=&#8221;default&#8221; hover_enabled=&#8221;0&#8243; global_colors_info=&#8221;{}&#8221; open=&#8221;off&#8221; sticky_enabled=&#8221;0&#8243;]<\/p>\n<p>Le projet NAUTITECH \u2013 New G\u00e9n\u00e9ration, <strong>financ\u00e9 par l\u2019Union europ\u00e9enne via le programme Interreg Marittimo<\/strong>, <strong>ambitionne de structurer un \u00e9cosyst\u00e8me du nautisme, transfrontalier, innovant et durable entre la France et l\u2019Italie.<\/strong><\/p>\n<p><strong>Chef de file du projet, l\u2019Agglom\u00e9ration Cannes L\u00e9rins pilote le programme qui regroupe la Chambre R\u00e9gionale des M\u00e9tiers et de l\u2019Artisanat de Corse, la Province de Nuoro (Sardaigne) et l\u2019Universit\u00e9 de G\u00eanes<\/strong>.<\/p>\n<p>Le projet Nautitech s\u2019articule autour de 3 axes :<\/p>\n<h2>New Business G\u00e9n\u00e9ration<\/h2>\n<ul>\n<li>Cr\u00e9ation d\u2019un <strong>cluster d\u2019entreprises transfrontalier<\/strong> pour faciliter les partenariats entre professionnels<\/li>\n<li>Organisation de s\u00e9minaires pour valoriser les bonnes pratiques,<\/li>\n<li>Mise en place de workshops permettant de d\u00e9velopper des <strong>synergies entre professionnels<\/strong>, start-up dans le but de favoriser de nouvelles collaborations<\/li>\n<li>Mise en place de journ\u00e9es de d\u00e9couverte des m\u00e9tiers autour du Nautisme pour les \u00e9l\u00e8ves de coll\u00e8ges et de lyc\u00e9es.<\/li>\n<\/ul>\n<h2>New Innovative G\u00e9n\u00e9ration<\/h2>\n<ul>\n<li><strong>Plan d\u2019action sur les nouvelles technologies IOT<\/strong> applicables dans le milieu du nautisme (capteurs sur bateaux, consommations \u00e9nerg\u00e9tiques, s\u00e9curit\u00e9 \u00e0 bord, conciergerie connect\u00e9es, &#8230;)<\/li>\n<li>Actions tests sur les <strong>recharges intelligentes dans les ports et en mer<\/strong> (IRVE, Bou\u00e9es photovoltaiques, guidage intelligent dans les ports avec l\u2019IA, &#8230;.)<\/li>\n<li>Orientation vers des <strong>formations en lien avec la transition num\u00e9rique et environnementale<\/strong> (bateaux hydrog\u00e8nes, moteurs \u00e0 faibles \u00e9missions, robotique embarqu\u00e9e, &#8230;.)<\/li>\n<\/ul>\n<h2>New Green G\u00e9n\u00e9ration<\/h2>\n<ul>\n<li>R\u00e9flexion autour du d\u00e9veloppement des <strong>nouvelles technologies permettant d\u2019avoir un tourisme li\u00e9 au nautisme qui soit plus durable<\/strong><\/li>\n<li>D\u00e9veloppement <strong>d\u2019outils en r\u00e9alit\u00e9 augment\u00e9e et virtuelle pour simuler des man\u0153uvres dans les ports<\/strong>, les exercices de s\u00e9curit\u00e9, pour les professionnels et les plaisanciers.<\/li>\n<li>D\u00e9veloppement de partenariat entre universitaire et professionnels pour des programmes \u00e9ducatifs sur la protection de l\u2019environnement marin et d\u2019indicateurs de l\u2019impact environnemental des nouvelles technologies d\u00e9velopp\u00e9es dans le nautisme.<\/li>\n<\/ul>\n<p>Ce projet est dot\u00e9 d\u2019une enveloppe financi\u00e8re de <strong>857\u00a0490 \u20ac de fonds FEDER<\/strong> pour 3 ans (2025-2027) pour l\u2019ensemble des <strong>4 partenaires fran\u00e7ais et italiens<\/strong><\/p>\n<p><a href=\"https:\/\/interreg-marittimo.eu\/fr\/web\/nautitech\/progetto\"><strong>Acc\u00e9der au projet<\/strong><\/a><\/p>\n<p>[\/et_pb_accordion_item][\/et_pb_accordion][\/et_pb_column][\/et_pb_row][\/et_pb_section]<\/p>\n","protected":false},"excerpt":{"rendered":"<p>Projets europ\u00e9ensProjets europ\u00e9ensProjets de Cannes L\u00e9rins subventionn\u00e9s par l&#8217;EuropeAcc\u00e9der au projetAcc\u00e9der au projetAcc\u00e9der au projetAcc\u00e9der au projetAcc\u00e9der au projetAcc\u00e9der au projetLe projet NAUTITECH \u2013 New G\u00e9n\u00e9ration, financ\u00e9 par l\u2019Union europ\u00e9enne via le programme Interreg Marittimo, ambitionne de structurer un \u00e9cosyst\u00e8me du nautisme, transfrontalier, innovant et durable entre la France et l\u2019Italie. Chef de file du [&hellip;]<\/p>\n","protected":false},"author":3,"featured_media":0,"parent":0,"menu_order":0,"comment_status":"closed","ping_status":"closed","template":"","meta":{"_et_pb_use_builder":"on","_et_pb_old_content":"","_et_gb_content_width":"","footnotes":""},"class_list":["post-9335","page","type-page","status-publish","hentry"],"_links":{"self":[{"href":"https:\/\/cannespaysdelerins.fr\/index.php\/wp-json\/wp\/v2\/pages\/9335","targetHints":{"allow":["GET"]}}],"collection":[{"href":"https:\/\/cannespaysdelerins.fr\/index.php\/wp-json\/wp\/v2\/pages"}],"about":[{"href":"https:\/\/cannespaysdelerins.fr\/index.php\/wp-json\/wp\/v2\/types\/page"}],"author":[{"embeddable":true,"href":"https:\/\/cannespaysdelerins.fr\/index.php\/wp-json\/wp\/v2\/users\/3"}],"replies":[{"embeddable":true,"href":"https:\/\/cannespaysdelerins.fr\/index.php\/wp-json\/wp\/v2\/comments?post=9335"}],"version-history":[{"count":15,"href":"https:\/\/cannespaysdelerins.fr\/index.php\/wp-json\/wp\/v2\/pages\/9335\/revisions"}],"predecessor-version":[{"id":21936,"href":"https:\/\/cannespaysdelerins.fr\/index.php\/wp-json\/wp\/v2\/pages\/9335\/revisions\/21936"}],"wp:attachment":[{"href":"https:\/\/cannespaysdelerins.fr\/index.php\/wp-json\/wp\/v2\/media?parent=9335"}],"curies":[{"name":"wp","href":"https:\/\/api.w.org\/{rel}","templated":true}]}}