{"id":7502,"date":"2020-04-02T14:28:48","date_gmt":"2020-04-02T14:28:48","guid":{"rendered":"https:\/\/cannespaysdelerins.fr\/?page_id=7502"},"modified":"2023-07-27T09:18:19","modified_gmt":"2023-07-27T09:18:19","slug":"renovation-energetique","status":"publish","type":"page","link":"https:\/\/cannespaysdelerins.fr\/index.php\/renovation-energetique\/","title":{"rendered":"R\u00e9novation \u00e9nerg\u00e9tique"},"content":{"rendered":"<p>[et_pb_section fb_built=&#8221;1&#8243; custom_padding_last_edited=&#8221;off|phone&#8221; disabled_on=&#8221;on|off|off&#8221; admin_label=&#8221;Header image&#8221; _builder_version=&#8221;4.16&#8243; background_image=&#8221;https:\/\/cannespaysdelerins.fr\/wp-content\/uploads\/2020\/04\/vis-cadastre-solaire.jpg&#8221; parallax=&#8221;on&#8221; z_index=&#8221;0&#8243; min_height=&#8221;700px&#8221; min_height_tablet=&#8221;&#8221; min_height_phone=&#8221;500px&#8221; min_height_last_edited=&#8221;on|desktop&#8221; custom_margin=&#8221;||||false|false&#8221; custom_margin_last_edited=&#8221;off|desktop&#8221; custom_padding=&#8221;||||false|false&#8221; custom_padding_phone=&#8221;||||true|false&#8221; animation_style=&#8221;fade&#8221; collapsed=&#8221;off&#8221; global_colors_info=&#8221;{}&#8221;][et_pb_row disabled_on=&#8221;off|off|off&#8221; admin_label=&#8221;Accroche DESKTOP&#8221; _builder_version=&#8221;4.16&#8243; background_color=&#8221;rgba(0,0,0,0)&#8221; custom_margin=&#8221;||||false|false&#8221; global_colors_info=&#8221;{}&#8221;][et_pb_column type=&#8221;4_4&#8243; _builder_version=&#8221;4.16&#8243; global_colors_info=&#8221;{}&#8221;][et_pb_text _builder_version=&#8221;4.16&#8243; header_font=&#8221;Open Light||||||||&#8221; header_text_align=&#8221;center&#8221; header_text_color=&#8221;#ffffff&#8221; header_font_size=&#8221;40px&#8221; header_letter_spacing=&#8221;1.5px&#8221; header_line_height=&#8221;1.6em&#8221; background_color=&#8221;rgba(22,56,81,0.64)&#8221; max_width=&#8221;500px&#8221; max_width_tablet=&#8221;&#8221; max_width_phone=&#8221;250px&#8221; max_width_last_edited=&#8221;on|phone&#8221; module_alignment=&#8221;center&#8221; custom_margin=&#8221;50px||||false|false&#8221; custom_margin_tablet=&#8221;&#8221; custom_margin_phone=&#8221;0px||||false|false&#8221; custom_margin_last_edited=&#8221;on|phone&#8221; custom_padding=&#8221;30px||30px||true|false&#8221; animation_style=&#8221;fade&#8221; animation_duration=&#8221;2000ms&#8221; header_font_size_tablet=&#8221;&#8221; header_font_size_phone=&#8221;25px&#8221; header_font_size_last_edited=&#8221;on|phone&#8221; header_line_height_tablet=&#8221;&#8221; header_line_height_phone=&#8221;1em&#8221; header_line_height_last_edited=&#8221;on|phone&#8221; border_radii=&#8221;on|6px|6px|6px|6px&#8221; global_colors_info=&#8221;{}&#8221;]<\/p>\n<h1 style=\"text-align: center;\">R\u00e9novation \u00e9nerg\u00e9tique<\/h1>\n<p>[\/et_pb_text][\/et_pb_column][\/et_pb_row][\/et_pb_section][et_pb_section fb_built=&#8221;1&#8243; custom_padding_last_edited=&#8221;off|phone&#8221; disabled_on=&#8221;off|on|on&#8221; admin_label=&#8221;Header image smartphone&#8221; _builder_version=&#8221;4.16&#8243; background_image=&#8221;https:\/\/cannespaysdelerins.fr\/wp-content\/uploads\/2020\/04\/vis-cadastre-solaire-smart.jpg&#8221; parallax=&#8221;on&#8221; z_index=&#8221;0&#8243; min_height=&#8221;700px&#8221; min_height_tablet=&#8221;&#8221; min_height_phone=&#8221;500px&#8221; min_height_last_edited=&#8221;on|desktop&#8221; custom_margin=&#8221;||||false|false&#8221; custom_margin_last_edited=&#8221;off|desktop&#8221; custom_padding=&#8221;||||false|false&#8221; custom_padding_phone=&#8221;||||true|false&#8221; animation_style=&#8221;fade&#8221; collapsed=&#8221;off&#8221; global_colors_info=&#8221;{}&#8221;][et_pb_row disabled_on=&#8221;off|off|off&#8221; admin_label=&#8221;Accroche DESKTOP&#8221; _builder_version=&#8221;4.16&#8243; background_color=&#8221;rgba(0,0,0,0)&#8221; custom_margin=&#8221;||||false|false&#8221; global_colors_info=&#8221;{}&#8221;][et_pb_column type=&#8221;4_4&#8243; _builder_version=&#8221;4.16&#8243; global_colors_info=&#8221;{}&#8221;][et_pb_text _builder_version=&#8221;4.16&#8243; header_font=&#8221;Open Light||||||||&#8221; header_text_align=&#8221;center&#8221; header_text_color=&#8221;#ffffff&#8221; header_font_size=&#8221;40px&#8221; header_letter_spacing=&#8221;1.6px&#8221; header_line_height=&#8221;1.6em&#8221; background_color=&#8221;rgba(22,56,81,0.64)&#8221; max_width=&#8221;250px&#8221; max_width_tablet=&#8221;&#8221; max_width_phone=&#8221;250px&#8221; max_width_last_edited=&#8221;on|phone&#8221; module_alignment=&#8221;center&#8221; custom_margin=&#8221;50px||||false|false&#8221; custom_margin_tablet=&#8221;&#8221; custom_margin_phone=&#8221;50px||||false|false&#8221; custom_margin_last_edited=&#8221;on|phone&#8221; custom_padding=&#8221;30px||30px||true|false&#8221; animation_style=&#8221;fade&#8221; animation_duration=&#8221;2000ms&#8221; header_font_size_tablet=&#8221;&#8221; header_font_size_phone=&#8221;25px&#8221; header_font_size_last_edited=&#8221;on|phone&#8221; header_line_height_tablet=&#8221;&#8221; header_line_height_phone=&#8221;1em&#8221; header_line_height_last_edited=&#8221;on|phone&#8221; border_radii=&#8221;on|6px|6px|6px|6px&#8221; global_colors_info=&#8221;{}&#8221;]<\/p>\n<h1 style=\"text-align: center;\">R\u00e9novation \u00e9nerg\u00e9tique<\/h1>\n<p>[\/et_pb_text][\/et_pb_column][\/et_pb_row][\/et_pb_section][et_pb_section fb_built=&#8221;1&#8243; admin_label=&#8221;SARE&#8221; _builder_version=&#8221;4.16&#8243; _module_preset=&#8221;default&#8221; global_colors_info=&#8221;{}&#8221;][et_pb_row _builder_version=&#8221;4.16&#8243; _module_preset=&#8221;default&#8221; max_width=&#8221;900px&#8221; global_colors_info=&#8221;{}&#8221;][et_pb_column type=&#8221;4_4&#8243; _builder_version=&#8221;4.16&#8243; _module_preset=&#8221;default&#8221; global_colors_info=&#8221;{}&#8221;][et_pb_text _builder_version=&#8221;4.16&#8243; _module_preset=&#8221;default&#8221; global_colors_info=&#8221;{}&#8221;]<\/p>\n<h1>Service d\u2019Accompagnement \u00e0 la R\u00e9novation \u00c9nerg\u00e9tique<\/h1>\n<p>Le dispositif SARE (Service d\u2019Accompagnement \u00e0 la R\u00e9novation \u00c9nerg\u00e9tique) est un programme national d\u00e9clin\u00e9 \u00e0 l\u2019\u00e9chelle r\u00e9gionale, pour lequel la R\u00e9gion SUD a sollicit\u00e9 les d\u00e9partements et les m\u00e9tropoles afin d&#8217;\u00eatre porteurs-associ\u00e9s et assurer ainsi le d\u00e9ploiement sur leurs territoires. Le D\u00e9partement des Alpes-Maritimes va donc assurer le d\u00e9ploiement sur son territoire, hormis pour la M\u00e9tropole Nice C\u00f4te-d\u2019Azur qui anime son propre dispositif.<\/p>\n<p>La plateforme SARE a pour objectifs de <strong>fournir des conseils techniques, financiers et administratifs concernant la r\u00e9habilitation \u00e9nerg\u00e9tique et de cr\u00e9er une dynamique avec les professionnels<\/strong> du secteur. Elle peut \u00e9galement fournir un accompagnement sur la nature des travaux, les moyens financiers et subventions, les outils juridiques, etc.<\/p>\n<p>L\u2019objectif de ce dispositif est d\u2019\u00eatre un <strong>outil centralisateur<\/strong> (un lieu unique de renseignement) et d\u2019interface (liaisons avec tous les acteurs du domaine). La plateforme du d\u00e9partement doit constituer le \u00ab <strong>guichet unique<\/strong> \u00bb des demandes (particuliers, copropri\u00e9t\u00e9s, entreprises, locataires, etc.).<\/p>\n<p>[\/et_pb_text][\/et_pb_column][\/et_pb_row][et_pb_row column_structure=&#8221;1_2,1_2&#8243; _builder_version=&#8221;4.16&#8243; _module_preset=&#8221;default&#8221; max_width=&#8221;900px&#8221; global_colors_info=&#8221;{}&#8221;][et_pb_column type=&#8221;1_2&#8243; _builder_version=&#8221;4.16&#8243; _module_preset=&#8221;default&#8221; global_colors_info=&#8221;{}&#8221;][et_pb_text _builder_version=&#8221;4.16&#8243; _module_preset=&#8221;default&#8221; global_colors_info=&#8221;{}&#8221;]<\/p>\n<p>L&#8217;Agglom\u00e9ration Cannes L\u00e9rins est partenaire du D\u00e9partement dans le cadre de ce service d\u2019accompagnement \u00e0 la r\u00e9novation \u00e9nerg\u00e9tique. L\u2019acc\u00e8s au guichet d\u2019information est gratuit et les conseils sont donn\u00e9s de fa\u00e7on ind\u00e9pendante. Pour <strong><span style=\"text-decoration: underline;\">poser vos questions<\/span><\/strong>, vous pouvez soit \u00a0:<\/p>\n<ul>\n<li>Appeler le num\u00e9ro vert <span style=\"color: #339966;\"><strong>0800\u00a0037\u00a0016<\/strong><\/span><\/li>\n<li>Envoyer votre demande \u00e0 <strong><a href=\"mailto:confortenergie06@departement06.fr\"><span style=\"color: #339966;\">confortenergie06@departement06.fr<\/span><\/a><\/strong><\/li>\n<\/ul>\n<p>&nbsp;<\/p>\n<p>Des techniciens du D\u00e9partement tiennent, par ailleurs, <span style=\"text-decoration: underline;\"><strong>4 permanences<\/strong><\/span> par mois \u00e0 Cannes L\u00e9rins, qui se font <span style=\"color: #339966;\"><strong>UNIQUEMENT sur rendez-vous<\/strong><\/span> (N\u00b0vert\/mail ci-dessus) :<\/p>\n<ul>\n<li>2\u00e8me mardi du mois (matin) \u00e0 Cannes <em>(RDC de la mairie annexe de la Ferrage, au sein du service R\u00e9glementation) ;<\/em><\/li>\n<li>2\u00e8me mardi du mois (apr\u00e8s-midi) au Cannet (20 boulevard Sadi Carnot \u00e0 l&#8217;H\u00f4tel de ville) ;<\/li>\n<li>3eme jeudi du mois (matin) \u00e0 Mandelieu-La Napoule (bureau des Permanences \u00e0 l&#8217;H\u00f4tel de Ville, Avenue de la R\u00e9publique) ;<\/li>\n<li>4eme lundi du mois (apr\u00e8s-midi) \u00e0 Mougins (Service Techniques au 330 avenue de la Plaine).<\/li>\n<\/ul>\n<p>[\/et_pb_text][\/et_pb_column][et_pb_column type=&#8221;1_2&#8243; _builder_version=&#8221;4.16&#8243; _module_preset=&#8221;default&#8221; global_colors_info=&#8221;{}&#8221;][et_pb_image src=&#8221;https:\/\/cannespaysdelerins.fr\/wp-content\/uploads\/2021\/07\/Renovation-Energetique.jpg&#8221; title_text=&#8221;Renovation-Energetique&#8221; _builder_version=&#8221;4.16&#8243; _module_preset=&#8221;default&#8221; global_colors_info=&#8221;{}&#8221;][\/et_pb_image][et_pb_button button_url=&#8221;https:\/\/cannespaysdelerins.fr\/wp-content\/uploads\/2022\/05\/FlyerSare_2V.pdf&#8221; button_text=&#8221;Plaquette du dispositif SARE&#8221; _builder_version=&#8221;4.16&#8243; _module_preset=&#8221;default&#8221; custom_button=&#8221;on&#8221; button_text_color=&#8221;#ffffff&#8221; button_bg_color=&#8221;#5b8500&#8243; global_colors_info=&#8221;{}&#8221;][\/et_pb_button][et_pb_button button_url=&#8221;https:\/\/cannespaysdelerins.fr\/wp-content\/uploads\/2022\/12\/Flyer_3V_GREEN-DEAL3_imp.pdf&#8221; button_text=&#8221;Plaquette sur les aides du D\u00e9partement&#8221; _builder_version=&#8221;4.16&#8243; _module_preset=&#8221;default&#8221; custom_button=&#8221;on&#8221; button_text_color=&#8221;#ffffff&#8221; button_bg_color=&#8221;#5b8500&#8243; global_colors_info=&#8221;{}&#8221;][\/et_pb_button][et_pb_button button_url=&#8221;https:\/\/greendeal06.departement06.fr\/green-deal-21691.html&#8221; button_text=&#8221;D\u00e9couvrez le site d\u00e9di\u00e9 GREEN DEAL 06&#8243; _builder_version=&#8221;4.16&#8243; _module_preset=&#8221;default&#8221; custom_button=&#8221;on&#8221; button_text_color=&#8221;#ffffff&#8221; button_bg_color=&#8221;#5b8500&#8243; global_colors_info=&#8221;{}&#8221;][\/et_pb_button][et_pb_divider _builder_version=&#8221;4.16&#8243; _module_preset=&#8221;default&#8221; global_colors_info=&#8221;{}&#8221;][\/et_pb_divider][\/et_pb_column][\/et_pb_row][\/et_pb_section][et_pb_section fb_built=&#8221;1&#8243; _builder_version=&#8221;4.16&#8243; background_image=&#8221;https:\/\/cannespaysdelerins.fr\/wp-content\/uploads\/2019\/10\/frise-communes1200.png&#8221; background_size=&#8221;initial&#8221; custom_margin=&#8221;||||false|false&#8221; custom_padding=&#8221;||||false|false&#8221; global_colors_info=&#8221;{}&#8221; disabled_on=&#8221;on|on|on&#8221; disabled=&#8221;on&#8221;][et_pb_row column_structure=&#8221;1_2,1_2&#8243; use_custom_gutter=&#8221;on&#8221; _builder_version=&#8221;4.16&#8243; max_width=&#8221;900px&#8221; animation_style=&#8221;fade&#8221; hover_enabled=&#8221;0&#8243; global_colors_info=&#8221;{}&#8221; sticky_enabled=&#8221;0&#8243;][et_pb_column type=&#8221;1_2&#8243; _builder_version=&#8221;4.16&#8243; global_colors_info=&#8221;{}&#8221;][et_pb_text admin_label=&#8221;titre&#8221; _builder_version=&#8221;4.21.0&#8243; header_font=&#8221;Open regular||||||||&#8221; header_text_align=&#8221;left&#8221; header_text_color=&#8221;#666666&#8243; header_font_size=&#8221;25px&#8221; header_line_height=&#8221;1.4em&#8221; background_enable_color=&#8221;off&#8221; custom_margin=&#8221;||||false|false&#8221; custom_padding=&#8221;||||false|false&#8221; hover_enabled=&#8221;0&#8243; global_colors_info=&#8221;{}&#8221; sticky_enabled=&#8221;0&#8243;]<\/p>\n<h1 style=\"text-align: left;\">Cadastre solaire<\/h1>\n<p>[\/et_pb_text][et_pb_text _builder_version=&#8221;4.16&#8243; global_colors_info=&#8221;{}&#8221;]<\/p>\n<p>D\u00e9j\u00e0 existant sur le territoire de la Communaut\u00e9 d\u2019Agglom\u00e9ration Sophia-Antipolis, le dispositif de cadastre solaire <em>In Sun We Trust<\/em> a \u00e9t\u00e9 \u00e9tendu, fin 2019, \u00e0 tout le territoire CAP AZUR. Il permet notamment d\u2019estimer le potentiel solaire de sa toiture. Ainsi, particuliers et professionnels peuvent, \u00e0 l\u2019aide de leur adresse, v\u00e9rifier l\u2019opportunit\u00e9 et la rentabilit\u00e9 d\u2019installer des panneaux photovolta\u00efques sur leur toiture, de faire une simulation financi\u00e8re, une simulation de production et d\u2019estimer leur temps de retour sur investissement.<\/p>\n<p>[\/et_pb_text][et_pb_text _builder_version=&#8221;4.16&#8243; header_2_font=&#8221;Open semi bold||||||||&#8221; header_2_font_size=&#8221;12px&#8221; header_2_line_height=&#8221;1.4em&#8221; background_color=&#8221;#ffe3ab&#8221; custom_margin=&#8221;||||false|false&#8221; custom_padding=&#8221;30px|20px|30px|20px|false|true&#8221; animation_style=&#8221;slide&#8221; animation_direction=&#8221;bottom&#8221; border_width_top=&#8221;5px&#8221; border_color_top=&#8221;#f8ac11&#8243; global_colors_info=&#8221;{}&#8221;]<\/p>\n<p style=\"text-align: center;\"><strong>Plus d\u2019infos\u00a0:<\/strong> <a href=\"https:\/\/capazur.insunwetrust.solar\/\" target=\"_blank\" rel=\"noopener noreferrer\">https:\/\/capazur.insunwetrust.solar\/<\/a><\/p>\n<p>[\/et_pb_text][\/et_pb_column][et_pb_column type=&#8221;1_2&#8243; _builder_version=&#8221;4.16&#8243; global_colors_info=&#8221;{}&#8221;][et_pb_image src=&#8221;https:\/\/cannespaysdelerins.fr\/wp-content\/uploads\/2020\/04\/ima-cadastre-solaire.jpg&#8221; _builder_version=&#8221;4.16&#8243; animation_style=&#8221;slide&#8221; animation_direction=&#8221;right&#8221; global_colors_info=&#8221;{}&#8221;][\/et_pb_image][\/et_pb_column][\/et_pb_row][\/et_pb_section]<\/p>\n","protected":false},"excerpt":{"rendered":"<p>R\u00e9novation \u00e9nerg\u00e9tiqueR\u00e9novation \u00e9nerg\u00e9tiqueService d\u2019Accompagnement \u00e0 la R\u00e9novation \u00c9nerg\u00e9tique Le dispositif SARE (Service d\u2019Accompagnement \u00e0 la R\u00e9novation \u00c9nerg\u00e9tique) est un programme national d\u00e9clin\u00e9 \u00e0 l\u2019\u00e9chelle r\u00e9gionale, pour lequel la R\u00e9gion SUD a sollicit\u00e9 les d\u00e9partements et les m\u00e9tropoles afin d&#8217;\u00eatre porteurs-associ\u00e9s et assurer ainsi le d\u00e9ploiement sur leurs territoires. Le D\u00e9partement des Alpes-Maritimes va donc assurer [&hellip;]<\/p>\n","protected":false},"author":8,"featured_media":0,"parent":0,"menu_order":0,"comment_status":"closed","ping_status":"closed","template":"","meta":{"_et_pb_use_builder":"on","_et_pb_old_content":"","_et_gb_content_width":"","footnotes":""},"class_list":["post-7502","page","type-page","status-publish","hentry"],"_links":{"self":[{"href":"https:\/\/cannespaysdelerins.fr\/index.php\/wp-json\/wp\/v2\/pages\/7502","targetHints":{"allow":["GET"]}}],"collection":[{"href":"https:\/\/cannespaysdelerins.fr\/index.php\/wp-json\/wp\/v2\/pages"}],"about":[{"href":"https:\/\/cannespaysdelerins.fr\/index.php\/wp-json\/wp\/v2\/types\/page"}],"author":[{"embeddable":true,"href":"https:\/\/cannespaysdelerins.fr\/index.php\/wp-json\/wp\/v2\/users\/8"}],"replies":[{"embeddable":true,"href":"https:\/\/cannespaysdelerins.fr\/index.php\/wp-json\/wp\/v2\/comments?post=7502"}],"version-history":[{"count":15,"href":"https:\/\/cannespaysdelerins.fr\/index.php\/wp-json\/wp\/v2\/pages\/7502\/revisions"}],"predecessor-version":[{"id":15573,"href":"https:\/\/cannespaysdelerins.fr\/index.php\/wp-json\/wp\/v2\/pages\/7502\/revisions\/15573"}],"wp:attachment":[{"href":"https:\/\/cannespaysdelerins.fr\/index.php\/wp-json\/wp\/v2\/media?parent=7502"}],"curies":[{"name":"wp","href":"https:\/\/api.w.org\/{rel}","templated":true}]}}