{"id":7413,"date":"2020-04-02T11:18:49","date_gmt":"2020-04-02T11:18:49","guid":{"rendered":"https:\/\/cannespaysdelerins.fr\/?page_id=7413"},"modified":"2021-09-22T07:11:12","modified_gmt":"2021-09-22T07:11:12","slug":"redevance-speciale","status":"publish","type":"page","link":"https:\/\/cannespaysdelerins.fr\/index.php\/redevance-speciale\/","title":{"rendered":"Redevance sp\u00e9ciale"},"content":{"rendered":"<p>[et_pb_section fb_built=&#8221;1&#8243; custom_padding_last_edited=&#8221;off|phone&#8221; disabled_on=&#8221;on|off|off&#8221; admin_label=&#8221;Header image&#8221; _builder_version=&#8221;4.4.2&#8243; background_image=&#8221;https:\/\/cannespaysdelerins.fr\/wp-content\/uploads\/2020\/04\/vis-redevance-speciale01.jpg&#8221; parallax=&#8221;on&#8221; z_index=&#8221;0&#8243; min_height=&#8221;700px&#8221; min_height_tablet=&#8221;&#8221; min_height_phone=&#8221;500px&#8221; min_height_last_edited=&#8221;on|desktop&#8221; custom_margin=&#8221;||||false|false&#8221; custom_margin_last_edited=&#8221;off|desktop&#8221; custom_padding=&#8221;||||false|false&#8221; custom_padding_phone=&#8221;||||true|false&#8221; animation_style=&#8221;fade&#8221; collapsed=&#8221;off&#8221;][et_pb_row disabled_on=&#8221;off|off|off&#8221; admin_label=&#8221;Accroche DESKTOP&#8221; _builder_version=&#8221;3.29.3&#8243; background_color=&#8221;rgba(0,0,0,0)&#8221; custom_margin=&#8221;||||false|false&#8221;][et_pb_column type=&#8221;4_4&#8243; _builder_version=&#8221;3.29.3&#8243;][et_pb_text _builder_version=&#8221;4.4.2&#8243; header_font=&#8221;Open Light||||||||&#8221; header_text_align=&#8221;center&#8221; header_text_color=&#8221;#ffffff&#8221; header_font_size=&#8221;40px&#8221; header_letter_spacing=&#8221;1.7px&#8221; header_line_height=&#8221;1.7em&#8221; background_color=&#8221;rgba(22,56,81,0.64)&#8221; max_width=&#8221;500px&#8221; max_width_tablet=&#8221;&#8221; max_width_phone=&#8221;250px&#8221; max_width_last_edited=&#8221;on|phone&#8221; module_alignment=&#8221;center&#8221; custom_margin=&#8221;50px||||false|false&#8221; custom_margin_tablet=&#8221;&#8221; custom_margin_phone=&#8221;0px||||false|false&#8221; custom_margin_last_edited=&#8221;on|phone&#8221; custom_padding=&#8221;30px|20px|30px|20px|true|true&#8221; animation_style=&#8221;fade&#8221; animation_duration=&#8221;2000ms&#8221; header_font_size_tablet=&#8221;&#8221; header_font_size_phone=&#8221;25px&#8221; header_font_size_last_edited=&#8221;on|phone&#8221; header_line_height_tablet=&#8221;&#8221; header_line_height_phone=&#8221;1em&#8221; header_line_height_last_edited=&#8221;on|phone&#8221; border_radii=&#8221;on|6px|6px|6px|6px&#8221;]<\/p>\n<h1 style=\"text-align: center;\">Redevance sp\u00e9ciale<\/h1>\n<p>[\/et_pb_text][\/et_pb_column][\/et_pb_row][\/et_pb_section][et_pb_section fb_built=&#8221;1&#8243; admin_label=&#8221;REDEVANCE SPECIALE&#8221; _builder_version=&#8221;4.4.2&#8243; background_enable_image=&#8221;off&#8221; background_size=&#8221;initial&#8221; custom_margin=&#8221;||||false|false&#8221; custom_padding=&#8221;80px||||false|false&#8221; animation_style=&#8221;fade&#8221; collapsed=&#8221;off&#8221;][et_pb_row admin_label=&#8221;Ligne&#8221; _builder_version=&#8221;4.0.2&#8243; max_width=&#8221;900px&#8221; custom_margin=&#8221;||0px||false|false&#8221; custom_padding=&#8221;||0px||false|false&#8221; animation_style=&#8221;fade&#8221; animation_direction=&#8221;bottom&#8221;][et_pb_column type=&#8221;4_4&#8243; _builder_version=&#8221;4.0.2&#8243;][et_pb_text _builder_version=&#8221;4.4.2&#8243; header_font=&#8221;Open regular||||||||&#8221; header_text_align=&#8221;left&#8221; header_text_color=&#8221;#666666&#8243; header_font_size=&#8221;25px&#8221; header_line_height=&#8221;1.4em&#8221; background_enable_color=&#8221;off&#8221; custom_margin=&#8221;||||false|false&#8221; custom_padding=&#8221;||||false|false&#8221;]<\/p>\n<h1>Qu\u2019est-ce que la Redevance Sp\u00e9ciale ?<\/h1>\n<p>[\/et_pb_text][\/et_pb_column][\/et_pb_row][et_pb_row column_structure=&#8221;1_2,1_2&#8243; admin_label=&#8221;Ligne&#8221; _builder_version=&#8221;4.0.2&#8243; max_width=&#8221;900px&#8221; custom_margin=&#8221;||0px||false|false&#8221; custom_padding=&#8221;||0px||false|false&#8221; animation_style=&#8221;fade&#8221; animation_direction=&#8221;bottom&#8221;][et_pb_column type=&#8221;1_2&#8243; _builder_version=&#8221;4.0.2&#8243;][et_pb_text _builder_version=&#8221;4.4.2&#8243; header_font=&#8221;Open regular||||||||&#8221; header_text_align=&#8221;left&#8221; header_text_color=&#8221;#666666&#8243; header_font_size=&#8221;25px&#8221; header_line_height=&#8221;1.4em&#8221; background_enable_color=&#8221;off&#8221; custom_margin=&#8221;||||false|false&#8221; custom_padding=&#8221;||||false|false&#8221;]<\/p>\n<p>La Redevance Sp\u00e9ciale concerne tous les professionnels et les administrations publiques du territoire dont la collecte et le traitement des d\u00e9chets sont pris en charge par l\u2019Agglom\u00e9ration Cannes L\u00e9rins. <\/p>\n<p>Contrairement \u00e0 la Taxe d\u2019Enl\u00e8vement des Ordures M\u00e9nag\u00e8res (TEOM), qui est un imp\u00f4t calcul\u00e9 sur la valeur locative du foncier b\u00e2tie sans aucun rapport avec la quantit\u00e9 de d\u00e9chets produits, la Redevance Sp\u00e9ciale d\u00e9pend de la production r\u00e9elle de d\u00e9chets. Elle permet donc une facturation plus juste.<\/p>\n<p>La Redevance est progressivement \u00e9tendue sur l\u2019ensemble du territoire Cannes L\u00e9rins.<\/p>\n<p>[\/et_pb_text][et_pb_button button_url=&#8221;https:\/\/cannespaysdelerins.fr\/wp-content\/uploads\/2020\/05\/A5_D\u00e9pliant_RS_agglo_version-site_compressed.pdf&#8221; url_new_window=&#8221;on&#8221; button_text=&#8221;T\u00e9l\u00e9charger le Guide de la Redevance Cannes L\u00e9rins&#8221; button_alignment=&#8221;center&#8221; _builder_version=&#8221;4.4.3&#8243; custom_button=&#8221;on&#8221; button_text_size=&#8221;14px&#8221; button_text_color=&#8221;#ffffff&#8221; button_bg_color=&#8221;#2f7eaf&#8221; button_border_width=&#8221;0px&#8221; custom_margin=&#8221;||||false|false&#8221; custom_padding=&#8221;||||false|false&#8221;][\/et_pb_button][et_pb_text _builder_version=&#8221;4.5.1&#8243; _module_preset=&#8221;default&#8221; hover_enabled=&#8221;0&#8243;]<\/p>\n<p><span style=\"color: #ffffff;\">TEST<\/span><\/p>\n<p>[\/et_pb_text][et_pb_text admin_label=&#8221;Bloc contact&#8221; _builder_version=&#8221;4.5.1&#8243; header_2_font=&#8221;Open semi bold||||||||&#8221; header_2_font_size=&#8221;14px&#8221; header_2_line_height=&#8221;1.7em&#8221; background_color=&#8221;#ffe3ab&#8221; custom_padding=&#8221;30px|30px|30px|30px|true|true&#8221; border_width_top=&#8221;5px&#8221; border_color_top=&#8221;#f8ac11&#8243; locked=&#8221;off&#8221;]<\/p>\n<p><strong>Une question sur la Redevance Sp\u00e9ciale ?<\/strong><\/p>\n<ul>\n<li>par t\u00e9l\u00e9phone au 04.89.82.20.22.<\/li>\n<li>par mail \u00e0 <em><a href=\"mailto:collecte@cannespaysdelerins.fr\">collecte@cannespaysdelerins.fr<\/a><\/em><\/li>\n<li>sur le site <a href=\"https:\/\/www.canneslerins-infotri.fr\/\">https:\/\/www.canneslerins-infotri.fr\/<\/a><\/li>\n<\/ul>\n<p>[\/et_pb_text][\/et_pb_column][et_pb_column type=&#8221;1_2&#8243; _builder_version=&#8221;4.0.2&#8243;][et_pb_image src=&#8221;https:\/\/cannespaysdelerins.fr\/wp-content\/uploads\/2019\/11\/ima-Redevance-Speciale02.jpg&#8221; _builder_version=&#8221;4.0.2&#8243; animation_style=&#8221;slide&#8221; animation_direction=&#8221;right&#8221; animation_duration=&#8221;1550ms&#8221;][\/et_pb_image][\/et_pb_column][\/et_pb_row][\/et_pb_section]<\/p>\n","protected":false},"excerpt":{"rendered":"<p>Redevance sp\u00e9cialeQu\u2019est-ce que la Redevance Sp\u00e9ciale ?La Redevance Sp\u00e9ciale concerne tous les professionnels et les administrations publiques du territoire dont la collecte et le traitement des d\u00e9chets sont pris en charge par l\u2019Agglom\u00e9ration Cannes L\u00e9rins. Contrairement \u00e0 la Taxe d\u2019Enl\u00e8vement des Ordures M\u00e9nag\u00e8res (TEOM), qui est un imp\u00f4t calcul\u00e9 sur la valeur locative du foncier [&hellip;]<\/p>\n","protected":false},"author":8,"featured_media":0,"parent":0,"menu_order":0,"comment_status":"closed","ping_status":"closed","template":"","meta":{"_et_pb_use_builder":"on","_et_pb_old_content":"","_et_gb_content_width":"","footnotes":""},"class_list":["post-7413","page","type-page","status-publish","hentry"],"_links":{"self":[{"href":"https:\/\/cannespaysdelerins.fr\/index.php\/wp-json\/wp\/v2\/pages\/7413","targetHints":{"allow":["GET"]}}],"collection":[{"href":"https:\/\/cannespaysdelerins.fr\/index.php\/wp-json\/wp\/v2\/pages"}],"about":[{"href":"https:\/\/cannespaysdelerins.fr\/index.php\/wp-json\/wp\/v2\/types\/page"}],"author":[{"embeddable":true,"href":"https:\/\/cannespaysdelerins.fr\/index.php\/wp-json\/wp\/v2\/users\/8"}],"replies":[{"embeddable":true,"href":"https:\/\/cannespaysdelerins.fr\/index.php\/wp-json\/wp\/v2\/comments?post=7413"}],"version-history":[{"count":18,"href":"https:\/\/cannespaysdelerins.fr\/index.php\/wp-json\/wp\/v2\/pages\/7413\/revisions"}],"predecessor-version":[{"id":12488,"href":"https:\/\/cannespaysdelerins.fr\/index.php\/wp-json\/wp\/v2\/pages\/7413\/revisions\/12488"}],"wp:attachment":[{"href":"https:\/\/cannespaysdelerins.fr\/index.php\/wp-json\/wp\/v2\/media?parent=7413"}],"curies":[{"name":"wp","href":"https:\/\/api.w.org\/{rel}","templated":true}]}}