{"id":6183,"date":"2019-11-05T17:21:23","date_gmt":"2019-11-05T17:21:23","guid":{"rendered":"https:\/\/cannespaysdelerins.fr\/?page_id=6183"},"modified":"2025-09-02T09:59:30","modified_gmt":"2025-09-02T09:59:30","slug":"mentions-legales","status":"publish","type":"page","link":"https:\/\/cannespaysdelerins.fr\/index.php\/mentions-legales\/","title":{"rendered":"Mentions l\u00e9gales"},"content":{"rendered":"<p>[et_pb_section fb_built=&#8221;1&#8243; custom_padding_last_edited=&#8221;off|phone&#8221; disabled_on=&#8221;on|off|off&#8221; admin_label=&#8221;Header image&#8221; _builder_version=&#8221;4.16&#8243; background_image=&#8221;https:\/\/cannespaysdelerins.fr\/wp-content\/uploads\/2019\/11\/vis-homepage02.jpg&#8221; parallax=&#8221;on&#8221; z_index=&#8221;0&#8243; min_height=&#8221;800px&#8221; min_height_tablet=&#8221;&#8221; min_height_phone=&#8221;500px&#8221; min_height_last_edited=&#8221;on|phone&#8221; custom_margin=&#8221;||||false|false&#8221; custom_margin_last_edited=&#8221;off|desktop&#8221; custom_padding=&#8221;||||false|false&#8221; custom_padding_phone=&#8221;||||true|false&#8221; animation_style=&#8221;fade&#8221; collapsed=&#8221;off&#8221; global_colors_info=&#8221;{}&#8221;][et_pb_row disabled_on=&#8221;off|off|off&#8221; admin_label=&#8221;Accroche DESKTOP&#8221; _builder_version=&#8221;4.16&#8243; background_color=&#8221;rgba(0,0,0,0)&#8221; custom_margin=&#8221;||||false|false&#8221; global_colors_info=&#8221;{}&#8221;][et_pb_column type=&#8221;4_4&#8243; _builder_version=&#8221;4.16&#8243; global_colors_info=&#8221;{}&#8221;][et_pb_text _builder_version=&#8221;4.16&#8243; header_font=&#8221;Open Light||||||||&#8221; header_text_align=&#8221;center&#8221; header_text_color=&#8221;#ffffff&#8221; header_font_size=&#8221;40px&#8221; header_letter_spacing=&#8221;1.5px&#8221; header_line_height=&#8221;1.3em&#8221; background_color=&#8221;rgba(0,0,0,0.49)&#8221; max_width=&#8221;400px&#8221; max_width_tablet=&#8221;&#8221; max_width_phone=&#8221;200px&#8221; max_width_last_edited=&#8221;on|phone&#8221; module_alignment=&#8221;center&#8221; custom_margin=&#8221;100px||||false|false&#8221; custom_margin_phone=&#8221;0px||||false|false&#8221; custom_margin_last_edited=&#8221;off|desktop&#8221; custom_padding=&#8221;30px||30px||true|false&#8221; animation_style=&#8221;fade&#8221; animation_duration=&#8221;2000ms&#8221; hover_enabled=&#8221;0&#8243; header_font_size_tablet=&#8221;&#8221; header_font_size_phone=&#8221;25px&#8221; header_font_size_last_edited=&#8221;on|phone&#8221; header_line_height_tablet=&#8221;&#8221; header_line_height_phone=&#8221;1em&#8221; header_line_height_last_edited=&#8221;on|phone&#8221; border_radii=&#8221;on|6px|6px|6px|6px&#8221; global_colors_info=&#8221;{}&#8221; sticky_enabled=&#8221;0&#8243;]<\/p>\n<h1 style=\"text-align: center;\">Mentions l\u00e9gales<\/h1>\n<p>[\/et_pb_text][\/et_pb_column][\/et_pb_row][\/et_pb_section][et_pb_section fb_built=&#8221;1&#8243; custom_padding_last_edited=&#8221;off|phone&#8221; disabled_on=&#8221;off|on|on&#8221; admin_label=&#8221;Header image smartphone&#8221; _builder_version=&#8221;4.16&#8243; background_image=&#8221;https:\/\/cannespaysdelerins.fr\/wp-content\/uploads\/2019\/11\/vis-homepage-smart01.jpg&#8221; parallax=&#8221;on&#8221; z_index=&#8221;0&#8243; min_height=&#8221;700px&#8221; min_height_tablet=&#8221;&#8221; min_height_phone=&#8221;500px&#8221; min_height_last_edited=&#8221;on|desktop&#8221; custom_margin=&#8221;||||false|false&#8221; custom_margin_last_edited=&#8221;off|desktop&#8221; custom_padding=&#8221;||||false|false&#8221; custom_padding_phone=&#8221;||||true|false&#8221; animation_style=&#8221;fade&#8221; collapsed=&#8221;on&#8221; global_colors_info=&#8221;{}&#8221;][et_pb_row disabled_on=&#8221;off|off|off&#8221; admin_label=&#8221;Accroche DESKTOP&#8221; _builder_version=&#8221;4.16&#8243; background_color=&#8221;rgba(0,0,0,0)&#8221; custom_margin=&#8221;||||false|false&#8221; global_colors_info=&#8221;{}&#8221;][et_pb_column type=&#8221;4_4&#8243; _builder_version=&#8221;4.16&#8243; global_colors_info=&#8221;{}&#8221;][et_pb_text _builder_version=&#8221;4.16&#8243; header_font=&#8221;Open Light||||||||&#8221; header_text_align=&#8221;center&#8221; header_text_color=&#8221;#ffffff&#8221; header_font_size=&#8221;40px&#8221; header_letter_spacing=&#8221;1.5px&#8221; header_line_height=&#8221;1.3em&#8221; background_color=&#8221;rgba(0,0,0,0.49)&#8221; max_width=&#8221;300px&#8221; max_width_tablet=&#8221;&#8221; max_width_phone=&#8221;200px&#8221; max_width_last_edited=&#8221;on|phone&#8221; module_alignment=&#8221;center&#8221; custom_margin=&#8221;50px||||false|false&#8221; custom_margin_tablet=&#8221;&#8221; custom_margin_phone=&#8221;50px||||false|false&#8221; custom_margin_last_edited=&#8221;on|phone&#8221; custom_padding=&#8221;20px|20px|20px|20px|true|true&#8221; animation_style=&#8221;fade&#8221; animation_duration=&#8221;2000ms&#8221; header_font_size_tablet=&#8221;&#8221; header_font_size_phone=&#8221;25px&#8221; header_font_size_last_edited=&#8221;on|phone&#8221; header_line_height_tablet=&#8221;&#8221; header_line_height_phone=&#8221;1em&#8221; header_line_height_last_edited=&#8221;on|phone&#8221; border_radii=&#8221;on|6px|6px|6px|6px&#8221; global_colors_info=&#8221;{}&#8221;]<\/p>\n<h1 style=\"text-align: center;\">Mentions l\u00e9gales<\/h1>\n<p>[\/et_pb_text][\/et_pb_column][\/et_pb_row][\/et_pb_section][et_pb_section fb_built=&#8221;1&#8243; _builder_version=&#8221;4.16&#8243; background_color=&#8221;rgba(0,0,0,0)&#8221; custom_margin=&#8221;|40px||40px|false|true&#8221; custom_margin_tablet=&#8221;&#8221; custom_margin_phone=&#8221;|20px||20px|false|true&#8221; custom_margin_last_edited=&#8221;on|desktop&#8221; custom_padding=&#8221;0px||140px||false|false&#8221; animation_style=&#8221;slide&#8221; animation_direction=&#8221;bottom&#8221; animation_duration=&#8221;1550ms&#8221; global_colors_info=&#8221;{}&#8221;][et_pb_row custom_padding_last_edited=&#8221;on|desktop&#8221; _builder_version=&#8221;4.16&#8243; background_color=&#8221;#ffffff&#8221; z_index=&#8221;0&#8243; width_tablet=&#8221;90%&#8221; width_phone=&#8221;90%&#8221; width_last_edited=&#8221;on|desktop&#8221; max_width=&#8221;900px&#8221; overflow-x=&#8221;visible&#8221; overflow-y=&#8221;visible&#8221; custom_margin=&#8221;-100px|auto||auto|false|false&#8221; custom_padding=&#8221;50px|20px|50px|20px|true|true&#8221; custom_padding_tablet=&#8221;|30px||30px|true|true&#8221; custom_padding_phone=&#8221;|0px||0px|false|false&#8221; animation_style=&#8221;fade&#8221; animation_duration=&#8221;2000ms&#8221; box_shadow_style=&#8221;preset3&#8243; box_shadow_vertical=&#8221;40px&#8221; box_shadow_blur=&#8221;110px&#8221; box_shadow_spread=&#8221;0px&#8221; box_shadow_color=&#8221;rgba(131,146,167,0.5)&#8221; locked=&#8221;off&#8221; global_colors_info=&#8221;{}&#8221; width__hover_enabled=&#8221;off&#8221;][et_pb_column type=&#8221;4_4&#8243; _builder_version=&#8221;4.16&#8243; background_color=&#8221;rgba(0,0,0,0)&#8221; custom_padding=&#8221;|30px||30px|false|true&#8221; global_colors_info=&#8221;{}&#8221;][et_pb_text _builder_version=&#8221;4.25.2&#8243; hover_enabled=&#8221;0&#8243; global_colors_info=&#8221;{}&#8221; sticky_enabled=&#8221;0&#8243;]<\/p>\n<p><strong>Site Internet de l&#8217;Agglom\u00e9ration Cannes L\u00e9rins<\/strong><br \/>Adresse : CS 50054 &#8211; 06414 Cannes Cedex &#8211; T\u00e9l : 04 89 82 27 99 &#8211; Fax : 04 89 82 27 20<br \/>Contact mail :\u00a0<a href=\"mailto:contact@agglo-paysdelerins.fr\">contact@cannespaysdelerins.fr<\/a><\/p>\n<p><strong>Directeur de publication<\/strong><br \/>M. Michel TANI<\/p>\n<p><strong>R\u00e9alisation technique et charte graphique<\/strong>\u00a0:<br \/>Pole Company &#8211; Agence Conseil en Communication \u00e0 Nice<br \/><a href=\"http:\/\/www.polecompany.com\/\" target=\"_blank\" rel=\"noopener noreferrer\">www.polecompany.com<\/a><\/p>\n<p><strong>H\u00e9bergeur<\/strong>\u00a0:<br \/>Oxyd<\/p>\n<p><strong>Syst\u00e8me de gestion des contenus<\/strong>\u00a0:<br \/>WordPress est un syst\u00e8me libre (open-source, license GNU\/GPL) de gestion de contenu.<\/p>\n<p><strong>DISPOSITIONS LEGALES<\/strong><\/p>\n<p>Les divers \u00e9l\u00e9ments du site web (la forme, la mise en page, le fonds, la structure &#8230;) sont prot\u00e9g\u00e9s par le droit des dessins et mod\u00e8les, le droit d&#8217;auteur, le droit des marques ainsi que le droit \u00e0 l&#8217;image et ils ne peuvent \u00eatre copi\u00e9s ou imit\u00e9s en tout ou partie sauf autorisation expresse de l&#8217;Agglom\u00e9ration Cannes L\u00e9rins. A titre principal, la communaut\u00e9 d&#8217;agglom\u00e9ration conc\u00e8de une autorisation de visualisation du contenu du site. Toutes personne ne respectant pas les dispositions l\u00e9gales applicables se rend coupable du d\u00e9lit de contrefa\u00e7on et est passible des sanctions p\u00e9nales pr\u00e9vues par la loi.<\/p>\n<p><strong>INFORMATIQUE ET LIBERTE<\/strong><\/p>\n<p><strong>Liens hypertextes<\/strong>\u00a0:<br \/>Les liens hypertexte pr\u00e9sents sur le site de l&#8217;Agglom\u00e9ration Cannes L\u00e9rins et aiguillant les utilisateurs vers d&#8217;autres sites Internet n&#8217;engagent pas la responsabilit\u00e9 de la r\u00e9daction du site de la communaut\u00e9 d&#8217;agglom\u00e9ration quant au contenu de ces sites.<\/p>\n<p><strong>D\u00e9claration CNIL<\/strong>\u00a0:<br \/>Depuis 2006, les sites Internet n&#8217;ont plus besoin d&#8217;\u00eatre d\u00e9clar\u00e9s en tant que tel \u00e0 la CNIL. Les traitements de donn\u00e9es personnelles ou nominatives collect\u00e9es sur ce site par le biais de formulaires en ligne : nom, pr\u00e9nom, adresse, num\u00e9ro de t\u00e9l\u00e9phone, adresse \u00e9lectronique font l&#8217;objet d&#8217;une d\u00e9rogation d\u00e9finie dans la &#8221; D\u00e9lib\u00e9ration n\u00b02006-138 du 09\/05\/2006 d\u00e9cidant de la dispense de d\u00e9claration des traitements constitu\u00e9s \u00e0 des fins d&#8217;information ou de communication externe &#8220;. Ce site ne dispose donc pas de num\u00e9ro de d\u00e9claration CNIL<\/p>\n<p><strong>Donn\u00e9es personnelles<\/strong>\u00a0:<br \/>L&#8217;utilisateur du pr\u00e9sent site est inform\u00e9 que, lors de sa navigation sur le site de l&#8217;Agglom\u00e9ration Cannes L\u00e9rins, des donn\u00e9es \u00e0 caract\u00e8re personnel le concernant peuvent lui \u00eatre demand\u00e9es via un formulaire a remplir.<\/p>\n<p>Ces donn\u00e9es sont utilis\u00e9es\u00a0:<\/p>\n<p>en cas d&#8217;abonnement de l&#8217;utilisateur \u00e0 une newsletter pour lui adresser.<br \/>en cas d&#8217;une demande de prise de contact, ou d&#8217;une question de l&#8217;utilisateur, pour lui apporter une r\u00e9ponse.<\/p>\n<p><strong>L&#8217;utilisateur est inform\u00e9 que ses donn\u00e9es<\/strong>\u00a0:<\/p>\n<p>sont collect\u00e9es de mani\u00e8re loyale et licite,<br \/>ne sont pas destin\u00e9es \u00e0 \u00eatre transmises \u00e0 des tiers.<br \/>sont ad\u00e9quates, pertinentes et non excessives au regard des finalit\u00e9s pour lesquelles elles sont collect\u00e9es et de leurs traitements ult\u00e9rieurs, sont exactes et compl\u00e8tes,<br \/>sont conserv\u00e9es sous une forme permettant l&#8217;identification des personnes concern\u00e9es.<br \/>Toutes les pr\u00e9cautions sont prises pour pr\u00e9server la s\u00e9curit\u00e9 des donn\u00e9es, et notamment pour \u00e9viter qu&#8217;elles ne soient d\u00e9form\u00e9es, endommag\u00e9es ou que des tiers non autoris\u00e9s y aient acc\u00e8s. Conform\u00e9ment \u00e0 la loi modifi\u00e9e relative \u00e0 l&#8217;informatique, aux fichiers et aux libert\u00e9s du 6 janvier 1978, vous b\u00e9n\u00e9ficiez d&#8217;un droit d&#8217;opposition (article 38), d&#8217;acc\u00e8s (article 39 ) et de rectification (article 40) aux informations qui vous concernent. Si vous souhaitez exercer ce droit et obtenir communication des informations vous concernant, veuillez vous adresser \u00e0 : Agglom\u00e9ration Cannes L\u00e9rins &#8211;\u00a0 CS 50054 &#8211; 06414 Cannes Cedex<\/p>\n<p><strong>Informations relatives \u00e0 la navigation<\/strong>\u00a0:<\/p>\n<p>L&#8217;utilisateur est inform\u00e9 que le site de l&#8217;Agglom\u00e9ration Cannes L\u00e9rins peut implanter un cookie dans son ordinateur.<br \/>Un cookie contient les renseignements que l&#8217;utilisateur vient de fournir, afin qu&#8217;il n&#8217;ait pas besoin, lors de prochaines visites sur le site, de remplir \u00e0 nouveau le formulaire propos\u00e9. Un cookie ne permet pas d&#8217;identifier l&#8217;utilisateur.<br \/>L&#8217;utilisateur peut, s&#8217;il le souhaite, d\u00e9sactiver l&#8217;utilisation de cookies en s\u00e9lectionnant les param\u00e8tres appropri\u00e9s de son navigateur. Cependant, une telle d\u00e9sactivation pourrait emp\u00eacher l&#8217;utilisation de certaines fonctionnalit\u00e9s de ce site.<\/p>\n<p><strong>Droits d&#8217;auteur<\/strong>\u00a0:<br \/>Le pr\u00e9sent site constitue une oeuvre dont l&#8217;Agglom\u00e9ration Cannes L\u00e9rins est l&#8217;auteur au sens des articles L. 111.1 et suivants du Code de la propri\u00e9t\u00e9 intellectuelle. Les photographies, textes, slogans, dessins, images, s\u00e9quences anim\u00e9es sonores ou non ainsi que toutes oeuvres int\u00e9gr\u00e9s dans le site sont la propri\u00e9t\u00e9 de l&#8217;Agglom\u00e9ration Cannes L\u00e9rins ou de tiers ayant autoris\u00e9 l&#8217;Agglom\u00e9ration Cannes L\u00e9rins \u00e0 les utiliser. Les logos, ic\u00f4nes et puces graphiques repr\u00e9sent\u00e9s sur le site sont prot\u00e9g\u00e9s au titre des droits d&#8217;auteur et des articles L.511.1 et suivants du Code de la propri\u00e9t\u00e9 intellectuelle relatifs \u00e0 la protection des mod\u00e8les d\u00e9pos\u00e9s. Les reproductions, sur un support papier ou informatique, dudit site et des oeuvres qui y sont reproduits sont autoris\u00e9es sous r\u00e9serve qu&#8217;elles soient strictement r\u00e9serv\u00e9es \u00e0 un usage personnel excluant tout usage \u00e0 des fins publicitaires et\/ou commerciales et\/ou d&#8217;information et\/ou qu&#8217;elles soient conformes aux dispositions de l&#8217;article L122-5 du Code de la Propri\u00e9t\u00e9 Intellectuelle. A l&#8217;exception des dispositions ci-dessus, toute reproduction, repr\u00e9sentation, utilisation ou modification, par quelque proc\u00e9d\u00e9 que ce soit et sur quelque support que ce soit, de tout ou partie du site, de tout ou partie des diff\u00e9rentes oeuvres qui le composent, sans avoir obtenu l&#8217;autorisation pr\u00e9alable de l&#8217;Agglom\u00e9ration Cannes L\u00e9rins, est strictement interdite et constitue un d\u00e9lit de contrefa\u00e7on.<\/p>\n<p>[\/et_pb_text][\/et_pb_column][\/et_pb_row][\/et_pb_section]<\/p>\n","protected":false},"excerpt":{"rendered":"<p>Site Internet de la Communaut\u00e9 d\u2019Agglom\u00e9ration Cannes Pays de L\u00e9rins<br \/>\nAdresse : CS 50054 \u2013 06414 Cannes Cedex \u2013 T\u00e9l : 04 89 82 27 99 \u2013 Fax : 04 89 82 27 20<br \/>\nContact mail : contact@cannespaysdelerins.fr<\/p>\n","protected":false},"author":8,"featured_media":5980,"parent":0,"menu_order":0,"comment_status":"closed","ping_status":"closed","template":"","meta":{"_et_pb_use_builder":"on","_et_pb_old_content":"","_et_gb_content_width":"","footnotes":""},"class_list":["post-6183","page","type-page","status-publish","has-post-thumbnail","hentry"],"_links":{"self":[{"href":"https:\/\/cannespaysdelerins.fr\/index.php\/wp-json\/wp\/v2\/pages\/6183","targetHints":{"allow":["GET"]}}],"collection":[{"href":"https:\/\/cannespaysdelerins.fr\/index.php\/wp-json\/wp\/v2\/pages"}],"about":[{"href":"https:\/\/cannespaysdelerins.fr\/index.php\/wp-json\/wp\/v2\/types\/page"}],"author":[{"embeddable":true,"href":"https:\/\/cannespaysdelerins.fr\/index.php\/wp-json\/wp\/v2\/users\/8"}],"replies":[{"embeddable":true,"href":"https:\/\/cannespaysdelerins.fr\/index.php\/wp-json\/wp\/v2\/comments?post=6183"}],"version-history":[{"count":15,"href":"https:\/\/cannespaysdelerins.fr\/index.php\/wp-json\/wp\/v2\/pages\/6183\/revisions"}],"predecessor-version":[{"id":20752,"href":"https:\/\/cannespaysdelerins.fr\/index.php\/wp-json\/wp\/v2\/pages\/6183\/revisions\/20752"}],"wp:featuredmedia":[{"embeddable":true,"href":"https:\/\/cannespaysdelerins.fr\/index.php\/wp-json\/wp\/v2\/media\/5980"}],"wp:attachment":[{"href":"https:\/\/cannespaysdelerins.fr\/index.php\/wp-json\/wp\/v2\/media?parent=6183"}],"curies":[{"name":"wp","href":"https:\/\/api.w.org\/{rel}","templated":true}]}}