{"id":4434,"date":"2019-10-22T15:28:27","date_gmt":"2019-10-22T15:28:27","guid":{"rendered":"https:\/\/cannespaysdelerins.fr\/?page_id=4434"},"modified":"2024-09-06T13:08:15","modified_gmt":"2024-09-06T13:08:15","slug":"mise-en-reseau-des-decheteries","status":"publish","type":"page","link":"https:\/\/cannespaysdelerins.fr\/index.php\/mise-en-reseau-des-decheteries\/","title":{"rendered":"Mise en r\u00e9seau des d\u00e9ch\u00e8teries"},"content":{"rendered":"<p>[et_pb_section fb_built=&#8221;1&#8243; custom_padding_last_edited=&#8221;off|phone&#8221; disabled_on=&#8221;on|off|off&#8221; admin_label=&#8221;Header image&#8221; _builder_version=&#8221;4.16&#8243; background_image=&#8221;https:\/\/cannespaysdelerins.fr\/wp-content\/uploads\/2019\/12\/vis-reseau-dechet02.jpg&#8221; parallax=&#8221;on&#8221; z_index=&#8221;0&#8243; min_height=&#8221;700px&#8221; min_height_tablet=&#8221;&#8221; min_height_phone=&#8221;500px&#8221; min_height_last_edited=&#8221;on|desktop&#8221; custom_margin=&#8221;||||false|false&#8221; custom_margin_last_edited=&#8221;off|desktop&#8221; custom_padding=&#8221;||||false|false&#8221; custom_padding_phone=&#8221;||||true|false&#8221; animation_style=&#8221;fade&#8221; collapsed=&#8221;on&#8221; global_colors_info=&#8221;{}&#8221;][et_pb_row disabled_on=&#8221;off|off|off&#8221; admin_label=&#8221;Accroche DESKTOP&#8221; _builder_version=&#8221;4.16&#8243; background_color=&#8221;rgba(0,0,0,0)&#8221; custom_margin=&#8221;||||false|false&#8221; global_colors_info=&#8221;{}&#8221;][et_pb_column type=&#8221;4_4&#8243; _builder_version=&#8221;4.16&#8243; global_colors_info=&#8221;{}&#8221;][et_pb_text _builder_version=&#8221;4.16&#8243; header_font=&#8221;Open Light||||||||&#8221; header_text_align=&#8221;center&#8221; header_text_color=&#8221;#ffffff&#8221; header_font_size=&#8221;40px&#8221; header_letter_spacing=&#8221;1.5px&#8221; header_line_height=&#8221;1.6em&#8221; background_color=&#8221;rgba(22,56,81,0.64)&#8221; max_width=&#8221;550px&#8221; max_width_tablet=&#8221;&#8221; max_width_phone=&#8221;250px&#8221; max_width_last_edited=&#8221;on|phone&#8221; module_alignment=&#8221;center&#8221; custom_margin=&#8221;50px||||false|false&#8221; custom_margin_tablet=&#8221;&#8221; custom_margin_phone=&#8221;0px||||false|false&#8221; custom_margin_last_edited=&#8221;on|phone&#8221; custom_padding=&#8221;30px|30px|30px|30px|true|true&#8221; animation_style=&#8221;fade&#8221; animation_duration=&#8221;2000ms&#8221; header_font_size_tablet=&#8221;&#8221; header_font_size_phone=&#8221;25px&#8221; header_font_size_last_edited=&#8221;on|phone&#8221; header_line_height_tablet=&#8221;&#8221; header_line_height_phone=&#8221;1.6em&#8221; header_line_height_last_edited=&#8221;on|phone&#8221; border_radii=&#8221;on|6px|6px|6px|6px&#8221; global_colors_info=&#8221;{}&#8221;]<\/p>\n<h1 style=\"text-align: center;\">Mise en r\u00e9seau des d\u00e9ch\u00e8teries<\/h1>\n<p>[\/et_pb_text][\/et_pb_column][\/et_pb_row][\/et_pb_section][et_pb_section fb_built=&#8221;1&#8243; custom_padding_last_edited=&#8221;off|phone&#8221; disabled_on=&#8221;off|on|on&#8221; admin_label=&#8221;Headersmartphone&#8221; _builder_version=&#8221;4.16&#8243; background_image=&#8221;https:\/\/cannespaysdelerins.fr\/wp-content\/uploads\/2019\/12\/vis-reseau-dechet02-1000.jpg&#8221; parallax=&#8221;on&#8221; z_index=&#8221;0&#8243; min_height=&#8221;700px&#8221; min_height_tablet=&#8221;&#8221; min_height_phone=&#8221;500px&#8221; min_height_last_edited=&#8221;on|desktop&#8221; custom_margin=&#8221;||||false|false&#8221; custom_margin_last_edited=&#8221;off|desktop&#8221; custom_padding=&#8221;||||false|false&#8221; custom_padding_phone=&#8221;||||true|false&#8221; animation_style=&#8221;fade&#8221; collapsed=&#8221;off&#8221; global_colors_info=&#8221;{}&#8221;][et_pb_row disabled_on=&#8221;off|off|off&#8221; admin_label=&#8221;Accroche DESKTOP&#8221; _builder_version=&#8221;4.16&#8243; background_color=&#8221;rgba(0,0,0,0)&#8221; custom_margin=&#8221;||||false|false&#8221; global_colors_info=&#8221;{}&#8221;][et_pb_column type=&#8221;4_4&#8243; _builder_version=&#8221;4.16&#8243; global_colors_info=&#8221;{}&#8221;][et_pb_text _builder_version=&#8221;4.16&#8243; header_font=&#8221;Open Light||||||||&#8221; header_text_align=&#8221;center&#8221; header_text_color=&#8221;#ffffff&#8221; header_font_size=&#8221;40px&#8221; header_letter_spacing=&#8221;1.5px&#8221; header_line_height=&#8221;1.6em&#8221; background_color=&#8221;rgba(22,56,81,0.64)&#8221; max_width=&#8221;550px&#8221; max_width_tablet=&#8221;&#8221; max_width_phone=&#8221;250px&#8221; max_width_last_edited=&#8221;on|phone&#8221; module_alignment=&#8221;center&#8221; custom_margin=&#8221;50px||||false|false&#8221; custom_margin_tablet=&#8221;&#8221; custom_margin_phone=&#8221;0px||||false|false&#8221; custom_margin_last_edited=&#8221;on|phone&#8221; custom_padding=&#8221;30px|30px|30px|30px|true|true&#8221; animation_style=&#8221;fade&#8221; animation_duration=&#8221;2000ms&#8221; header_font_size_tablet=&#8221;&#8221; header_font_size_phone=&#8221;25px&#8221; header_font_size_last_edited=&#8221;on|phone&#8221; header_line_height_tablet=&#8221;&#8221; header_line_height_phone=&#8221;1.6em&#8221; header_line_height_last_edited=&#8221;on|phone&#8221; border_radii=&#8221;on|6px|6px|6px|6px&#8221; global_colors_info=&#8221;{}&#8221;]<\/p>\n<h1 style=\"text-align: center;\">Mise en r\u00e9seau des d\u00e9ch\u00e8teries<\/h1>\n<p>[\/et_pb_text][\/et_pb_column][\/et_pb_row][\/et_pb_section][et_pb_section fb_built=&#8221;1&#8243; _builder_version=&#8221;4.16&#8243; background_image=&#8221;https:\/\/cannespaysdelerins.fr\/wp-content\/uploads\/2019\/10\/frise-communes1200.png&#8221; background_size=&#8221;initial&#8221; background_position=&#8221;top_center&#8221; custom_margin=&#8221;||||false|false&#8221; custom_padding=&#8221;||||false|false&#8221; global_colors_info=&#8221;{}&#8221;][et_pb_row use_custom_gutter=&#8221;on&#8221; _builder_version=&#8221;4.16&#8243; max_width=&#8221;900px&#8221; animation_style=&#8221;fade&#8221; global_colors_info=&#8221;{}&#8221;][et_pb_column type=&#8221;4_4&#8243; _builder_version=&#8221;4.16&#8243; global_colors_info=&#8221;{}&#8221;][et_pb_text disabled_on=&#8221;on|on|on&#8221; admin_label=&#8221;Actu&#8221; _builder_version=&#8221;4.16&#8243; _module_preset=&#8221;default&#8221; disabled=&#8221;on&#8221; locked=&#8221;off&#8221; global_colors_info=&#8221;{}&#8221;]<\/p>\n<p style=\"text-align: center;\"><div class='et-box et-warning'>\n\t\t\t\t\t<div class='et-box-content'>Dans le cadre de travaux et de son futur transfert, la d\u00e9ch\u00e8terie d\u2019Antibes sera ferm\u00e9e \u00e0 partir du 1er novembre 2021.<\/div><\/div><\/p>\n<p>[\/et_pb_text][et_pb_text _builder_version=&#8221;4.16&#8243; global_colors_info=&#8221;{}&#8221;]<\/p>\n<p>Lanc\u00e9e officiellement le 23 novembre 2018 par les \u00e9lus du P\u00f4le M\u00e9tropolitain CAP AZUR, la mise en r\u00e9seau des 21 d\u00e9ch\u00e8teries de l&#8217;Ouest des Alpes-Maritimes est d\u00e9sormais effective !<\/p>\n<p>Les deux syndicats en charge de la valorisation et du traitement des d\u00e9chets sur ce territoire &#8211; le SMED et UNIVALOM &#8211; ont pour objectifs de rendre un service public performant et ce, \u00e0 moindre co\u00fbt, tout en veillant de fa\u00e7on scrupuleuse au respect de l\u2019environnement. Gestionnaires respectivement d\u2019un r\u00e9seau de 11 d\u00e9ch\u00e8teries pour le SMED et 10 pour UNIVALOM, ces syndicats ont travaill\u00e9 pour mutualiser les conditions d\u2019acc\u00e8s et harmoniser les tarifs. Afin de faciliter le choix de la d\u00e9ch\u00e8terie mais aussi de r\u00e9duire et limiter les d\u00e9placements, le <strong>r<\/strong><strong>\u00e9seau de d\u00e9<\/strong><strong>ch<\/strong><strong>\u00e8<\/strong><strong>teries s<\/strong><strong>\u2019<\/strong><strong>agrandit<\/strong>.<\/p>\n<p>&nbsp;<\/p>\n<p><strong>Pour acc\u00e9der aux 21 d\u00e9<\/strong><strong>ch<\/strong><strong>\u00e8teries, je pr\u00e9sente obligatoirement mon badge<\/strong>.<\/p>\n<p><strong>Je suis particulier<\/strong> :<\/p>\n<p>Je b\u00e9n\u00e9ficie gratuitement de 1,5 tonnes par an et par foyer. Je m\u2019inscris \u00e0 la d\u00e9ch\u00e8terie. Je fournis le formulaire d\u2019inscription + ma derni\u00e8re taxe d\u2019habitation, taxe fonci\u00e8re,\u00a0 bail\u00a0 ou acte notari\u00e9 + ma pi\u00e8ce d\u2019identit\u00e9.<\/p>\n<p><strong>Je suis une entreprise, un pro<\/strong> :<\/p>\n<p>Je m\u2019inscris \u00e0 la d\u00e9ch\u00e8terie. Je fournis le formulaire d\u2019inscription + un extrait de K-Bis (moins de 3 mois) + la carte grise du (des) v\u00e9hicules utilis\u00e9(s) + un justificatif de domicile (moins de 3 mois) + la pi\u00e8ce d\u2019identit\u00e9 du g\u00e9rant (ou le cas \u00e9chant de la personne pr\u00e9sente lors de l\u2019ouverture du compte).<\/p>\n<p>Plus d\u2019infos : <em><span style=\"text-decoration: underline;\"><a href=\"https:\/\/www.smed06.fr\/\" target=\"_blank\" rel=\"noopener noreferrer\">smed06.fr<\/a><\/span><\/em> et <em><span style=\"text-decoration: underline;\"><a href=\"https:\/\/univalom.fr\/\" target=\"_blank\" rel=\"noopener noreferrer\">univalom.fr<\/a><\/span><\/em><\/p>\n<p>[\/et_pb_text][et_pb_text _builder_version=&#8221;4.16&#8243; header_font=&#8221;Open regular||||||||&#8221; header_text_align=&#8221;left&#8221; header_text_color=&#8221;#666666&#8243; header_font_size=&#8221;25px&#8221; header_line_height=&#8221;1.4em&#8221; background_enable_color=&#8221;off&#8221; custom_margin=&#8221;||||false|false&#8221; custom_padding=&#8221;||||false|false&#8221; global_colors_info=&#8221;{}&#8221;]<\/p>\n<h1 style=\"text-align: left;\">Mise en r\u00e9seau des d\u00e9ch\u00e8teries<\/h1>\n<p>[\/et_pb_text][\/et_pb_column][\/et_pb_row][et_pb_row _builder_version=&#8221;4.16&#8243; max_width=&#8221;900px&#8221; global_colors_info=&#8221;{}&#8221;][et_pb_column type=&#8221;4_4&#8243; _builder_version=&#8221;4.16&#8243; global_colors_info=&#8221;{}&#8221;][et_pb_image src=&#8221;https:\/\/cannespaysdelerins.fr\/wp-content\/uploads\/2019\/10\/ima-reseau-dechet01.jpg&#8221; _builder_version=&#8221;4.16&#8243; animation_style=&#8221;fold&#8221; animation_direction=&#8221;right&#8221; global_colors_info=&#8221;{}&#8221;][\/et_pb_image][et_pb_image src=&#8221;https:\/\/cannespaysdelerins.fr\/wp-content\/uploads\/2023\/09\/Guide-decheteries-Cap-Azur-2023-3.jpg&#8221; title_text=&#8221;Guide-decheteries-Cap-Azur-2023-3&#8243; _builder_version=&#8221;4.21.0&#8243; animation_style=&#8221;fold&#8221; animation_direction=&#8221;left&#8221; global_colors_info=&#8221;{}&#8221;][\/et_pb_image][et_pb_button button_url=&#8221;https:\/\/cannespaysdelerins.fr\/wp-content\/uploads\/2023\/09\/Guide-decheteries-Cap-Azur-2023-web.pdf&#8221; url_new_window=&#8221;on&#8221; button_text=&#8221;T\u00e9l\u00e9charger la brochure des d\u00e9ch\u00e8teries CAP AZUR&#8221; button_alignment=&#8221;center&#8221; _builder_version=&#8221;4.21.0&#8243; custom_button=&#8221;on&#8221; button_text_size=&#8221;14px&#8221; button_text_color=&#8221;#ffffff&#8221; button_bg_color=&#8221;#2f7eaf&#8221; button_border_width=&#8221;0px&#8221; custom_margin=&#8221;100px||||false|false&#8221; custom_padding=&#8221;||||false|false&#8221; animation_style=&#8221;zoom&#8221; global_colors_info=&#8221;{}&#8221;][\/et_pb_button][\/et_pb_column][\/et_pb_row][\/et_pb_section]<\/p>\n","protected":false},"excerpt":{"rendered":"<p>Lanc\u00e9e officiellement le 23 novembre 2018 par les \u00e9lus du P\u00f4le M\u00e9tropolitain CAP AZUR, la mise en r\u00e9seau des 21 d\u00e9ch\u00e8teries de l\u2019Ouest des Alpes-Maritimes est d\u00e9sormais effective !<\/p>\n","protected":false},"author":8,"featured_media":6738,"parent":0,"menu_order":0,"comment_status":"closed","ping_status":"closed","template":"","meta":{"_et_pb_use_builder":"on","_et_pb_old_content":"","_et_gb_content_width":"","footnotes":""},"class_list":["post-4434","page","type-page","status-publish","has-post-thumbnail","hentry"],"_links":{"self":[{"href":"https:\/\/cannespaysdelerins.fr\/index.php\/wp-json\/wp\/v2\/pages\/4434","targetHints":{"allow":["GET"]}}],"collection":[{"href":"https:\/\/cannespaysdelerins.fr\/index.php\/wp-json\/wp\/v2\/pages"}],"about":[{"href":"https:\/\/cannespaysdelerins.fr\/index.php\/wp-json\/wp\/v2\/types\/page"}],"author":[{"embeddable":true,"href":"https:\/\/cannespaysdelerins.fr\/index.php\/wp-json\/wp\/v2\/users\/8"}],"replies":[{"embeddable":true,"href":"https:\/\/cannespaysdelerins.fr\/index.php\/wp-json\/wp\/v2\/comments?post=4434"}],"version-history":[{"count":16,"href":"https:\/\/cannespaysdelerins.fr\/index.php\/wp-json\/wp\/v2\/pages\/4434\/revisions"}],"predecessor-version":[{"id":18087,"href":"https:\/\/cannespaysdelerins.fr\/index.php\/wp-json\/wp\/v2\/pages\/4434\/revisions\/18087"}],"wp:featuredmedia":[{"embeddable":true,"href":"https:\/\/cannespaysdelerins.fr\/index.php\/wp-json\/wp\/v2\/media\/6738"}],"wp:attachment":[{"href":"https:\/\/cannespaysdelerins.fr\/index.php\/wp-json\/wp\/v2\/media?parent=4434"}],"curies":[{"name":"wp","href":"https:\/\/api.w.org\/{rel}","templated":true}]}}