{"id":4306,"date":"2019-10-22T12:00:13","date_gmt":"2019-10-22T12:00:13","guid":{"rendered":"https:\/\/cannespaysdelerins.fr\/?page_id=4306"},"modified":"2024-05-31T11:52:50","modified_gmt":"2024-05-31T11:52:50","slug":"bornes-de-recharge-electrique-hybride-wiiiz","status":"publish","type":"page","link":"https:\/\/cannespaysdelerins.fr\/index.php\/bornes-de-recharge-electrique-hybride-wiiiz\/","title":{"rendered":"Bornes de recharge \u00e9lectrique\/hybride WIIIZ"},"content":{"rendered":"<p>[et_pb_section fb_built=&#8221;1&#8243; custom_padding_last_edited=&#8221;off|phone&#8221; disabled_on=&#8221;on|off|off&#8221; admin_label=&#8221;Header image&#8221; _builder_version=&#8221;4.16&#8243; background_image=&#8221;https:\/\/cannespaysdelerins.fr\/wp-content\/uploads\/2019\/11\/vis-wiiiz02.jpg&#8221; parallax=&#8221;on&#8221; z_index=&#8221;0&#8243; min_height=&#8221;700px&#8221; min_height_tablet=&#8221;&#8221; min_height_phone=&#8221;500px&#8221; min_height_last_edited=&#8221;on|desktop&#8221; custom_margin=&#8221;||||false|false&#8221; custom_margin_last_edited=&#8221;off|desktop&#8221; custom_padding=&#8221;||||false|false&#8221; custom_padding_phone=&#8221;||||true|false&#8221; animation_style=&#8221;fade&#8221; collapsed=&#8221;on&#8221; global_colors_info=&#8221;{}&#8221;][et_pb_row disabled_on=&#8221;off|off|off&#8221; admin_label=&#8221;Accroche DESKTOP&#8221; _builder_version=&#8221;4.16&#8243; background_color=&#8221;rgba(0,0,0,0)&#8221; custom_margin=&#8221;||||false|false&#8221; global_colors_info=&#8221;{}&#8221;][et_pb_column type=&#8221;4_4&#8243; _builder_version=&#8221;4.16&#8243; global_colors_info=&#8221;{}&#8221;][et_pb_text _builder_version=&#8221;4.16&#8243; header_font=&#8221;Open Light||||||||&#8221; header_text_align=&#8221;center&#8221; header_text_color=&#8221;#ffffff&#8221; header_font_size=&#8221;40px&#8221; header_letter_spacing=&#8221;1.5px&#8221; header_line_height=&#8221;1.6em&#8221; background_color=&#8221;rgba(22,56,81,0.64)&#8221; max_width=&#8221;450px&#8221; max_width_tablet=&#8221;&#8221; max_width_phone=&#8221;250px&#8221; max_width_last_edited=&#8221;on|phone&#8221; module_alignment=&#8221;center&#8221; custom_margin=&#8221;50px||||false|false&#8221; custom_margin_tablet=&#8221;&#8221; custom_margin_phone=&#8221;0px||||false|false&#8221; custom_margin_last_edited=&#8221;on|phone&#8221; custom_padding=&#8221;30px||30px||true|false&#8221; animation_style=&#8221;fade&#8221; animation_duration=&#8221;2000ms&#8221; header_font_size_tablet=&#8221;&#8221; header_font_size_phone=&#8221;25px&#8221; header_font_size_last_edited=&#8221;on|phone&#8221; header_line_height_tablet=&#8221;&#8221; header_line_height_phone=&#8221;1em&#8221; header_line_height_last_edited=&#8221;on|phone&#8221; border_radii=&#8221;on|6px|6px|6px|6px&#8221; global_colors_info=&#8221;{}&#8221;]<\/p>\n<h1 style=\"text-align: center;\">Bornes WIIIZ<\/h1>\n<p>[\/et_pb_text][\/et_pb_column][\/et_pb_row][\/et_pb_section][et_pb_section fb_built=&#8221;1&#8243; custom_padding_last_edited=&#8221;off|phone&#8221; disabled_on=&#8221;off|on|on&#8221; admin_label=&#8221;Header image smartphone&#8221; _builder_version=&#8221;4.16&#8243; background_image=&#8221;https:\/\/cannespaysdelerins.fr\/wp-content\/uploads\/2019\/11\/vis-wiiiz-smart.jpg&#8221; parallax=&#8221;on&#8221; z_index=&#8221;0&#8243; min_height=&#8221;700px&#8221; min_height_tablet=&#8221;&#8221; min_height_phone=&#8221;500px&#8221; min_height_last_edited=&#8221;on|desktop&#8221; custom_margin=&#8221;||||false|false&#8221; custom_margin_last_edited=&#8221;off|desktop&#8221; custom_padding=&#8221;||||false|false&#8221; custom_padding_phone=&#8221;||||true|false&#8221; animation_style=&#8221;fade&#8221; collapsed=&#8221;on&#8221; global_colors_info=&#8221;{}&#8221;][et_pb_row disabled_on=&#8221;off|off|off&#8221; admin_label=&#8221;Accroche DESKTOP&#8221; _builder_version=&#8221;4.16&#8243; background_color=&#8221;rgba(0,0,0,0)&#8221; custom_margin=&#8221;||||false|false&#8221; global_colors_info=&#8221;{}&#8221;][et_pb_column type=&#8221;4_4&#8243; _builder_version=&#8221;4.16&#8243; global_colors_info=&#8221;{}&#8221;][et_pb_text _builder_version=&#8221;4.16&#8243; header_font=&#8221;Open Light||||||||&#8221; header_text_align=&#8221;center&#8221; header_text_color=&#8221;#ffffff&#8221; header_font_size=&#8221;40px&#8221; header_letter_spacing=&#8221;1.5px&#8221; header_line_height=&#8221;1.6em&#8221; background_color=&#8221;rgba(22,56,81,0.64)&#8221; max_width=&#8221;450px&#8221; max_width_tablet=&#8221;&#8221; max_width_phone=&#8221;250px&#8221; max_width_last_edited=&#8221;on|phone&#8221; module_alignment=&#8221;center&#8221; custom_margin=&#8221;50px||||false|false&#8221; custom_margin_tablet=&#8221;&#8221; custom_margin_phone=&#8221;50px||||false|false&#8221; custom_margin_last_edited=&#8221;on|phone&#8221; custom_padding=&#8221;30px|20px|30px|20px|true|true&#8221; animation_style=&#8221;fade&#8221; animation_duration=&#8221;2000ms&#8221; header_font_size_tablet=&#8221;&#8221; header_font_size_phone=&#8221;25px&#8221; header_font_size_last_edited=&#8221;on|phone&#8221; header_line_height_tablet=&#8221;&#8221; header_line_height_phone=&#8221;1em&#8221; header_line_height_last_edited=&#8221;on|phone&#8221; border_radii=&#8221;on|6px|6px|6px|6px&#8221; global_colors_info=&#8221;{}&#8221;]<\/p>\n<h1 style=\"text-align: center;\">Bornes WIIIZ<\/h1>\n<p>[\/et_pb_text][\/et_pb_column][\/et_pb_row][\/et_pb_section][et_pb_section fb_built=&#8221;1&#8243; _builder_version=&#8221;4.16&#8243; background_image=&#8221;https:\/\/cannespaysdelerins.fr\/wp-content\/uploads\/2019\/10\/frise-communes1200.png&#8221; background_size=&#8221;initial&#8221; custom_margin=&#8221;||||false|false&#8221; custom_padding=&#8221;||||false|false&#8221; global_colors_info=&#8221;{}&#8221;][et_pb_row use_custom_gutter=&#8221;on&#8221; admin_label=&#8221;paragraphe&#8221; _builder_version=&#8221;4.16&#8243; max_width=&#8221;900px&#8221; global_colors_info=&#8221;{}&#8221;][et_pb_column type=&#8221;4_4&#8243; _builder_version=&#8221;4.16&#8243; global_colors_info=&#8221;{}&#8221;][et_pb_text _builder_version=&#8221;4.16&#8243; header_font=&#8221;Open regular||||||||&#8221; header_text_align=&#8221;left&#8221; header_text_color=&#8221;#666666&#8243; header_font_size=&#8221;25px&#8221; header_line_height=&#8221;1.4em&#8221; background_enable_color=&#8221;off&#8221; custom_margin=&#8221;||||false|false&#8221; custom_padding=&#8221;||||false|false&#8221; animation_style=&#8221;fade&#8221; global_colors_info=&#8221;{}&#8221;]<\/p>\n<h1 style=\"text-align: left;\">Bornes de recharge \u00e9lectrique\/hybride WIIIZ<\/h1>\n<p>[\/et_pb_text][et_pb_text _builder_version=&#8221;4.16&#8243; animation_style=&#8221;fade&#8221; global_colors_info=&#8221;{}&#8221;]<\/p>\n<p>WiiiZ est un service public de recharge pour v\u00e9hicules \u00e9lectriques proposant une centaine de bornes d\u00e9ploy\u00e9es sur le territoire de trois Communaut\u00e9s d\u2019Agglom\u00e9ration de l\u2019Ouest du d\u00e9partement des Alpes-Maritimes : Sophia Antipolis, Cannes L\u00e9rins et Pays de Grasse.<\/p>\n<p><strong>COMMENT <\/strong><strong>\u00c7<\/strong><strong>A MARCHE ?<\/strong><\/p>\n<p>Le service WiiiZ vous permet de recharger votre v\u00e9hicule \u00e9lectrique gr\u00e2ce \u00e0 plusieurs formules :<\/p>\n<ul>\n<li><strong>Abonnez-vous au service<\/strong> pour 6 \u20ac\/mois et b\u00e9n\u00e9ficiez de tarifs pr\u00e9f\u00e9rentiels. L\u2019abonnement vous permet de vous identifier gr\u00e2ce \u00e0 votre badge sur toutes les bornes de WiiiZ et \u00e9galement sur les bornes de r\u00e9seaux partenaires\u00a0;<\/li>\n<li><strong>Abonn\u00e9s \u00e0 un autre service<\/strong> : v\u00e9rifiez si votre op\u00e9rateur de mobilit\u00e9 est partenaire avec le r\u00e9seau WiiiZ sur fr, rubrique \u00abr\u00e9seaux de bornes\u00bb et utilisez votre badge habituel ;<\/li>\n<li><strong>Pas encore abonn\u00e9 ?<\/strong> Vous pouvez acc\u00e9der au service de recharge gr\u00e2ce \u00e0 l\u2019application \u00ab WiiiZ \u00bb ou au site internet fr, rubrique \u00abrechargez-vous\u00bb.<\/li>\n<\/ul>\n<p><em>Propri<\/em><em>\u00e9taire de v\u00e9<\/em><em>hicule <\/em><em>\u00e9lectrique? B\u00e9<\/em><em>n<\/em><em>\u00e9ficiez de 2h de stationnement gratuit sur les emplacements publics. Dans les communes proposant du stationnement payant, vous ne payez que la charge, le stationnement est gratuit le temps de l\u2019utilisation de la borne.<\/em><\/p>\n<p>D\u00e9couvrez <a href=\"https:\/\/www.youtube.com\/watch?v=A7Y-MBcKe6M&amp;feature=youtu.be\" target=\"_blank\" rel=\"noopener noreferrer\"><strong>ICI<\/strong><\/a> un tuto pour tout comprendre du fonctionnement des bornes WiiiZ.<\/p>\n<p>[\/et_pb_text][et_pb_button button_url=&#8221;https:\/\/cannespaysdelerins.fr\/wp-content\/uploads\/2024\/05\/Reporting-annuel-2023-CACPL-V8.pdf&#8221; url_new_window=&#8221;on&#8221; button_text=&#8221;T\u00e9l\u00e9charger le Rapport d&#8217;activit\u00e9s WiiiZ 2023&#8243; button_alignment=&#8221;center&#8221; _builder_version=&#8221;4.24.2&#8243; custom_button=&#8221;on&#8221; button_text_size=&#8221;14px&#8221; button_text_color=&#8221;#ffffff&#8221; button_bg_color=&#8221;#2f7eaf&#8221; button_border_width=&#8221;0px&#8221; custom_margin=&#8221;50px||50px||false|false&#8221; custom_padding=&#8221;||||false|false&#8221; animation_style=&#8221;zoom&#8221; global_colors_info=&#8221;{}&#8221;][\/et_pb_button][et_pb_button button_url=&#8221;https:\/\/cannespaysdelerins.fr\/wp-content\/uploads\/2023\/06\/Reporting-annuel-2022-CACPL-V7.pdf&#8221; url_new_window=&#8221;on&#8221; button_text=&#8221;T\u00e9l\u00e9charger le Rapport d&#8217;activit\u00e9s WiiiZ 2022&#8243; button_alignment=&#8221;center&#8221; _builder_version=&#8221;4.21.0&#8243; custom_button=&#8221;on&#8221; button_text_size=&#8221;14px&#8221; button_text_color=&#8221;#ffffff&#8221; button_bg_color=&#8221;#2f7eaf&#8221; button_border_width=&#8221;0px&#8221; custom_margin=&#8221;50px||50px||false|false&#8221; custom_padding=&#8221;||||false|false&#8221; animation_style=&#8221;zoom&#8221; global_colors_info=&#8221;{}&#8221;][\/et_pb_button][et_pb_image src=&#8221;https:\/\/cannespaysdelerins.fr\/wp-content\/uploads\/2019\/10\/ima-bornes-wiiiz.jpg&#8221; show_bottom_space=&#8221;off&#8221; _builder_version=&#8221;4.16&#8243; custom_margin=&#8221;50px||||false|false&#8221; animation_style=&#8221;slide&#8221; animation_direction=&#8221;bottom&#8221; animation_duration=&#8221;2000ms&#8221; global_colors_info=&#8221;{}&#8221;][\/et_pb_image][\/et_pb_column][\/et_pb_row][et_pb_row column_structure=&#8221;1_2,1_2&#8243; use_custom_gutter=&#8221;on&#8221; admin_label=&#8221;paragraphe&#8221; _builder_version=&#8221;4.16&#8243; max_width=&#8221;900px&#8221; custom_margin=&#8221;||||false|false&#8221; animation_style=&#8221;fade&#8221; global_colors_info=&#8221;{}&#8221;][et_pb_column type=&#8221;1_2&#8243; _builder_version=&#8221;4.16&#8243; global_colors_info=&#8221;{}&#8221;][et_pb_text _builder_version=&#8221;4.24.2&#8243; hover_enabled=&#8221;0&#8243; global_colors_info=&#8221;{}&#8221; sticky_enabled=&#8221;0&#8243;]<\/p>\n<p><strong>AVEC UN SMARTPHONE OU UN BADGE<\/strong><\/p>\n<p>Vous \u00eates de passage ou utilisateur occasionnel, vous pouvez vous brancher via votre smartphone.<\/p>\n<p>Vous scannez le QR code situ\u00e9 sur le c\u00f4t\u00e9 de la borne et vous vous laissez guider.<\/p>\n<p><strong>OU<\/strong><\/p>\n<p>Vous t\u00e9l\u00e9chargez l\u2019appli mobile \u00ab WiiiZ \u00bb gratuitement et vous vous laissez guider.<\/p>\n<p><a href=\"https:\/\/play.google.com\/store\/apps\/details?id=com.sodetrel.mobile.wiiz\" target=\"_blank\" rel=\"noopener noreferrer\"><img loading=\"lazy\" decoding=\"async\" class=\"alignnone wp-image-4449 size-full\" src=\"https:\/\/cannespaysdelerins.fr\/wp-content\/uploads\/2019\/10\/ico-googleplay150.png\" alt=\"\" width=\"150\" height=\"45\" \/><\/a> <a href=\"https:\/\/apps.apple.com\/fr\/app\/wiiiz\/id1372133227\" target=\"_blank\" rel=\"noopener noreferrer\"><img loading=\"lazy\" decoding=\"async\" class=\"alignnone wp-image-4448 size-full\" src=\"https:\/\/cannespaysdelerins.fr\/wp-content\/uploads\/2019\/10\/ico-applestore150.png\" alt=\"\" width=\"150\" height=\"45\" \/><\/a><\/p>\n<p>&nbsp;<\/p>\n<p><strong>O<span class=\"ILfuVd\"><span class=\"hgKElc\">\u00d9<\/span><\/span> TROUVER LES BORNES DE RECHARGE<\/strong><strong>\u00a0<\/strong><strong>?<\/strong><strong><br \/><\/strong><\/p>\n<p style=\"text-align: left;\"><span style=\"text-decoration: underline;\"><a href=\"http:\/\/wiiiz.fr\/portal\/#\/search?tags=5be5f9d7e4b0883c61302eb3\" target=\"_blank\" rel=\"noopener noreferrer\"><em>Consulter la carte interactive de toutes les bornes de recharge pr\u00e9sentes sur le territoire CAP AZUR<\/em><\/a><em>.<\/em><\/span><\/p>\n<p>[\/et_pb_text][\/et_pb_column][et_pb_column type=&#8221;1_2&#8243; _builder_version=&#8221;4.16&#8243; global_colors_info=&#8221;{}&#8221;][et_pb_text _builder_version=&#8221;4.16&#8243; animation_style=&#8221;slide&#8221; animation_direction=&#8221;right&#8221; global_colors_info=&#8221;{}&#8221;]<\/p>\n<p><strong>QUELS SONT LES TARIFS ?<\/strong><\/p>\n<p>Abonnement mensuel : 6\u20ac<\/p>\n<p>[\/et_pb_text][et_pb_image src=&#8221;https:\/\/cannespaysdelerins.fr\/wp-content\/uploads\/2022\/08\/Tarifs-WiiiZ-bis.jpg&#8221; title_text=&#8221;Tarifs WiiiZ bis&#8221; _builder_version=&#8221;4.16&#8243; _module_preset=&#8221;default&#8221; global_colors_info=&#8221;{}&#8221;][\/et_pb_image][et_pb_button button_url=&#8221;https:\/\/cannespaysdelerins.fr\/wp-content\/uploads\/2019\/10\/Carte-Wiiiz.pdf&#8221; url_new_window=&#8221;on&#8221; button_text=&#8221;T\u00e9l\u00e9charger le Flyer Wiiiz&#8221; button_alignment=&#8221;center&#8221; _builder_version=&#8221;4.16&#8243; custom_button=&#8221;on&#8221; button_text_size=&#8221;14px&#8221; button_text_color=&#8221;#ffffff&#8221; button_bg_color=&#8221;#2f7eaf&#8221; button_border_width=&#8221;0px&#8221; custom_margin=&#8221;50px||50px||false|false&#8221; custom_padding=&#8221;||||false|false&#8221; animation_style=&#8221;zoom&#8221; global_colors_info=&#8221;{}&#8221;][\/et_pb_button][\/et_pb_column][\/et_pb_row][\/et_pb_section]<\/p>\n","protected":false},"excerpt":{"rendered":"<p>WiiiZ est un service public de recharge pour v\u00e9hicules \u00e9lectriques proposant une centaine de bornes d\u00e9ploy\u00e9es sur le territoire de trois Communaut\u00e9s d\u2019Agglom\u00e9ration de l\u2019Ouest du d\u00e9partement des Alpes-Maritimes : Sophia Antipolis, Cannes L\u00e9rins et Pays de Grasse.<\/p>\n","protected":false},"author":8,"featured_media":6023,"parent":0,"menu_order":0,"comment_status":"closed","ping_status":"closed","template":"","meta":{"_et_pb_use_builder":"on","_et_pb_old_content":"","_et_gb_content_width":"","footnotes":""},"class_list":["post-4306","page","type-page","status-publish","has-post-thumbnail","hentry"],"_links":{"self":[{"href":"https:\/\/cannespaysdelerins.fr\/index.php\/wp-json\/wp\/v2\/pages\/4306","targetHints":{"allow":["GET"]}}],"collection":[{"href":"https:\/\/cannespaysdelerins.fr\/index.php\/wp-json\/wp\/v2\/pages"}],"about":[{"href":"https:\/\/cannespaysdelerins.fr\/index.php\/wp-json\/wp\/v2\/types\/page"}],"author":[{"embeddable":true,"href":"https:\/\/cannespaysdelerins.fr\/index.php\/wp-json\/wp\/v2\/users\/8"}],"replies":[{"embeddable":true,"href":"https:\/\/cannespaysdelerins.fr\/index.php\/wp-json\/wp\/v2\/comments?post=4306"}],"version-history":[{"count":65,"href":"https:\/\/cannespaysdelerins.fr\/index.php\/wp-json\/wp\/v2\/pages\/4306\/revisions"}],"predecessor-version":[{"id":17564,"href":"https:\/\/cannespaysdelerins.fr\/index.php\/wp-json\/wp\/v2\/pages\/4306\/revisions\/17564"}],"wp:featuredmedia":[{"embeddable":true,"href":"https:\/\/cannespaysdelerins.fr\/index.php\/wp-json\/wp\/v2\/media\/6023"}],"wp:attachment":[{"href":"https:\/\/cannespaysdelerins.fr\/index.php\/wp-json\/wp\/v2\/media?parent=4306"}],"curies":[{"name":"wp","href":"https:\/\/api.w.org\/{rel}","templated":true}]}}