{"id":4209,"date":"2019-10-17T16:19:31","date_gmt":"2019-10-17T16:19:31","guid":{"rendered":"https:\/\/cannespaysdelerins.fr\/?page_id=4209"},"modified":"2024-12-17T13:27:43","modified_gmt":"2024-12-17T13:27:43","slug":"plan-de-mobilite","status":"publish","type":"page","link":"https:\/\/cannespaysdelerins.fr\/index.php\/plan-de-mobilite\/","title":{"rendered":"Plan de mobilit\u00e9"},"content":{"rendered":"<p>[et_pb_section fb_built=&#8221;1&#8243; custom_padding_last_edited=&#8221;off|phone&#8221; disabled_on=&#8221;off|off|off&#8221; admin_label=&#8221;Header image&#8221; _builder_version=&#8221;4.16&#8243; background_image=&#8221;https:\/\/cannespaysdelerins.fr\/wp-content\/uploads\/2019\/10\/vis-plan-dep-urbains-inter.jpg&#8221; parallax=&#8221;on&#8221; z_index=&#8221;0&#8243; min_height=&#8221;700px&#8221; min_height_tablet=&#8221;&#8221; min_height_phone=&#8221;500px&#8221; min_height_last_edited=&#8221;on|desktop&#8221; custom_margin=&#8221;||||false|false&#8221; custom_margin_last_edited=&#8221;off|desktop&#8221; custom_padding=&#8221;||||false|false&#8221; custom_padding_phone=&#8221;||||true|false&#8221; animation_style=&#8221;fade&#8221; collapsed=&#8221;on&#8221; global_colors_info=&#8221;{}&#8221;][et_pb_row disabled_on=&#8221;off|off|off&#8221; admin_label=&#8221;Accroche DESKTOP&#8221; _builder_version=&#8221;4.16&#8243; background_color=&#8221;rgba(0,0,0,0)&#8221; custom_margin=&#8221;||||false|false&#8221; global_colors_info=&#8221;{}&#8221;][et_pb_column type=&#8221;4_4&#8243; _builder_version=&#8221;4.16&#8243; global_colors_info=&#8221;{}&#8221;][et_pb_text _builder_version=&#8221;4.16&#8243; header_font=&#8221;Open Light||||||||&#8221; header_text_align=&#8221;center&#8221; header_text_color=&#8221;#ffffff&#8221; header_font_size=&#8221;40px&#8221; header_letter_spacing=&#8221;1.6px&#8221; header_line_height=&#8221;1.6em&#8221; background_color=&#8221;rgba(22,56,81,0.64)&#8221; max_width=&#8221;450px&#8221; max_width_tablet=&#8221;&#8221; max_width_phone=&#8221;250px&#8221; max_width_last_edited=&#8221;on|phone&#8221; module_alignment=&#8221;center&#8221; custom_margin=&#8221;50px||||false|false&#8221; custom_margin_tablet=&#8221;&#8221; custom_margin_phone=&#8221;0px||||false|false&#8221; custom_margin_last_edited=&#8221;on|phone&#8221; custom_padding=&#8221;30px|20px|30px|20px|true|true&#8221; animation_style=&#8221;fade&#8221; animation_duration=&#8221;2000ms&#8221; header_font_size_tablet=&#8221;&#8221; header_font_size_phone=&#8221;25px&#8221; header_font_size_last_edited=&#8221;on|desktop&#8221; header_line_height_tablet=&#8221;&#8221; header_line_height_phone=&#8221;1em&#8221; header_line_height_last_edited=&#8221;on|phone&#8221; border_radii=&#8221;on|6px|6px|6px|6px&#8221; global_colors_info=&#8221;{}&#8221;]<\/p>\n<h1 style=\"text-align: center;\">Plan de mobilit\u00e9<\/h1>\n<p>[\/et_pb_text][\/et_pb_column][\/et_pb_row][\/et_pb_section][et_pb_section fb_built=&#8221;1&#8243; _builder_version=&#8221;4.16&#8243; background_image=&#8221;https:\/\/cannespaysdelerins.fr\/wp-content\/uploads\/2019\/10\/frise-communes1200.png&#8221; background_size=&#8221;initial&#8221; custom_margin=&#8221;||||false|false&#8221; custom_padding=&#8221;||||false|false&#8221; global_colors_info=&#8221;{}&#8221;][et_pb_row use_custom_gutter=&#8221;on&#8221; _builder_version=&#8221;4.16&#8243; max_width=&#8221;900px&#8221; animation_style=&#8221;fade&#8221; global_colors_info=&#8221;{}&#8221;][et_pb_column type=&#8221;4_4&#8243; _builder_version=&#8221;4.16&#8243; global_colors_info=&#8221;{}&#8221;][et_pb_text admin_label=&#8221;titre 1&#8243; _builder_version=&#8221;4.16&#8243; header_font=&#8221;Open regular||||||||&#8221; header_text_align=&#8221;left&#8221; header_text_color=&#8221;#666666&#8243; header_font_size=&#8221;25px&#8221; header_line_height=&#8221;1.4em&#8221; background_enable_color=&#8221;off&#8221; custom_margin=&#8221;||||false|false&#8221; custom_padding=&#8221;||||false|false&#8221; global_colors_info=&#8221;{}&#8221;]<\/p>\n<h1 style=\"text-align: left;\">Pourquoi un Plan de Mobilit\u00e9 ?<\/h1>\n<p>[\/et_pb_text][et_pb_text _builder_version=&#8221;4.25.2&#8243; global_colors_info=&#8221;{}&#8221;]<\/p>\n<p>Le Plan de Mobilit\u00e9 est un outil de planification \u00e0 10 ans (2023-2032) de l\u2019organisation de la mobilit\u00e9, qui prend en compte l\u2019ensemble des modes de d\u00e9placement et identifie les mesures \u00e0 prendre pour r\u00e9pondre aux enjeux de mobilit\u00e9 et d\u2019accessibilit\u00e9 du territoire.<\/p>\n<p>Il implique une coordination entre tous les acteurs concern\u00e9s pour r\u00e9pondre aux besoins de mobilit\u00e9 de l\u2019ensemble de la population, tout en prenant en compte les enjeux de d\u00e9veloppement durable, d\u2019attractivit\u00e9 et d\u2019am\u00e9lioration de la qualit\u00e9 de vie.<\/p>\n<p>[\/et_pb_text][et_pb_image src=&#8221;https:\/\/cannespaysdelerins.fr\/wp-content\/uploads\/2023\/01\/Bandeau-site-internet-23-1024&#215;599.jpg&#8221; title_text=&#8221;Bandeau site internet 23&#8243; _builder_version=&#8221;4.16&#8243; width=&#8221;67.8%&#8221; min_height=&#8221;330.2px&#8221; custom_margin=&#8221;|97px|-8px|93px||&#8221; custom_padding=&#8221;|21px|0px|50px||&#8221; animation_style=&#8221;slide&#8221; animation_direction=&#8221;bottom&#8221; global_colors_info=&#8221;{}&#8221;][\/et_pb_image][\/et_pb_column][\/et_pb_row][et_pb_row column_structure=&#8221;1_2,1_2&#8243; use_custom_gutter=&#8221;on&#8221; _builder_version=&#8221;4.16&#8243; max_width=&#8221;900px&#8221; animation_style=&#8221;fade&#8221; global_colors_info=&#8221;{}&#8221;][et_pb_column type=&#8221;1_2&#8243; _builder_version=&#8221;4.16&#8243; global_colors_info=&#8221;{}&#8221;][et_pb_text admin_label=&#8221;titre 2&#8243; _builder_version=&#8221;4.16&#8243; header_font=&#8221;Open regular||||||||&#8221; header_text_align=&#8221;left&#8221; header_text_color=&#8221;#666666&#8243; header_font_size=&#8221;25px&#8221; header_line_height=&#8221;1.4em&#8221; background_enable_color=&#8221;off&#8221; custom_margin=&#8221;||||false|false&#8221; custom_padding=&#8221;||||false|false&#8221; global_colors_info=&#8221;{}&#8221;]<\/p>\n<h1>\u00a0<\/h1>\n<h1 style=\"text-align: left;\">Plan de Mobilit\u00e9 Cannes L\u00e9rins<\/h1>\n<p>[\/et_pb_text][et_pb_text _builder_version=&#8221;4.21.0&#8243; global_colors_info=&#8221;{}&#8221;]<\/p>\n<div dir=\"auto\">Approuv\u00e9 en Conseil Communautaire du 13 juillet 2023, le Plan de Mobilit\u00e9 se d\u00e9cline au travers de <strong>46 actions compl\u00e9mentaires<\/strong>, organis\u00e9es autour de <span style=\"text-decoration: underline;\">3 axes majeurs<\/span> :<\/div>\n<div dir=\"auto\">\u2022 Structurer et renforcer l\u2019accessibilit\u00e9 du bassin de vie,<\/div>\n<div dir=\"auto\">\u2022 D\u00e9velopper la mobilit\u00e9 de proximit\u00e9,<\/div>\n<div dir=\"auto\">\u2022 Poursuivre la mobilit\u00e9 \u00ab z\u00e9ro carbone \u00bb et placer les nouvelles technologies au service d\u2019une mobilit\u00e9 plus durable.<\/div>\n<p>[\/et_pb_text][\/et_pb_column][et_pb_column type=&#8221;1_2&#8243; _builder_version=&#8221;4.16&#8243; global_colors_info=&#8221;{}&#8221;][et_pb_image src=&#8221;https:\/\/cannespaysdelerins.fr\/wp-content\/uploads\/2021\/05\/Elect.jpg&#8221; title_text=&#8221;Elect&#8221; _builder_version=&#8221;4.16&#8243; _module_preset=&#8221;default&#8221; width=&#8221;71%&#8221; custom_margin=&#8221;41px|||||&#8221; custom_padding=&#8221;||0px|||&#8221; global_colors_info=&#8221;{}&#8221;][\/et_pb_image][\/et_pb_column][\/et_pb_row][et_pb_row use_custom_gutter=&#8221;on&#8221; _builder_version=&#8221;4.16&#8243; max_width=&#8221;900px&#8221; animation_style=&#8221;fade&#8221; global_colors_info=&#8221;{}&#8221;][et_pb_column type=&#8221;4_4&#8243; _builder_version=&#8221;4.16&#8243; global_colors_info=&#8221;{}&#8221;][et_pb_text disabled_on=&#8221;on|on|on&#8221; admin_label=&#8221;titre 4&#8243; _builder_version=&#8221;4.16&#8243; header_font=&#8221;Open regular||||||||&#8221; header_text_align=&#8221;left&#8221; header_text_color=&#8221;#666666&#8243; header_font_size=&#8221;25px&#8221; header_line_height=&#8221;1.4em&#8221; background_enable_color=&#8221;off&#8221; custom_margin=&#8221;||||false|false&#8221; custom_padding=&#8221;||||false|false&#8221; disabled=&#8221;on&#8221; global_colors_info=&#8221;{}&#8221;]<\/p>\n<h1>\u00a0<\/h1>\n<h1 style=\"text-align: left;\">Enqu\u00eate Publique du 13 f\u00e9vrier au 14 mars 2023<\/h1>\n<p>[\/et_pb_text][et_pb_text disabled_on=&#8221;on|on|on&#8221; _builder_version=&#8221;4.16&#8243; disabled=&#8221;on&#8221; global_colors_info=&#8221;{}&#8221;]<\/p>\n<p><strong>Le public peut prendre connaissance du dossier d&#8217;enqu\u00eate, selon les modalit\u00e9s suivantes :<\/strong><\/p>\n<p>Outre la version t\u00e9l\u00e9chargeable en bas de la pr\u00e9sente page, le dossier est consultable au format papier et num\u00e9rique sur un poste informatique en libre-service, pendant toute la dur\u00e9e de l\u2019enqu\u00eate publique, dans les lieux indiqu\u00e9s ci-dessous, aux jours et heures habituels d\u2019ouverture au public.<\/p>\n<p>[\/et_pb_text][\/et_pb_column][\/et_pb_row][et_pb_row column_structure=&#8221;1_2,1_2&#8243; use_custom_gutter=&#8221;on&#8221; disabled_on=&#8221;on|on|on&#8221; module_id=&#8221;plan-de-mobilite&#8221; _builder_version=&#8221;4.16&#8243; max_width=&#8221;900px&#8221; animation_style=&#8221;fade&#8221; disabled=&#8221;on&#8221; global_colors_info=&#8221;{}&#8221;][et_pb_column type=&#8221;1_2&#8243; _builder_version=&#8221;4.16&#8243; global_colors_info=&#8221;{}&#8221;][et_pb_text _builder_version=&#8221;4.16&#8243; _module_preset=&#8221;default&#8221; global_colors_info=&#8221;{}&#8221;]<\/p>\n<p><strong>Lieux de consultation du dossier d\u2019enqu\u00eate :<\/strong><\/p>\n<p>[\/et_pb_text][et_pb_image src=&#8221;https:\/\/cannespaysdelerins.fr\/wp-content\/uploads\/2023\/01\/tableau-1.jpg&#8221; title_text=&#8221;tableau 1&#8243; _builder_version=&#8221;4.16&#8243; _module_preset=&#8221;default&#8221; global_colors_info=&#8221;{}&#8221;][\/et_pb_image][et_pb_text _builder_version=&#8221;4.16&#8243; _module_preset=&#8221;default&#8221; global_colors_info=&#8221;{}&#8221;]<\/p>\n<p>&nbsp;<\/p>\n<p><strong>Permanences du commissaire enqu\u00eateur<br \/><\/strong>Le Commissaire enqu\u00eateur se tient \u00e0 la disposition du public lors de permanences sur les diff\u00e9rents lieux d\u2019enqu\u00eate, aux dates et heures indiqu\u00e9es ci-dessous :<\/p>\n<p>[\/et_pb_text][et_pb_image src=&#8221;https:\/\/cannespaysdelerins.fr\/wp-content\/uploads\/2023\/01\/tableau-2.jpg&#8221; title_text=&#8221;tableau 2&#8243; _builder_version=&#8221;4.16&#8243; _module_preset=&#8221;default&#8221; global_colors_info=&#8221;{}&#8221;][\/et_pb_image][\/et_pb_column][et_pb_column type=&#8221;1_2&#8243; _builder_version=&#8221;4.16&#8243; global_colors_info=&#8221;{}&#8221;][et_pb_text _builder_version=&#8221;4.16&#8243; global_colors_info=&#8221;{}&#8221;]<\/p>\n<p><strong>Observations et propositions du public<\/strong><br \/>Pendant la dur\u00e9e de l\u2019enqu\u00eate, le public peut \u00e9mettre ses observations sur le registre d\u2019enqu\u00eate, tenu \u00e0 sa disposition dans chacun des lieux ci-contre.<br \/>Le public peut \u00e9galement adresser ses observations et propositions par :<\/p>\n<ul>\n<li><span style=\"text-decoration: underline;\">voie postale<\/span> au Commissaire enqu\u00eateur, \u00e0 l\u2019adresse suivante &gt; <em>Communaut\u00e9 d\u2019Agglom\u00e9ration Cannes Pays de L\u00e9rins, <\/em><em>A l\u2019attention du Commissaire enqu\u00eateur du projet de Plan de Mobilit\u00e9, <\/em><em>CS 50044 &#8211; 06414 CANNES Cedex \u2013 France<\/em><\/li>\n<li><span style=\"text-decoration: underline;\">courrier \u00e9lectronique<\/span>, \u00e0 l\u2019adresse suivante &gt; <a href=\"mailto:plandemobilite@cannespaysdelerins.fr\"><span style=\"color: #008080;\">plandemobilite@cannespaysdelerins.fr<\/span><\/a><\/li>\n<\/ul>\n<p>En outre, le public peut faire part de ses observations au Commissaire enqu\u00eateur, lors de ses permanences, aux lieux et dates indiqu\u00e9s dans le tableau ci-apr\u00e8s.<\/p>\n<p>[\/et_pb_text][et_pb_text _builder_version=&#8221;4.16&#8243; global_colors_info=&#8221;{}&#8221;]<\/p>\n<p>&nbsp;<\/p>\n<p>&nbsp;<\/p>\n<p>&nbsp;<\/p>\n<p>&nbsp;<\/p>\n<p>&nbsp;<\/p>\n<p>&nbsp;<\/p>\n<p>&nbsp;<\/p>\n<p><strong>D\u00e9cisions pouvant \u00eatre prises au terme de l\u2019enqu\u00eate<\/strong><br \/>Au terme de l\u2019enqu\u00eate publique, le projet de Plan de Mobilit\u00e9 &#8211; \u00e9ventuellement modifi\u00e9 pour tenir compte des avis qui ont \u00e9t\u00e9 joints au dossier, des observations du public et du rapport du Commissaire enqu\u00eateur &#8211; est soumis \u00e0 approbation, par d\u00e9lib\u00e9ration, du Conseil Communautaire de la C.A.C.P.L. en vue de son adoption finale, conform\u00e9ment aux dispositions de la loi n\u00b0 2019-1428 du 24 d\u00e9cembre 2019 d\u2019Orientation des Mobilit\u00e9s (Loi LOM) susvis\u00e9e.<br \/>Toute information compl\u00e9mentaire relative au projet de Plan de Mobilit\u00e9 de Cannes L\u00e9rins ou \u00e0 la pr\u00e9sente enqu\u00eate publique pourra \u00eatre demand\u00e9e :<br \/>&#8211; Par courrier \u00e0 <em>Communaut\u00e9 d\u2019Agglom\u00e9ration Cannes Pays de L\u00e9rins &#8211; CS 50044 &#8211; 06414 CANNES Cedex \u2013 France<\/em>,<br \/>&#8211; Par courriel : <a href=\"mailto:plandemobilite@cannespaysdelerins.fr\"><span style=\"color: #008080;\">plandemobilite@cannespaysdelerins.fr<\/span><\/a><\/p>\n<p>[\/et_pb_text][\/et_pb_column][\/et_pb_row][et_pb_row use_custom_gutter=&#8221;on&#8221; admin_label=&#8221;PIECES A TELECHARGER&#8221; _builder_version=&#8221;4.16&#8243; max_width=&#8221;900px&#8221; animation_style=&#8221;fade&#8221; global_colors_info=&#8221;{}&#8221;][et_pb_column type=&#8221;4_4&#8243; _builder_version=&#8221;4.16&#8243; global_colors_info=&#8221;{}&#8221;][et_pb_text admin_label=&#8221;titre 5&#8243; _builder_version=&#8221;4.21.0&#8243; header_font=&#8221;Open regular||||||||&#8221; header_text_align=&#8221;left&#8221; header_text_color=&#8221;#666666&#8243; header_font_size=&#8221;25px&#8221; header_line_height=&#8221;1.4em&#8221; background_enable_color=&#8221;off&#8221; custom_margin=&#8221;||||false|false&#8221; custom_padding=&#8221;||||false|false&#8221; global_colors_info=&#8221;{}&#8221;]<\/p>\n<h1 style=\"text-align: left;\">Plan de Mobilit\u00e9 approuv\u00e9 au Conseil Communautaire du 13 juillet 2023<\/h1>\n<p>[\/et_pb_text][et_pb_button button_url=&#8221;https:\/\/cannespaysdelerins.fr\/index.php\/download\/10\/publications\/15552\/plan-de-mobilite-plan-action-approbation-juillet-2023.pdf&#8221; url_new_window=&#8221;on&#8221; button_text=&#8221;Plan d&#8217;action&#8221; admin_label=&#8221;Plan d&#8217;action&#8221; _builder_version=&#8221;4.21.0&#8243; _module_preset=&#8221;default&#8221; custom_button=&#8221;on&#8221; button_text_size=&#8221;16px&#8221; button_text_color=&#8221;#ffffff&#8221; button_bg_color=&#8221;#0da0c5&#8243; global_colors_info=&#8221;{}&#8221;][\/et_pb_button][\/et_pb_column][\/et_pb_row][et_pb_row use_custom_gutter=&#8221;on&#8221; admin_label=&#8221;En savoir plus&#8221; _builder_version=&#8221;4.25.2&#8243; max_width=&#8221;900px&#8221; animation_style=&#8221;fade&#8221; global_colors_info=&#8221;{}&#8221;][et_pb_column type=&#8221;4_4&#8243; _builder_version=&#8221;4.16&#8243; global_colors_info=&#8221;{}&#8221;][et_pb_text admin_label=&#8221;titre 5&#8243; _builder_version=&#8221;4.25.2&#8243; header_font=&#8221;Open regular||||||||&#8221; header_text_align=&#8221;left&#8221; header_text_color=&#8221;#666666&#8243; header_font_size=&#8221;25px&#8221; header_line_height=&#8221;1.4em&#8221; background_enable_color=&#8221;off&#8221; custom_margin=&#8221;||||false|false&#8221; custom_padding=&#8221;||||false|false&#8221; hover_enabled=&#8221;0&#8243; global_colors_info=&#8221;{}&#8221; sticky_enabled=&#8221;0&#8243;]<\/p>\n<p style=\"text-align: left;\"><strong><a href=\"https:\/\/palmdeplacements.fr\/plan-de-mobilite\/\" target=\"_blank\" rel=\"noopener\">En savoir plus sur le Plan de Mobilit\u00e9<\/a><\/strong><\/p>\n<p>[\/et_pb_text][\/et_pb_column][\/et_pb_row][\/et_pb_section]<\/p>\n","protected":false},"excerpt":{"rendered":"<p>Les territoires de plus de 100.000 habitants doivent se doter d\u2019un Plan de d\u00e9placements urbains intercommunal, outil au service du projet d\u2019agglom\u00e9ration bas\u00e9 sur l\u2019\u00e9tude des d\u00e9placements de personnes et de marchandises&#8230;<\/p>\n","protected":false},"author":8,"featured_media":0,"parent":0,"menu_order":0,"comment_status":"closed","ping_status":"closed","template":"","meta":{"_et_pb_use_builder":"on","_et_pb_old_content":"","_et_gb_content_width":"","footnotes":""},"class_list":["post-4209","page","type-page","status-publish","hentry"],"_links":{"self":[{"href":"https:\/\/cannespaysdelerins.fr\/index.php\/wp-json\/wp\/v2\/pages\/4209","targetHints":{"allow":["GET"]}}],"collection":[{"href":"https:\/\/cannespaysdelerins.fr\/index.php\/wp-json\/wp\/v2\/pages"}],"about":[{"href":"https:\/\/cannespaysdelerins.fr\/index.php\/wp-json\/wp\/v2\/types\/page"}],"author":[{"embeddable":true,"href":"https:\/\/cannespaysdelerins.fr\/index.php\/wp-json\/wp\/v2\/users\/8"}],"replies":[{"embeddable":true,"href":"https:\/\/cannespaysdelerins.fr\/index.php\/wp-json\/wp\/v2\/comments?post=4209"}],"version-history":[{"count":137,"href":"https:\/\/cannespaysdelerins.fr\/index.php\/wp-json\/wp\/v2\/pages\/4209\/revisions"}],"predecessor-version":[{"id":19149,"href":"https:\/\/cannespaysdelerins.fr\/index.php\/wp-json\/wp\/v2\/pages\/4209\/revisions\/19149"}],"wp:attachment":[{"href":"https:\/\/cannespaysdelerins.fr\/index.php\/wp-json\/wp\/v2\/media?parent=4209"}],"curies":[{"name":"wp","href":"https:\/\/api.w.org\/{rel}","templated":true}]}}