{"id":4167,"date":"2019-10-17T15:31:47","date_gmt":"2019-10-17T15:31:47","guid":{"rendered":"https:\/\/cannespaysdelerins.fr\/?page_id=4167"},"modified":"2025-01-27T16:38:38","modified_gmt":"2025-01-27T16:38:38","slug":"campus-bastide-rouge","status":"publish","type":"page","link":"https:\/\/cannespaysdelerins.fr\/index.php\/campus-bastide-rouge\/","title":{"rendered":"Campus Bastide Rouge"},"content":{"rendered":"<p>[et_pb_section fb_built=&#8221;1&#8243; custom_padding_last_edited=&#8221;off|phone&#8221; disabled_on=&#8221;on|off|off&#8221; admin_label=&#8221;Header image&#8221; _builder_version=&#8221;4.16&#8243; background_image=&#8221;https:\/\/cannespaysdelerins.fr\/wp-content\/uploads\/2021\/04\/DSC_8906P.jpg&#8221; parallax=&#8221;on&#8221; z_index=&#8221;0&#8243; min_height=&#8221;700px&#8221; min_height_tablet=&#8221;&#8221; min_height_phone=&#8221;500px&#8221; min_height_last_edited=&#8221;on|desktop&#8221; custom_margin=&#8221;||||false|false&#8221; custom_margin_last_edited=&#8221;off|desktop&#8221; custom_padding=&#8221;||||false|false&#8221; custom_padding_phone=&#8221;||||true|false&#8221; animation_style=&#8221;fade&#8221; collapsed=&#8221;off&#8221; global_colors_info=&#8221;{}&#8221;][et_pb_row disabled_on=&#8221;off|off|off&#8221; admin_label=&#8221;Accroche DESKTOP&#8221; _builder_version=&#8221;4.16&#8243; background_color=&#8221;rgba(0,0,0,0)&#8221; custom_margin=&#8221;||||false|false&#8221; global_colors_info=&#8221;{}&#8221;][et_pb_column type=&#8221;4_4&#8243; _builder_version=&#8221;4.16&#8243; global_colors_info=&#8221;{}&#8221;][et_pb_text _builder_version=&#8221;4.16&#8243; header_font=&#8221;Open Light||||||||&#8221; header_text_align=&#8221;center&#8221; header_text_color=&#8221;#ffffff&#8221; header_font_size=&#8221;40px&#8221; header_letter_spacing=&#8221;1.5px&#8221; header_line_height=&#8221;1.6em&#8221; background_color=&#8221;rgba(22,56,81,0.64)&#8221; max_width=&#8221;450px&#8221; max_width_tablet=&#8221;&#8221; max_width_phone=&#8221;250px&#8221; max_width_last_edited=&#8221;on|phone&#8221; module_alignment=&#8221;center&#8221; custom_margin=&#8221;50px||||false|false&#8221; custom_margin_tablet=&#8221;&#8221; custom_margin_phone=&#8221;0px||||false|false&#8221; custom_margin_last_edited=&#8221;on|phone&#8221; custom_padding=&#8221;30px||30px||true|false&#8221; animation_style=&#8221;fade&#8221; animation_duration=&#8221;2000ms&#8221; header_font_size_tablet=&#8221;&#8221; header_font_size_phone=&#8221;25px&#8221; header_font_size_last_edited=&#8221;on|phone&#8221; header_line_height_tablet=&#8221;&#8221; header_line_height_phone=&#8221;1em&#8221; header_line_height_last_edited=&#8221;on|phone&#8221; border_radii=&#8221;on|6px|6px|6px|6px&#8221; global_colors_info=&#8221;{}&#8221;]<\/p>\n<h1 style=\"text-align: center;\">Campus Bastide Rouge<\/h1>\n<p>[\/et_pb_text][\/et_pb_column][\/et_pb_row][\/et_pb_section][et_pb_section fb_built=&#8221;1&#8243; custom_padding_last_edited=&#8221;off|phone&#8221; disabled_on=&#8221;off|on|on&#8221; admin_label=&#8221;Header image smartphone&#8221; _builder_version=&#8221;4.16&#8243; background_image=&#8221;https:\/\/cannespaysdelerins.fr\/wp-content\/uploads\/2021\/04\/DSC_8906P.jpg&#8221; parallax=&#8221;on&#8221; z_index=&#8221;0&#8243; min_height=&#8221;700px&#8221; min_height_tablet=&#8221;&#8221; min_height_phone=&#8221;500px&#8221; min_height_last_edited=&#8221;on|desktop&#8221; custom_margin=&#8221;||||false|false&#8221; custom_margin_last_edited=&#8221;off|desktop&#8221; custom_padding=&#8221;||||false|false&#8221; custom_padding_phone=&#8221;||||true|false&#8221; animation_style=&#8221;fade&#8221; collapsed=&#8221;on&#8221; global_colors_info=&#8221;{}&#8221;][et_pb_row disabled_on=&#8221;off|off|off&#8221; admin_label=&#8221;Accroche DESKTOP&#8221; _builder_version=&#8221;4.16&#8243; background_color=&#8221;rgba(0,0,0,0)&#8221; custom_margin=&#8221;||||false|false&#8221; global_colors_info=&#8221;{}&#8221;][et_pb_column type=&#8221;4_4&#8243; _builder_version=&#8221;4.16&#8243; global_colors_info=&#8221;{}&#8221;][et_pb_text _builder_version=&#8221;4.16&#8243; header_font=&#8221;Open Light||||||||&#8221; header_text_align=&#8221;center&#8221; header_text_color=&#8221;#ffffff&#8221; header_font_size=&#8221;40px&#8221; header_letter_spacing=&#8221;1.5px&#8221; header_line_height=&#8221;1.6em&#8221; background_color=&#8221;rgba(22,56,81,0.64)&#8221; max_width=&#8221;450px&#8221; max_width_tablet=&#8221;&#8221; max_width_phone=&#8221;250px&#8221; max_width_last_edited=&#8221;on|phone&#8221; module_alignment=&#8221;center&#8221; custom_margin=&#8221;50px||||false|false&#8221; custom_margin_tablet=&#8221;&#8221; custom_margin_phone=&#8221;50px||||false|false&#8221; custom_margin_last_edited=&#8221;on|phone&#8221; custom_padding=&#8221;20px|20px|20px|20px|true|true&#8221; animation_style=&#8221;fade&#8221; animation_duration=&#8221;2000ms&#8221; header_font_size_tablet=&#8221;&#8221; header_font_size_phone=&#8221;25px&#8221; header_font_size_last_edited=&#8221;on|phone&#8221; header_line_height_tablet=&#8221;&#8221; header_line_height_phone=&#8221;1em&#8221; header_line_height_last_edited=&#8221;on|phone&#8221; border_radii=&#8221;on|6px|6px|6px|6px&#8221; global_colors_info=&#8221;{}&#8221;]<\/p>\n<h1 style=\"text-align: center;\">Campus Bastide Rouge<\/h1>\n<p>[\/et_pb_text][\/et_pb_column][\/et_pb_row][\/et_pb_section][et_pb_section fb_built=&#8221;1&#8243; _builder_version=&#8221;4.16&#8243; background_image=&#8221;https:\/\/cannespaysdelerins.fr\/wp-content\/uploads\/2019\/10\/frise-communes1200.png&#8221; background_size=&#8221;initial&#8221; custom_margin=&#8221;||||false|false&#8221; custom_padding=&#8221;||||false|false&#8221; global_colors_info=&#8221;{}&#8221;][et_pb_row use_custom_gutter=&#8221;on&#8221; admin_label=&#8221;paragraphe&#8221; _builder_version=&#8221;4.16&#8243; max_width=&#8221;900px&#8221; animation_style=&#8221;fade&#8221; global_colors_info=&#8221;{}&#8221;][et_pb_column type=&#8221;4_4&#8243; _builder_version=&#8221;4.16&#8243; global_colors_info=&#8221;{}&#8221;][et_pb_text _builder_version=&#8221;4.25.2&#8243; hover_enabled=&#8221;0&#8243; global_colors_info=&#8221;{}&#8221; sticky_enabled=&#8221;0&#8243;]<\/p>\n<p><strong>Le Campus Cr\u00e9atif Cannes Bastide Rouge a ouvert ses portes en mai 2021.<\/strong><\/p>\n<p>Un p\u00f4le d\u2019excellence d\u00e9di\u00e9 au d\u00e9veloppement de l\u2019\u00e9conomie cr\u00e9ative et des m\u00e9tiers de l\u2019image \u00e0 Cannes, capitale internationale du cin\u00e9ma et 1\u00e8re ville fran\u00e7aise (hors Paris) en mati\u00e8re de salons professionnels et festivals. Ce site offre notamment des \u00e9quipements haut de gamme pour la cha\u00eene de cr\u00e9ation audiovisuelle, de la production \u00e0 la diffusion, des formations universitaires et des espaces collaboratifs \u00e0 destination des professionnels.<\/p>\n<p>[\/et_pb_text][et_pb_video src=&#8221;https:\/\/youtu.be\/p0Fl6nipiWI&#8221; _builder_version=&#8221;4.16&#8243; _module_preset=&#8221;default&#8221; global_colors_info=&#8221;{}&#8221;][\/et_pb_video][\/et_pb_column][\/et_pb_row][et_pb_row column_structure=&#8221;1_2,1_2&#8243; use_custom_gutter=&#8221;on&#8221; admin_label=&#8221;paragraphe&#8221; _builder_version=&#8221;4.16&#8243; max_width=&#8221;900px&#8221; custom_margin=&#8221;0px||||false|false&#8221; custom_padding=&#8221;0px||||false|false&#8221; animation_style=&#8221;fade&#8221; global_colors_info=&#8221;{}&#8221;][et_pb_column type=&#8221;1_2&#8243; _builder_version=&#8221;4.16&#8243; global_colors_info=&#8221;{}&#8221;][et_pb_text _builder_version=&#8221;4.21.0&#8243; animation_direction=&#8221;right&#8221; global_colors_info=&#8221;{}&#8221;]<\/p>\n<p>&gt; Un <strong>campus <\/strong>de 8 145 m\u00b2, labellis\u00e9 Campus des M\u00e9tiers et des Qualifications Industries Cr\u00e9atives et Culturelles, qui r\u00e9unit :<\/p>\n<p>&nbsp;<\/p>\n<ul>\n<li>des <strong>formations universitaires<\/strong> aux m\u00e9tiers de l\u2019audiovisuel et de l\u2019\u00e9criture (1 100 \u00e9tudiants, 180 enseignants) ;<\/li>\n<\/ul>\n<p>[\/et_pb_text][et_pb_button button_url=&#8221;https:\/\/univ-cotedazur.fr\/visite-des-campus\/campus-universitaire-de-cannes-bastide-rouge&#8221; url_new_window=&#8221;on&#8221; button_text=&#8221;D\u00e9couvrir les formations propos\u00e9es&#8221; button_alignment=&#8221;center&#8221; _builder_version=&#8221;4.16&#8243; custom_button=&#8221;on&#8221; button_text_size=&#8221;14px&#8221; button_text_color=&#8221;#ffffff&#8221; button_bg_color=&#8221;#e01f45&#8243; button_border_width=&#8221;0px&#8221; custom_margin=&#8221;||||false|false&#8221; custom_padding=&#8221;||||false|false&#8221; global_colors_info=&#8221;{}&#8221;][\/et_pb_button][et_pb_button button_url=&#8221;https:\/\/www.cannes.com\/fr\/index\/vous-etes\/etudiant-2.html&#8221; url_new_window=&#8221;on&#8221; button_text=&#8221;Guide pratique de l&#8217;\u00e9tudiant \u00e0 Cannes&#8221; button_alignment=&#8221;center&#8221; _builder_version=&#8221;4.16&#8243; custom_button=&#8221;on&#8221; button_text_size=&#8221;14px&#8221; button_text_color=&#8221;#ffffff&#8221; button_bg_color=&#8221;#e01f45&#8243; button_border_width=&#8221;0px&#8221; custom_margin=&#8221;||||false|false&#8221; custom_padding=&#8221;||||false|false&#8221; global_colors_info=&#8221;{}&#8221;][\/et_pb_button][et_pb_text _builder_version=&#8221;4.16&#8243; animation_direction=&#8221;right&#8221; global_colors_info=&#8221;{}&#8221;]<\/p>\n<ul>\n<li>un grand <strong>espace de restauration<\/strong> ;<\/li>\n<li>une <strong>Cit\u00e9 des entreprises<\/strong> pour h\u00e9berger et accompagner les porteurs de projet et entreprises de la fili\u00e8re, avec 100 postes de travail ;<\/li>\n<li>des <strong>Studios de captation, post-production et projection<\/strong> \u00e0 destination des professionnels de l\u2019audiovisuel ;<\/li>\n<\/ul>\n<p>[\/et_pb_text][et_pb_image src=&#8221;https:\/\/cannespaysdelerins.fr\/wp-content\/uploads\/2021\/05\/DSC_0275P.jpg&#8221; title_text=&#8221;DSC_0275P&#8221; _builder_version=&#8221;4.16&#8243; _module_preset=&#8221;default&#8221; global_colors_info=&#8221;{}&#8221;][\/et_pb_image][et_pb_image src=&#8221;https:\/\/cannespaysdelerins.fr\/wp-content\/uploads\/2021\/05\/200107-v1.jpg&#8221; title_text=&#8221;200107 v1&#8243; _builder_version=&#8221;4.16&#8243; _module_preset=&#8221;default&#8221; global_colors_info=&#8221;{}&#8221;][\/et_pb_image][\/et_pb_column][et_pb_column type=&#8221;1_2&#8243; _builder_version=&#8221;4.16&#8243; global_colors_info=&#8221;{}&#8221;][et_pb_text _builder_version=&#8221;4.16&#8243; animation_direction=&#8221;right&#8221; global_colors_info=&#8221;{}&#8221;]<\/p>\n<ul>\n<li>des espaces d\u00e9di\u00e9s \u00e0 <strong>l\u2019\u00e9v\u00e9nementiel d\u2019entreprise<\/strong>s, ouverts \u00e0 tous les professionnels pour favoriser la collaboration et la mise en r\u00e9seau ;<\/li>\n<li>un <strong>parking-relais<\/strong>, connect\u00e9 \u00e0 la ligne <em><a href=\"https:\/\/www.palmbus.fr\/ftp\/document\/ligne-a-palm-express-a-partir-du-19-juillet-2021.pdf\">PALM EXPRESS<\/a><\/em>, de 276 places (1 000 \u00e0 terme) dont des emplacements voitures, PMR, 2R, v\u00e9hicules \u00e9lectriques, v\u00e9los (et abris-v\u00e9los), taxis et livraison.<\/li>\n<li>un <strong>label 100% EAC<\/strong> (\u00c9ducation Artistique et Culturelle) avec une programmation pour tous d\u00e8s septembre 2021, l\u2019accueil de r\u00e9sidences d\u2019artistes, d\u2019expositions et ateliers.<\/li>\n<\/ul>\n<p>[\/et_pb_text][et_pb_text _builder_version=&#8221;4.16&#8243; animation_direction=&#8221;right&#8221; global_colors_info=&#8221;{}&#8221;]<\/p>\n<p>&gt; Un <strong>multiplexe cin\u00e9matographique <\/strong>\u201cCineum Cannes\u201d de 12 salles, 2 426 fauteuils, un grand \u00e9cran de 24 m de large, ainsi que des espaces de restauration (<em><a href=\"https:\/\/www.cineum.fr\/\" target=\"_blank\" rel=\"noopener\">plus d&#8217;infos ICI<\/a><\/em>) ;<\/p>\n<p>[\/et_pb_text][et_pb_text _builder_version=&#8221;4.21.0&#8243; animation_direction=&#8221;right&#8221; global_colors_info=&#8221;{}&#8221;]<\/p>\n<p>&gt; Une <strong>r\u00e9sidence \u00e9tudiante <\/strong>avec 172 logements ;<\/p>\n<p>&gt; Une <strong>p\u00e9pini\u00e8re d\u2019entreprises<\/strong>, comprenant \u00e9galement un grand jardin \u00e9v\u00e9nementiel.<\/p>\n<p>[\/et_pb_text][et_pb_image src=&#8221;https:\/\/cannespaysdelerins.fr\/wp-content\/uploads\/2019\/11\/ima-creacannes05.jpg&#8221; title_text=&#8221;ima-creacannes05&#8243; _builder_version=&#8221;4.16&#8243; _module_preset=&#8221;default&#8221; global_colors_info=&#8221;{}&#8221;][\/et_pb_image][et_pb_text admin_label=&#8221;Contact&#8221; _builder_version=&#8221;4.16&#8243; header_2_font=&#8221;Open semi bold||||||||&#8221; header_2_font_size=&#8221;12px&#8221; header_2_line_height=&#8221;1.4em&#8221; background_color=&#8221;#dfb758&#8243; custom_margin=&#8221;||||false|false&#8221; custom_padding=&#8221;30px|20px|30px|20px|false|true&#8221; animation_style=&#8221;fade&#8221; animation_direction=&#8221;bottom&#8221; border_width_top=&#8221;5px&#8221; border_color_top=&#8221;#f8ac11&#8243; locked=&#8221;off&#8221; global_colors_info=&#8221;{}&#8221;]<\/p>\n<p style=\"text-align: center;\"><span style=\"color: #ffffff;\"><strong>CONTACT<br \/><\/strong><\/span><\/p>\n<p style=\"text-align: center;\"><span style=\"color: #ffffff;\">216 avenue Francis Tonner \u00e0 Cannes La Bocca<\/span><\/p>\n<p style=\"text-align: center;\"><a href=\"https:\/\/bastiderouge.com\/\"><span style=\"color: #ffffff;\"><strong><span style=\"text-decoration: underline;\">https:\/\/bastiderouge.com\/<\/span><\/strong><\/span><\/a><\/p>\n<p style=\"text-align: center;\"><span style=\"color: #ffffff;\"><em><\/em> bastiderouge@cannespaysdelerins.fr &#8211; T\u00e9l. 04.22.21.51.00.<\/span><\/p>\n<p>[\/et_pb_text][\/et_pb_column][\/et_pb_row][et_pb_row column_structure=&#8221;1_3,1_3,1_3&#8243; _builder_version=&#8221;4.16&#8243; _module_preset=&#8221;default&#8221; max_width=&#8221;900px&#8221; global_colors_info=&#8221;{}&#8221;][et_pb_column type=&#8221;1_3&#8243; _builder_version=&#8221;4.16&#8243; _module_preset=&#8221;default&#8221; global_colors_info=&#8221;{}&#8221;][et_pb_text admin_label=&#8221;Cit\u00e9 des entreprises&#8221; _builder_version=&#8221;4.21.0&#8243; _module_preset=&#8221;default&#8221; global_colors_info=&#8221;{}&#8221;]<\/p>\n<h5><strong>CITE DES ENTREPRISES<\/strong><\/h5>\n<p>Elle accueille des entreprises sp\u00e9cialis\u00e9es notamment dans les m\u00e9dias, l&#8217;\u00e9criture, la publicit\u00e9, la cr\u00e9ation de mat\u00e9riel audiovisuel, etc.<\/p>\n<ul>\n<li><strong>26 <\/strong>bureaux \u00e0 louer sur 640 m2<\/li>\n<li><strong>10 <\/strong>postes en coworking et <strong>1 <\/strong>fablab<\/li>\n<li><strong>2 <\/strong>autres sites \u00e0 proximit\u00e9 imm\u00e9diate d\u00e9di\u00e9s \u00e0 l\u2019accueil des startups<\/li>\n<\/ul>\n<p>\u2771 <strong>R\u00e9seau de 22 partenaires <\/strong>(lev\u00e9e de fonds, financier, juridique, mentorat, etc.),<\/p>\n<p>\u2771 <strong>Tarifs pr\u00e9f\u00e9rentiels,<\/strong><\/p>\n<p>\u2771 <strong>Mise en r\u00e9seau <\/strong>avec les nombreux \u00e9v\u00e9nements sur le territoire cannois.<\/p>\n<p>[\/et_pb_text][\/et_pb_column][et_pb_column type=&#8221;1_3&#8243; _builder_version=&#8221;4.16&#8243; _module_preset=&#8221;default&#8221; global_colors_info=&#8221;{}&#8221;][et_pb_text admin_label=&#8221;Studios production&#8221; _builder_version=&#8221;4.16&#8243; _module_preset=&#8221;default&#8221; global_colors_info=&#8221;{}&#8221;]<\/p>\n<h5><strong>STUDIOS DE PRODUCTION<\/strong><\/h5>\n<p>Les \u00e9quipements haut de gamme, destin\u00e9s aux professionnels, permettent de r\u00e9aliser la cr\u00e9ation, la captation, la post-production et la projection de contenus audiovisuels.<\/p>\n<ul>\n<li><strong>3 <\/strong>studios de tournage et <strong>2 <\/strong>cabines son<\/li>\n<li><strong>4 <\/strong>studios de montage image, \u00e9talonnage, montage et mixage son<\/li>\n<li><strong>1 <\/strong>salle de projection, \u00e9talonnage, mixage, \u00e9quip\u00e9e Dolby Atmos\u00ae (prochainement).<\/li>\n<\/ul>\n<p>&nbsp;<\/p>\n<p>[\/et_pb_text][\/et_pb_column][et_pb_column type=&#8221;1_3&#8243; _builder_version=&#8221;4.16&#8243; _module_preset=&#8221;default&#8221; global_colors_info=&#8221;{}&#8221;][et_pb_text admin_label=&#8221;Ev\u00e8nementiel&#8221; _builder_version=&#8221;4.16&#8243; _module_preset=&#8221;default&#8221; global_colors_info=&#8221;{}&#8221;]<\/p>\n<h5><strong>EVENEMENTIEL D&#8217;ENTREPRISES<\/strong><\/h5>\n<p>Le site comprend de nombreuses salles de r\u00e9union modulables et \u00e9quip\u00e9es d\u2019\u00e9crans interactifs, des espaces de conf\u00e9rence et de r\u00e9ception, un jardin privatif&#8230;<\/p>\n<p>Des \u00e9quipements ouverts \u00e0 tous les professionnels pour l\u2019organisation de s\u00e9minaires et \u00e9v\u00e9nements en lien avec le monde \u00e9conomique et culturel.<\/p>\n<ul>\n<li><strong>2 <\/strong>amphith\u00e9\u00e2tres (jusqu\u2019\u00e0 120 places).<\/li>\n<\/ul>\n<p>&nbsp;<\/p>\n<p>[\/et_pb_text][\/et_pb_column][\/et_pb_row][et_pb_row _builder_version=&#8221;4.16&#8243; _module_preset=&#8221;default&#8221; max_width=&#8221;900px&#8221; global_colors_info=&#8221;{}&#8221;][et_pb_column type=&#8221;4_4&#8243; _builder_version=&#8221;4.16&#8243; _module_preset=&#8221;default&#8221; global_colors_info=&#8221;{}&#8221;][et_pb_image src=&#8221;https:\/\/cannespaysdelerins.fr\/wp-content\/uploads\/2021\/05\/Evenementiel.jpg&#8221; title_text=&#8221;Ev\u00e8nementiel&#8221; _builder_version=&#8221;4.16&#8243; _module_preset=&#8221;default&#8221; global_colors_info=&#8221;{}&#8221;][\/et_pb_image][\/et_pb_column][\/et_pb_row][\/et_pb_section]<\/p>\n","protected":false},"excerpt":{"rendered":"<p>Dynamiser le tissu \u00e9conomique local, d\u00e9velopper le p\u00f4le d\u2019enseignement sup\u00e9rieur et scientifique, accueillir pr\u00e8s de 1 000 \u00e9tudiants sur le bassin cannois et favoriser la fertilisation crois\u00e9e dans les domaines de l\u2019\u00e9conomie cr\u00e9ative, sont les principaux axes de la strat\u00e9gie de d\u00e9veloppement \u00e9conomique men\u00e9e par la Ville de Cannes et l\u2019Agglom\u00e9ration Cannes L\u00e9rins \u2013 en partenariat avec Universit\u00e9 C\u00f4te d\u2019Azur \u2013 sur ce site, \u00e0 la limite de Mandelieu-La Napoule et proche de l\u2019acc\u00e8s autoroutier.<\/p>\n","protected":false},"author":8,"featured_media":6019,"parent":0,"menu_order":0,"comment_status":"closed","ping_status":"closed","template":"","meta":{"_et_pb_use_builder":"on","_et_pb_old_content":"","_et_gb_content_width":"","footnotes":""},"class_list":["post-4167","page","type-page","status-publish","has-post-thumbnail","hentry"],"_links":{"self":[{"href":"https:\/\/cannespaysdelerins.fr\/index.php\/wp-json\/wp\/v2\/pages\/4167","targetHints":{"allow":["GET"]}}],"collection":[{"href":"https:\/\/cannespaysdelerins.fr\/index.php\/wp-json\/wp\/v2\/pages"}],"about":[{"href":"https:\/\/cannespaysdelerins.fr\/index.php\/wp-json\/wp\/v2\/types\/page"}],"author":[{"embeddable":true,"href":"https:\/\/cannespaysdelerins.fr\/index.php\/wp-json\/wp\/v2\/users\/8"}],"replies":[{"embeddable":true,"href":"https:\/\/cannespaysdelerins.fr\/index.php\/wp-json\/wp\/v2\/comments?post=4167"}],"version-history":[{"count":117,"href":"https:\/\/cannespaysdelerins.fr\/index.php\/wp-json\/wp\/v2\/pages\/4167\/revisions"}],"predecessor-version":[{"id":19380,"href":"https:\/\/cannespaysdelerins.fr\/index.php\/wp-json\/wp\/v2\/pages\/4167\/revisions\/19380"}],"wp:featuredmedia":[{"embeddable":true,"href":"https:\/\/cannespaysdelerins.fr\/index.php\/wp-json\/wp\/v2\/media\/6019"}],"wp:attachment":[{"href":"https:\/\/cannespaysdelerins.fr\/index.php\/wp-json\/wp\/v2\/media?parent=4167"}],"curies":[{"name":"wp","href":"https:\/\/api.w.org\/{rel}","templated":true}]}}