{"id":4020,"date":"2019-10-17T08:48:00","date_gmt":"2019-10-17T08:48:00","guid":{"rendered":"https:\/\/cannespaysdelerins.fr\/?page_id=4020"},"modified":"2026-02-12T13:19:11","modified_gmt":"2026-02-12T13:19:11","slug":"piscine","status":"publish","type":"page","link":"https:\/\/cannespaysdelerins.fr\/index.php\/piscine\/","title":{"rendered":"Piscine"},"content":{"rendered":"<p>[et_pb_section fb_built=&#8221;1&#8243; custom_padding_last_edited=&#8221;off|phone&#8221; disabled_on=&#8221;on|off|off&#8221; admin_label=&#8221;Header image&#8221; _builder_version=&#8221;4.16&#8243; background_image=&#8221;https:\/\/cannespaysdelerins.fr\/wp-content\/uploads\/2019\/11\/vis-piscine02.jpg&#8221; parallax=&#8221;on&#8221; z_index=&#8221;0&#8243; min_height=&#8221;700px&#8221; min_height_tablet=&#8221;&#8221; min_height_phone=&#8221;500px&#8221; min_height_last_edited=&#8221;on|desktop&#8221; custom_margin=&#8221;||||false|false&#8221; custom_margin_last_edited=&#8221;off|desktop&#8221; custom_padding=&#8221;||||false|false&#8221; custom_padding_phone=&#8221;||||true|false&#8221; animation_style=&#8221;fade&#8221; collapsed=&#8221;on&#8221; global_colors_info=&#8221;{}&#8221;][et_pb_row disabled_on=&#8221;off|off|off&#8221; admin_label=&#8221;Accroche DESKTOP&#8221; _builder_version=&#8221;4.16&#8243; background_color=&#8221;rgba(0,0,0,0)&#8221; custom_margin=&#8221;||||false|false&#8221; global_colors_info=&#8221;{}&#8221;][et_pb_column type=&#8221;4_4&#8243; _builder_version=&#8221;4.16&#8243; global_colors_info=&#8221;{}&#8221;][et_pb_text _builder_version=&#8221;4.16&#8243; header_font=&#8221;Open Light||||||||&#8221; header_text_align=&#8221;center&#8221; header_text_color=&#8221;#ffffff&#8221; header_font_size=&#8221;40px&#8221; header_letter_spacing=&#8221;1.5px&#8221; header_line_height=&#8221;1.6em&#8221; background_color=&#8221;rgba(22,56,81,0.64)&#8221; max_width=&#8221;250px&#8221; max_width_tablet=&#8221;&#8221; max_width_phone=&#8221;250px&#8221; max_width_last_edited=&#8221;on|phone&#8221; module_alignment=&#8221;center&#8221; custom_margin=&#8221;50px||||false|false&#8221; custom_margin_tablet=&#8221;&#8221; custom_margin_phone=&#8221;0px||||false|false&#8221; custom_margin_last_edited=&#8221;on|phone&#8221; custom_padding=&#8221;30px||30px||true|false&#8221; animation_style=&#8221;fade&#8221; animation_duration=&#8221;2000ms&#8221; header_font_size_tablet=&#8221;&#8221; header_font_size_phone=&#8221;25px&#8221; header_font_size_last_edited=&#8221;on|phone&#8221; header_line_height_tablet=&#8221;&#8221; header_line_height_phone=&#8221;1em&#8221; header_line_height_last_edited=&#8221;on|phone&#8221; border_radii=&#8221;on|6px|6px|6px|6px&#8221; global_colors_info=&#8221;{}&#8221;]<\/p>\n<h1 style=\"text-align: center;\">Piscines<\/h1>\n<p>[\/et_pb_text][\/et_pb_column][\/et_pb_row][\/et_pb_section][et_pb_section fb_built=&#8221;1&#8243; custom_padding_last_edited=&#8221;off|phone&#8221; disabled_on=&#8221;off|on|on&#8221; admin_label=&#8221;Header image smartphone&#8221; _builder_version=&#8221;4.16&#8243; background_image=&#8221;https:\/\/cannespaysdelerins.fr\/wp-content\/uploads\/2019\/11\/vis-piscine-smart.jpg&#8221; parallax=&#8221;on&#8221; z_index=&#8221;0&#8243; min_height=&#8221;700px&#8221; min_height_tablet=&#8221;&#8221; min_height_phone=&#8221;500px&#8221; min_height_last_edited=&#8221;on|desktop&#8221; custom_margin=&#8221;||||false|false&#8221; custom_margin_last_edited=&#8221;off|desktop&#8221; custom_padding=&#8221;||||false|false&#8221; custom_padding_phone=&#8221;||||true|false&#8221; animation_style=&#8221;fade&#8221; collapsed=&#8221;on&#8221; global_colors_info=&#8221;{}&#8221;][et_pb_row disabled_on=&#8221;off|off|off&#8221; admin_label=&#8221;Accroche DESKTOP&#8221; _builder_version=&#8221;4.16&#8243; background_color=&#8221;rgba(0,0,0,0)&#8221; custom_margin=&#8221;||||false|false&#8221; global_colors_info=&#8221;{}&#8221;][et_pb_column type=&#8221;4_4&#8243; _builder_version=&#8221;4.16&#8243; global_colors_info=&#8221;{}&#8221;][et_pb_text _builder_version=&#8221;4.16&#8243; header_font=&#8221;Open Light||||||||&#8221; header_text_align=&#8221;center&#8221; header_text_color=&#8221;#ffffff&#8221; header_font_size=&#8221;40px&#8221; header_letter_spacing=&#8221;1.6px&#8221; header_line_height=&#8221;1.6em&#8221; background_color=&#8221;rgba(22,56,81,0.64)&#8221; max_width=&#8221;250px&#8221; max_width_tablet=&#8221;&#8221; max_width_phone=&#8221;250px&#8221; max_width_last_edited=&#8221;on|phone&#8221; module_alignment=&#8221;center&#8221; custom_margin=&#8221;50px||||false|false&#8221; custom_margin_tablet=&#8221;&#8221; custom_margin_phone=&#8221;50px||||false|false&#8221; custom_margin_last_edited=&#8221;on|phone&#8221; custom_padding=&#8221;30px||30px||true|false&#8221; animation_style=&#8221;fade&#8221; animation_duration=&#8221;2000ms&#8221; header_font_size_tablet=&#8221;&#8221; header_font_size_phone=&#8221;25px&#8221; header_font_size_last_edited=&#8221;on|phone&#8221; header_line_height_tablet=&#8221;&#8221; header_line_height_phone=&#8221;1em&#8221; header_line_height_last_edited=&#8221;on|phone&#8221; border_radii=&#8221;on|6px|6px|6px|6px&#8221; global_colors_info=&#8221;{}&#8221;]<\/p>\n<h1 style=\"text-align: center;\">Piscine<\/h1>\n<p>[\/et_pb_text][\/et_pb_column][\/et_pb_row][\/et_pb_section][et_pb_section fb_built=&#8221;1&#8243; _builder_version=&#8221;4.25.2&#8243; background_image=&#8221;https:\/\/cannespaysdelerins.fr\/wp-content\/uploads\/2019\/10\/frise-communes1200.png&#8221; background_size=&#8221;initial&#8221; custom_margin=&#8221;||||false|false&#8221; custom_padding=&#8221;||||false|false&#8221; collapsed=&#8221;off&#8221; global_colors_info=&#8221;{}&#8221;][et_pb_row disabled_on=&#8221;off|off|off&#8221; _builder_version=&#8221;4.25.2&#8243; _module_preset=&#8221;default&#8221; max_width=&#8221;900px&#8221; global_colors_info=&#8221;{}&#8221;][et_pb_column type=&#8221;4_4&#8243; _builder_version=&#8221;4.16&#8243; _module_preset=&#8221;default&#8221; global_colors_info=&#8221;{}&#8221;][et_pb_text disabled_on=&#8221;off|off|off&#8221; admin_label=&#8221;Actualit\u00e9s&#8221; _builder_version=&#8221;4.25.2&#8243; _module_preset=&#8221;default&#8221; global_colors_info=&#8221;{}&#8221;]<\/p>\n<p><span class=\"css-901oao css-16my406 r-1qd0xha r-ad9z0x r-bcqeeo r-qvutc0\" style=\"color: #003366;\"><div class='et-box et-warning'>\n\t\t\t\t\t<div class='et-box-content'><\/span><\/p>\n<ul>\n<li>Le Centre Aquatique du Grand Bleu sera exceptionnellement ferm\u00e9 le week-end du 28 f\u00e9vrier et 1<sup>er<\/sup> mars.<\/li>\n<li>Le parking du Centre Aquatique Grand Bleu est ferm\u00e9 depuis le 20 mai 2025. Des places de stationnement de substitution sont mises en place.<a href='https:\/\/cannespaysdelerins.fr\/index.php\/2025\/05\/19\/modification-du-stationnement-au-grand-bleu-pendant-les-travaux\/' class='small-button smallblue'>En savoir plus<\/a><\/li>\n<\/ul>\n<p><span class=\"css-901oao css-16my406 r-1qd0xha r-ad9z0x r-bcqeeo r-qvutc0\"><span style=\"color: #003366;\"><\/div><\/div><\/span> <\/span><\/p>\n<p>[\/et_pb_text][\/et_pb_column][\/et_pb_row][et_pb_row column_structure=&#8221;1_2,1_2&#8243; use_custom_gutter=&#8221;on&#8221; _builder_version=&#8221;4.16&#8243; max_width=&#8221;900px&#8221; custom_padding=&#8221;7px|||||&#8221; animation_style=&#8221;fade&#8221; global_colors_info=&#8221;{}&#8221;][et_pb_column type=&#8221;1_2&#8243; _builder_version=&#8221;4.16&#8243; global_colors_info=&#8221;{}&#8221;][et_pb_text _builder_version=&#8221;4.25.2&#8243; header_font=&#8221;Open regular||||||||&#8221; header_text_align=&#8221;left&#8221; header_text_color=&#8221;#666666&#8243; header_font_size=&#8221;25px&#8221; header_line_height=&#8221;1.4em&#8221; background_enable_color=&#8221;off&#8221; custom_margin=&#8221;||||false|false&#8221; custom_padding=&#8221;||||false|false&#8221; global_colors_info=&#8221;{}&#8221;]<\/p>\n<h1 style=\"text-align: left;\">Piscine du Grand Bleu<\/h1>\n<p>[\/et_pb_text][et_pb_text _builder_version=&#8221;4.25.2&#8243; global_colors_info=&#8221;{}&#8221;]<\/p>\n<p style=\"text-align: left;\"><strong>Activit\u00e9s gratuites <\/strong><strong>:<\/strong><\/p>\n<p style=\"text-align: left;\">Fiches d\u2019entra\u00eenement natation au bord des bassins : plans de s\u00e9ances mis \u00e0 votre disposition, avec explications\/conseils des ma\u00eetres-nageurs si besoin.<\/p>\n<p style=\"text-align: left;\"><strong>Activit\u00e9s payantes (sur r\u00e9servation \u00e0 l\u2019accueil) :<\/strong><\/p>\n<p style=\"text-align: left;\">Le\u00e7ons individuelles de natation (\u00e9galement pour sourds et malentendants).<\/p>\n<p style=\"text-align: left;\"><strong>Activit\u00e9s en petits groupes :<\/strong><\/p>\n<ul style=\"text-align: left;\">\n<li style=\"text-align: left;\">Aqua-phobie pour vaincre la peur de l\u2019eau ;<\/li>\n<li style=\"text-align: left;\">Aqua-douceur enfants et adultes pour apprendre la natation ;<\/li>\n<li style=\"text-align: left;\">Aqua-perf ados et adultes pour se perfectionner en natation ;<\/li>\n<li>Aqua-palmes et mono-palme.<\/li>\n<\/ul>\n<p style=\"text-align: left;\"><strong>Activit\u00e9s associatives\u00a0<\/strong><strong>:<\/strong><\/p>\n<ul>\n<li style=\"text-align: left;\">Cercle des Nageurs de Cannes, Cannes Bel \u00e2ge, ORCA (apn\u00e9e, palmes), Cannes Sauvetage C\u00f4tier,<\/li>\n<li style=\"text-align: left;\">Les Tristars de Cannes (triathlon).<\/li>\n<\/ul>\n<p>&nbsp;<\/p>\n<p><strong>Horaires d\u2019ouverture au public <span style=\"text-decoration: underline;\">du 16 septembre au 30 avril<\/span>\u00a0:<\/strong><\/p>\n<ul>\n<li><strong>Lundi et vendredi <\/strong>\u2192 de 9h00 \u00e0 18h00 ;<\/li>\n<li><strong>Mercredi<\/strong> <strong>\u2192\u00a0<\/strong>de 9h00 \u00e0 19h00 ;<\/li>\n<li><strong>Mardi et jeudi \u2192 <\/strong>de 11h00 \u00e0 21h00 ;<\/li>\n<li><strong>Week-end<\/strong> <strong>\u2192 <\/strong>de 10h30 \u00e0 17h00.<\/li>\n<\/ul>\n<p>&nbsp;<\/p>\n<p><strong>Horaires d\u2019ouverture au public <span style=\"text-decoration: underline;\">du 01 mai au 30 juin<\/span>\u00a0:<\/strong><\/p>\n<ul>\n<li><strong>Lundi et vendredi <\/strong>\u2192 de 9h00 \u00e0 18h00 ;<\/li>\n<li><strong>Mercredi<\/strong> <strong>\u2192\u00a0<\/strong>de 9h00 \u00e0 19h00 ;<\/li>\n<li><strong>Mardi et jeudi \u2192 <\/strong>de 11h00 \u00e0 21h00 ;<\/li>\n<li><strong>Week-end<\/strong> <strong>\u2192 <\/strong>de 10h30 \u00e0 19h00.<\/li>\n<\/ul>\n<p>[\/et_pb_text][\/et_pb_column][et_pb_column type=&#8221;1_2&#8243; _builder_version=&#8221;4.16&#8243; global_colors_info=&#8221;{}&#8221;][et_pb_image src=&#8221;https:\/\/cannespaysdelerins.fr\/wp-content\/uploads\/2019\/10\/ima-piscine.jpg&#8221; _builder_version=&#8221;4.16&#8243; animation_style=&#8221;slide&#8221; animation_direction=&#8221;right&#8221; global_colors_info=&#8221;{}&#8221;][\/et_pb_image][et_pb_text _builder_version=&#8221;4.16&#8243; header_2_font=&#8221;Open semi bold||||||||&#8221; header_2_font_size=&#8221;12px&#8221; header_2_line_height=&#8221;1.4em&#8221; background_color=&#8221;#ffe3ab&#8221; custom_margin=&#8221;||||false|false&#8221; custom_padding=&#8221;30px|20px|30px|20px|false|true&#8221; animation_style=&#8221;slide&#8221; animation_direction=&#8221;bottom&#8221; border_width_top=&#8221;5px&#8221; border_color_top=&#8221;#f8ac11&#8243; global_colors_info=&#8221;{}&#8221;]<\/p>\n<p style=\"text-align: left;\"><strong>Acc\u00e8s :<\/strong><br \/><em>Centre aquatique Grand Bleu \u00a0\u2013 2 avenue Pierre Po\u00e9si 06150 CANNES LA BOCCA<\/em><br \/><em>Sortie 41 \u2013 parking gratuit de 80 places (entr\u00e9e c\u00f4t\u00e9 rue Amador Lopez)<\/em><br \/><em>Ligne Palm Bus 1\u00a0 \u2013 Arr\u00eat \u00ab\u00a0Piscine Municipale\u00a0\u00bb<\/em><\/p>\n<p style=\"text-align: left;\"><strong>\u00a0<\/strong><strong>Contact :<\/strong><br \/><em>\u00a0Accueil de la piscine : 04 89 82 22 30<\/em><\/p>\n<p>[\/et_pb_text][et_pb_button button_url=&#8221;https:\/\/cannespaysdelerins.fr\/wp-content\/uploads\/2023\/12\/150&#215;210-Flyer-Grand-Bleu_2024_BD.pdf&#8221; url_new_window=&#8221;on&#8221; button_text=&#8221;T\u00e9l\u00e9charger les tarifs 2024&#8243; button_alignment=&#8221;center&#8221; _builder_version=&#8221;4.21.0&#8243; custom_button=&#8221;on&#8221; button_text_size=&#8221;14px&#8221; button_text_color=&#8221;#ffffff&#8221; button_bg_color=&#8221;#2f7eaf&#8221; button_border_width=&#8221;0px&#8221; custom_margin=&#8221;||||false|false&#8221; custom_padding=&#8221;||||false|false&#8221; animation_style=&#8221;zoom&#8221; global_colors_info=&#8221;{}&#8221;][\/et_pb_button][\/et_pb_column][\/et_pb_row][et_pb_row admin_label=&#8221;Campeli\u00e8res&#8221; _builder_version=&#8221;4.16&#8243; _module_preset=&#8221;default&#8221; max_width=&#8221;900px&#8221; global_colors_info=&#8221;{}&#8221;][et_pb_column type=&#8221;4_4&#8243; _builder_version=&#8221;4.16&#8243; _module_preset=&#8221;default&#8221; global_colors_info=&#8221;{}&#8221;][et_pb_text _builder_version=&#8221;4.16&#8243; _module_preset=&#8221;default&#8221; global_colors_info=&#8221;{}&#8221;]<\/p>\n<h1>Piscine des Campeli\u00e8res<\/h1>\n<p>[\/et_pb_text][et_pb_text _builder_version=&#8221;4.16&#8243; _module_preset=&#8221;default&#8221; global_colors_info=&#8221;{}&#8221;]<\/p>\n<p>Int\u00e9gr\u00e9e au Syndicat Mixte du Centre \u00c9ducatif et Culturel des Campeli\u00e8res de Mougins, la piscine publique &#8211; qui comprend \u00e9galement une coupole et un jardin &#8211; est d\u00e9di\u00e9e \u00e0 l\u2019enseignement de la natation et de l\u2019aquagym. Elle propose \u00e9galement de nombreuses activit\u00e9s pendant les vacances scolaires :<\/p>\n<p><u>Activit\u00e9s propos\u00e9es<\/u> : Natation, aquagym, natation avec palmes, sauvetage (<em>maillot de bain et bonnet obligatoires pour tous<\/em>).<u><br \/><\/u><\/p>\n<p>&nbsp;<\/p>\n<p><strong>Horaires d&#8217;ouvertes au public<u><br \/><\/u><\/strong>Lundi, mardi : 12h-14h et 20h00-22h00<br \/>Mercredi : 12h-14h et 16h00-19h30<br \/>Jeudi : 12h-14h et 20h00-22h00<br \/>Vendredi : 12h00-14h00\u00a0\u00a0\u00a0\u00a0\u00a0\u00a0\u00a0\u00a0\u00a0\u00a0\u00a0\u00a0 <br \/>Samedi : 13h00-18h00<br \/>Dimanche : 10h00-13h00.<\/p>\n<p><em>Attention &gt; sortie du bassin 30 minutes avant la fermeture.<\/em><\/p>\n<p>&nbsp;<\/p>\n<p><strong>\u00c9cole de Natation &#8211; Cours collectifs<\/strong> <br \/><em>Primaires<\/em>\u00a0\u00a0\u00a0\u00a0\u00a0\u00a0\u00a0\u00a0\u00a0\u00a0\u00a0\u00a0\u00a0\u00a0 <br \/>Lundi, mardi, jeudi et vendredi : 17h00-18h00<br \/>Mercredi : 14h00-16h00<br \/><em>Coll\u00e9giens<\/em>\u00a0\u00a0\u00a0\u00a0\u00a0\u00a0\u00a0\u00a0\u00a0\u00a0\u00a0\u00a0\u00a0\u00a0\u00a0\u00a0\u00a0\u00a0\u00a0\u00a0\u00a0\u00a0\u00a0\u00a0\u00a0\u00a0\u00a0\u00a0\u00a0\u00a0\u00a0\u00a0\u00a0\u00a0\u00a0\u00a0\u00a0\u00a0\u00a0\u00a0\u00a0\u00a0\u00a0\u00a0 <br \/>Lundi, mardi, jeudi et vendredi : 18h00-19h00<br \/><em>Lyc\u00e9ens (Pr\u00e9paration au Bac)\u00a0\u00a0\u00a0\u00a0\u00a0\u00a0\u00a0\u00a0\u00a0\u00a0 <\/em><br \/>Jeudi : 19h00-20h00 (sauvetage en plus)<strong><u><br \/><\/u><\/strong>Vendredi : 20h00-21h00<br \/>Samedi : 11h00-12h00<br \/><em>Adultes<br \/><\/em>Lundi et jeudi : 19h00-20h00<br \/><em>Aquagym<\/em>\u00a0\u00a0\u00a0\u00a0\u00a0\u00a0\u00a0\u00a0\u00a0\u00a0\u00a0\u00a0\u00a0 <br \/>Mardi, mercredi et vendredi : 19h00-20h00<br \/>Mercredi : 8h00-09h00<br \/>Vendredi : 16h00-17h00<br \/>Samedi : 10h00-11h00<br \/>Dimanche : 9h00-10h00.<\/p>\n<p><strong>Natation avec palmes <em><br \/><\/em><\/strong>Test : 100m crawl &#8211; 100m dos \/ Les palmes pour nager plus vite et se muscler !<br \/>Samedi : 12h00-13h00<br \/>Cours semi-collectifs ou particuliers \u00e0 la demande.<\/p>\n<p>&gt; <strong>Stage pendant les vacances scolaires<\/strong>.<\/p>\n<p>&nbsp;<\/p>\n<p><span style=\"text-decoration: underline;\">Adresse<\/span> : 2307 avenue Mar\u00e9chal Juin \u00e0 Mougins<\/p>\n<p><span style=\"text-decoration: underline;\">Contact<\/span> : accueil au 04 93 45 07 69 &#8211; administration au 04 93 45 68 94 \/\/ <a href=\"mailto:piscine@lescampelieres.fr\">piscine@lescampelieres.fr<\/a><\/p>\n<p>&gt; Plus d&#8217;infos sur <a href=\"http:\/\/www.lescampelieres.fr\" target=\"_blank\" rel=\"noopener noreferrer\">www.lescampelieres.fr<\/a><\/p>\n<p>[\/et_pb_text][\/et_pb_column][\/et_pb_row][\/et_pb_section]<\/p>\n","protected":false},"excerpt":{"rendered":"<p>Activit\u00e9s gratuites : Fiches d\u2019entra\u00eenement natation au bord des bassins : plans de s\u00e9ances mis \u00e0 votre disposition, avec explications\/conseils des ma\u00eetres-nageurs si besoin.<\/p>\n","protected":false},"author":8,"featured_media":0,"parent":0,"menu_order":0,"comment_status":"closed","ping_status":"closed","template":"","meta":{"_et_pb_use_builder":"on","_et_pb_old_content":"","_et_gb_content_width":"","footnotes":""},"class_list":["post-4020","page","type-page","status-publish","hentry"],"_links":{"self":[{"href":"https:\/\/cannespaysdelerins.fr\/index.php\/wp-json\/wp\/v2\/pages\/4020","targetHints":{"allow":["GET"]}}],"collection":[{"href":"https:\/\/cannespaysdelerins.fr\/index.php\/wp-json\/wp\/v2\/pages"}],"about":[{"href":"https:\/\/cannespaysdelerins.fr\/index.php\/wp-json\/wp\/v2\/types\/page"}],"author":[{"embeddable":true,"href":"https:\/\/cannespaysdelerins.fr\/index.php\/wp-json\/wp\/v2\/users\/8"}],"replies":[{"embeddable":true,"href":"https:\/\/cannespaysdelerins.fr\/index.php\/wp-json\/wp\/v2\/comments?post=4020"}],"version-history":[{"count":127,"href":"https:\/\/cannespaysdelerins.fr\/index.php\/wp-json\/wp\/v2\/pages\/4020\/revisions"}],"predecessor-version":[{"id":21363,"href":"https:\/\/cannespaysdelerins.fr\/index.php\/wp-json\/wp\/v2\/pages\/4020\/revisions\/21363"}],"wp:attachment":[{"href":"https:\/\/cannespaysdelerins.fr\/index.php\/wp-json\/wp\/v2\/media?parent=4020"}],"curies":[{"name":"wp","href":"https:\/\/api.w.org\/{rel}","templated":true}]}}