{"id":18046,"date":"2024-09-10T09:45:43","date_gmt":"2024-09-10T09:45:43","guid":{"rendered":"https:\/\/cannespaysdelerins.fr\/?page_id=18046"},"modified":"2026-01-06T16:33:40","modified_gmt":"2026-01-06T16:33:40","slug":"inventaire-des-zones-dactivites-economiques","status":"publish","type":"page","link":"https:\/\/cannespaysdelerins.fr\/index.php\/inventaire-des-zones-dactivites-economiques\/","title":{"rendered":"Inventaire des Zones d\u2019Activit\u00e9s Economiques"},"content":{"rendered":"<p>[et_pb_section fb_built=&#8221;1&#8243; custom_padding_last_edited=&#8221;off|phone&#8221; disabled_on=&#8221;on|off|off&#8221; admin_label=&#8221;Header image&#8221; _builder_version=&#8221;4.25.2&#8243; background_image=&#8221;https:\/\/cannespaysdelerins.fr\/wp-content\/uploads\/2024\/09\/shutterstock_2356576579-1-scaled.jpg&#8221; parallax=&#8221;on&#8221; z_index=&#8221;0&#8243; min_height=&#8221;700px&#8221; min_height_tablet=&#8221;&#8221; min_height_phone=&#8221;500px&#8221; min_height_last_edited=&#8221;on|desktop&#8221; custom_margin=&#8221;||||false|false&#8221; custom_margin_last_edited=&#8221;off|desktop&#8221; custom_padding=&#8221;||||false|false&#8221; custom_padding_phone=&#8221;||||true|false&#8221; animation_style=&#8221;fade&#8221; global_module=&#8221;18441&#8243; saved_tabs=&#8221;all&#8221; collapsed=&#8221;off&#8221; global_colors_info=&#8221;{}&#8221;][et_pb_row disabled_on=&#8221;off|off|off&#8221; admin_label=&#8221;Accroche DESKTOP&#8221; _builder_version=&#8221;4.25.2&#8243; background_color=&#8221;rgba(0,0,0,0)&#8221; custom_margin=&#8221;||||false|false&#8221; global_colors_info=&#8221;{}&#8221;][et_pb_column type=&#8221;4_4&#8243; _builder_version=&#8221;4.16&#8243; global_colors_info=&#8221;{}&#8221;][et_pb_text admin_label=&#8221;Texte&#8221; _builder_version=&#8221;4.25.2&#8243; header_font=&#8221;Open Light||||||||&#8221; header_text_align=&#8221;center&#8221; header_text_color=&#8221;#ffffff&#8221; header_font_size=&#8221;40px&#8221; header_letter_spacing=&#8221;1.5px&#8221; header_line_height=&#8221;1.6em&#8221; background_color=&#8221;rgba(22,56,81,0.64)&#8221; max_width=&#8221;450px&#8221; max_width_tablet=&#8221;&#8221; max_width_phone=&#8221;250px&#8221; max_width_last_edited=&#8221;on|phone&#8221; module_alignment=&#8221;center&#8221; custom_margin=&#8221;50px||||false|false&#8221; custom_margin_tablet=&#8221;&#8221; custom_margin_phone=&#8221;0px||||false|false&#8221; custom_margin_last_edited=&#8221;on|phone&#8221; custom_padding=&#8221;30px||30px||true|false&#8221; animation_style=&#8221;fade&#8221; animation_duration=&#8221;2000ms&#8221; header_font_size_tablet=&#8221;&#8221; header_font_size_phone=&#8221;25px&#8221; header_font_size_last_edited=&#8221;on|phone&#8221; header_line_height_tablet=&#8221;&#8221; header_line_height_phone=&#8221;1em&#8221; header_line_height_last_edited=&#8221;on|phone&#8221; border_radii=&#8221;on|6px|6px|6px|6px&#8221; global_colors_info=&#8221;{}&#8221;]<\/p>\n<h1 style=\"text-align: center;\">Inventaire des Zones d\u2019Activit\u00e9s Economiques<\/h1>\n<p>[\/et_pb_text][\/et_pb_column][\/et_pb_row][\/et_pb_section][et_pb_section fb_built=&#8221;1&#8243; _builder_version=&#8221;4.25.2&#8243; background_image=&#8221;https:\/\/cannespaysdelerins.fr\/wp-content\/uploads\/2019\/10\/frise-communes1200.png&#8221; background_size=&#8221;initial&#8221; custom_margin=&#8221;||||false|false&#8221; custom_padding=&#8221;||||false|false&#8221; global_colors_info=&#8221;{}&#8221;][et_pb_row admin_label=&#8221;section&#8221; _builder_version=&#8221;4.16&#8243; max_width=&#8221;900px&#8221; custom_margin=&#8221;||||false|false&#8221; global_colors_info=&#8221;{}&#8221;][et_pb_column type=&#8221;4_4&#8243; _builder_version=&#8221;4.16&#8243; global_colors_info=&#8221;{}&#8221;][et_pb_text _builder_version=&#8221;4.25.2&#8243; _module_preset=&#8221;default&#8221; global_colors_info=&#8221;{}&#8221;]<\/p>\n<h1><strong>Inventaire des Zones d\u2019Activit\u00e9s Economiques <\/strong>\u200b<\/h1>\n<p>[\/et_pb_text][et_pb_text _builder_version=&#8221;4.25.2&#8243; global_colors_info=&#8221;{}&#8221;]<\/p>\n<p>Dans le cadre de la loi Climat et R\u00e9silience <span style=\"color: #00ccff;\"><strong>(<u><a style=\"color: #00ccff;\" href=\"https:\/\/www.legifrance.gouv.fr\/jorf\/id\/JORFTEXT000043956924\">loi n\u00b0 2021-1104 du 22 ao\u00fbt 2021<\/a><\/u>)<\/strong><\/span>, la communaut\u00e9 d\u2019agglom\u00e9ration Cannes Pays de L\u00e9rins est tenue\u00a0d\u2019\u00e9tablir un <strong>inventaire des ZAE<\/strong> sur son territoire, en concertation avec les acteurs \u00e9conomiques.<\/p>\n<p>Il s\u2019agit, d\u2019une part, d\u2019obtenir une meilleure connaissance des disponibilit\u00e9s fonci\u00e8res et immobili\u00e8res dans ces zones, et, d\u2019autre part, de contribuer au d\u00e9veloppement d\u2019une strat\u00e9gie de d\u00e9veloppement \u00e9conomique local tout en r\u00e9duisant l\u2019impact des activit\u00e9s sur l\u2019environnement.<\/p>\n<p>Un premier travail, r\u00e9alis\u00e9 en partenariat avec les communes de l\u2019agglom\u00e9ration, a permis d\u2019identifier les <strong>12 zones d\u2019activit\u00e9s \u00e9conomiques<\/strong> sur lesquelles porte ce premier recensement. Vous trouverez le d\u00e9tail des zones retenues en cliquant sur la carte ci-dessous.<\/p>\n<p>[\/et_pb_text][et_pb_image src=&#8221;https:\/\/cannespaysdelerins.fr\/wp-content\/uploads\/2024\/09\/Carte-generale-ZAE-1.jpg&#8221; title_text=&#8221;Carte g\u00e9n\u00e9rale ZAE-1&#8243; _builder_version=&#8221;4.25.2&#8243; global_colors_info=&#8221;{}&#8221;][\/et_pb_image][et_pb_gallery gallery_ids=&#8221;18060,18059,18058,18057,18056,18055,18054,18053,18052,18051,18050,18049&#8243; dbdb_version=&#8221;4.1.2&#8243; admin_label=&#8221;Galerie&#8221; _builder_version=&#8221;4.25.2&#8243; _module_preset=&#8221;default&#8221; global_colors_info=&#8221;{}&#8221;][\/et_pb_gallery][et_pb_divider _builder_version=&#8221;4.25.2&#8243; _module_preset=&#8221;default&#8221; global_colors_info=&#8221;{}&#8221;][\/et_pb_divider][et_pb_text _builder_version=&#8221;4.25.2&#8243; _module_preset=&#8221;default&#8221; global_colors_info=&#8221;{}&#8221;]<\/p>\n<p><strong>Un courrier a \u00e9t\u00e9 envoy\u00e9 \u00e0 tous les propri\u00e9taires de fonciers vacants identifi\u00e9s sur ces 12 zones,<\/strong> avec un questionnaire \u00e0 remplir pour v\u00e9rifier si les locaux sont toujours vacants ou occup\u00e9s.<\/p>\n<p><strong>Ce recensement concerne \u00e9galement les occupants de locaux dans les 12 zones identifi\u00e9es<\/strong>, qu\u2019ils soient propri\u00e9taires ou simplement locataires des locaux. L\u2019objectif de l\u2019agglom\u00e9ration \u00e0 travers ce recensement des occupants est de pouvoir identifier, pour chacune des entreprises, un contact physique qui sera l\u2019interlocuteur de l\u2019agglom\u00e9ration, mais aussi de connaitre les projets des uns et des autres pour les ann\u00e9es \u00e0 venir.<\/p>\n<p>Par d\u00e9lib\u00e9ration <a href=\"https:\/\/actes.cannespaysdelerins.fr\/actes-cacpl\/php\/consulter_fichier.php?POS_NUM_DOC=5514\">n\u00b08 du 28 f\u00e9vrier 2025<\/a>, la Communaut\u00e9 d\u2019agglom\u00e9ration a arr\u00eat\u00e9 l\u2019inventaire de ses 12 zones d\u2019activit\u00e9s.<\/p>\n<p>Pour toute demande compl\u00e9mentaire sur le sujet, vous pouvez nous adresser un mail \u00e0 l\u2019adresse<span style=\"color: #00ccff;\"><strong> <a style=\"color: #00ccff;\" href=\"mailto:inventairedeszae@cannespaysdelerins.fr\">inventairedeszae@cannespaysdelerins.fr<\/a><\/strong><\/span><\/p>\n<p>[\/et_pb_text][\/et_pb_column][\/et_pb_row][\/et_pb_section]<\/p>\n","protected":false},"excerpt":{"rendered":"<p>Inventaire des Zones d\u2019Activit\u00e9s EconomiquesInventaire des Zones d\u2019Activit\u00e9s Economiques \u200bDans le cadre de la loi Climat et R\u00e9silience (loi n\u00b0 2021-1104 du 22 ao\u00fbt 2021), la communaut\u00e9 d\u2019agglom\u00e9ration Cannes Pays de L\u00e9rins est tenue\u00a0d\u2019\u00e9tablir un inventaire des ZAE sur son territoire, en concertation avec les acteurs \u00e9conomiques. Il s\u2019agit, d\u2019une part, d\u2019obtenir une meilleure connaissance [&hellip;]<\/p>\n","protected":false},"author":5,"featured_media":18043,"parent":0,"menu_order":0,"comment_status":"closed","ping_status":"closed","template":"","meta":{"_et_pb_use_builder":"on","_et_pb_old_content":"","_et_gb_content_width":"","footnotes":""},"class_list":["post-18046","page","type-page","status-publish","has-post-thumbnail","hentry"],"_links":{"self":[{"href":"https:\/\/cannespaysdelerins.fr\/index.php\/wp-json\/wp\/v2\/pages\/18046","targetHints":{"allow":["GET"]}}],"collection":[{"href":"https:\/\/cannespaysdelerins.fr\/index.php\/wp-json\/wp\/v2\/pages"}],"about":[{"href":"https:\/\/cannespaysdelerins.fr\/index.php\/wp-json\/wp\/v2\/types\/page"}],"author":[{"embeddable":true,"href":"https:\/\/cannespaysdelerins.fr\/index.php\/wp-json\/wp\/v2\/users\/5"}],"replies":[{"embeddable":true,"href":"https:\/\/cannespaysdelerins.fr\/index.php\/wp-json\/wp\/v2\/comments?post=18046"}],"version-history":[{"count":23,"href":"https:\/\/cannespaysdelerins.fr\/index.php\/wp-json\/wp\/v2\/pages\/18046\/revisions"}],"predecessor-version":[{"id":21192,"href":"https:\/\/cannespaysdelerins.fr\/index.php\/wp-json\/wp\/v2\/pages\/18046\/revisions\/21192"}],"wp:featuredmedia":[{"embeddable":true,"href":"https:\/\/cannespaysdelerins.fr\/index.php\/wp-json\/wp\/v2\/media\/18043"}],"wp:attachment":[{"href":"https:\/\/cannespaysdelerins.fr\/index.php\/wp-json\/wp\/v2\/media?parent=18046"}],"curies":[{"name":"wp","href":"https:\/\/api.w.org\/{rel}","templated":true}]}}