{"id":1765,"date":"2019-10-05T14:45:53","date_gmt":"2019-10-05T14:45:53","guid":{"rendered":"https:\/\/cannespaysdelerins.fr\/?page_id=1765"},"modified":"2026-03-25T15:43:41","modified_gmt":"2026-03-25T15:43:41","slug":"communes","status":"publish","type":"page","link":"https:\/\/cannespaysdelerins.fr\/index.php\/communes\/","title":{"rendered":"Communes"},"content":{"rendered":"<p>[et_pb_section fb_built=&#8221;1&#8243; custom_padding_last_edited=&#8221;off|phone&#8221; disabled_on=&#8221;off|off|off&#8221; admin_label=&#8221;Header image&#8221; _builder_version=&#8221;4.16&#8243; background_image=&#8221;https:\/\/cannespaysdelerins.fr\/wp-content\/uploads\/2019\/10\/visuel-menu-communes.jpg&#8221; parallax=&#8221;on&#8221; z_index=&#8221;0&#8243; min_height=&#8221;700px&#8221; min_height_tablet=&#8221;&#8221; min_height_phone=&#8221;500px&#8221; min_height_last_edited=&#8221;on|desktop&#8221; custom_margin=&#8221;||||false|false&#8221; custom_margin_last_edited=&#8221;off|desktop&#8221; custom_padding=&#8221;||||false|false&#8221; custom_padding_phone=&#8221;||||true|false&#8221; animation_style=&#8221;fade&#8221; collapsed=&#8221;on&#8221; global_colors_info=&#8221;{}&#8221;][et_pb_row disabled_on=&#8221;off|off|off&#8221; admin_label=&#8221;Accroche DESKTOP&#8221; _builder_version=&#8221;4.16&#8243; background_color=&#8221;rgba(0,0,0,0)&#8221; custom_margin=&#8221;||||false|false&#8221; global_colors_info=&#8221;{}&#8221;][et_pb_column type=&#8221;4_4&#8243; _builder_version=&#8221;4.16&#8243; global_colors_info=&#8221;{}&#8221;][et_pb_text _builder_version=&#8221;4.16&#8243; header_font=&#8221;Open Light||||||||&#8221; header_text_align=&#8221;center&#8221; header_text_color=&#8221;#ffffff&#8221; header_font_size=&#8221;40px&#8221; header_letter_spacing=&#8221;1.5px&#8221; header_line_height=&#8221;1.3em&#8221; background_color=&#8221;rgba(22,56,81,0.25)&#8221; max_width=&#8221;300px&#8221; max_width_tablet=&#8221;&#8221; max_width_phone=&#8221;200px&#8221; max_width_last_edited=&#8221;on|phone&#8221; module_alignment=&#8221;center&#8221; custom_margin=&#8221;50px||||false|false&#8221; custom_margin_tablet=&#8221;&#8221; custom_margin_phone=&#8221;0px||||false|false&#8221; custom_margin_last_edited=&#8221;on|phone&#8221; custom_padding=&#8221;30px||30px||true|false&#8221; animation_style=&#8221;fade&#8221; animation_duration=&#8221;2000ms&#8221; header_font_size_tablet=&#8221;&#8221; header_font_size_phone=&#8221;25px&#8221; header_font_size_last_edited=&#8221;on|phone&#8221; header_line_height_tablet=&#8221;&#8221; header_line_height_phone=&#8221;1em&#8221; header_line_height_last_edited=&#8221;on|phone&#8221; border_radii=&#8221;on|6px|6px|6px|6px&#8221; global_colors_info=&#8221;{}&#8221;]<\/p>\n<h1 style=\"text-align: center;\">Communes<\/h1>\n<p>[\/et_pb_text][\/et_pb_column][\/et_pb_row][\/et_pb_section][et_pb_section fb_built=&#8221;1&#8243; _builder_version=&#8221;4.16&#8243; background_image=&#8221;https:\/\/cannespaysdelerins.fr\/wp-content\/uploads\/2019\/10\/frise-communes1200.png&#8221; background_size=&#8221;initial&#8221; custom_margin=&#8221;||0px||false|false&#8221; custom_padding=&#8221;||0px||false|false&#8221; global_colors_info=&#8221;{}&#8221;][et_pb_row column_structure=&#8221;1_2,1_2&#8243; use_custom_gutter=&#8221;on&#8221; gutter_width=&#8221;4&#8243; admin_label=&#8221;titre CANNES&#8221; _builder_version=&#8221;4.16&#8243; max_width=&#8221;900px&#8221; custom_margin=&#8221;||0px||false|false&#8221; custom_padding=&#8221;||0px||false|false&#8221; animation_style=&#8221;fade&#8221; global_colors_info=&#8221;{}&#8221;][et_pb_column type=&#8221;1_2&#8243; _builder_version=&#8221;4.16&#8243; global_colors_info=&#8221;{}&#8221;][\/et_pb_column][et_pb_column type=&#8221;1_2&#8243; _builder_version=&#8221;4.16&#8243; global_colors_info=&#8221;{}&#8221;][et_pb_text _builder_version=&#8221;4.16&#8243; text_font=&#8221;Open regular||||||||&#8221; text_font_size=&#8221;25px&#8221; text_line_height=&#8221;1.4em&#8221; header_text_color=&#8221;#666666&#8243; text_orientation=&#8221;center&#8221; max_width=&#8221;160px&#8221; custom_margin=&#8221;||||false|false&#8221; custom_padding=&#8221;20px|20px|20px|20px|false|false&#8221; animation_style=&#8221;slide&#8221; animation_direction=&#8221;bottom&#8221; border_width_all=&#8221;5px&#8221; border_color_all=&#8221;#a3a3a3&#8243; global_colors_info=&#8221;{}&#8221;]<\/p>\n<h1 style=\"text-align: center;\">Cannes<\/h1>\n<p>[\/et_pb_text][\/et_pb_column][\/et_pb_row][et_pb_row column_structure=&#8221;1_2,1_2&#8243; use_custom_gutter=&#8221;on&#8221; gutter_width=&#8221;4&#8243; admin_label=&#8221;paragraphe CANNES&#8221; _builder_version=&#8221;4.16&#8243; max_width=&#8221;900px&#8221; animation_style=&#8221;fade&#8221; global_colors_info=&#8221;{}&#8221;][et_pb_column type=&#8221;1_2&#8243; _builder_version=&#8221;4.16&#8243; global_colors_info=&#8221;{}&#8221;][et_pb_image src=&#8221;https:\/\/cannespaysdelerins.fr\/wp-content\/uploads\/2019\/10\/ima-cannes-communes.jpg&#8221; _builder_version=&#8221;4.16&#8243; custom_margin=&#8221;||20px||false|false&#8221; animation_style=&#8221;slide&#8221; animation_direction=&#8221;left&#8221; global_colors_info=&#8221;{}&#8221;][\/et_pb_image][\/et_pb_column][et_pb_column type=&#8221;1_2&#8243; _builder_version=&#8221;4.16&#8243; global_colors_info=&#8221;{}&#8221;][et_pb_text _builder_version=&#8221;4.16&#8243; global_colors_info=&#8221;{}&#8221;]<\/p>\n<p style=\"text-align: justify;\"><strong>V\u00e9ritable \u00ab&nbsp;village mondial&nbsp;\u00bb, Cannes concilie dans un \u00e9quilibre harmonieux rayonnement international et culture de l&#8217;identit\u00e9 locale.<\/strong><\/p>\n<p style=\"text-align: justify;\">Reconnue sur la sc\u00e8ne m\u00e9diatique et culturelle gr\u00e2ce \u00e0 son festival de cin\u00e9ma \u00e9ponyme, renomm\u00e9e pour son savoir-faire en mati\u00e8re d&#8217;accueil de manifestations d&#8217;envergure plan\u00e9taire, la ville b\u00e9n\u00e9ficie d&#8217;un cadre exceptionnel en bord de mer, face aux \u00eeles de L\u00e9rins, d&#8217;un Palais des festivals et des congr\u00e8s modernis\u00e9 et d&#8217;un parc h\u00f4telier rompu aux exigences d&#8217;une client\u00e8le issue des quatre coins du monde. Attach\u00e9e \u00e0 ses racines proven\u00e7ales, riche de l&#8217;authenticit\u00e9 de chacun de ses quartiers, de La Bocca \u00e0 la pointe Croisette en passant par les ruelles du Suquet, son c\u0153ur historique, ou le carreau de ses trois march\u00e9s color\u00e9s, Cannes veille sur ses traditions tout en se tournant vers l&#8217;avenir.<\/p>\n<p style=\"text-align: justify;\">Au-del\u00e0 du tourisme, moteur de son activit\u00e9 \u00e9conomique, ses quatre ports et son h\u00e9ritage maritime lui conf\u00e8rent une expertise nautique qu&#8217;elle continue de d\u00e9velopper, tandis qu&#8217;\u00e0 l&#8217;ouest de la commune \u00e9mergent peu \u00e0 peu un technop\u00f4le ax\u00e9 sur les entreprises de l&#8217;image et du num\u00e9rique, ainsi qu\u2019un p\u00f4le universitaire d\u00e9di\u00e9 \u00e0 la jeunesse du bassin cannois.<\/p>\n<p><strong>Maire : David LISNARD<\/strong><br \/>\n<a href=\"http:\/\/www.cannes.com\/fr\/index.html\" target=\"_blank\" rel=\"noopener noreferrer\"><span style=\"color: #999999;\"><u>www.cannes.com<\/u><\/span><\/a>[\/et_pb_text][\/et_pb_column][\/et_pb_row][et_pb_row column_structure=&#8221;1_2,1_2&#8243; use_custom_gutter=&#8221;on&#8221; gutter_width=&#8221;4&#8243; admin_label=&#8221;titre LE CANNET&#8221; _builder_version=&#8221;4.16&#8243; max_width=&#8221;900px&#8221; custom_margin=&#8221;||0px||false|false&#8221; custom_padding=&#8221;||0px||false|false&#8221; animation_style=&#8221;fade&#8221; global_colors_info=&#8221;{}&#8221;][et_pb_column type=&#8221;1_2&#8243; _builder_version=&#8221;4.16&#8243; global_colors_info=&#8221;{}&#8221;][et_pb_text _builder_version=&#8221;4.16&#8243; text_font=&#8221;Open regular||||||||&#8221; text_font_size=&#8221;25px&#8221; text_line_height=&#8221;1.4em&#8221; header_text_color=&#8221;#666666&#8243; text_orientation=&#8221;center&#8221; max_width=&#8221;200px&#8221; custom_margin=&#8221;||||false|false&#8221; custom_padding=&#8221;20px|20px|20px|20px|false|false&#8221; animation_style=&#8221;slide&#8221; animation_direction=&#8221;bottom&#8221; border_width_all=&#8221;5px&#8221; border_color_all=&#8221;#a3a3a3&#8243; global_colors_info=&#8221;{}&#8221;]<\/p>\n<h1 style=\"text-align: center;\">Le Cannet<\/h1>\n<p>[\/et_pb_text][\/et_pb_column][et_pb_column type=&#8221;1_2&#8243; _builder_version=&#8221;4.16&#8243; global_colors_info=&#8221;{}&#8221;][\/et_pb_column][\/et_pb_row][et_pb_row column_structure=&#8221;1_2,1_2&#8243; use_custom_gutter=&#8221;on&#8221; gutter_width=&#8221;4&#8243; admin_label=&#8221;paragraphe LE CANNET&#8221; _builder_version=&#8221;4.16&#8243; max_width=&#8221;900px&#8221; animation_style=&#8221;fade&#8221; global_colors_info=&#8221;{}&#8221;][et_pb_column type=&#8221;1_2&#8243; _builder_version=&#8221;4.16&#8243; global_colors_info=&#8221;{}&#8221;][et_pb_text _builder_version=&#8221;4.16&#8243; global_colors_info=&#8221;{}&#8221;]<\/p>\n<p><strong>Cette cit\u00e9 principalement r\u00e9sidentielle b\u00e9n\u00e9ficie d&#8217;une situation g\u00e9ographique favorable au-dessus de la baie de Cannes et offrant une vue panoramique des \u00eeles de L\u00e9rins.<\/strong><\/p>\n<p>Par son climat des plus agr\u00e9ables et les sept collines qui la prot\u00e8gent et l&#8217;encerclent, la commune du Cannet est tr\u00e8s r\u00e9put\u00e9e pour sa culture de l&#8217;olivier qu&#8217;elle ne manque pas de f\u00eater tous les ans fin f\u00e9vrier. C&#8217;est \u00e9galement une ville d&#8217;artistes et d&#8217;artisans avec son c\u00e9l\u00e8bre quartier Saint-Sauveur o\u00f9 se trouvent la Chapelle Saint Sauveur et son \u00e9vocation du peintre Tobiasse, les Jardins de Tivoli, le mus\u00e9e Bonnard ou la fameuse Place Bellevue.<\/p>\n<p><strong>Maire : Yves PIGRENET<\/strong><br \/><a href=\"http:\/\/www.lecannet.fr\" target=\"_blank\" rel=\"noopener noreferrer\"><span style=\"color: #999999;\"><u>www.lecannet.fr<\/u><\/span><\/a><\/p>\n<p>[\/et_pb_text][\/et_pb_column][et_pb_column type=&#8221;1_2&#8243; _builder_version=&#8221;4.16&#8243; global_colors_info=&#8221;{}&#8221;][et_pb_image src=&#8221;https:\/\/cannespaysdelerins.fr\/wp-content\/uploads\/2019\/10\/ima-lecannet-communes.jpg&#8221; _builder_version=&#8221;4.16&#8243; custom_margin=&#8221;||20px||false|false&#8221; animation_style=&#8221;slide&#8221; animation_direction=&#8221;right&#8221; global_colors_info=&#8221;{}&#8221;][\/et_pb_image][\/et_pb_column][\/et_pb_row][\/et_pb_section][et_pb_section fb_built=&#8221;1&#8243; _builder_version=&#8221;4.16&#8243; background_image=&#8221;https:\/\/cannespaysdelerins.fr\/wp-content\/uploads\/2019\/10\/frise-communes1200.png&#8221; background_size=&#8221;initial&#8221; custom_margin=&#8221;0px||0px||false|false&#8221; custom_padding=&#8221;0px||0px||false|false&#8221; global_colors_info=&#8221;{}&#8221;][et_pb_row column_structure=&#8221;1_2,1_2&#8243; use_custom_gutter=&#8221;on&#8221; gutter_width=&#8221;4&#8243; admin_label=&#8221;titre MANDELIEU&#8221; _builder_version=&#8221;4.16&#8243; max_width=&#8221;900px&#8221; custom_margin=&#8221;||0px||false|false&#8221; custom_padding=&#8221;||0px||false|false&#8221; animation_style=&#8221;fade&#8221; global_colors_info=&#8221;{}&#8221;][et_pb_column type=&#8221;1_2&#8243; _builder_version=&#8221;4.16&#8243; global_colors_info=&#8221;{}&#8221;][\/et_pb_column][et_pb_column type=&#8221;1_2&#8243; _builder_version=&#8221;4.16&#8243; global_colors_info=&#8221;{}&#8221;][et_pb_text _builder_version=&#8221;4.16&#8243; text_font=&#8221;Open regular||||||||&#8221; text_font_size=&#8221;25px&#8221; text_line_height=&#8221;1.4em&#8221; header_text_color=&#8221;#666666&#8243; text_orientation=&#8221;center&#8221; max_width=&#8221;330px&#8221; custom_margin=&#8221;||||false|false&#8221; custom_padding=&#8221;20px|20px|20px|20px|false|false&#8221; animation_style=&#8221;slide&#8221; animation_direction=&#8221;bottom&#8221; border_width_all=&#8221;5px&#8221; border_color_all=&#8221;#a3a3a3&#8243; global_colors_info=&#8221;{}&#8221;]<\/p>\n<h1 style=\"text-align: center;\">Mandelieu-La Napoule<\/h1>\n<p>[\/et_pb_text][\/et_pb_column][\/et_pb_row][et_pb_row column_structure=&#8221;1_2,1_2&#8243; use_custom_gutter=&#8221;on&#8221; gutter_width=&#8221;4&#8243; admin_label=&#8221;paragraphe MANDELIEU&#8221; _builder_version=&#8221;4.16&#8243; max_width=&#8221;900px&#8221; animation_style=&#8221;fade&#8221; global_colors_info=&#8221;{}&#8221;][et_pb_column type=&#8221;1_2&#8243; _builder_version=&#8221;4.16&#8243; global_colors_info=&#8221;{}&#8221;][et_pb_image src=&#8221;https:\/\/cannespaysdelerins.fr\/wp-content\/uploads\/2019\/10\/ima-mandelieu-communes.jpg&#8221; _builder_version=&#8221;4.16&#8243; custom_margin=&#8221;||20px||false|false&#8221; animation_style=&#8221;slide&#8221; animation_direction=&#8221;left&#8221; global_colors_info=&#8221;{}&#8221;][\/et_pb_image][\/et_pb_column][et_pb_column type=&#8221;1_2&#8243; _builder_version=&#8221;4.16&#8243; global_colors_info=&#8221;{}&#8221;][et_pb_text _builder_version=&#8221;4.16&#8243; global_colors_info=&#8221;{}&#8221;]<\/p>\n<p><strong>Id\u00e9alement situ\u00e9e sur le littoral m\u00e9diterran\u00e9en, entre les massifs de l&#8217;Esterel et du Tanneron, Mandelieu-La Napoule offre un cadre privil\u00e9gi\u00e9 au c\u0153ur de la C\u00f4te d&#8217;Azur.<\/strong><\/p>\n<p>Consciente de la richesse de ses atouts entre terre et mer mais aussi de la fragilit\u00e9 de son territoire dont 70% des 3.137 hectares est en zone naturelle prot\u00e9g\u00e9e et de son littoral, la ville s&#8217;est fortement engag\u00e9e dans une d\u00e9marche de d\u00e9veloppement durable et poursuit ses actions en faveur de son environnement. Pr\u00e9server le patrimoine naturel, valoriser l&#8217;environnement et prot\u00e9ger la qualit\u00e9 de vie des Mandolociens-Napoulois sont les objectifs vis\u00e9s par la ville de Mandelieu-La Napoule.<\/p>\n<p><strong>Maire : S\u00e9bastien LEROY<\/strong><br \/><a href=\"http:\/\/www.mandelieu.fr\" target=\"_blank\" rel=\"noopener noreferrer\"><span style=\"color: #999999;\"><u>www.mandelieu.fr<\/u><\/span><\/a><\/p>\n<p>[\/et_pb_text][\/et_pb_column][\/et_pb_row][et_pb_row column_structure=&#8221;1_2,1_2&#8243; use_custom_gutter=&#8221;on&#8221; gutter_width=&#8221;4&#8243; admin_label=&#8221;titre MOUGINS&#8221; _builder_version=&#8221;4.16&#8243; max_width=&#8221;900px&#8221; custom_margin=&#8221;||0px||false|false&#8221; custom_padding=&#8221;||0px||false|false&#8221; animation_style=&#8221;fade&#8221; global_colors_info=&#8221;{}&#8221;][et_pb_column type=&#8221;1_2&#8243; _builder_version=&#8221;4.16&#8243; global_colors_info=&#8221;{}&#8221;][et_pb_text _builder_version=&#8221;4.16&#8243; text_font=&#8221;Open regular||||||||&#8221; text_font_size=&#8221;25px&#8221; text_line_height=&#8221;1.4em&#8221; header_text_color=&#8221;#666666&#8243; text_orientation=&#8221;center&#8221; max_width=&#8221;200px&#8221; custom_margin=&#8221;||||false|false&#8221; custom_padding=&#8221;20px|20px|20px|20px|false|false&#8221; animation_style=&#8221;slide&#8221; animation_direction=&#8221;bottom&#8221; border_width_all=&#8221;5px&#8221; border_color_all=&#8221;#a3a3a3&#8243; global_colors_info=&#8221;{}&#8221;]<\/p>\n<h1 style=\"text-align: center;\">Mougins<\/h1>\n<p>[\/et_pb_text][\/et_pb_column][et_pb_column type=&#8221;1_2&#8243; _builder_version=&#8221;4.16&#8243; global_colors_info=&#8221;{}&#8221;][\/et_pb_column][\/et_pb_row][et_pb_row column_structure=&#8221;1_2,1_2&#8243; use_custom_gutter=&#8221;on&#8221; gutter_width=&#8221;4&#8243; admin_label=&#8221;paragraphe MOUGINS&#8221; _builder_version=&#8221;4.16&#8243; max_width=&#8221;900px&#8221; animation_style=&#8221;fade&#8221; global_colors_info=&#8221;{}&#8221;][et_pb_column type=&#8221;1_2&#8243; _builder_version=&#8221;4.16&#8243; global_colors_info=&#8221;{}&#8221;][et_pb_text _builder_version=&#8221;4.16&#8243; global_colors_info=&#8221;{}&#8221;]<\/p>\n<p><strong>Perch\u00e9 au-dessus de la baie de Cannes, Mougins b\u00e9n\u00e9ficie d&#8217;une situation privil\u00e9gi\u00e9e entre mer et montagne, tout en ayant conserv\u00e9 son \u00e2me de village proven\u00e7al.<\/strong><\/p>\n<p>Le vieux-village qui, justement, a vu passer des artistes aussi prestigieux que Picasso, Paul Eluard, Jean Cocteau ou Edith Piaf qui ont conduit \u00e0 la renomm\u00e9e internationale de ses nombreuses galeries d&#8217;art. Class\u00e9e \u00ab\u00a0Ville et M\u00e9tiers d&#8217;Art\u00a0\u00bb et r\u00e9put\u00e9e pour sa gastronomie, cette commune de 18 500 habitants s&#8217;\u00e9tend aussi sur la plus grande Technopole d&#8217;Europe: Sophia Antipolis. En plus d&#8217;un parc d&#8217;exposition \u00e0 l&#8217;offre culturelle tr\u00e8s importante (Eco&#8217; Parc), la ville offre aussi de magnifiques balades \u00e0 l&#8217;\u00e9tang de Font de l&#8217;Orme ou \u00e0 la chapelle Notre-Dame de Vie.<\/p>\n<p><strong>Maire : Christophe ULIVIERI<\/strong><br \/><a href=\"http:\/\/www.mougins.fr\/\" target=\"_blank\" rel=\"noopener noreferrer\"><span style=\"color: #999999;\"><u>www.mougins.fr<\/u><\/span><\/a><\/p>\n<p>[\/et_pb_text][\/et_pb_column][et_pb_column type=&#8221;1_2&#8243; _builder_version=&#8221;4.16&#8243; global_colors_info=&#8221;{}&#8221;][et_pb_image src=&#8221;https:\/\/cannespaysdelerins.fr\/wp-content\/uploads\/2019\/10\/ima-mougins-communes.jpg&#8221; _builder_version=&#8221;4.16&#8243; custom_margin=&#8221;||20px||false|false&#8221; animation_style=&#8221;slide&#8221; animation_direction=&#8221;right&#8221; global_colors_info=&#8221;{}&#8221;][\/et_pb_image][\/et_pb_column][\/et_pb_row][\/et_pb_section][et_pb_section fb_built=&#8221;1&#8243; _builder_version=&#8221;4.16&#8243; background_enable_image=&#8221;off&#8221; background_size=&#8221;initial&#8221; custom_margin=&#8221;0px||||false|false&#8221; custom_padding=&#8221;0px||||false|false&#8221; global_colors_info=&#8221;{}&#8221;][et_pb_row column_structure=&#8221;1_2,1_2&#8243; use_custom_gutter=&#8221;on&#8221; gutter_width=&#8221;4&#8243; admin_label=&#8221;titre THEOULE&#8221; _builder_version=&#8221;4.16&#8243; max_width=&#8221;900px&#8221; custom_margin=&#8221;||0px||false|false&#8221; custom_padding=&#8221;||0px||false|false&#8221; animation_style=&#8221;fade&#8221; global_colors_info=&#8221;{}&#8221;][et_pb_column type=&#8221;1_2&#8243; _builder_version=&#8221;4.16&#8243; global_colors_info=&#8221;{}&#8221;][\/et_pb_column][et_pb_column type=&#8221;1_2&#8243; _builder_version=&#8221;4.16&#8243; global_colors_info=&#8221;{}&#8221;][et_pb_text _builder_version=&#8221;4.16&#8243; text_font=&#8221;Open regular||||||||&#8221; text_font_size=&#8221;25px&#8221; text_line_height=&#8221;1.4em&#8221; header_text_color=&#8221;#666666&#8243; text_orientation=&#8221;center&#8221; max_width=&#8221;300px&#8221; custom_margin=&#8221;||||false|false&#8221; custom_padding=&#8221;20px|20px|20px|20px|false|false&#8221; animation_style=&#8221;slide&#8221; animation_direction=&#8221;bottom&#8221; border_width_all=&#8221;5px&#8221; border_color_all=&#8221;#a3a3a3&#8243; global_colors_info=&#8221;{}&#8221;]<\/p>\n<h1 style=\"text-align: center;\">Th\u00e9oule-sur-Mer<\/h1>\n<p>[\/et_pb_text][\/et_pb_column][\/et_pb_row][et_pb_row column_structure=&#8221;1_2,1_2&#8243; use_custom_gutter=&#8221;on&#8221; gutter_width=&#8221;4&#8243; admin_label=&#8221;paragraphe THEOULE&#8221; _builder_version=&#8221;4.16&#8243; max_width=&#8221;900px&#8221; animation_style=&#8221;fade&#8221; global_colors_info=&#8221;{}&#8221;][et_pb_column type=&#8221;1_2&#8243; _builder_version=&#8221;4.16&#8243; global_colors_info=&#8221;{}&#8221;][et_pb_image src=&#8221;https:\/\/cannespaysdelerins.fr\/wp-content\/uploads\/2019\/10\/ima-theoule-communes.jpg&#8221; _builder_version=&#8221;4.16&#8243; custom_margin=&#8221;||20px||false|false&#8221; animation_style=&#8221;slide&#8221; animation_direction=&#8221;left&#8221; global_colors_info=&#8221;{}&#8221;][\/et_pb_image][\/et_pb_column][et_pb_column type=&#8221;1_2&#8243; _builder_version=&#8221;4.16&#8243; global_colors_info=&#8221;{}&#8221;][et_pb_text _builder_version=&#8221;4.16&#8243; global_colors_info=&#8221;{}&#8221;]<strong>Th\u00e9oule-sur-Mer est une commune intime, accueillante et sauvage o\u00f9 il fait bon vivre au fil des saisons.<\/strong><\/p>\n<p>Th\u00e9oule-sur-Mer est le premier village des Alpes-Maritimes, \u00e0 l&#8217;Ouest du d\u00e9partement. Nich\u00e9 dans le massif de l&#8217;Est\u00e9rel, il se laisse bercer par la M\u00e9diterran\u00e9e sur un littoral contrast\u00e9 o\u00f9 les rochers rouges surgissent du sable blanc. Sur un domaine de 1.049 hectares, cette petite cit\u00e9 baln\u00e9aire qui compte moins de 2.000 \u00e2mes en hiver et plus de 15.000 en \u00e9t\u00e9, offre des plages, des criques et des calanques, ainsi que des vues saisissantes sur la Mer de L\u00e9rins et les Pr\u00e9alpes d&#8217;Azur.<\/p>\n<p><strong>Maire : Georges BOTELLA<\/strong><br \/>\n<a href=\"http:\/\/www.theoule-sur-mer.fr\" target=\"_blank\" rel=\"noopener noreferrer\"><span style=\"color: #999999;\"><u>www.theoule-sur-mer.fr<\/u><\/span><\/a>[\/et_pb_text][\/et_pb_column][\/et_pb_row][\/et_pb_section]<\/p>\n","protected":false},"excerpt":{"rendered":"<p>V\u00e9ritable \u00ab village mondial \u00bb, Cannes concilie dans un \u00e9quilibre harmonieux rayonnement international et culture de l\u2019identit\u00e9 locale. Le Cannet b\u00e9n\u00e9ficie d\u2019une situation g\u00e9ographique favorable au-dessus de la baie de Cannes et offrant une vue panoramique des \u00eeles de L\u00e9rins. Id\u00e9alement situ\u00e9e sur le littoral m\u00e9diterran\u00e9en, entre les massifs de l\u2019Esterel et du Tanneron, Mandelieu-La Napoule offre un cadre privil\u00e9gi\u00e9 au c\u0153ur de la C\u00f4te d\u2019Azur.<\/p>\n","protected":false},"author":8,"featured_media":2288,"parent":0,"menu_order":0,"comment_status":"closed","ping_status":"closed","template":"","meta":{"_et_pb_use_builder":"on","_et_pb_old_content":"","_et_gb_content_width":"","footnotes":""},"class_list":["post-1765","page","type-page","status-publish","has-post-thumbnail","hentry"],"_links":{"self":[{"href":"https:\/\/cannespaysdelerins.fr\/index.php\/wp-json\/wp\/v2\/pages\/1765","targetHints":{"allow":["GET"]}}],"collection":[{"href":"https:\/\/cannespaysdelerins.fr\/index.php\/wp-json\/wp\/v2\/pages"}],"about":[{"href":"https:\/\/cannespaysdelerins.fr\/index.php\/wp-json\/wp\/v2\/types\/page"}],"author":[{"embeddable":true,"href":"https:\/\/cannespaysdelerins.fr\/index.php\/wp-json\/wp\/v2\/users\/8"}],"replies":[{"embeddable":true,"href":"https:\/\/cannespaysdelerins.fr\/index.php\/wp-json\/wp\/v2\/comments?post=1765"}],"version-history":[{"count":140,"href":"https:\/\/cannespaysdelerins.fr\/index.php\/wp-json\/wp\/v2\/pages\/1765\/revisions"}],"predecessor-version":[{"id":21444,"href":"https:\/\/cannespaysdelerins.fr\/index.php\/wp-json\/wp\/v2\/pages\/1765\/revisions\/21444"}],"wp:featuredmedia":[{"embeddable":true,"href":"https:\/\/cannespaysdelerins.fr\/index.php\/wp-json\/wp\/v2\/media\/2288"}],"wp:attachment":[{"href":"https:\/\/cannespaysdelerins.fr\/index.php\/wp-json\/wp\/v2\/media?parent=1765"}],"curies":[{"name":"wp","href":"https:\/\/api.w.org\/{rel}","templated":true}]}}