{"id":15230,"date":"2023-04-25T08:13:33","date_gmt":"2023-04-25T08:13:33","guid":{"rendered":"https:\/\/cannespaysdelerins.fr\/?page_id=15230"},"modified":"2026-02-02T12:53:43","modified_gmt":"2026-02-02T12:53:43","slug":"conseil-de-developpement","status":"publish","type":"page","link":"https:\/\/cannespaysdelerins.fr\/index.php\/conseil-de-developpement\/","title":{"rendered":"Conseil de d\u00e9veloppement"},"content":{"rendered":"<p>[et_pb_section fb_built=&#8221;1&#8243; custom_padding_last_edited=&#8221;off|phone&#8221; disabled_on=&#8221;off|off|off&#8221; admin_label=&#8221;Header image&#8221; _builder_version=&#8221;4.16&#8243; background_image=&#8221;https:\/\/cannespaysdelerins.fr\/wp-content\/uploads\/2019\/10\/vis-competences.jpg&#8221; parallax=&#8221;on&#8221; z_index=&#8221;0&#8243; min_height=&#8221;700px&#8221; min_height_tablet=&#8221;&#8221; min_height_phone=&#8221;500px&#8221; min_height_last_edited=&#8221;on|desktop&#8221; custom_margin=&#8221;||||false|false&#8221; custom_margin_last_edited=&#8221;off|desktop&#8221; custom_padding=&#8221;||||false|false&#8221; custom_padding_phone=&#8221;||||true|false&#8221; animation_style=&#8221;fade&#8221; collapsed=&#8221;off&#8221; global_colors_info=&#8221;{}&#8221;][et_pb_row disabled_on=&#8221;off|off|off&#8221; admin_label=&#8221;Accroche DESKTOP&#8221; _builder_version=&#8221;4.16&#8243; background_color=&#8221;rgba(0,0,0,0)&#8221; custom_margin=&#8221;||||false|false&#8221; global_colors_info=&#8221;{}&#8221;][et_pb_column type=&#8221;4_4&#8243; _builder_version=&#8221;4.16&#8243; global_colors_info=&#8221;{}&#8221;][et_pb_text _builder_version=&#8221;4.16&#8243; header_font=&#8221;Open Light||||||||&#8221; header_text_align=&#8221;center&#8221; header_text_color=&#8221;#ffffff&#8221; header_font_size=&#8221;40px&#8221; header_letter_spacing=&#8221;1.5px&#8221; header_line_height=&#8221;1.3em&#8221; background_color=&#8221;rgba(124,124,124,0.38)&#8221; max_width=&#8221;320px&#8221; max_width_tablet=&#8221;&#8221; max_width_phone=&#8221;200px&#8221; max_width_last_edited=&#8221;on|phone&#8221; module_alignment=&#8221;center&#8221; custom_margin=&#8221;50px||||false|false&#8221; custom_margin_tablet=&#8221;&#8221; custom_margin_phone=&#8221;0px||||false|false&#8221; custom_margin_last_edited=&#8221;on|phone&#8221; custom_padding=&#8221;30px||30px||true|false&#8221; animation_style=&#8221;fade&#8221; animation_duration=&#8221;2000ms&#8221; header_font_size_tablet=&#8221;&#8221; header_font_size_phone=&#8221;25px&#8221; header_font_size_last_edited=&#8221;on|phone&#8221; header_line_height_tablet=&#8221;&#8221; header_line_height_phone=&#8221;1em&#8221; header_line_height_last_edited=&#8221;on|phone&#8221; border_radii=&#8221;on|6px|6px|6px|6px&#8221; global_colors_info=&#8221;{}&#8221;]<\/p>\n<h1 style=\"text-align: center;\">Conseil de d\u00e9veloppement<\/h1>\n<p>[\/et_pb_text][\/et_pb_column][\/et_pb_row][\/et_pb_section][et_pb_section fb_built=&#8221;1&#8243; _builder_version=&#8221;4.16&#8243; background_color=&#8221;rgba(0,0,0,0)&#8221; background_enable_image=&#8221;off&#8221; background_size=&#8221;initial&#8221; custom_margin=&#8221;|40px||40px|false|true&#8221; custom_margin_tablet=&#8221;&#8221; custom_margin_phone=&#8221;|20px||20px|false|true&#8221; custom_margin_last_edited=&#8221;on|desktop&#8221; custom_padding=&#8221;0px||140px|||&#8221; animation_style=&#8221;slide&#8221; animation_direction=&#8221;bottom&#8221; animation_duration=&#8221;1550ms&#8221; global_colors_info=&#8221;{}&#8221;][et_pb_row column_structure=&#8221;1_2,1_2&#8243; custom_padding_last_edited=&#8221;on|desktop&#8221; _builder_version=&#8221;4.16&#8243; background_color=&#8221;#ffffff&#8221; z_index=&#8221;0&#8243; width_tablet=&#8221;90%&#8221; width_phone=&#8221;90%&#8221; width_last_edited=&#8221;on|desktop&#8221; max_width=&#8221;1200px&#8221; overflow-x=&#8221;visible&#8221; overflow-y=&#8221;visible&#8221; custom_margin=&#8221;-100px|auto||auto|false|false&#8221; custom_padding=&#8221;50px|30px|50px|30px|true|true&#8221; custom_padding_tablet=&#8221;|30px||30px|true|true&#8221; custom_padding_phone=&#8221;|0px||0px|false|false&#8221; animation_style=&#8221;fade&#8221; animation_duration=&#8221;2000ms&#8221; box_shadow_style=&#8221;preset3&#8243; box_shadow_vertical=&#8221;40px&#8221; box_shadow_blur=&#8221;110px&#8221; box_shadow_spread=&#8221;0px&#8221; box_shadow_color=&#8221;rgba(131,146,167,0.5)&#8221; locked=&#8221;off&#8221; global_colors_info=&#8221;{}&#8221; width__hover_enabled=&#8221;off&#8221;][et_pb_column type=&#8221;1_2&#8243; _builder_version=&#8221;4.16&#8243; background_color=&#8221;rgba(0,0,0,0)&#8221; custom_padding=&#8221;|30px||30px|false|true&#8221; global_colors_info=&#8221;{}&#8221;][et_pb_accordion _builder_version=&#8221;4.25.2&#8243; hover_enabled=&#8221;0&#8243; border_width_all=&#8221;0px&#8221; global_colors_info=&#8221;{}&#8221; sticky_enabled=&#8221;0&#8243;][et_pb_accordion_item title=&#8221;Le Conseil de d\u00e9veloppement&#8221; open_toggle_text_color=&#8221;#2f7eae&#8221; _builder_version=&#8221;4.21.0&#8243; global_colors_info=&#8221;{}&#8221; toggle_text_color=&#8221;#2f7eae&#8221; toggle_font=&#8221;|600|||||||&#8221; toggle_font_size=&#8221;14px&#8221; closed_toggle_font_size=&#8221;14px&#8221; open=&#8221;on&#8221;]<\/p>\n<ul>\n<li><span style=\"text-decoration: underline;\"><a href=\"https:\/\/cannespaysdelerins.fr\/?p=16773&amp;preview=true&amp;aiEnableCheckShortcode=true\">Cadre l\u00e9gal<\/a><\/span><\/li>\n<li><span style=\"text-decoration: underline;\"><a href=\"https:\/\/cannespaysdelerins.fr\/?p=16776&amp;preview=true&amp;aiEnableCheckShortcode=true\">Conseil de d\u00e9veloppement Cannes L\u00e9rins<\/a><\/span><\/li>\n<\/ul>\n<p>[\/et_pb_accordion_item][et_pb_accordion_item title=&#8221;Les membres&#8221; open=&#8221;off&#8221; open_toggle_text_color=&#8221;#2f7eae&#8221; _builder_version=&#8221;4.25.2&#8243; global_colors_info=&#8221;{}&#8221; toggle_text_color=&#8221;#2f7eae&#8221; toggle_font=&#8221;|600|||||||&#8221; toggle_font_size=&#8221;14px&#8221; closed_toggle_font_size=&#8221;14px&#8221;]<\/p>\n<a href='https:\/\/cannespaysdelerins.fr\/index.php\/download\/49\/nouvelle-categorie\/19790\/trombinoscope-general-2025-1.pdf' class='icon-button download-icon'>T\u00e9l\u00e9charger Trombinoscope Conseil de D\u00e9veloppement<span class='et-icon'><\/span><\/a>\n<p>[\/et_pb_accordion_item][et_pb_accordion_item title=&#8221;Les d\u00e9lib\u00e9rations&#8221; open_toggle_text_color=&#8221;#2f7eae&#8221; _builder_version=&#8221;4.25.2&#8243; global_colors_info=&#8221;{}&#8221; toggle_text_color=&#8221;#2f7eae&#8221; toggle_font=&#8221;|600|||||||&#8221; toggle_font_size=&#8221;14px&#8221; closed_toggle_font_size=&#8221;14px&#8221; open=&#8221;off&#8221;]<\/p>\n<a href='https:\/\/cannespaysdelerins.fr\/index.php\/download\/10\/publications\/16426\/delib-creation-conseil-de-developpement-cannes-lerins-17-07-2020.pdf\/' class='icon-button download-icon'>T\u00e9l\u00e9charger Cr\u00e9ation Conseil de D\u00e9veloppement Cannes L\u00e9rins<span class='et-icon'><\/span><\/a>\n<p>&nbsp;<\/p>\n<a href='https:\/\/cannespaysdelerins.fr\/index.php\/download\/10\/publications\/16425\/delib-composition-conseil-developpement-cannes-lerins-30-09-2020.pdf\/' class='icon-button download-icon'>T\u00e9l\u00e9charger Composition Conseil D\u00e9veloppement Cannes L\u00e9rins<span class='et-icon'><\/span><\/a>\n<p>&nbsp;<\/p>\n<a href='https:\/\/cannespaysdelerins.fr\/index.php\/download\/10\/publications\/16424\/delib-fonctionnement-conseil-de-developpement-cannes-lerins-15-04-2021.pdf\/' class='icon-button download-icon'>T\u00e9l\u00e9charger Fonctionnement Conseil de D\u00e9veloppement Cannes L\u00e9rins<span class='et-icon'><\/span><\/a>\n<p>[\/et_pb_accordion_item][et_pb_accordion_item title=&#8221;Les productions&#8221; open_toggle_text_color=&#8221;#2f7eae&#8221; _builder_version=&#8221;4.25.2&#8243; hover_enabled=&#8221;0&#8243; global_colors_info=&#8221;{}&#8221; toggle_text_color=&#8221;#2f7eae&#8221; toggle_font=&#8221;|600|||||||&#8221; toggle_font_size=&#8221;14px&#8221; closed_toggle_font_size=&#8221;14px&#8221; open=&#8221;off&#8221; sticky_enabled=&#8221;0&#8243;]<\/p>\n<a href='https:\/\/cannespaysdelerins.fr\/index.php\/download\/49\/nouvelle-categorie\/18630\/cdd-rapport-activite-13-09-24-vdef.pdf' class='icon-button download-icon'>T\u00e9l\u00e9charger Rapport d&#8217;activit\u00e9s du CDD<span class='et-icon'><\/span><\/a>\n<p>[\/et_pb_accordion_item][\/et_pb_accordion][et_pb_accordion disabled_on=&#8221;on|on|on&#8221; _builder_version=&#8221;4.25.2&#8243; border_width_all=&#8221;0px&#8221; disabled=&#8221;on&#8221; global_colors_info=&#8221;{}&#8221;][et_pb_accordion_item title=&#8221;Le Conseil de d\u00e9veloppement&#8221; open=&#8221;on&#8221; open_toggle_text_color=&#8221;#2f7eae&#8221; _builder_version=&#8221;4.21.0&#8243; global_colors_info=&#8221;{}&#8221; toggle_text_color=&#8221;#2f7eae&#8221; toggle_font=&#8221;|600|||||||&#8221; toggle_font_size=&#8221;14px&#8221; closed_toggle_font_size=&#8221;14px&#8221;]<\/p>\n<ul>\n<li><span style=\"text-decoration: underline;\"><a href=\"https:\/\/cannespaysdelerins.fr\/?p=16773&amp;preview=true&amp;aiEnableCheckShortcode=true\">Cadre l\u00e9gal<\/a><\/span><\/li>\n<li><span style=\"text-decoration: underline;\"><a href=\"https:\/\/cannespaysdelerins.fr\/?p=16776&amp;preview=true&amp;aiEnableCheckShortcode=true\">Conseil de d\u00e9veloppement Cannes L\u00e9rins<\/a><\/span><\/li>\n<\/ul>\n<p>[\/et_pb_accordion_item][et_pb_accordion_item title=&#8221;Les membres&#8221; open_toggle_text_color=&#8221;#2f7eae&#8221; _builder_version=&#8221;4.25.2&#8243; global_colors_info=&#8221;{}&#8221; toggle_text_color=&#8221;#2f7eae&#8221; toggle_font=&#8221;|600|||||||&#8221; toggle_font_size=&#8221;14px&#8221; closed_toggle_font_size=&#8221;14px&#8221; open=&#8221;off&#8221;]<\/p>\n<a href='https:\/\/cannespaysdelerins.fr\/wp-content\/uploads\/2024\/07\/Trombinoscope-General.pdf' class='icon-button download-icon'>T\u00e9l\u00e9charger<span class='et-icon'><\/span><\/a>\n<p>[\/et_pb_accordion_item][et_pb_accordion_item title=&#8221;Les d\u00e9lib\u00e9rations&#8221; open_toggle_text_color=&#8221;#2f7eae&#8221; _builder_version=&#8221;4.25.2&#8243; global_colors_info=&#8221;{}&#8221; toggle_text_color=&#8221;#2f7eae&#8221; toggle_font=&#8221;|600|||||||&#8221; toggle_font_size=&#8221;14px&#8221; closed_toggle_font_size=&#8221;14px&#8221; open=&#8221;off&#8221;]<\/p>\n<a href='https:\/\/cannespaysdelerins.fr\/index.php\/download\/10\/publications\/16426\/delib-creation-conseil-de-developpement-cannes-lerins-17-07-2020.pdf\/' class='icon-button download-icon'>T\u00e9l\u00e9charger Cr\u00e9ation Conseil de D\u00e9veloppement Cannes L\u00e9rins<span class='et-icon'><\/span><\/a>\n<p>&nbsp;<\/p>\n<a href='https:\/\/cannespaysdelerins.fr\/index.php\/download\/10\/publications\/16425\/delib-composition-conseil-developpement-cannes-lerins-30-09-2020.pdf\/' class='icon-button download-icon'>T\u00e9l\u00e9charger Composition Conseil D\u00e9veloppement Cannes L\u00e9rins<span class='et-icon'><\/span><\/a>\n<p>&nbsp;<\/p>\n<a href='https:\/\/cannespaysdelerins.fr\/index.php\/download\/10\/publications\/16424\/delib-fonctionnement-conseil-de-developpement-cannes-lerins-15-04-2021.pdf\/' class='icon-button download-icon'>T\u00e9l\u00e9charger Fonctionnement Conseil de D\u00e9veloppement Cannes L\u00e9rins<span class='et-icon'><\/span><\/a>\n<p>[\/et_pb_accordion_item][et_pb_accordion_item title=&#8221;Les productions&#8221; open_toggle_text_color=&#8221;#2f7eae&#8221; _builder_version=&#8221;4.25.2&#8243; global_colors_info=&#8221;{}&#8221; toggle_text_color=&#8221;#2f7eae&#8221; toggle_font=&#8221;|600|||||||&#8221; toggle_font_size=&#8221;14px&#8221; closed_toggle_font_size=&#8221;14px&#8221; open=&#8221;off&#8221;]<\/p>\n<a href='https:\/\/cannespaysdelerins.fr\/index.php\/download\/49\/nouvelle-categorie\/17864\/cdd-rapport-activite-def-17-07.pdf' class='icon-button download-icon'>T\u00e9l\u00e9charger Rapport d&#8217;activit\u00e9s 2023\/2024 du CDD<span class='et-icon'><\/span><\/a>\n<p>[\/et_pb_accordion_item][\/et_pb_accordion][et_pb_divider _builder_version=&#8221;4.16&#8243; _module_preset=&#8221;default&#8221; global_colors_info=&#8221;{}&#8221;][\/et_pb_divider][\/et_pb_column][et_pb_column type=&#8221;1_2&#8243; _builder_version=&#8221;4.16&#8243; background_color=&#8221;#ffffff&#8221; custom_padding=&#8221;|30px||30px|true|true&#8221; global_colors_info=&#8221;{}&#8221;][et_pb_image src=&#8221;https:\/\/cannespaysdelerins.fr\/wp-content\/uploads\/2023\/04\/Logo-Conseil-de-Developpement-04.04.23_page-0001.jpg&#8221; title_text=&#8221;Logo Conseil de D\u00e9veloppement &#8211; 04.04.23_page-0001&#8243; _builder_version=&#8221;4.16&#8243; global_colors_info=&#8221;{}&#8221;][\/et_pb_image][et_pb_text disabled_on=&#8221;on|off|off&#8221; admin_label=&#8221;Contact&#8221; _builder_version=&#8221;4.25.2&#8243; header_2_font=&#8221;Open semi bold||||||||&#8221; header_2_font_size=&#8221;12px&#8221; header_2_line_height=&#8221;1.4em&#8221; background_color=&#8221;#ffe3ab&#8221; min_height=&#8221;61.5px&#8221; custom_margin=&#8221;||||false|false&#8221; custom_padding=&#8221;30px|20px|30px|20px|false|true&#8221; animation_style=&#8221;slide&#8221; animation_direction=&#8221;bottom&#8221; border_width_top=&#8221;5px&#8221; border_color_top=&#8221;#f8ac11&#8243; locked=&#8221;off&#8221; global_colors_info=&#8221;{}&#8221;]<\/p>\n<h5 style=\"text-align: left;\"><strong>Nous contacter :<\/strong><\/h5>\n<ul>\n<li>Adresse mail &gt; <a href=\"mailto:cdd@cannespaysdelerins.fr\"><span style=\"color: #008080;\">cdd@cannespaysdelerins.fr<\/span><\/a><\/li>\n<\/ul>\n<p>[\/et_pb_text][et_pb_text disabled_on=&#8221;off|on|on&#8221; admin_label=&#8221;Contact&#8221; _builder_version=&#8221;4.21.0&#8243; header_2_font=&#8221;Open semi bold||||||||&#8221; header_2_font_size=&#8221;12px&#8221; header_2_line_height=&#8221;1.4em&#8221; background_color=&#8221;#ffe3ab&#8221; custom_margin=&#8221;||||false|false&#8221; custom_padding=&#8221;30px|20px|30px|20px|false|true&#8221; animation_style=&#8221;slide&#8221; animation_direction=&#8221;bottom&#8221; border_width_top=&#8221;5px&#8221; border_color_top=&#8221;#f8ac11&#8243; locked=&#8221;off&#8221; global_colors_info=&#8221;{}&#8221;]<\/p>\n<h5 style=\"text-align: left;\"><strong>Nous contacter :<\/strong><\/h5>\n<p>&#8211; Secr\u00e9tariat du Conseil de d\u00e9veloppement<\/p>\n<p><span style=\"color: #008080;\">04.89.82.27.57.<\/span><\/p>\n<p>&#8211; Adresse mail<\/p>\n<p><a href=\"mailto:cdd@cannespaysdelerins.fr\"><span style=\"color: #008080;\">cdd@cannespaysdelerins.fr<\/span><\/a><\/p>\n<p>[\/et_pb_text][\/et_pb_column][\/et_pb_row][\/et_pb_section]<\/p>\n","protected":false},"excerpt":{"rendered":"<p>Conseil de d\u00e9veloppement Cadre l\u00e9gal Conseil de d\u00e9veloppement Cannes L\u00e9rins <a href='https:\/\/cannespaysdelerins.fr\/index.php\/download\/49\/nouvelle-categorie\/19790\/trombinoscope-general-2025-1.pdf' class='icon-button download-icon'>T\u00e9l\u00e9charger Trombinoscope Conseil de D\u00e9veloppement<span class='et-icon'><\/span><\/a><a href='https:\/\/cannespaysdelerins.fr\/index.php\/download\/10\/publications\/16426\/delib-creation-conseil-de-developpement-cannes-lerins-17-07-2020.pdf\/' class='icon-button download-icon'>T\u00e9l\u00e9charger Cr\u00e9ation Conseil de D\u00e9veloppement Cannes L\u00e9rins<span class='et-icon'><\/span><\/a> &nbsp; <a href='https:\/\/cannespaysdelerins.fr\/index.php\/download\/10\/publications\/16425\/delib-composition-conseil-developpement-cannes-lerins-30-09-2020.pdf\/' class='icon-button download-icon'>T\u00e9l\u00e9charger Composition Conseil D\u00e9veloppement Cannes L\u00e9rins<span class='et-icon'><\/span><\/a> &nbsp; <a href='https:\/\/cannespaysdelerins.fr\/index.php\/download\/10\/publications\/16424\/delib-fonctionnement-conseil-de-developpement-cannes-lerins-15-04-2021.pdf\/' class='icon-button download-icon'>T\u00e9l\u00e9charger Fonctionnement Conseil de D\u00e9veloppement Cannes L\u00e9rins<span class='et-icon'><\/span><\/a><a href='' class='small-button smallblue'><\/a><\/p>\n","protected":false},"author":3,"featured_media":0,"parent":0,"menu_order":0,"comment_status":"closed","ping_status":"closed","template":"","meta":{"_et_pb_use_builder":"on","_et_pb_old_content":"","_et_gb_content_width":"","footnotes":""},"class_list":["post-15230","page","type-page","status-publish","hentry"],"_links":{"self":[{"href":"https:\/\/cannespaysdelerins.fr\/index.php\/wp-json\/wp\/v2\/pages\/15230","targetHints":{"allow":["GET"]}}],"collection":[{"href":"https:\/\/cannespaysdelerins.fr\/index.php\/wp-json\/wp\/v2\/pages"}],"about":[{"href":"https:\/\/cannespaysdelerins.fr\/index.php\/wp-json\/wp\/v2\/types\/page"}],"author":[{"embeddable":true,"href":"https:\/\/cannespaysdelerins.fr\/index.php\/wp-json\/wp\/v2\/users\/3"}],"replies":[{"embeddable":true,"href":"https:\/\/cannespaysdelerins.fr\/index.php\/wp-json\/wp\/v2\/comments?post=15230"}],"version-history":[{"count":65,"href":"https:\/\/cannespaysdelerins.fr\/index.php\/wp-json\/wp\/v2\/pages\/15230\/revisions"}],"predecessor-version":[{"id":21317,"href":"https:\/\/cannespaysdelerins.fr\/index.php\/wp-json\/wp\/v2\/pages\/15230\/revisions\/21317"}],"wp:attachment":[{"href":"https:\/\/cannespaysdelerins.fr\/index.php\/wp-json\/wp\/v2\/media?parent=15230"}],"curies":[{"name":"wp","href":"https:\/\/api.w.org\/{rel}","templated":true}]}}