{"id":1473,"date":"2019-10-02T16:51:44","date_gmt":"2019-10-02T16:51:44","guid":{"rendered":"https:\/\/cannespaysdelerins.fr\/?page_id=1473"},"modified":"2020-03-31T13:46:37","modified_gmt":"2020-03-31T13:46:37","slug":"historique","status":"publish","type":"page","link":"https:\/\/cannespaysdelerins.fr\/index.php\/historique\/","title":{"rendered":"Historique"},"content":{"rendered":"<p>[et_pb_section fb_built=&#8221;1&#8243; custom_padding_last_edited=&#8221;off|phone&#8221; disabled_on=&#8221;off|off|off&#8221; admin_label=&#8221;Header image&#8221; _builder_version=&#8221;3.29.3&#8243; background_image=&#8221;https:\/\/cannespaysdelerins.fr\/wp-content\/uploads\/2019\/10\/vis-historique03.jpg&#8221; parallax=&#8221;on&#8221; min_height=&#8221;700px&#8221; min_height_tablet=&#8221;&#8221; min_height_phone=&#8221;500px&#8221; min_height_last_edited=&#8221;on|desktop&#8221; custom_margin=&#8221;||||false|false&#8221; custom_margin_last_edited=&#8221;off|desktop&#8221; custom_padding=&#8221;||||false|false&#8221; custom_padding_phone=&#8221;||||true|false&#8221; animation_style=&#8221;fade&#8221; z_index=&#8221;0&#8243; collapsed=&#8221;on&#8221;][et_pb_row disabled_on=&#8221;off|off|off&#8221; admin_label=&#8221;Accroche DESKTOP&#8221; _builder_version=&#8221;3.29.3&#8243; background_color=&#8221;rgba(0,0,0,0)&#8221; custom_margin=&#8221;||||false|false&#8221;][et_pb_column type=&#8221;4_4&#8243; _builder_version=&#8221;3.29.3&#8243;][et_pb_text _builder_version=&#8221;3.29.3&#8243; header_font=&#8221;Open Light||||||||&#8221; header_text_align=&#8221;center&#8221; header_text_color=&#8221;#ffffff&#8221; header_font_size=&#8221;40px&#8221; header_letter_spacing=&#8221;1.5px&#8221; header_line_height=&#8221;1.3em&#8221; background_color=&#8221;rgba(22,56,81,0.64)&#8221; max_width=&#8221;300px&#8221; max_width_tablet=&#8221;&#8221; max_width_phone=&#8221;200px&#8221; max_width_last_edited=&#8221;on|phone&#8221; module_alignment=&#8221;center&#8221; custom_margin=&#8221;50px||||false|false&#8221; custom_margin_tablet=&#8221;&#8221; custom_margin_phone=&#8221;0px||||false|false&#8221; custom_margin_last_edited=&#8221;on|phone&#8221; custom_padding=&#8221;30px||30px||true|false&#8221; animation_style=&#8221;fade&#8221; animation_duration=&#8221;2000ms&#8221; header_font_size_tablet=&#8221;&#8221; header_font_size_phone=&#8221;25px&#8221; header_font_size_last_edited=&#8221;on|phone&#8221; header_line_height_tablet=&#8221;&#8221; header_line_height_phone=&#8221;1em&#8221; header_line_height_last_edited=&#8221;on|phone&#8221; border_radii=&#8221;on|6px|6px|6px|6px&#8221;]<\/p>\n<h1 style=\"text-align: center;\">Historique<\/h1>\n<p>[\/et_pb_text][\/et_pb_column][\/et_pb_row][\/et_pb_section][et_pb_section fb_built=&#8221;1&#8243; module_id=&#8221;historique&#8221; _builder_version=&#8221;3.29.3&#8243; background_color=&#8221;rgba(0,0,0,0)&#8221; custom_margin=&#8221;|40px||40px|false|true&#8221; custom_margin_tablet=&#8221;&#8221; custom_margin_phone=&#8221;|20px||20px|false|true&#8221; custom_margin_last_edited=&#8221;on|desktop&#8221; custom_padding=&#8221;0px||140px|||&#8221; animation_style=&#8221;slide&#8221; animation_direction=&#8221;bottom&#8221; animation_duration=&#8221;1550ms&#8221;][et_pb_row column_structure=&#8221;1_2,1_2&#8243; custom_padding_last_edited=&#8221;on|desktop&#8221; _builder_version=&#8221;3.29.3&#8243; background_color=&#8221;#ffffff&#8221; width_tablet=&#8221;90%&#8221; width_phone=&#8221;90%&#8221; width_last_edited=&#8221;on|desktop&#8221; max_width=&#8221;1200px&#8221; overflow-x=&#8221;visible&#8221; overflow-y=&#8221;visible&#8221; custom_margin=&#8221;-100px|auto||auto|false|false&#8221; custom_padding=&#8221;30px|30px|30px|30px|false|true&#8221; custom_padding_tablet=&#8221;|30px||30px|true|true&#8221; custom_padding_phone=&#8221;|0px||0px|false|false&#8221; animation_style=&#8221;fade&#8221; animation_duration=&#8221;2000ms&#8221; z_index=&#8221;0&#8243; box_shadow_style=&#8221;preset3&#8243; box_shadow_vertical=&#8221;40px&#8221; box_shadow_blur=&#8221;110px&#8221; box_shadow_spread=&#8221;0px&#8221; box_shadow_color=&#8221;rgba(131,146,167,0.5)&#8221; locked=&#8221;off&#8221; width__hover_enabled=&#8221;off&#8221;][et_pb_column type=&#8221;1_2&#8243; _builder_version=&#8221;3.29.3&#8243; background_color=&#8221;rgba(0,0,0,0)&#8221; custom_padding=&#8221;|30px||30px|false|true&#8221;][et_pb_image src=&#8221;https:\/\/cannespaysdelerins.fr\/wp-content\/uploads\/2019\/10\/carte-interco.png&#8221; align=&#8221;center&#8221; _builder_version=&#8221;3.29.3&#8243; custom_margin=&#8221;40px||||false|false&#8221;][\/et_pb_image][et_pb_divider show_divider=&#8221;off&#8221; _builder_version=&#8221;3.29.3&#8243;][\/et_pb_divider][\/et_pb_column][et_pb_column type=&#8221;1_2&#8243; _builder_version=&#8221;3.29.3&#8243; background_color=&#8221;#ffffff&#8221; custom_padding=&#8221;|30px||30px|true|true&#8221;][et_pb_text _builder_version=&#8221;4.0.2&#8243; text_font=&#8221;Open extrabold||||||||&#8221; text_font_size=&#8221;60px&#8221; header_font=&#8221;Open extrabold||||||||&#8221; header_text_color=&#8221;#999999&#8243; header_font_size=&#8221;60px&#8221; custom_margin=&#8221;20px||20px||false|false&#8221;]<\/p>\n<p><img loading=\"lazy\" decoding=\"async\" class=\"wp-image-6174 alignnone size-full aligncenter\" src=\"https:\/\/cannespaysdelerins.fr\/wp-content\/uploads\/2019\/11\/2.png\" alt=\"\" width=\"53\" height=\"53\" \/><\/p>\n<p>[\/et_pb_text][et_pb_text _builder_version=&#8221;4.0.6&#8243; text_font=&#8221;Open semi bold|||on|||||&#8221; text_font_size=&#8221;20px&#8221; header_2_font=&#8221;Open semi bold|||||on|||&#8221; header_2_text_color=&#8221;#666666&#8243; header_2_font_size=&#8221;20px&#8221; header_2_line_height=&#8221;1.4em&#8221; custom_margin=&#8221;0px||0px||false|false&#8221; custom_padding=&#8221;0px||0px||false|false&#8221; hover_enabled=&#8221;0&#8243;]<\/p>\n<h2 style=\"text-align: center;\">agglom\u00e9ration des alpes-maritimes<br \/>avec 160.557 habitants<\/h2>\n<p>[\/et_pb_text][et_pb_text _builder_version=&#8221;3.29.3&#8243; custom_margin=&#8221;15px||20px||false|false&#8221;]<\/p>\n<p><img loading=\"lazy\" decoding=\"async\" class=\"wp-image-1982 alignnone size-full aligncenter\" src=\"https:\/\/cannespaysdelerins.fr\/wp-content\/uploads\/2019\/10\/trait-rouge.png\" alt=\"\" width=\"80\" height=\"3\" \/><\/p>\n<p>[\/et_pb_text][et_pb_divider show_divider=&#8221;off&#8221; _builder_version=&#8221;3.29.3&#8243;][\/et_pb_divider][et_pb_text _builder_version=&#8221;4.0.2&#8243;]<\/p>\n<p style=\"text-align: justify;\">Cr\u00e9\u00e9e le 1<sup>er<\/sup> janvier 2014, l\u2019Agglom\u00e9ration Cannes L\u00e9rins regroupe les communes de Cannes, Le Cannet, Mougins, Mandelieu-La Napoule et Th\u00e9oule-sur-Mer. Une nouvelle entit\u00e9, qui r\u00e9pond \u00e0 la loi sur la r\u00e9forme territoriale.<\/p>\n<p style=\"text-align: justify;\">\u00c0 travers Cannes L\u00e9rins, l\u2019objectif est simple : r\u00e9duire les co\u00fbts et am\u00e9liorer les conditions de vie des habitants pour en faire un territoire prosp\u00e8re et de \u00abbien-\u00eatre\u00bb ! La r\u00e9ussite de l\u2019intercommunalit\u00e9 repose sur l\u2019\u00e9laboration d\u2019un v\u00e9ritable projet de territoire fond\u00e9 sur une identit\u00e9 et un patrimoine fort des communes la composant, ainsi que d\u2019un h\u00e9ritage historique, culturel et \u00e9conomique.<\/p>\n<p>[\/et_pb_text][\/et_pb_column][\/et_pb_row][\/et_pb_section]<\/p>\n","protected":false},"excerpt":{"rendered":"<p>Cr\u00e9\u00e9e le 1er janvier 2014, l\u2019Agglom\u00e9ration Cannes L\u00e9rins regroupe les communes de Cannes, Le Cannet, Mougins, Mandelieu-La Napoule et Th\u00e9oule-sur-Mer. Une nouvelle entit\u00e9, qui r\u00e9pond \u00e0 la loi sur la r\u00e9forme territoriale.<\/p>\n","protected":false},"author":8,"featured_media":3006,"parent":0,"menu_order":0,"comment_status":"closed","ping_status":"closed","template":"","meta":{"_et_pb_use_builder":"on","_et_pb_old_content":"","_et_gb_content_width":"","footnotes":""},"class_list":["post-1473","page","type-page","status-publish","has-post-thumbnail","hentry"],"_links":{"self":[{"href":"https:\/\/cannespaysdelerins.fr\/index.php\/wp-json\/wp\/v2\/pages\/1473","targetHints":{"allow":["GET"]}}],"collection":[{"href":"https:\/\/cannespaysdelerins.fr\/index.php\/wp-json\/wp\/v2\/pages"}],"about":[{"href":"https:\/\/cannespaysdelerins.fr\/index.php\/wp-json\/wp\/v2\/types\/page"}],"author":[{"embeddable":true,"href":"https:\/\/cannespaysdelerins.fr\/index.php\/wp-json\/wp\/v2\/users\/8"}],"replies":[{"embeddable":true,"href":"https:\/\/cannespaysdelerins.fr\/index.php\/wp-json\/wp\/v2\/comments?post=1473"}],"version-history":[{"count":128,"href":"https:\/\/cannespaysdelerins.fr\/index.php\/wp-json\/wp\/v2\/pages\/1473\/revisions"}],"predecessor-version":[{"id":7213,"href":"https:\/\/cannespaysdelerins.fr\/index.php\/wp-json\/wp\/v2\/pages\/1473\/revisions\/7213"}],"wp:featuredmedia":[{"embeddable":true,"href":"https:\/\/cannespaysdelerins.fr\/index.php\/wp-json\/wp\/v2\/media\/3006"}],"wp:attachment":[{"href":"https:\/\/cannespaysdelerins.fr\/index.php\/wp-json\/wp\/v2\/media?parent=1473"}],"curies":[{"name":"wp","href":"https:\/\/api.w.org\/{rel}","templated":true}]}}