{"id":13475,"date":"2022-03-03T16:59:13","date_gmt":"2022-03-03T16:59:13","guid":{"rendered":"https:\/\/cannespaysdelerins.fr\/?page_id=13475"},"modified":"2022-06-13T13:49:34","modified_gmt":"2022-06-13T13:49:34","slug":"solidarite-ukraine","status":"publish","type":"page","link":"https:\/\/cannespaysdelerins.fr\/index.php\/solidarite-ukraine\/","title":{"rendered":"Solidarit\u00e9 Ukraine"},"content":{"rendered":"<p>[et_pb_section fb_built=&#8221;1&#8243; custom_padding_last_edited=&#8221;off|phone&#8221; disabled_on=&#8221;on|off|off&#8221; admin_label=&#8221;Header image&#8221; _builder_version=&#8221;4.5.1&#8243; background_image=&#8221;https:\/\/cannespaysdelerins.fr\/wp-content\/uploads\/2022\/03\/shutterstock_2128864238-scaled.jpg&#8221; parallax=&#8221;on&#8221; z_index=&#8221;0&#8243; min_height=&#8221;700px&#8221; min_height_tablet=&#8221;&#8221; min_height_phone=&#8221;500px&#8221; min_height_last_edited=&#8221;on|desktop&#8221; custom_margin=&#8221;||||false|false&#8221; custom_margin_last_edited=&#8221;off|desktop&#8221; custom_padding=&#8221;||||false|false&#8221; custom_padding_phone=&#8221;||||true|false&#8221; animation_style=&#8221;fade&#8221; collapsed=&#8221;off&#8221;][et_pb_row make_equal=&#8221;on&#8221; disabled_on=&#8221;off|off|off&#8221; admin_label=&#8221;Accroche DESKTOP&#8221; _builder_version=&#8221;4.5.1&#8243; background_color=&#8221;rgba(0,0,0,0)&#8221; custom_margin=&#8221;10%||5%||false|false&#8221;][et_pb_column type=&#8221;4_4&#8243; _builder_version=&#8221;3.29.3&#8243;][et_pb_text _builder_version=&#8221;4.5.1&#8243; header_font=&#8221;Open Light||||||||&#8221; header_text_align=&#8221;center&#8221; header_text_color=&#8221;#ffffff&#8221; header_font_size=&#8221;40px&#8221; header_letter_spacing=&#8221;1.5px&#8221; header_line_height=&#8221;1.6em&#8221; background_color=&#8221;rgba(22,56,81,0.64)&#8221; max_width=&#8221;500px&#8221; max_width_tablet=&#8221;&#8221; max_width_phone=&#8221;250px&#8221; max_width_last_edited=&#8221;on|desktop&#8221; module_alignment=&#8221;center&#8221; custom_margin=&#8221;||||false|false&#8221; custom_margin_phone=&#8221;0px||||false|false&#8221; custom_margin_last_edited=&#8221;off|phone&#8221; custom_padding=&#8221;30px||30px||true|false&#8221; animation_style=&#8221;fade&#8221; animation_duration=&#8221;2000ms&#8221; header_font_size_tablet=&#8221;&#8221; header_font_size_phone=&#8221;25px&#8221; header_font_size_last_edited=&#8221;on|phone&#8221; header_line_height_tablet=&#8221;&#8221; header_line_height_phone=&#8221;1em&#8221; header_line_height_last_edited=&#8221;on|phone&#8221; border_radii=&#8221;on|6px|6px|6px|6px&#8221;]<\/p>\n<h1 style=\"text-align: center;\">Solidarit\u00e9 Ukraine<\/h1>\n<p>[\/et_pb_text][et_pb_text disabled_on=&#8221;on|on|on&#8221; _builder_version=&#8221;4.5.1&#8243; header_font=&#8221;Open Light||||||||&#8221; header_text_align=&#8221;center&#8221; header_text_color=&#8221;#ffffff&#8221; header_font_size=&#8221;40px&#8221; header_letter_spacing=&#8221;1.5px&#8221; header_line_height=&#8221;1.6em&#8221; background_color=&#8221;rgba(22,56,81,0.64)&#8221; max_width=&#8221;300px&#8221; max_width_tablet=&#8221;&#8221; max_width_phone=&#8221;250px&#8221; max_width_last_edited=&#8221;on|phone&#8221; module_alignment=&#8221;center&#8221; custom_margin=&#8221;50px||||false|false&#8221; custom_margin_tablet=&#8221;&#8221; custom_margin_phone=&#8221;0px||||false|false&#8221; custom_margin_last_edited=&#8221;on|phone&#8221; custom_padding=&#8221;30px||30px||true|false&#8221; animation_style=&#8221;fade&#8221; animation_duration=&#8221;2000ms&#8221; header_font_size_tablet=&#8221;&#8221; header_font_size_phone=&#8221;25px&#8221; header_font_size_last_edited=&#8221;on|phone&#8221; header_line_height_tablet=&#8221;&#8221; header_line_height_phone=&#8221;1em&#8221; header_line_height_last_edited=&#8221;on|phone&#8221; border_radii=&#8221;on|6px|6px|6px|6px&#8221; disabled=&#8221;on&#8221;]<\/p>\n<h1 style=\"text-align: center;\">Solidarit\u00e9 Ukraine<\/h1>\n<p>[\/et_pb_text][\/et_pb_column][\/et_pb_row][\/et_pb_section][et_pb_section fb_built=&#8221;1&#8243; custom_padding_last_edited=&#8221;off|phone&#8221; disabled_on=&#8221;off|on|on&#8221; admin_label=&#8221;Header image smartphone&#8221; _builder_version=&#8221;4.5.1&#8243; background_image=&#8221;https:\/\/cannespaysdelerins.fr\/wp-content\/uploads\/2022\/03\/shutterstock_2128864238-scaled.jpg&#8221; parallax=&#8221;on&#8221; z_index=&#8221;0&#8243; min_height=&#8221;700px&#8221; min_height_tablet=&#8221;&#8221; min_height_phone=&#8221;500px&#8221; min_height_last_edited=&#8221;on|desktop&#8221; custom_margin=&#8221;||||false|false&#8221; custom_margin_last_edited=&#8221;off|desktop&#8221; custom_padding=&#8221;||||false|false&#8221; custom_padding_phone=&#8221;||||true|false&#8221; animation_style=&#8221;fade&#8221; collapsed=&#8221;off&#8221;][et_pb_row make_equal=&#8221;on&#8221; disabled_on=&#8221;off|off|off&#8221; admin_label=&#8221;Accroche DESKTOP&#8221; _builder_version=&#8221;4.5.1&#8243; background_color=&#8221;rgba(0,0,0,0)&#8221; custom_margin=&#8221;15%||5%||false|false&#8221;][et_pb_column type=&#8221;4_4&#8243; _builder_version=&#8221;4.5.1&#8243; custom_padding=&#8221;||||false|false&#8221;][et_pb_text _builder_version=&#8221;4.5.1&#8243; header_font=&#8221;Open Light||||||||&#8221; header_text_align=&#8221;center&#8221; header_text_color=&#8221;#ffffff&#8221; header_font_size=&#8221;40px&#8221; header_letter_spacing=&#8221;1.6px&#8221; header_line_height=&#8221;1.6em&#8221; background_color=&#8221;rgba(22,56,81,0.64)&#8221; max_width=&#8221;250px&#8221; max_width_tablet=&#8221;&#8221; max_width_phone=&#8221;250px&#8221; max_width_last_edited=&#8221;on|phone&#8221; module_alignment=&#8221;center&#8221; custom_margin=&#8221;||||false|false&#8221; custom_margin_phone=&#8221;50px||||false|false&#8221; custom_margin_last_edited=&#8221;off|desktop&#8221; custom_padding=&#8221;30px||30px||true|false&#8221; animation_style=&#8221;fade&#8221; animation_duration=&#8221;2000ms&#8221; header_font_size_tablet=&#8221;&#8221; header_font_size_phone=&#8221;25px&#8221; header_font_size_last_edited=&#8221;on|phone&#8221; header_line_height_tablet=&#8221;&#8221; header_line_height_phone=&#8221;1em&#8221; header_line_height_last_edited=&#8221;on|phone&#8221; border_radii=&#8221;on|6px|6px|6px|6px&#8221;]<\/p>\n<h1 style=\"text-align: center;\">Solidarit\u00e9 Ukraine<\/h1>\n<p>[\/et_pb_text][\/et_pb_column][\/et_pb_row][\/et_pb_section][et_pb_section fb_built=&#8221;1&#8243; _builder_version=&#8221;3.29.3&#8243; background_image=&#8221;https:\/\/cannespaysdelerins.fr\/wp-content\/uploads\/2019\/10\/frise-communes1200.png&#8221; background_size=&#8221;initial&#8221; custom_margin=&#8221;||||false|false&#8221; custom_padding=&#8221;||||false|false&#8221; collapsed=&#8221;off&#8221;][et_pb_row column_structure=&#8221;1_2,1_2&#8243; use_custom_gutter=&#8221;on&#8221; _builder_version=&#8221;4.5.1&#8243; max_width=&#8221;900px&#8221; animation_style=&#8221;fade&#8221; collapsed=&#8221;off&#8221;][et_pb_column type=&#8221;1_2&#8243; _builder_version=&#8221;3.29.3&#8243;][et_pb_image src=&#8221;https:\/\/cannespaysdelerins.fr\/wp-content\/uploads\/2022\/03\/Logo-Cannes-Lerins_UKR.jpg&#8221; title_text=&#8221;Logo Cannes L\u00e9rins_UKR&#8221; _builder_version=&#8221;4.5.1&#8243; _module_preset=&#8221;default&#8221;][\/et_pb_image][\/et_pb_column][et_pb_column type=&#8221;1_2&#8243; _builder_version=&#8221;3.29.3&#8243;][et_pb_text content_tablet=&#8221;<\/p>\n<h1 style=%22text-align: center;%22>Les mesures prisent par l\u2019Agglom\u00e9ration Cannes L\u00e9rins face \u00e0 l\u2019\u00e9pid\u00e9mie du Covid-19<\/h1>\n<p>&#8221; content_phone=&#8221;<\/p>\n<h1 style=%22text-align: center;%22>Les mesures prisent par l\u2019Agglom\u00e9ration Cannes L\u00e9rins face \u00e0 l\u2019\u00e9pid\u00e9mie du Covid-19<\/h1>\n<p>&#8221; content_last_edited=&#8221;on|desktop&#8221; admin_label=&#8221;titre&#8221; _builder_version=&#8221;4.5.1&#8243; header_font=&#8221;Open regular||||||||&#8221; header_text_align=&#8221;left&#8221; header_text_color=&#8221;#666666&#8243; header_font_size=&#8221;25px&#8221; header_line_height=&#8221;1.7em&#8221; background_enable_color=&#8221;off&#8221; custom_margin=&#8221;||||false|false&#8221; custom_padding=&#8221;||||false|false&#8221;]<\/p>\n<h1>\u00a0<\/h1>\n<h1 style=\"text-align: left;\">Mesures prises par les communes de l&#8217;Agglom\u00e9ration Cannes L\u00e9rins pour venir en aide au peuple ukrainien :<\/h1>\n<p>[\/et_pb_text][\/et_pb_column][\/et_pb_row][\/et_pb_section][et_pb_section fb_built=&#8221;1&#8243; _builder_version=&#8221;3.29.3&#8243; background_image=&#8221;https:\/\/cannespaysdelerins.fr\/wp-content\/uploads\/2019\/10\/frise-communes1200.png&#8221; background_size=&#8221;initial&#8221; custom_margin=&#8221;||||false|false&#8221; custom_padding=&#8221;||||false|false&#8221; collapsed=&#8221;off&#8221;][et_pb_row use_custom_gutter=&#8221;on&#8221; _builder_version=&#8221;3.29.3&#8243; max_width=&#8221;900px&#8221; animation_style=&#8221;fade&#8221;][et_pb_column type=&#8221;4_4&#8243; _builder_version=&#8221;3.29.3&#8243;][et_pb_accordion db_closeable=&#8221;on&#8221; use_icon_font_size=&#8221;on&#8221; _builder_version=&#8221;4.5.1&#8243; background_enable_color=&#8221;off&#8221; custom_padding=&#8221;|40px|40px|40px|false|true&#8221; custom_padding_tablet=&#8221;&#8221; custom_padding_phone=&#8221;|10px|10px|10px|false|true&#8221; custom_padding_last_edited=&#8221;on|phone&#8221; hover_enabled=&#8221;0&#8243;][et_pb_accordion_item title=&#8221;CANNES&#8221; open=&#8221;on&#8221; closed_toggle_text_color=&#8221;#ffffff&#8221; closed_toggle_background_color=&#8221;#ed7d31&#8243; _builder_version=&#8221;4.5.1&#8243; hover_enabled=&#8221;0&#8243; open_use_icon_font_size=&#8221;off&#8221;]<\/p>\n<p>Pour r\u00e9pondre aux besoins humanitaires li\u00e9s \u00e0 l\u2019arriv\u00e9e des r\u00e9fugi\u00e9s ukrainiens sur le territoire fran\u00e7ais, la Mairie de Cannes a ouvert une permanence administrative consulaire pour accompagner les familles dans leurs d\u00e9marches.<\/p>\n<p style=\"text-align: center;\"><span style=\"color: #ffff00;\"><a href='https:\/\/www.cannes.com\/fr\/dossiers-cannes-com\/annee-2022\/aide-aux-refugies-ukrainiens.html' class='small-button smallblue' target=\"_blank\">Plus d&#8217;infos<\/a> <\/span><\/p>\n<p>[\/et_pb_accordion_item][et_pb_accordion_item title=&#8221;MANDELIEU-LA NAPOULE&#8221; closed_toggle_text_color=&#8221;#ffffff&#8221; closed_toggle_background_color=&#8221;#0070c0&#8243; content_last_edited=&#8221;off|desktop&#8221; _builder_version=&#8221;4.5.1&#8243; open_use_icon_font_size=&#8221;off&#8221; open=&#8221;off&#8221;]<\/p>\n<p>En solidarit\u00e9 avec le peuple Ukrainien, la Ville de Mandelieu-La Napoule met en place une collecte de produits de premi\u00e8re n\u00e9cessit\u00e9, coordonn\u00e9e par le Centre Communal d&#8217;Action Sociale, \u00e0 l\u2019Espace Maurice Muller \u00e0 partir du jeudi 3 mars.<br \/>Les dons seront ensuite achemin\u00e9s en Ukraine avec le concours du Secours Civil-Cannes L\u00e9rins.<\/p>\n<p align=\"center\"><strong>Du lundi au vendredi de 10h \u00e0 17h sans interruption<br \/>Espace Maurice Muller : 20, avenue du G\u00e9n\u00e9ral de Gaulle (bord de mer)<br \/>T\u00e9l. : 06 10 88 20 61<\/strong><\/p>\n<p>La liste des produits souhait\u00e9e par l\u2019Ambassade d\u2019Ukraine :<\/p>\n<ul>\n<li>Couvertures thermiques, sacs de couchage, plaids ;<\/li>\n<li>Gels douche, dentifrices et brosses, couches, serviettes en papier, antiseptique, alcool, masques r\u00e9utilisables et jetables ;<\/li>\n<li>Tentes, lits de camp, serviettes en microfibre, sets de vaisselle r\u00e9utilisables ; piles, bougies, torches ;<\/li>\n<li>Alimentation : eau, aliments instantan\u00e9s, barres \u00e9nerg\u00e9tiques, fruits secs, noix, conserves, p\u00e2tes, c\u00e9r\u00e9ales instantan\u00e9es.<\/li>\n<\/ul>\n<p class=\"is-invalid-label\">Important : seuls les produits list\u00e9s ci-dessus seront accept\u00e9s.<\/p>\n<p>Concernant les dons financiers, l\u2019ambassade d\u2019Ukraine en France a donn\u00e9 plusieurs liens sur son compte Facebook<\/p>\n<p><span class=\"badge\">&gt;<\/span> <a href=\"https:\/\/www.facebook.com\/100068964167595\/posts\/258467436462060\" target=\"_blank\" rel=\"noopener\"> https:\/\/www.facebook.com\/<\/a><\/p>\n<p>Vous pouvez \u00e9galement faire un don \u00e0 la Protection Civile :<\/p>\n<p><span class=\"badge\">&gt;<\/span> <a href=\"https:\/\/don.protection-civile.org\/?fbclid=IwAR0D6y4o9XmZA9c5xqATUGdko_AzIN96km4vt6Oukg6zjT3-oJbGy3flB9o\" target=\"_blank\" rel=\"noopener\">https:\/\/don.protection-civile.org<\/a><\/p>\n<p>[\/et_pb_accordion_item][et_pb_accordion_item title=&#8221;MOUGINS&#8221; closed_toggle_text_color=&#8221;#ffffff&#8221; closed_toggle_background_color=&#8221;#70ad47&#8243; _builder_version=&#8221;4.5.1&#8243; toggle_level=&#8221;h1&#8243; toggle_font=&#8221;||||||||&#8221; open_use_icon_font_size=&#8221;off&#8221; open=&#8221;off&#8221;]<\/p>\n<p>La Ville de Mougins lance une collecte afin d\u2019apporter tout son soutien au peuple ukrainien dans le confit qui l\u2019oppose \u00e0 la Russie depuis le 24 f\u00e9vrier.<\/p>\n<p>Selon la liste des besoins r\u00e9f\u00e9renc\u00e9s par l\u2019Ambassade d\u2019Ukraine en France afin d\u2019aider et secourir au mieux les populations civiles la municipalit\u00e9 mouginoise organise ainsi la collecte des produits de premi\u00e8re n\u00e9cessit\u00e9 et d\u2019hygi\u00e8ne mentionn\u00e9s ci-dessous :<\/p>\n<ul class=\"disc\">\n<li>Gel douche, dentifrice, brosses \u00e0 dents, couches, serviettes hygi\u00e9niques, coton, serviettes en papier, antiseptique, alcool m\u00e9dical, masques r\u00e9utilisables et jetables<\/li>\n<li>Piles, bougies et lampes torches<\/li>\n<li>Produits alimentaires : eau, barres \u00e9nerg\u00e9tiques, fruits secs, noix, conserves, p\u00e2tes, riz, vermicelles, c\u00e9r\u00e9ales, etc.<\/li>\n<li>Produits destin\u00e9s aux nourrissons (boites de lait, petits pots, couches, lingettes, cotons\u2026)<\/li>\n<\/ul>\n<p>Attention, seuls les articles et produits figurant dans cette liste seront accept\u00e9s.<\/p>\n<p>&nbsp;<\/p>\n<h3><strong>Points de collectes<\/strong><\/h3>\n<p>Les Mouginois qui souhaitent participer peuvent donc d\u00e8s \u00e0 pr\u00e9sent se rendre aux diff\u00e9rents points de collectes de 9h \u00e0 16h30 :<\/p>\n<ul>\n<li>Centre administratif (72, chemin de l\u2019Horizon)<\/li>\n<li>Services techniques (330, avenue de la Plaine)<\/li>\n<li>CCAS (38, avenue de Tournamy)<\/li>\n<li>M\u00e9diath\u00e8que (galerie de Tournamy)<\/li>\n<li>Mairie annexe de Mougins-le-Haut (16, place des Arcades)<\/li>\n<li>Sc\u00e8ne 55 (55 Chemin de Faissole)<\/li>\n<li>Service des sports \u2013 complexe du Font de l\u2019Orme (50, all\u00e9e Pierre de Coubertin)<\/li>\n<li>Guichet unique (Complexe sportif Roger Duhalde, 1735 avenue Notre Dame de Vie)<\/li>\n<\/ul>\n<p>Et aussi dans les deux enseignes Carrefour Market de Mougins :<\/p>\n<ul>\n<li>Carrefour Market Tournamy (rond-point de Tournamy), \u00e0 partir du mercredi 2 mars jusqu\u2019au mercredi 9 mars (sauf dimanche) de 9h \u00e0 18h.<\/li>\n<li>Carrefour Market Blanchisserie (chemin du Refuge), mercredi 2, jeudi 3, lundi 7, mardi 8 et mercredi 9 mars, de 9h \u00e0 18h.<\/li>\n<\/ul>\n<p>Merci \u00e0 l\u2019ensemble des Mouginois, aux \u00e9quipes municipales et aux volontaires de la R\u00e9serve Communale de S\u00e9curit\u00e9 Civile de Mougins engag\u00e9s dans cet \u00e9lan de solidarit\u00e9.<\/p>\n<h3>\u00a0<\/h3>\n<h3><strong>Accueil des r\u00e9fugi\u00e9s : remplissez le formulaire<\/strong><\/h3>\n<p>En ce qui concerne sp\u00e9cifiquement l\u2019accueil des r\u00e9fugi\u00e9s, nous invitons les Mouginoises et Mouginois qui souhaitent participer \u00e0 cette mobilisation et proposer une solution d\u2019h\u00e9bergement, \u00e0 remplir le <a href=\"https:\/\/zfrmz.eu\/ec7ibFQZvnp5OiXr7DOV\">formulaire en ligne<\/a>.<\/p>\n<p>Pour tout renseignement, contactez le : 04 92 92 48 00<\/p>\n<h4>\u00a0<\/h4>\n<p>[\/et_pb_accordion_item][et_pb_accordion_item title=&#8221;LE CANNET&#8221; closed_toggle_text_color=&#8221;#ffffff&#8221; closed_toggle_background_color=&#8221;#70ad47&#8243; _builder_version=&#8221;4.5.1&#8243; open_use_icon_font_size=&#8221;off&#8221; open=&#8221;off&#8221;]<\/p>\n<div id=\"sp-message-area\" class=\"span12\">\n<section id=\"sp-component-area-wrapper\" class=\" \">\n<div id=\"component-area\" class=\"row-fluid\">\n<div id=\"sp-component-area\" class=\"span12\">\n<section id=\"sp-component-wrapper\">\n<div id=\"sp-component\">\n<article class=\"item-page post-1114 post hentry status-publish category-news \">\n<section class=\"entry-content\">\n<p>En plus de d\u00e9bloquer la somme de 100 000 \u20ac, qui sera vers\u00e9e \u00e0 des organismes sp\u00e9cialement d\u00e9di\u00e9s au soutien des r\u00e9fugi\u00e9s Ukrainiens, la ville du Cannet participe \u00e0 l&#8217;immense \u00e9lan de soutien au peuple ukrainien. Pour rendre concr\u00e8te cette aide et r\u00e9pondre aux nombreuses priorit\u00e9s :<\/p>\n<p><strong>Dons num\u00e9raires &gt;\u00a0<\/strong> afin de r\u00e9pondre \u00e0 l\u2019urgence, les personnes qui le souhaitent, peuvent apporter une aide num\u00e9raire dans le cadre de la collecte de dons organis\u00e9e. Des urnes sont \u00e0 votre disposition \u00e0 l\u2019H\u00f4tel de ville au Cannet-centre, au Centre administratif \u00e0 Rocheville et au Centre administratif de Garibondy, dons accept\u00e9s uniquement par ch\u00e8que \u00e0 l\u2019ordre du Tr\u00e9sor Public.<\/p>\n<p><strong>H\u00e9bergements<\/strong> &gt; les habitants du Cannet qui disposent de capacit\u00e9s d\u2019h\u00e9bergement pour les r\u00e9fugi\u00e9s ukrainiens peuvent se faire conna\u00eetre en mairie du Cannet<\/p>\n<p><strong>Pour toute question, un num\u00e9ro est \u00e0 la disposition des habitants : 04 92 18 20 00<\/strong><\/p>\n<\/section>\n<\/article>\n<\/div>\n<\/section>\n<\/div>\n<\/div>\n<\/section>\n<\/div>\n<p>[\/et_pb_accordion_item][et_pb_accordion_item title=&#8221;THEOULE-SUR-MER&#8221; closed_toggle_text_color=&#8221;#ffffff&#8221; closed_toggle_background_color=&#8221;#ff7c80&#8243; _builder_version=&#8221;4.5.1&#8243; open_use_icon_font_size=&#8221;off&#8221; open=&#8221;off&#8221;]<\/p>\n<div class=\"post-wrap\">\n<div class=\"post-content entry-content\">\n<div class=\"kvgmc6g5 cxmmr5t8 oygrvhab hcukyx3x c1et5uql ii04i59q\">\n<div dir=\"auto\">APPEL AUX DONS<\/div>\n<div dir=\"auto\">Des membres d\u2019Action solidarit\u00e9 pompiers de Th\u00e9oule dont son pr\u00e9sident Jean-Fran\u00e7ois FIORINA et une douzaine de pompiers sauveteurs, <span class=\"d2edcug0 hpfvmrgz qv66sw1b c1et5uql lr9zc1uh a8c37x1j fe6kdd0r mau55g9w c8b282yb keod5gw0 nxhoafnm aigsh9s9 d3f4x2em iv3no6db jq4qci2q a3bd9o3v b1v8xokw oo9gr5id hzawbc8m\" dir=\"auto\">partent en Pologne \u00e0 la limite de la zone de conflit pour venir en renfort<\/span> de leurs coll\u00e8gues ukrainiens. L\u2019association Ulysse du ma\u00eetre-chien Patrick VILLARDRY est \u00e9galement partie prenante de cette action organis\u00e9e avec les autorit\u00e9s ukrainiennes et l\u2019ambassade de France.<\/div>\n<div dir=\"auto\">Ces hommes sont aguerris \u00e0 des situations dangereuses et d\u2019urgence et ont la capacit\u00e9 d\u2019intervenir sur les catastrophes en aide et en soin \u00e0 la population et \u00e9galement de r\u00e9aliser les recherches dans les d\u00e9combres avec les ma\u00eetres-chiens ou encore d\u2019effectuer des d\u00e9sincarc\u00e9rations.<\/div>\n<div dir=\"auto\">Le convoi est constitu\u00e9 au total de 15 v\u00e9hicules qu\u2019ils \u00e9quipent enti\u00e8rement pour leurs coll\u00e8gues ukrainiens. Ils ont besoin cruellement de mat\u00e9riel m\u00e9dical et de dons pour financer les d\u00e9placements et les interventions sur place dans le but de pouvoir tenir le temps qu\u2019il faut pour soutenir les coll\u00e8gues et les sinistr\u00e9s.<\/div>\n<div dir=\"auto\">\u00a0<\/div>\n<div dir=\"auto\">Afin de les aider dans l\u2019organisation de cette mission, nous organisons la r\u00e9colte de vos dons en Mairie de Th\u00e9oule-sur-Mer puis nous remettrons le tout \u00e0 l\u2019association avant son d\u00e9part. Vous pouvez d\u00e9poser vos contributions aupr\u00e8s de Florent Belmessieri du lundi 8 mars au vendredi 12 mars de 9h \u00e0 12h et de 13h30 \u00e0 17h.<\/div>\n<div dir=\"auto\">\u00a0<\/div>\n<div dir=\"auto\">Nous vous prions de bien vouloir respecter les besoins mentionn\u00e9s ci-dessous qui seuls seront achemin\u00e9s par les pompiers :<\/div>\n<div dir=\"auto\">\u2022 Compresses st\u00e9riles<\/div>\n<div dir=\"auto\">\u2022 Kit de bandage d\u2019urgence st\u00e9rile et non st\u00e9rile<\/div>\n<div dir=\"auto\">\u2022 Attelles modelables<\/div>\n<div dir=\"auto\">\u2022 Couverture de survie<\/div>\n<div dir=\"auto\">\u2022 Garrot tourniquet<\/div>\n<div dir=\"auto\">\u2022 Sparadrap<\/div>\n<div dir=\"auto\">\u2022 Trousses h\u00e9morragie type urgence-Attentat individuelle<\/div>\n<div dir=\"auto\">\u2022 Sac \u00e0 dos m\u00e9dicaux de secours<\/div>\n<div dir=\"auto\">\u2022 Kit ambu\/BAVU et oxyg\u00e8ne<\/div>\n<div dir=\"auto\">\u2022 Saturom\u00e8tres<\/div>\n<div dir=\"auto\">\u2022 Civi\u00e8res\/Brancards pliables<\/div>\n<div dir=\"auto\">\u2022 Matelas coquilles<\/div>\n<div dir=\"auto\">\u2022 D\u00e9tecteur CO<\/div>\n<div dir=\"auto\">\u2022 D\u00e9fibrillateur automatique<\/div>\n<div dir=\"auto\">\u2022 M\u00e9dicaments m\u00eame p\u00e9rim\u00e9s<\/div>\n<div dir=\"auto\">\u00a0<\/div>\n<div dir=\"auto\">Ou encore faire un don financier en cliquant sur ce lien<\/div>\n<div dir=\"auto\"><a href=\"https:\/\/aspt.s2.yapla.com\/fr\/campaign-3973\/detail\/convoi-humanitaire-vers-lukraine\/3973\" target=\"_blank\" rel=\"noopener\">https:\/\/aspt.s2.yapla.com\/fr\/campaign-3973\/detail\/convoi-humanitaire-vers-lukraine\/3973<\/a><\/div>\n<\/div>\n<p>Pour plus d\u2019informations : Kathy Labarre 06 60 41 74 53. <a href=\"https:\/\/www.facebook.com\/labarrevecma\/videos\/354783849821928\" target=\"_blank\" rel=\"noopener\">Mieux comprendre la mission cliquez ici<\/a><\/p>\n<div dir=\"auto\">\u00a0<\/div>\n<div dir=\"auto\"><strong>RECENSEMENT DES LOGEMENTS DISPONIBLES<\/strong><\/div>\n<div dir=\"auto\">En solidarit\u00e9 envers le peuple Ukrainien, la ville de Th\u00e9oule-sur-Mer recense la capacit\u00e9 en h\u00e9bergement d\u2019urgence afin d\u2019accueillir des r\u00e9fugi\u00e9s ukrainiens.<\/div>\n<div dir=\"auto\">Si vous disposez d\u2019un logement vacant, n\u2019h\u00e9sitez pas \u00e0 contacter le CCAS au 04.92.97.47.74 afin que nous r\u00e9pertorions toutes les possibilit\u00e9s d\u2019h\u00e9bergement avant transmission en Pr\u00e9fecture.<\/div>\n<div dir=\"auto\">Nous vous remercions de votre solidarit\u00e9.<\/div>\n<\/div>\n<\/div>\n<p>[\/et_pb_accordion_item][\/et_pb_accordion][\/et_pb_column][\/et_pb_row][\/et_pb_section]<\/p>\n","protected":false},"excerpt":{"rendered":"<p>Solidarit\u00e9 UkraineSolidarit\u00e9 UkraineSolidarit\u00e9 Ukraine\u00a0 Mesures prises par les communes de l&#8217;Agglom\u00e9ration Cannes L\u00e9rins pour venir en aide au peuple ukrainien :Pour r\u00e9pondre aux besoins humanitaires li\u00e9s \u00e0 l\u2019arriv\u00e9e des r\u00e9fugi\u00e9s ukrainiens sur le territoire fran\u00e7ais, la Mairie de Cannes a ouvert une permanence administrative consulaire pour accompagner les familles dans leurs d\u00e9marches. <a href='https:\/\/www.cannes.com\/fr\/dossiers-cannes-com\/annee-2022\/aide-aux-refugies-ukrainiens.html' class='small-button smallblue' target=\"_blank\"><\/a> [&hellip;]<\/p>\n","protected":false},"author":3,"featured_media":0,"parent":0,"menu_order":0,"comment_status":"closed","ping_status":"closed","template":"","meta":{"_et_pb_use_builder":"on","_et_pb_old_content":"","_et_gb_content_width":"","footnotes":""},"class_list":["post-13475","page","type-page","status-publish","hentry"],"_links":{"self":[{"href":"https:\/\/cannespaysdelerins.fr\/index.php\/wp-json\/wp\/v2\/pages\/13475","targetHints":{"allow":["GET"]}}],"collection":[{"href":"https:\/\/cannespaysdelerins.fr\/index.php\/wp-json\/wp\/v2\/pages"}],"about":[{"href":"https:\/\/cannespaysdelerins.fr\/index.php\/wp-json\/wp\/v2\/types\/page"}],"author":[{"embeddable":true,"href":"https:\/\/cannespaysdelerins.fr\/index.php\/wp-json\/wp\/v2\/users\/3"}],"replies":[{"embeddable":true,"href":"https:\/\/cannespaysdelerins.fr\/index.php\/wp-json\/wp\/v2\/comments?post=13475"}],"version-history":[{"count":27,"href":"https:\/\/cannespaysdelerins.fr\/index.php\/wp-json\/wp\/v2\/pages\/13475\/revisions"}],"predecessor-version":[{"id":13823,"href":"https:\/\/cannespaysdelerins.fr\/index.php\/wp-json\/wp\/v2\/pages\/13475\/revisions\/13823"}],"wp:attachment":[{"href":"https:\/\/cannespaysdelerins.fr\/index.php\/wp-json\/wp\/v2\/media?parent=13475"}],"curies":[{"name":"wp","href":"https:\/\/api.w.org\/{rel}","templated":true}]}}