{"id":13267,"date":"2022-02-04T17:10:37","date_gmt":"2022-02-04T17:10:37","guid":{"rendered":"https:\/\/cannespaysdelerins.fr\/?page_id=13267"},"modified":"2022-02-15T16:20:30","modified_gmt":"2022-02-15T16:20:30","slug":"donnees-personnelles","status":"publish","type":"page","link":"https:\/\/cannespaysdelerins.fr\/index.php\/donnees-personnelles\/","title":{"rendered":"Donn\u00e9es personnelles"},"content":{"rendered":"<p>[et_pb_section fb_built=&#8221;1&#8243; custom_padding_last_edited=&#8221;off|phone&#8221; disabled_on=&#8221;on|off|off&#8221; admin_label=&#8221;Header image&#8221; _builder_version=&#8221;4.0.2&#8243; background_image=&#8221;https:\/\/cannespaysdelerins.fr\/wp-content\/uploads\/2019\/11\/vis-homepage02.jpg&#8221; parallax=&#8221;on&#8221; z_index=&#8221;0&#8243; min_height=&#8221;800px&#8221; min_height_tablet=&#8221;&#8221; min_height_phone=&#8221;500px&#8221; min_height_last_edited=&#8221;on|phone&#8221; custom_margin=&#8221;||||false|false&#8221; custom_margin_last_edited=&#8221;off|desktop&#8221; custom_padding=&#8221;||||false|false&#8221; custom_padding_phone=&#8221;||||true|false&#8221; animation_style=&#8221;fade&#8221; collapsed=&#8221;off&#8221;][et_pb_row disabled_on=&#8221;off|off|off&#8221; admin_label=&#8221;Accroche DESKTOP&#8221; _builder_version=&#8221;3.29.3&#8243; background_color=&#8221;rgba(0,0,0,0)&#8221; custom_margin=&#8221;||||false|false&#8221;][et_pb_column type=&#8221;4_4&#8243; _builder_version=&#8221;3.29.3&#8243;][et_pb_text _builder_version=&#8221;4.5.1&#8243; header_font=&#8221;Open Light||||||||&#8221; header_text_align=&#8221;center&#8221; header_text_color=&#8221;#ffffff&#8221; header_font_size=&#8221;40px&#8221; header_letter_spacing=&#8221;1.5px&#8221; header_line_height=&#8221;1.3em&#8221; background_color=&#8221;rgba(0,0,0,0.49)&#8221; max_width=&#8221;400px&#8221; max_width_tablet=&#8221;&#8221; max_width_phone=&#8221;200px&#8221; max_width_last_edited=&#8221;on|phone&#8221; module_alignment=&#8221;center&#8221; custom_margin=&#8221;100px||||false|false&#8221; custom_margin_phone=&#8221;0px||||false|false&#8221; custom_margin_last_edited=&#8221;off|desktop&#8221; custom_padding=&#8221;30px||30px||true|false&#8221; animation_style=&#8221;fade&#8221; animation_duration=&#8221;2000ms&#8221; header_font_size_tablet=&#8221;&#8221; header_font_size_phone=&#8221;25px&#8221; header_font_size_last_edited=&#8221;on|phone&#8221; header_line_height_tablet=&#8221;&#8221; header_line_height_phone=&#8221;1em&#8221; header_line_height_last_edited=&#8221;on|phone&#8221; border_radii=&#8221;on|6px|6px|6px|6px&#8221;]<\/p>\n<h1 style=\"text-align: center;\">Donn\u00e9es personnelles<\/h1>\n<p>[\/et_pb_text][\/et_pb_column][\/et_pb_row][\/et_pb_section][et_pb_section fb_built=&#8221;1&#8243; custom_padding_last_edited=&#8221;off|phone&#8221; disabled_on=&#8221;off|on|on&#8221; admin_label=&#8221;Header image smartphone&#8221; _builder_version=&#8221;4.0.2&#8243; background_image=&#8221;https:\/\/cannespaysdelerins.fr\/wp-content\/uploads\/2019\/11\/vis-homepage-smart01.jpg&#8221; parallax=&#8221;on&#8221; z_index=&#8221;0&#8243; min_height=&#8221;700px&#8221; min_height_tablet=&#8221;&#8221; min_height_phone=&#8221;500px&#8221; min_height_last_edited=&#8221;on|desktop&#8221; custom_margin=&#8221;||||false|false&#8221; custom_margin_last_edited=&#8221;off|desktop&#8221; custom_padding=&#8221;||||false|false&#8221; custom_padding_phone=&#8221;||||true|false&#8221; animation_style=&#8221;fade&#8221; collapsed=&#8221;off&#8221;][et_pb_row disabled_on=&#8221;off|off|off&#8221; admin_label=&#8221;Accroche DESKTOP&#8221; _builder_version=&#8221;3.29.3&#8243; background_color=&#8221;rgba(0,0,0,0)&#8221; custom_margin=&#8221;||||false|false&#8221;][et_pb_column type=&#8221;4_4&#8243; _builder_version=&#8221;3.29.3&#8243;][et_pb_text _builder_version=&#8221;4.5.1&#8243; header_font=&#8221;Open Light||||||||&#8221; header_text_align=&#8221;center&#8221; header_text_color=&#8221;#ffffff&#8221; header_font_size=&#8221;40px&#8221; header_letter_spacing=&#8221;1.5px&#8221; header_line_height=&#8221;1.3em&#8221; background_color=&#8221;rgba(0,0,0,0.49)&#8221; max_width=&#8221;300px&#8221; max_width_tablet=&#8221;&#8221; max_width_phone=&#8221;200px&#8221; max_width_last_edited=&#8221;on|phone&#8221; module_alignment=&#8221;center&#8221; custom_margin=&#8221;50px||||false|false&#8221; custom_margin_tablet=&#8221;&#8221; custom_margin_phone=&#8221;50px||||false|false&#8221; custom_margin_last_edited=&#8221;on|phone&#8221; custom_padding=&#8221;20px|20px|20px|20px|true|true&#8221; animation_style=&#8221;fade&#8221; animation_duration=&#8221;2000ms&#8221; header_font_size_tablet=&#8221;&#8221; header_font_size_phone=&#8221;25px&#8221; header_font_size_last_edited=&#8221;on|phone&#8221; header_line_height_tablet=&#8221;&#8221; header_line_height_phone=&#8221;1em&#8221; header_line_height_last_edited=&#8221;on|phone&#8221; border_radii=&#8221;on|6px|6px|6px|6px&#8221;]<\/p>\n<h1 style=\"text-align: center;\">Donn\u00e9es personnelles<\/h1>\n<p>[\/et_pb_text][\/et_pb_column][\/et_pb_row][\/et_pb_section][et_pb_section fb_built=&#8221;1&#8243; _builder_version=&#8221;3.29.3&#8243; background_color=&#8221;rgba(0,0,0,0)&#8221; custom_margin=&#8221;|40px||40px|false|true&#8221; custom_margin_tablet=&#8221;&#8221; custom_margin_phone=&#8221;|20px||20px|false|true&#8221; custom_margin_last_edited=&#8221;on|desktop&#8221; custom_padding=&#8221;0px||140px||false|false&#8221; animation_style=&#8221;slide&#8221; animation_direction=&#8221;bottom&#8221; animation_duration=&#8221;1550ms&#8221;][et_pb_row custom_padding_last_edited=&#8221;on|desktop&#8221; _builder_version=&#8221;4.0.2&#8243; background_color=&#8221;#ffffff&#8221; z_index=&#8221;0&#8243; width_tablet=&#8221;90%&#8221; width_phone=&#8221;90%&#8221; width_last_edited=&#8221;on|desktop&#8221; max_width=&#8221;900px&#8221; overflow-x=&#8221;visible&#8221; overflow-y=&#8221;visible&#8221; custom_margin=&#8221;-100px|auto||auto|false|false&#8221; custom_padding=&#8221;50px|20px|50px|20px|true|true&#8221; custom_padding_tablet=&#8221;|30px||30px|true|true&#8221; custom_padding_phone=&#8221;|0px||0px|false|false&#8221; animation_style=&#8221;fade&#8221; animation_duration=&#8221;2000ms&#8221; box_shadow_style=&#8221;preset3&#8243; box_shadow_vertical=&#8221;40px&#8221; box_shadow_blur=&#8221;110px&#8221; box_shadow_spread=&#8221;0px&#8221; box_shadow_color=&#8221;rgba(131,146,167,0.5)&#8221; locked=&#8221;off&#8221; width__hover_enabled=&#8221;off&#8221;][et_pb_column type=&#8221;4_4&#8243; _builder_version=&#8221;3.29.3&#8243; background_color=&#8221;rgba(0,0,0,0)&#8221; custom_padding=&#8221;|30px||30px|false|true&#8221;][et_pb_text admin_label=&#8221;Titre&#8221; _builder_version=&#8221;4.5.1&#8243; _module_preset=&#8221;default&#8221;]<\/p>\n<h1 class=\"titre_bloc\">Politique de Gestion des Donn\u00e9es \u00e0 Caract\u00e8re Personnel<\/h1>\n<p>[\/et_pb_text][et_pb_text _builder_version=&#8221;4.5.1&#8243; _module_preset=&#8221;default&#8221; hover_enabled=&#8221;0&#8243;]<\/p>\n<h5>\u00a0<\/h5>\n<h5>Abr\u00e9viations<\/h5>\n<ul>\n<li><strong>DCP<\/strong> : Donn\u00e9es \u00e0 Caract\u00e8re Personnel<\/li>\n<li><strong>RGPD<\/strong> : R\u00e8glement G\u00e9n\u00e9ral sur la Protection des Donn\u00e9es<\/li>\n<li><strong>CNIL<\/strong> : Commission Nationale de l\u2019Informatique et des Libert\u00e9s<\/li>\n<li><strong>DPD\/DPO<\/strong> : D\u00e9l\u00e9gu\u00e9 \u00e0 la Protection des Donn\u00e9es \/ Data Protection Officer.<\/li>\n<\/ul>\n<p>&nbsp;<\/p>\n<p>La pr\u00e9sente politique de gestion des Donn\u00e9es \u00e0 Caract\u00e8re Personnel (DCP) d\u00e9crit la mani\u00e8re dont sont trait\u00e9es vos donn\u00e9es dans le cadre de l\u2019utilisation du site internet de l&#8217;Agglom\u00e9ration Cannes L\u00e9rins <a href=\"https:\/\/cannespaysdelerins.fr\/\">https:\/\/cannespaysdelerins.fr\/<\/a>, en conformit\u00e9 avec le R\u00e8glement europ\u00e9en 2016\/679 du 27 avril 2016 relatif \u00e0 la protection des donn\u00e9es (dit \u00ab RGPD \u00bb) et \u00e0 la loi n\u00b0 78-17 du 06 janvier 1978 modifi\u00e9e, relative \u00e0 l\u2019Informatique, aux Fichiers et aux Libert\u00e9s (dite \u00ab loi Informatique et Libert\u00e9s \u00bb).<\/p>\n<p>L&#8217;Agglom\u00e9ration Cannes L\u00e9rins, en sa qualit\u00e9 de responsable de traitement, est attach\u00e9e \u00e0 la protection de la vie priv\u00e9e des personnes et s\u2019engage \u00e0 prendre toutes les garanties qui s\u2019imposent pour assurer un niveau de protection \u00e9lev\u00e9 de vos DCP. Elle d\u00e9termine les finalit\u00e9s et les moyens des traitements qu\u2019elle met en \u0153uvre.<\/p>\n<p>Le respect des r\u00e8gles de protection des DCP appara\u00eet comme un v\u00e9ritable facteur de transparence et de confiance \u00e0 votre \u00e9gard.<\/p>\n<p>&nbsp;<\/p>\n<p>[\/et_pb_text][et_pb_text admin_label=&#8221;Titre&#8221; _builder_version=&#8221;4.5.1&#8243;]<\/p>\n<h3>Engagements de l&#8217;Agglom\u00e9ration en mati\u00e8re de donn\u00e9es \u00e0 caract\u00e8re personnel<\/h3>\n<p>[\/et_pb_text][et_pb_text _builder_version=&#8221;4.5.1&#8243; hover_enabled=&#8221;0&#8243;]<\/p>\n<p>L&#8217;Agglom\u00e9ration Cannes L\u00e9rins s\u2019engage \u00e0 ce que le traitement de vos DCP, effectu\u00e9 \u00e0 partir de son site internet <a href=\"https:\/\/cannespaysdelerins.fr\/\">https:\/\/cannespaysdelerins.fr\/<\/a>, soit conforme au RGPD et \u00e0 la loi Informatique et Libert\u00e9s. Elle s&#8217;engage \u00e0 garantir un niveau de protection \u00e9lev\u00e9 de vos DCP et \u00e0 les traiter de mani\u00e8re licite, loyale et transparente.<\/p>\n<p>Chaque formulaire \u00e9lectronique ou t\u00e9l\u00e9service limite la collecte des DCP au strict n\u00e9cessaire, au regard des finalit\u00e9s pour lesquelles elles sont trait\u00e9es et indique clairement :<\/p>\n<ul>\n<li>l\u2019objectif du recueil de vos donn\u00e9es\u00a0;<\/li>\n<li>le fondement juridique du traitement\u00a0;<\/li>\n<li>si ces donn\u00e9es sont obligatoires ou facultatives pour la gestion de votre demande, ainsi que les cons\u00e9quences \u00e9ventuelles d\u2019un d\u00e9faut de r\u00e9ponse ;<\/li>\n<li>qui pourra en prendre connaissance\u00a0;<\/li>\n<li>la dur\u00e9e de conservation de ces donn\u00e9es\u00a0;<\/li>\n<li>vos droits sur vos donn\u00e9es et la fa\u00e7on de les exercer aupr\u00e8s de l&#8217;Agglom\u00e9ration.<\/li>\n<\/ul>\n<h5>\u00a0<\/h5>\n<h5>Collecter vos donn\u00e9es pour des finalit\u00e9s d\u00e9termin\u00e9es, explicites et l\u00e9gitimes<\/h5>\n<p>Vos DCP sont collect\u00e9es pour des finalit\u00e9s d\u00e9termin\u00e9es, explicites et l\u00e9gitimes &#8211; toujours en lien avec les missions de service public poursuivies par l&#8217;Agglom\u00e9ration Cannes L\u00e9rins &#8211; et ne sont pas trait\u00e9es ult\u00e9rieurement d&#8217;une mani\u00e8re incompatible avec ces finalit\u00e9s.<\/p>\n<h5>Recueillir votre consentement pr\u00e9alable<\/h5>\n<p>Dans le cadre de l\u2019utilisation du site internet de Cannes L\u00e9rins, le traitement de vos DCP repose sur votre consentement, que vous pouvez retirer \u00e0 tout moment en adressant un courrier \u00e9lectronique au D\u00e9l\u00e9gu\u00e9 \u00e0 la Protection des Donn\u00e9es (DPD) de l&#8217;Agglom\u00e9ration : <a href=\"mailto:rgpd@cannespaysdelerins.fr\">rgpd@cannespaysdelerins.fr<\/a><\/p>\n<h5>Minimiser les donn\u00e9es collect\u00e9es<\/h5>\n<p>Vos DCP sont collect\u00e9es de mani\u00e8re ad\u00e9quate et pertinente, au regard des finalit\u00e9s poursuivies. Elles sont limit\u00e9es au strict n\u00e9cessaire quant \u00e0 la r\u00e9alisation des finalit\u00e9s pour lesquelles elles sont trait\u00e9es.<\/p>\n<h5>Limiter les acc\u00e9dants et destinataires de vos donn\u00e9es<\/h5>\n<p>Seuls les personnels habilit\u00e9s de l&#8217;Agglom\u00e9ration Cannes L\u00e9rins ont acc\u00e8s \u00e0 vos DCP, dans le strict cadre de leurs fonctions. Ils ne peuvent avoir acc\u00e8s qu\u2019aux seules DCP n\u00e9cessaires \u00e0 l\u2019ex\u00e9cution de leurs missions. Le cas \u00e9ch\u00e9ant, seuls des destinataires habilit\u00e9s (personne physique ou morale, autorit\u00e9 publique, service ou autre organisme), des tiers autoris\u00e9s et des sous-traitants de l&#8217;Agglom\u00e9ration (qui traitent des DCP pour le compte de Cannes L\u00e9rins, sur ses instructions et sous son autorit\u00e9), pourront \u00eatre destinataires de vos DCP, dans le strict respect des r\u00e8gles de protection des DCP.<\/p>\n<h5>Conserver vos donn\u00e9es de mani\u00e8re illimit\u00e9e<\/h5>\n<p>Vos DCP sont conserv\u00e9es le temps n\u00e9cessaire \u00e0 la r\u00e9alisation des finalit\u00e9s poursuivies (finalit\u00e9s pour lesquelles vos donn\u00e9es ont \u00e9t\u00e9 collect\u00e9es) et selon des modalit\u00e9s conformes aux r\u00e8gles de protection des donn\u00e9es.<\/p>\n<h5>Garantir une s\u00e9curit\u00e9 adapt\u00e9e<\/h5>\n<p>L&#8217;Agglom\u00e9ration Cannes L\u00e9rins met en \u0153uvre les mesures techniques et organisationnelles appropri\u00e9es afin de :<\/p>\n<ul>\n<li>garantir un niveau de s\u00e9curit\u00e9 adapt\u00e9 au risque inh\u00e9rent \u00e0 ses op\u00e9rations de traitement de DCP ;<\/li>\n<li>r\u00e9pondre aux exigences r\u00e8glementaires en mati\u00e8re de protection de DCP ;<\/li>\n<li>prot\u00e9ger vos droits et vos donn\u00e9es d\u00e8s la conception des op\u00e9rations de traitement.<\/li>\n<\/ul>\n<p>Le cas \u00e9ch\u00e9ant, des clauses fortes en mati\u00e8re de protection de DCP et de confidentialit\u00e9 sont mises en place dans le cadre des contrat\/convention\/engagement\/accord pass\u00e9s avec les destinataires et sous-traitants des DCP concern\u00e9es. Les DCP vous concernant sont trait\u00e9es sur le territoire fran\u00e7ais, ou \u00e0 tout le moins sur le territoire de l\u2019Union Europ\u00e9enne. Si des DCP devaient \u00eatre trait\u00e9es dans un pays tiers, l&#8217;Agglom\u00e9ration s\u2019engage \u00e0 s\u2019assurer que le pays tiers concern\u00e9 pr\u00e9sente des garanties permettant d\u2019assurer un niveau de protection des donn\u00e9es suffisant et appropri\u00e9, dans le respect du RGPD et notamment des dispositions relatives au transfert des DCP vers des pays tiers.<\/p>\n<h5>Respecter vos droits<\/h5>\n<p>Conform\u00e9ment au RGPD et \u00e0 la loi Informatique et Libert\u00e9s, vous pouvez acc\u00e9der aux donn\u00e9es vous concernant et demander leur rectification et leur effacement. Vous disposez \u00e9galement d\u2019un droit \u00e0 la portabilit\u00e9 de vos donn\u00e9es, d\u2019un droit \u00e0 la limitation du traitement de vos donn\u00e9es et du droit d\u2019organiser le sort de vos donn\u00e9es post-mortem.<\/p>\n<p>&nbsp;<\/p>\n<p>[\/et_pb_text][et_pb_text admin_label=&#8221;Titre&#8221; _builder_version=&#8221;4.5.1&#8243;]<\/p>\n<h3>Exercice de vos droit sur les DCP vous concernant<\/h3>\n<p>[\/et_pb_text][et_pb_text _builder_version=&#8221;4.5.1&#8243; hover_enabled=&#8221;0&#8243;]<\/p>\n<p>Pour exercer vos droits ou pour toute question sur le traitement de vos donn\u00e9es dans le cadre de l\u2019utilisation du site internet de l&#8217;Agglom\u00e9ration Cannes L\u00e9rins, nous vous invitons \u00e0 contacter notre DPD : <a href=\"mailto:rgpd@cannespaysdelerins.fr\">rgpd@cannespaysdelerins.fr<\/a><\/p>\n<p>Vous pouvez adresser une r\u00e9clamation &#8211;<em>en ligne ou par voie postale <\/em>&#8211; aupr\u00e8s de la CNIL si vous estimez &#8211; <em>apr\u00e8s avoir contact\u00e9 notre DPD <\/em>&#8211; que vos droits ne sont pas respect\u00e9s ou que le traitement mis en \u0153uvre n\u2019est pas conforme aux r\u00e8gles de protection des donn\u00e9es.<\/p>\n<p><strong>Commission Nationale de l&#8217;Informatique et des Libert\u00e9s (CNIL)<\/strong>\u00a0:<br \/>3 Place de Fontenoy &#8211; TSA 80715 &#8211; 75334 PARIS CEDEX 07<br \/>Tel.: 01 53 73 22 22<br \/><a href=\"https:\/\/www.cnil.fr\">www.cnil.fr<\/a><\/p>\n<p>[\/et_pb_text][\/et_pb_column][\/et_pb_row][\/et_pb_section]<\/p>\n","protected":false},"excerpt":{"rendered":"<p>Donn\u00e9es personnellesDonn\u00e9es personnellesPolitique de Gestion des Donn\u00e9es \u00e0 Caract\u00e8re Personnel\u00a0 Abr\u00e9viations DCP : Donn\u00e9es \u00e0 Caract\u00e8re Personnel RGPD : R\u00e8glement G\u00e9n\u00e9ral sur la Protection des Donn\u00e9es CNIL : Commission Nationale de l\u2019Informatique et des Libert\u00e9s DPD\/DPO : D\u00e9l\u00e9gu\u00e9 \u00e0 la Protection des Donn\u00e9es \/ Data Protection Officer. &nbsp; La pr\u00e9sente politique de gestion des Donn\u00e9es [&hellip;]<\/p>\n","protected":false},"author":3,"featured_media":0,"parent":0,"menu_order":0,"comment_status":"closed","ping_status":"closed","template":"","meta":{"_et_pb_use_builder":"on","_et_pb_old_content":"","_et_gb_content_width":"","footnotes":""},"class_list":["post-13267","page","type-page","status-publish","hentry"],"_links":{"self":[{"href":"https:\/\/cannespaysdelerins.fr\/index.php\/wp-json\/wp\/v2\/pages\/13267","targetHints":{"allow":["GET"]}}],"collection":[{"href":"https:\/\/cannespaysdelerins.fr\/index.php\/wp-json\/wp\/v2\/pages"}],"about":[{"href":"https:\/\/cannespaysdelerins.fr\/index.php\/wp-json\/wp\/v2\/types\/page"}],"author":[{"embeddable":true,"href":"https:\/\/cannespaysdelerins.fr\/index.php\/wp-json\/wp\/v2\/users\/3"}],"replies":[{"embeddable":true,"href":"https:\/\/cannespaysdelerins.fr\/index.php\/wp-json\/wp\/v2\/comments?post=13267"}],"version-history":[{"count":8,"href":"https:\/\/cannespaysdelerins.fr\/index.php\/wp-json\/wp\/v2\/pages\/13267\/revisions"}],"predecessor-version":[{"id":13395,"href":"https:\/\/cannespaysdelerins.fr\/index.php\/wp-json\/wp\/v2\/pages\/13267\/revisions\/13395"}],"wp:attachment":[{"href":"https:\/\/cannespaysdelerins.fr\/index.php\/wp-json\/wp\/v2\/media?parent=13267"}],"curies":[{"name":"wp","href":"https:\/\/api.w.org\/{rel}","templated":true}]}}