{"id":13048,"date":"2021-12-31T11:22:04","date_gmt":"2021-12-31T11:22:04","guid":{"rendered":"https:\/\/cannespaysdelerins.fr\/?page_id=13048"},"modified":"2026-01-02T10:43:26","modified_gmt":"2026-01-02T10:43:26","slug":"agriculture","status":"publish","type":"page","link":"https:\/\/cannespaysdelerins.fr\/index.php\/agriculture\/","title":{"rendered":"Agriculture"},"content":{"rendered":"<p>[et_pb_section fb_built=&#8221;1&#8243; custom_padding_last_edited=&#8221;off|phone&#8221; disabled_on=&#8221;on|off|off&#8221; admin_label=&#8221;Header image&#8221; _builder_version=&#8221;4.16&#8243; background_image=&#8221;https:\/\/cannespaysdelerins.fr\/wp-content\/uploads\/2021\/11\/BVS_5.jpg&#8221; parallax=&#8221;on&#8221; z_index=&#8221;0&#8243; min_height=&#8221;700px&#8221; min_height_tablet=&#8221;&#8221; min_height_phone=&#8221;500px&#8221; min_height_last_edited=&#8221;on|desktop&#8221; custom_margin=&#8221;||||false|false&#8221; custom_margin_last_edited=&#8221;off|desktop&#8221; custom_padding=&#8221;||||false|false&#8221; custom_padding_phone=&#8221;||||true|false&#8221; animation_style=&#8221;fade&#8221; collapsed=&#8221;off&#8221; global_colors_info=&#8221;{}&#8221;][et_pb_row disabled_on=&#8221;off|off|off&#8221; admin_label=&#8221;Accroche DESKTOP&#8221; _builder_version=&#8221;4.16&#8243; background_color=&#8221;rgba(0,0,0,0)&#8221; custom_margin=&#8221;||||false|false&#8221; global_colors_info=&#8221;{}&#8221;][et_pb_column type=&#8221;4_4&#8243; _builder_version=&#8221;4.16&#8243; global_colors_info=&#8221;{}&#8221;][et_pb_text _builder_version=&#8221;4.16&#8243; header_font=&#8221;Open Light||||||||&#8221; header_text_align=&#8221;center&#8221; header_text_color=&#8221;#ffffff&#8221; header_font_size=&#8221;40px&#8221; header_letter_spacing=&#8221;1.5px&#8221; header_line_height=&#8221;1.6em&#8221; background_color=&#8221;rgba(22,56,81,0.64)&#8221; max_width=&#8221;500px&#8221; max_width_tablet=&#8221;&#8221; max_width_phone=&#8221;250px&#8221; max_width_last_edited=&#8221;on|phone&#8221; module_alignment=&#8221;center&#8221; custom_margin=&#8221;50px||||false|false&#8221; custom_margin_tablet=&#8221;&#8221; custom_margin_phone=&#8221;0px||||false|false&#8221; custom_margin_last_edited=&#8221;on|phone&#8221; custom_padding=&#8221;30px||30px||true|false&#8221; animation_style=&#8221;fade&#8221; animation_duration=&#8221;2000ms&#8221; header_font_size_tablet=&#8221;&#8221; header_font_size_phone=&#8221;25px&#8221; header_font_size_last_edited=&#8221;on|phone&#8221; header_line_height_tablet=&#8221;&#8221; header_line_height_phone=&#8221;1em&#8221; header_line_height_last_edited=&#8221;on|phone&#8221; border_radii=&#8221;on|6px|6px|6px|6px&#8221; global_colors_info=&#8221;{}&#8221;]<\/p>\n<h1 style=\"text-align: center;\">Agriculture<\/h1>\n<p>[\/et_pb_text][\/et_pb_column][\/et_pb_row][\/et_pb_section][et_pb_section fb_built=&#8221;1&#8243; custom_padding_last_edited=&#8221;off|phone&#8221; disabled_on=&#8221;off|on|on&#8221; admin_label=&#8221;Header image smartphone&#8221; _builder_version=&#8221;4.16&#8243; background_image=&#8221;https:\/\/cannespaysdelerins.fr\/wp-content\/uploads\/2021\/11\/BVS_5.jpg&#8221; parallax=&#8221;on&#8221; z_index=&#8221;0&#8243; min_height=&#8221;700px&#8221; min_height_tablet=&#8221;&#8221; min_height_phone=&#8221;500px&#8221; min_height_last_edited=&#8221;on|desktop&#8221; custom_margin=&#8221;||||false|false&#8221; custom_margin_last_edited=&#8221;off|desktop&#8221; custom_padding=&#8221;||||false|false&#8221; custom_padding_phone=&#8221;||||true|false&#8221; animation_style=&#8221;fade&#8221; collapsed=&#8221;off&#8221; global_colors_info=&#8221;{}&#8221;][et_pb_row disabled_on=&#8221;off|off|off&#8221; admin_label=&#8221;Accroche DESKTOP&#8221; _builder_version=&#8221;4.16&#8243; background_color=&#8221;rgba(0,0,0,0)&#8221; custom_margin=&#8221;||||false|false&#8221; global_colors_info=&#8221;{}&#8221;][et_pb_column type=&#8221;4_4&#8243; _builder_version=&#8221;4.16&#8243; global_colors_info=&#8221;{}&#8221;][et_pb_text _builder_version=&#8221;4.16&#8243; header_font=&#8221;Open Light||||||||&#8221; header_text_align=&#8221;center&#8221; header_text_color=&#8221;#ffffff&#8221; header_font_size=&#8221;40px&#8221; header_letter_spacing=&#8221;1.6px&#8221; header_line_height=&#8221;1.6em&#8221; background_color=&#8221;rgba(22,56,81,0.64)&#8221; max_width=&#8221;250px&#8221; max_width_tablet=&#8221;&#8221; max_width_phone=&#8221;250px&#8221; max_width_last_edited=&#8221;on|phone&#8221; module_alignment=&#8221;center&#8221; custom_margin=&#8221;50px||||false|false&#8221; custom_margin_tablet=&#8221;&#8221; custom_margin_phone=&#8221;50px||||false|false&#8221; custom_margin_last_edited=&#8221;on|phone&#8221; custom_padding=&#8221;30px||30px||true|false&#8221; animation_style=&#8221;fade&#8221; animation_duration=&#8221;2000ms&#8221; header_font_size_tablet=&#8221;&#8221; header_font_size_phone=&#8221;25px&#8221; header_font_size_last_edited=&#8221;on|phone&#8221; header_line_height_tablet=&#8221;&#8221; header_line_height_phone=&#8221;1em&#8221; header_line_height_last_edited=&#8221;on|phone&#8221; border_radii=&#8221;on|6px|6px|6px|6px&#8221; global_colors_info=&#8221;{}&#8221;]<\/p>\n<h1 style=\"text-align: center;\">Agriculture<\/h1>\n<p>[\/et_pb_text][\/et_pb_column][\/et_pb_row][\/et_pb_section][et_pb_section fb_built=&#8221;1&#8243; _builder_version=&#8221;4.16&#8243; background_image=&#8221;https:\/\/cannespaysdelerins.fr\/wp-content\/uploads\/2019\/10\/frise-communes1200.png&#8221; background_size=&#8221;initial&#8221; custom_margin=&#8221;||||false|false&#8221; custom_padding=&#8221;||||false|false&#8221; global_colors_info=&#8221;{}&#8221;][et_pb_row column_structure=&#8221;1_2,1_2&#8243; use_custom_gutter=&#8221;on&#8221; disabled_on=&#8221;on|on|on&#8221; admin_label=&#8221;Actualit\u00e9&#8221; _builder_version=&#8221;4.16&#8243; background_color=&#8221;rgba(0,0,0,0)&#8221; max_width=&#8221;900px&#8221; animation_style=&#8221;fade&#8221; disabled=&#8221;on&#8221; global_colors_info=&#8221;{}&#8221;][et_pb_column type=&#8221;1_2&#8243; _builder_version=&#8221;4.16&#8243; global_colors_info=&#8221;{}&#8221;][et_pb_text admin_label=&#8221;Texte&#8221; _builder_version=&#8221;4.16&#8243; header_font=&#8221;Open regular||||||||&#8221; header_text_align=&#8221;left&#8221; header_text_color=&#8221;#666666&#8243; header_font_size=&#8221;25px&#8221; header_line_height=&#8221;1.4em&#8221; background_enable_color=&#8221;off&#8221; custom_margin=&#8221;||||false|false&#8221; custom_padding=&#8221;||||false|false&#8221; global_colors_info=&#8221;{}&#8221;]<\/p>\n<h1 style=\"text-align: left;\">Conf\u00e9rence &#8220;R\u00e9silience alimentaire&#8221;<\/h1>\n<p>[\/et_pb_text][et_pb_text _builder_version=&#8221;4.16&#8243; global_colors_info=&#8221;{}&#8221;]<\/p>\n<p>Le lundi 27 mars 2023, \u00e0 17h00 au Th\u00e9\u00e2tre de Grasse, le <span style=\"text-decoration: underline;\">P\u00f4le M\u00e9tropolitain CAP AZUR<\/span> organise une grande conf\u00e9rence autour de la r\u00e9silience alimentaire, au cours de laquelle seront notamment abord\u00e9es les probl\u00e9matiques suivantes :<\/p>\n<ul>\n<li><strong><span class=\"css-901oao css-16my406 r-poiln3 r-bcqeeo r-qvutc0\">Nourrir les citoyens en 2030 : quels d\u00e9fis \u00e0 relever ?<\/span><\/strong><\/li>\n<li><strong><span class=\"css-901oao css-16my406 r-poiln3 r-bcqeeo r-qvutc0\">Comment passer \u00e0 l\u2019action ?<\/span><\/strong><\/li>\n<\/ul>\n<p>&gt; Conf\u00e9rence ouverte \u00e0 tous (<em>sur inscription<\/em>).<\/p>\n<p>[\/et_pb_text][\/et_pb_column][et_pb_column type=&#8221;1_2&#8243; _builder_version=&#8221;4.16&#8243; global_colors_info=&#8221;{}&#8221;][et_pb_image src=&#8221;https:\/\/cannespaysdelerins.fr\/wp-content\/uploads\/2023\/03\/Post-facebook-Conf-Cap-Azur-2023-scaled.jpg&#8221; title_text=&#8221;Post-facebook-Conf Cap Azur 2023&#8243; _builder_version=&#8221;4.16&#8243; animation_style=&#8221;slide&#8221; animation_direction=&#8221;right&#8221; global_colors_info=&#8221;{}&#8221;][\/et_pb_image][et_pb_button button_url=&#8221;https:\/\/docs.google.com\/forms\/d\/e\/1FAIpQLSdJDgfOwWm32egAUNa7e2mNS2vIb3li5TwiBULe8ZDp3mBQJQ\/viewform?fbclid=IwAR0zgBCyZpS8sTjd3f-WDuDqmKNPzqSNA7JZ0wFa0jDQ3JTQ_6j1dpSDB1E&#8221; button_text=&#8221;Inscription&#8221; _builder_version=&#8221;4.16&#8243; _module_preset=&#8221;default&#8221; custom_button=&#8221;on&#8221; button_text_color=&#8221;#000000&#8243; button_bg_color=&#8221;#7cda24&#8243; global_colors_info=&#8221;{}&#8221;][\/et_pb_button][\/et_pb_column][\/et_pb_row][et_pb_row column_structure=&#8221;1_2,1_2&#8243; use_custom_gutter=&#8221;on&#8221; admin_label=&#8221;Charte paysag\u00e8re&#8221; _builder_version=&#8221;4.16&#8243; background_color=&#8221;rgba(0,0,0,0)&#8221; max_width=&#8221;900px&#8221; animation_style=&#8221;fade&#8221; global_colors_info=&#8221;{}&#8221;][et_pb_column type=&#8221;1_2&#8243; _builder_version=&#8221;4.16&#8243; global_colors_info=&#8221;{}&#8221;][et_pb_divider color=&#8221;#5b8500&#8243; divider_style=&#8221;dotted&#8221; _builder_version=&#8221;4.16&#8243; _module_preset=&#8221;default&#8221; global_colors_info=&#8221;{}&#8221;][\/et_pb_divider][et_pb_image src=&#8221;https:\/\/cannespaysdelerins.fr\/wp-content\/uploads\/2024\/04\/Agriculture-nourriciere2-min-scaled.jpg&#8221; title_text=&#8221;Agriculture nourrici\u00e8re2-min&#8221; _builder_version=&#8221;4.24.2&#8243; _module_preset=&#8221;default&#8221; global_colors_info=&#8221;{}&#8221;][\/et_pb_image][et_pb_image src=&#8221;https:\/\/cannespaysdelerins.fr\/wp-content\/uploads\/2024\/04\/Agriculture-nourriciere4-min-scaled.jpg&#8221; title_text=&#8221;Agriculture nourrici\u00e8re4-min&#8221; _builder_version=&#8221;4.24.2&#8243; _module_preset=&#8221;default&#8221; global_colors_info=&#8221;{}&#8221;][\/et_pb_image][et_pb_image src=&#8221;https:\/\/cannespaysdelerins.fr\/wp-content\/uploads\/2021\/12\/DSC_5949.jpg&#8221; title_text=&#8221;DSC_5949&#8243; _builder_version=&#8221;4.16&#8243; _module_preset=&#8221;default&#8221; global_colors_info=&#8221;{}&#8221;][\/et_pb_image][\/et_pb_column][et_pb_column type=&#8221;1_2&#8243; _builder_version=&#8221;4.16&#8243; global_colors_info=&#8221;{}&#8221;][et_pb_text admin_label=&#8221;Texte&#8221; _builder_version=&#8221;4.16&#8243; header_font=&#8221;Open regular||||||||&#8221; header_text_align=&#8221;left&#8221; header_text_color=&#8221;#666666&#8243; header_font_size=&#8221;25px&#8221; header_line_height=&#8221;1.4em&#8221; background_enable_color=&#8221;off&#8221; custom_margin=&#8221;||||false|false&#8221; custom_padding=&#8221;||||false|false&#8221; global_colors_info=&#8221;{}&#8221;]<\/p>\n<h1 style=\"text-align: left;\">Charte paysag\u00e8re de la Basse Vall\u00e9e de la Siagne<\/h1>\n<p>[\/et_pb_text][et_pb_text _builder_version=&#8221;4.16&#8243; global_colors_info=&#8221;{}&#8221;]<\/p>\n<p>La Basse Vall\u00e9e de la Siagne est probablement <strong>la derni\u00e8re opportunit\u00e9 pour faire na\u00eetre une v\u00e9ritable vall\u00e9e verte <\/strong>de Menton au Massif de l\u2019Esterel. Au-del\u00e0 de la justification historique, le <strong>renforcement du caract\u00e8re agricole <\/strong>de celle-ci est possible gr\u00e2ce \u00e0 des <strong>atouts techniques, sociaux et \u00e9conomiques<\/strong>.<\/p>\n<p>Tous ces crit\u00e8res rendent possible le <strong>d\u00e9veloppement d\u2019une agriculture urbaine de service tourn\u00e9e vers la ville et les urbains, <\/strong>pour construire un territoire o\u00f9 il fait bon vivre. Mais cette opportunit\u00e9 demeure <strong>fragile<\/strong> (risque inondation, raret\u00e9 du foncier, nuisances potentielles, etc.).<\/p>\n<p>L\u2019objectif de la Charte Paysag\u00e8re de la Basse Vall\u00e9e de la Siagne est donc bien de construire un <strong>projet agricole <\/strong>ambitieux, en pla\u00e7ant <strong>l\u2019activit\u00e9 \u00e9conomique de production au c\u0153ur du mod\u00e8le d\u2019am\u00e9nagement<\/strong>, selon <span style=\"text-decoration: underline;\">5 axes strat\u00e9giques<\/span> :<\/p>\n<ul>\n<li>Affirmer une identit\u00e9 bas\u00e9e sur la diversit\u00e9 agricole\u00a0;<\/li>\n<li>Reconqu\u00e9rir les friches agricoles et cultiver les remblais\u00a0;<\/li>\n<li>Encourager de nouvelles formes d\u2019agriculture de service pour en faire un lieu de destination touristique et non plus un lieu de passage &#8220;invisible&#8221; ;<\/li>\n<li>Organiser l\u2019espace en mettant la priorit\u00e9 sur une coh\u00e9rence agricole et paysag\u00e8re\u00a0;<\/li>\n<li>Renforcer les circulations douces et cr\u00e9er des sentiers d\u2019interpr\u00e9tation agricole.<\/li>\n<\/ul>\n<p>L\u2019enjeu est notamment de sensibiliser l\u2019ensemble des d\u00e9cideurs du territoire \u00e0 l\u2019importance des r\u00e8gles d\u2019am\u00e9nagement, prenant en compte le v\u00e9g\u00e9tal de mani\u00e8re strat\u00e9gique, <strong>pour r\u00e9ussir la cohabitation entre agriculture, loisirs verts et activit\u00e9 \u00e9conomique non agricole<\/strong>. C\u2019est pourquoi l\u2019Agglom\u00e9ration Cannes L\u00e9rins a propos\u00e9 d\u2019annexer au <a href=\"https:\/\/cannespaysdelerins.fr\/index.php\/amenagement-habitat\/\"><em><span style=\"text-decoration: underline;\">SCOT Ouest 06<\/span><\/em><\/a> une charte paysag\u00e8re pour la Basse Vall\u00e9e de la Siagne. Cette charte est, \u00e0 la fois, un guide et une bo\u00eete \u00e0 outils afin d\u2019accompagner les \u00e9lus, puis les services techniques, dans leurs choix futurs d\u2019am\u00e9nagements.<\/p>\n<p>[\/et_pb_text][\/et_pb_column][\/et_pb_row][et_pb_row column_structure=&#8221;1_2,1_2&#8243; use_custom_gutter=&#8221;on&#8221; disabled_on=&#8221;on|on|on&#8221; admin_label=&#8221;Guide agricole&#8221; _builder_version=&#8221;4.16&#8243; max_width=&#8221;900px&#8221; animation_style=&#8221;fade&#8221; disabled=&#8221;on&#8221; global_colors_info=&#8221;{}&#8221;][et_pb_column type=&#8221;1_2&#8243; _builder_version=&#8221;4.16&#8243; global_colors_info=&#8221;{}&#8221;][et_pb_text admin_label=&#8221;Texte&#8221; _builder_version=&#8221;4.16&#8243; header_font=&#8221;Open regular||||||||&#8221; header_text_align=&#8221;left&#8221; header_text_color=&#8221;#666666&#8243; header_font_size=&#8221;25px&#8221; header_line_height=&#8221;1.4em&#8221; background_enable_color=&#8221;off&#8221; custom_margin=&#8221;||||false|false&#8221; custom_padding=&#8221;||||false|false&#8221; global_colors_info=&#8221;{}&#8221;]<\/p>\n<h1 style=\"text-align: left;\">Guide des producteurs locaux<\/h1>\n<p>[\/et_pb_text][et_pb_text _builder_version=&#8221;4.16&#8243; global_colors_info=&#8221;{}&#8221;]<\/p>\n<p>Quoi de mieux que de conna\u00eetre l&#8217;origine de ce que l&#8217;on consomme et de pouvoir \u00e9changer directement avec le producteur ? Gr\u00e2ce au Guide des producteurs locaux, d\u00e9couvrez les nombreux agriculteurs du territoire qui proposent \u00e0 la vente directe des produits de saison, qui ont du go\u00fbt ! Vous y trouverez \u00e9galement toutes les informations pratiques pour bien consommer.<\/p>\n<p><em>Guide en cours de mise \u00e0 jour<\/em><\/p>\n<p>&nbsp;<\/p>\n<p>[\/et_pb_text][et_pb_image src=&#8221;https:\/\/cannespaysdelerins.fr\/wp-content\/uploads\/2021\/12\/DSC_6092.jpg&#8221; title_text=&#8221;DSC_6092&#8243; _builder_version=&#8221;4.16&#8243; _module_preset=&#8221;default&#8221; global_colors_info=&#8221;{}&#8221;][\/et_pb_image][\/et_pb_column][et_pb_column type=&#8221;1_2&#8243; _builder_version=&#8221;4.16&#8243; global_colors_info=&#8221;{}&#8221;][et_pb_image src=&#8221;https:\/\/cannespaysdelerins.fr\/wp-content\/uploads\/2021\/12\/DSC_6025.jpg&#8221; title_text=&#8221;DSC_6025&#8243; _builder_version=&#8221;4.16&#8243; animation_style=&#8221;slide&#8221; animation_direction=&#8221;right&#8221; global_colors_info=&#8221;{}&#8221;][\/et_pb_image][\/et_pb_column][\/et_pb_row][et_pb_row column_structure=&#8221;1_2,1_2&#8243; use_custom_gutter=&#8221;on&#8221; admin_label=&#8221;AgriTech&#8221; module_id=&#8221;loisirs-nautiques&#8221; _builder_version=&#8221;4.25.2&#8243; max_width=&#8221;900px&#8221; animation_style=&#8221;fade&#8221; hover_enabled=&#8221;0&#8243; global_colors_info=&#8221;{}&#8221; sticky_enabled=&#8221;0&#8243; disabled_on=&#8221;on|on|on&#8221; disabled=&#8221;on&#8221;][et_pb_column type=&#8221;1_2&#8243; _builder_version=&#8221;4.16&#8243; global_colors_info=&#8221;{}&#8221;][et_pb_text admin_label=&#8221;AgriTech&#8221; _builder_version=&#8221;4.16&#8243; header_font=&#8221;Open regular||||||||&#8221; header_text_align=&#8221;left&#8221; header_text_color=&#8221;#666666&#8243; header_font_size=&#8221;25px&#8221; header_line_height=&#8221;1.4em&#8221; background_enable_color=&#8221;off&#8221; custom_margin=&#8221;||||false|false&#8221; custom_padding=&#8221;||||false|false&#8221; global_colors_info=&#8221;{}&#8221;]<\/p>\n<h1 style=\"text-align: left;\">AgriTech<\/h1>\n<p>[\/et_pb_text][et_pb_text _builder_version=&#8221;4.16&#8243; global_colors_info=&#8221;{}&#8221;]<\/p>\n<p>S&#8217;inscrivant dans le cadre d&#8217;une<strong> volont\u00e9 politique forte et revendiqu\u00e9e <\/strong>de pr\u00e9server-valoriser les espaces naturels de la Basse Vall\u00e9e de la Siagne, le projet de cr\u00e9ation d&#8217;une fili\u00e8re &#8220;AgriTech&#8221; vise \u00e0 associer une <strong>offre de formation sur les outils de l\u2019agro-\u00e9nergie et les cultures avec une zone de culture exp\u00e9rimentale.<\/strong><\/p>\n<p>Le projet pr\u00e9voit \u00e9galement l\u2019implantation de coop\u00e9ratives, d\u2019un centre innovant de r\u00e9utilisation et valorisation des d\u00e9chets et l\u2019installation d\u2019une Ferme pilote \u00ab EcoFarm \u00bb (Ferme p\u00e9riurbaine \u2013 Serres bioclimatiques en agro-\u00e9nergie).<\/p>\n<p>[\/et_pb_text][\/et_pb_column][et_pb_column type=&#8221;1_2&#8243; _builder_version=&#8221;4.16&#8243; global_colors_info=&#8221;{}&#8221;][et_pb_text _builder_version=&#8221;4.16&#8243; _module_preset=&#8221;default&#8221; background_color=&#8221;#aadb24&#8243; custom_margin=&#8221;1px|1px|1px|1px|false|false&#8221; custom_padding=&#8221;2px|2px|2px|2px|false|false&#8221; global_colors_info=&#8221;{}&#8221;]<\/p>\n<p><strong>L\u2019AgriTech en France<br \/><\/strong><\/p>\n<p>La FoodTech et l\u2019AgriTech sont des secteurs en pleine expansion et mutation avec, d\u2019un c\u00f4t\u00e9, des entreprises solidement install\u00e9es et cr\u00e9atrices d\u2019emplois et, de l&#8217;autre, l\u2019\u00e9mergence continue de nouvelles start-ups.<\/p>\n<p>Alors qu\u2019ils comptaient seulement une dizaine d\u2019initiatives il y a dix ans, ces secteurs regroupent aujourd\u2019hui plus de 215 startups et entreprises r\u00e9f\u00e9renc\u00e9es (3<sup>\u00e8me<\/sup> pays au monde).<\/p>\n<p>La premi\u00e8re r\u00e9union de la <em>French AgriTech<\/em> a eu lieu le 30 ao\u00fbt 2021 \u00e0 Paris afin d\u2019initier une dynamique collective vers un objectif commun d\u2019acc\u00e9l\u00e9ration de l\u2019innovation au service de notre souverainet\u00e9 alimentaire. C\u2019est dans cette optique que s\u2019inscrit le projet de l\u2019agglom\u00e9ration.<\/p>\n<p>[\/et_pb_text][\/et_pb_column][\/et_pb_row][et_pb_row column_structure=&#8221;1_2,1_2&#8243; use_custom_gutter=&#8221;on&#8221; admin_label=&#8221;Ecole de mara\u00eechage&#8221; module_id=&#8221;loisirs-nautiques&#8221; _builder_version=&#8221;4.16&#8243; max_width=&#8221;900px&#8221; animation_style=&#8221;fade&#8221; global_colors_info=&#8221;{}&#8221;][et_pb_column type=&#8221;1_2&#8243; _builder_version=&#8221;4.16&#8243; global_colors_info=&#8221;{}&#8221;][et_pb_image src=&#8221;https:\/\/cannespaysdelerins.fr\/wp-content\/uploads\/2021\/12\/Ecole-maraichage.png&#8221; title_text=&#8221;Ecole mara\u00eechage&#8221; _builder_version=&#8221;4.16&#8243; _module_preset=&#8221;default&#8221; global_colors_info=&#8221;{}&#8221;][\/et_pb_image][et_pb_button button_url=&#8221;https:\/\/cannespaysdelerins.fr\/wp-content\/uploads\/2021\/12\/Livret-daccueil-du-stagiaire-2021-2022_compressed.pdf&#8221; url_new_window=&#8221;on&#8221; button_text=&#8221;T\u00e9l\u00e9charger le Livret d&#8217;accueil de l&#8217;\u00e9cole&#8221; button_alignment=&#8221;center&#8221; _builder_version=&#8221;4.16&#8243; custom_button=&#8221;on&#8221; button_text_size=&#8221;14px&#8221; button_text_color=&#8221;#ffffff&#8221; button_bg_color=&#8221;#2f7eaf&#8221; button_border_width=&#8221;0px&#8221; custom_margin=&#8221;||||false|false&#8221; custom_padding=&#8221;||||false|false&#8221; animation_style=&#8221;zoom&#8221; global_colors_info=&#8221;{}&#8221;][\/et_pb_button][\/et_pb_column][et_pb_column type=&#8221;1_2&#8243; _builder_version=&#8221;4.16&#8243; global_colors_info=&#8221;{}&#8221;][et_pb_text _builder_version=&#8221;4.16&#8243; _module_preset=&#8221;default&#8221; global_colors_info=&#8221;{}&#8221;]<\/p>\n<h1>\u00c9cole de mara\u00eechage cannoise<\/h1>\n<p>[\/et_pb_text][et_pb_text _builder_version=&#8221;4.16&#8243; _module_preset=&#8221;default&#8221; global_colors_info=&#8221;{}&#8221;]<\/p>\n<p>Depuis septembre 2021, la ville de Cannes a mis \u00e0 disposition de la coop\u00e9rative \u00ab Les Petites Fermes d\u2019Azur \u00bb une surface de 14 000 m<sup>\u00b2<\/sup>dans la Basse Vall\u00e9e de la Siagne.<\/p>\n<p>L\u2019objectif est d\u2019installer une \u00e9cole de mara\u00eechage sur ce terrain municipal, qui formerait aux principes de la culture en \u00ab <strong>French Method<\/strong> \u00bb (= principe selon lequel un maraicher r\u00e9pond, sur une surface de 1 000 m\u00b2, aux besoins quotidiens de 100 consommateurs). La technique enseign\u00e9e doit permettre \u00e0 plusieurs maraichers, r\u00e9unis en coop\u00e9rative, de vivre dignement de leur travail en cultivant chacun &#8211; en agriculture biologique &#8211; une parcelle limit\u00e9e \u00e0 1 000 m\u00b2. La culture s\u2019effectue alors sur des \u00ab planches \u00bb de 1m30 de large, avec une rotation des cultures et un sol enrichi par le maraicher avec du fumier et des d\u00e9chets verts.<\/p>\n<p>[\/et_pb_text][\/et_pb_column][\/et_pb_row][et_pb_row admin_label=&#8221;Ecole de mara\u00eechage suite&#8221; _builder_version=&#8221;4.16&#8243; _module_preset=&#8221;default&#8221; max_width=&#8221;900px&#8221; global_colors_info=&#8221;{}&#8221;][et_pb_column type=&#8221;4_4&#8243; _builder_version=&#8221;4.16&#8243; _module_preset=&#8221;default&#8221; global_colors_info=&#8221;{}&#8221;][et_pb_text _builder_version=&#8221;4.16&#8243; _module_preset=&#8221;default&#8221; global_colors_info=&#8221;{}&#8221;]<\/p>\n<p>Cette \u00e9cole contribue \u00e0 construire une offre diff\u00e9rente, professionnelle et comp\u00e9titive, pour <strong>l\u2019approvisionnement local<\/strong> de nos circuits courts de production mais \u00e9galement de la restauration collective, tout en repr\u00e9sentant la premi\u00e8re pierre du <strong>Projet Alimentaire Territorial<\/strong> (PAT) de Cannes L\u00e9rins.<\/p>\n<p>[\/et_pb_text][\/et_pb_column][\/et_pb_row][\/et_pb_section]<\/p>\n","protected":false},"excerpt":{"rendered":"<p>AgricultureAgricultureConf\u00e9rence &#8220;R\u00e9silience alimentaire&#8221;Le lundi 27 mars 2023, \u00e0 17h00 au Th\u00e9\u00e2tre de Grasse, le P\u00f4le M\u00e9tropolitain CAP AZUR organise une grande conf\u00e9rence autour de la r\u00e9silience alimentaire, au cours de laquelle seront notamment abord\u00e9es les probl\u00e9matiques suivantes : Nourrir les citoyens en 2030 : quels d\u00e9fis \u00e0 relever ? Comment passer \u00e0 l\u2019action ? &gt; [&hellip;]<\/p>\n","protected":false},"author":3,"featured_media":0,"parent":0,"menu_order":0,"comment_status":"closed","ping_status":"closed","template":"","meta":{"_et_pb_use_builder":"on","_et_pb_old_content":"","_et_gb_content_width":"","footnotes":""},"class_list":["post-13048","page","type-page","status-publish","hentry"],"_links":{"self":[{"href":"https:\/\/cannespaysdelerins.fr\/index.php\/wp-json\/wp\/v2\/pages\/13048","targetHints":{"allow":["GET"]}}],"collection":[{"href":"https:\/\/cannespaysdelerins.fr\/index.php\/wp-json\/wp\/v2\/pages"}],"about":[{"href":"https:\/\/cannespaysdelerins.fr\/index.php\/wp-json\/wp\/v2\/types\/page"}],"author":[{"embeddable":true,"href":"https:\/\/cannespaysdelerins.fr\/index.php\/wp-json\/wp\/v2\/users\/3"}],"replies":[{"embeddable":true,"href":"https:\/\/cannespaysdelerins.fr\/index.php\/wp-json\/wp\/v2\/comments?post=13048"}],"version-history":[{"count":19,"href":"https:\/\/cannespaysdelerins.fr\/index.php\/wp-json\/wp\/v2\/pages\/13048\/revisions"}],"predecessor-version":[{"id":21177,"href":"https:\/\/cannespaysdelerins.fr\/index.php\/wp-json\/wp\/v2\/pages\/13048\/revisions\/21177"}],"wp:attachment":[{"href":"https:\/\/cannespaysdelerins.fr\/index.php\/wp-json\/wp\/v2\/media?parent=13048"}],"curies":[{"name":"wp","href":"https:\/\/api.w.org\/{rel}","templated":true}]}}