{"id":12455,"date":"2021-09-21T13:16:58","date_gmt":"2021-09-21T13:16:58","guid":{"rendered":"https:\/\/cannespaysdelerins.fr\/?page_id=12455"},"modified":"2021-09-21T14:32:05","modified_gmt":"2021-09-21T14:32:05","slug":"faculte-des-metiers","status":"publish","type":"page","link":"https:\/\/cannespaysdelerins.fr\/index.php\/faculte-des-metiers\/","title":{"rendered":"Facult\u00e9 des M\u00e9tiers"},"content":{"rendered":"<p>[et_pb_section fb_built=&#8221;1&#8243; custom_padding_last_edited=&#8221;off|phone&#8221; disabled_on=&#8221;off|off|off&#8221; admin_label=&#8221;Header image&#8221; _builder_version=&#8221;4.5.1&#8243; background_image=&#8221;https:\/\/cannespaysdelerins.fr\/wp-content\/uploads\/2021\/02\/fond-emploi-formations.jpg&#8221; parallax=&#8221;on&#8221; z_index=&#8221;0&#8243; min_height=&#8221;700px&#8221; min_height_tablet=&#8221;&#8221; min_height_phone=&#8221;500px&#8221; min_height_last_edited=&#8221;on|desktop&#8221; custom_margin=&#8221;||||false|false&#8221; custom_margin_last_edited=&#8221;off|desktop&#8221; custom_padding=&#8221;||||false|false&#8221; custom_padding_phone=&#8221;||||true|false&#8221; animation_style=&#8221;fade&#8221; collapsed=&#8221;off&#8221;][et_pb_row disabled_on=&#8221;off|off|off&#8221; admin_label=&#8221;Accroche DESKTOP&#8221; _builder_version=&#8221;4.5.1&#8243; background_color=&#8221;rgba(0,0,0,0)&#8221; custom_margin=&#8221;||||false|false&#8221;][et_pb_column type=&#8221;4_4&#8243; _builder_version=&#8221;4.5.1&#8243; custom_padding=&#8221;||||false|false&#8221; custom_padding_last_edited=&#8221;off|desktop&#8221;][et_pb_text _builder_version=&#8221;4.5.1&#8243; header_font=&#8221;Open Light||||||||&#8221; header_text_align=&#8221;center&#8221; header_text_color=&#8221;#ffffff&#8221; header_font_size=&#8221;40px&#8221; header_letter_spacing=&#8221;1.5px&#8221; header_line_height=&#8221;1.6em&#8221; background_color=&#8221;rgba(22,56,81,0.64)&#8221; max_width=&#8221;300px&#8221; max_width_tablet=&#8221;&#8221; max_width_phone=&#8221;280px&#8221; max_width_last_edited=&#8221;on|phone&#8221; module_alignment=&#8221;center&#8221; custom_margin=&#8221;50px||||false|false&#8221; custom_margin_tablet=&#8221;&#8221; custom_margin_phone=&#8221;0px||||false|false&#8221; custom_margin_last_edited=&#8221;on|desktop&#8221; custom_padding=&#8221;20px|20px|20px|20px|true|true&#8221; animation_style=&#8221;fade&#8221; animation_duration=&#8221;2000ms&#8221; header_font_size_tablet=&#8221;&#8221; header_font_size_phone=&#8221;25px&#8221; header_font_size_last_edited=&#8221;on|phone&#8221; header_line_height_tablet=&#8221;&#8221; header_line_height_phone=&#8221;1.5em&#8221; header_line_height_last_edited=&#8221;on|phone&#8221; border_radii=&#8221;on|6px|6px|6px|6px&#8221;]<\/p>\n<h1 style=\"text-align: center;\">Facult\u00e9 des M\u00e9tiers<\/h1>\n<p>[\/et_pb_text][\/et_pb_column][\/et_pb_row][\/et_pb_section][et_pb_section fb_built=&#8221;1&#8243; admin_label=&#8221;Formations &#8221; _builder_version=&#8221;3.29.3&#8243; background_enable_color=&#8221;off&#8221; background_enable_image=&#8221;off&#8221; background_size=&#8221;initial&#8221; custom_margin=&#8221;||||false|false&#8221; custom_padding=&#8221;||||false|false&#8221; collapsed=&#8221;off&#8221;][et_pb_row column_structure=&#8221;1_2,1_2&#8243; admin_label=&#8221;Facult\u00e9 M\u00e9tiers&#8221; _builder_version=&#8221;3.29.3&#8243; max_width=&#8221;900px&#8221; animation_style=&#8221;fade&#8221; collapsed=&#8221;off&#8221;][et_pb_column type=&#8221;1_2&#8243; _builder_version=&#8221;3.29.3&#8243;][et_pb_image src=&#8221;https:\/\/cannespaysdelerins.fr\/wp-content\/uploads\/2021\/09\/cfa-cannes.jpg&#8221; title_text=&#8221;cfa-cannes&#8221; _builder_version=&#8221;4.5.1&#8243; animation_style=&#8221;slide&#8221; animation_direction=&#8221;left&#8221;][\/et_pb_image][et_pb_text admin_label=&#8221;Contact&#8221; _builder_version=&#8221;4.5.1&#8243; header_2_font=&#8221;Open semi bold||||||||&#8221; header_2_font_size=&#8221;12px&#8221; header_2_line_height=&#8221;1.4em&#8221; background_color=&#8221;#ffe3ab&#8221; custom_margin=&#8221;||||false|false&#8221; custom_padding=&#8221;30px|20px|30px|20px|false|true&#8221; animation_style=&#8221;fade&#8221; animation_direction=&#8221;bottom&#8221; hover_enabled=&#8221;0&#8243; border_width_top=&#8221;5px&#8221; border_color_top=&#8221;#f8ac11&#8243; locked=&#8221;off&#8221;]<\/p>\n<p style=\"text-align: center;\"><strong>CONTACT<\/strong><\/p>\n<p style=\"text-align: center;\">Euroformapole, 54\/56 rue de Cannes, Cannes la Bocca<\/p>\n<p style=\"text-align: center;\">04 93 90 43 53 \/\/ <a href=\"mailto:contactcfa@ville-cannes.fr\" target=\"_blank\" rel=\"noopener\">contactcfa@ville-cannes.fr<\/a><\/p>\n<p>[\/et_pb_text][\/et_pb_column][et_pb_column type=&#8221;1_2&#8243; _builder_version=&#8221;3.29.3&#8243;][et_pb_text _builder_version=&#8221;4.5.1&#8243; header_2_font=&#8221;Open Light||||||||&#8221; header_2_font_size=&#8221;14px&#8221; header_2_line_height=&#8221;1.6em&#8221;]<\/p>\n<p>L&#8217;\u00c9cole h\u00f4teli\u00e8re &#8211; Facult\u00e9 des m\u00e9tiers de Cannes pr\u00e9pare les \u00e9tudiants en apprentissage \u00e0 des dipl\u00f4mes d&#8217;\u00c9tat allant du CAP au BTS, dans les secteurs de l\u2019H\u00f4tellerie, de la Restauration, du Tourisme, de la Vente, du Commerce, de l\u2019Artisanat, du Yachting, etc.<\/p>\n<p><a href=\"https:\/\/fdm.cannes.com\/\" target=\"_blank\" rel=\"noopener\"><strong>&gt; Cliquez ICI<\/strong><\/a> pour plus d&#8217;infos sur les formations dispens\u00e9es<\/p>\n<p>[\/et_pb_text][et_pb_video src=&#8221;https:\/\/www.youtube.com\/watch?v=c9-YevW9sq8&#8243; _builder_version=&#8221;4.5.1&#8243; _module_preset=&#8221;default&#8221;][\/et_pb_video][\/et_pb_column][\/et_pb_row][et_pb_row column_structure=&#8221;1_2,1_2&#8243; admin_label=&#8221;Personnel de bord&#8221; _builder_version=&#8221;3.29.3&#8243; max_width=&#8221;900px&#8221; animation_style=&#8221;fade&#8221; collapsed=&#8221;off&#8221;][et_pb_column type=&#8221;1_2&#8243; _builder_version=&#8221;3.29.3&#8243;][et_pb_text _builder_version=&#8221;4.5.1&#8243; header_2_font=&#8221;Open Light||||||||&#8221; header_2_font_size=&#8221;14px&#8221; header_2_line_height=&#8221;1.6em&#8221;]<\/p>\n<p><strong>Personnel de bord<\/strong><\/p>\n<p>La formation \u201cPersonnel de bord\u201d vous ouvre de nouveaux horizons. En vous apportant les comp\u00e9tences et les savoirs n\u00e9cessaires pour exercer \u00e0 bord, vous pourrez acc\u00e9der \u00e0 des carri\u00e8res dans le domaine du yachting et de la plaisance en b\u00e9n\u00e9ficiant d\u2019une qualification maritime reconnue. La formation est dispens\u00e9e en fran\u00e7ais, doubl\u00e9e d\u2019une assistance en anglais pour les internationaux. Compos\u00e9e de 8 modules suivis d\u2019une p\u00e9riode d\u2019immersion professionnelle, elle se veut polyvalente afin de r\u00e9pondre, en toute situation, aux besoins d\u2019une client\u00e8le internationale exigeante.<\/p>\n<p>Plus d&#8217;infos sur les formations propos\u00e9es \u00e0 la Facult\u00e9 des M\u00e9tiers de Cannes : <a href=\"https:\/\/fdm.cannes.com\/\" target=\"_blank\" rel=\"noopener\"><strong>https:\/\/fdm.cannes.com\/<\/strong><\/a><\/p>\n<p>[\/et_pb_text][et_pb_button button_url=&#8221;https:\/\/cannespaysdelerins.fr\/wp-content\/uploads\/2019\/11\/CAPL_depliant_personnel-de-bord_FR_2019-20_v3BD.pdf&#8221; url_new_window=&#8221;on&#8221; button_text=&#8221;Flyer \u00e0 t\u00e9l\u00e9charger&#8221; button_alignment=&#8221;center&#8221; _builder_version=&#8221;4.0.2&#8243; custom_button=&#8221;on&#8221; button_text_size=&#8221;14px&#8221; button_text_color=&#8221;#ffffff&#8221; button_bg_color=&#8221;#2f7eaf&#8221; button_border_width=&#8221;0px&#8221; custom_margin=&#8221;||||false|false&#8221; custom_padding=&#8221;||||false|false&#8221; animation_style=&#8221;zoom&#8221;][\/et_pb_button][\/et_pb_column][et_pb_column type=&#8221;1_2&#8243; _builder_version=&#8221;3.29.3&#8243;][et_pb_image src=&#8221;https:\/\/cannespaysdelerins.fr\/wp-content\/uploads\/2019\/10\/ima-Personnel-de-bord.jpg&#8221; _builder_version=&#8221;4.0.2&#8243; animation_style=&#8221;slide&#8221; animation_direction=&#8221;right&#8221;][\/et_pb_image][\/et_pb_column][\/et_pb_row][\/et_pb_section]<\/p>\n","protected":false},"excerpt":{"rendered":"<p>Facult\u00e9 des M\u00e9tiersCONTACT Euroformapole, 54\/56 rue de Cannes, Cannes la Bocca 04 93 90 43 53 \/\/ contactcfa@ville-cannes.fr L&#8217;\u00c9cole h\u00f4teli\u00e8re &#8211; Facult\u00e9 des m\u00e9tiers de Cannes pr\u00e9pare les \u00e9tudiants en apprentissage \u00e0 des dipl\u00f4mes d&#8217;\u00c9tat allant du CAP au BTS, dans les secteurs de l\u2019H\u00f4tellerie, de la Restauration, du Tourisme, de la Vente, du Commerce, [&hellip;]<\/p>\n","protected":false},"author":3,"featured_media":0,"parent":0,"menu_order":0,"comment_status":"closed","ping_status":"closed","template":"","meta":{"_et_pb_use_builder":"on","_et_pb_old_content":"","_et_gb_content_width":"","footnotes":""},"class_list":["post-12455","page","type-page","status-publish","hentry"],"_links":{"self":[{"href":"https:\/\/cannespaysdelerins.fr\/index.php\/wp-json\/wp\/v2\/pages\/12455","targetHints":{"allow":["GET"]}}],"collection":[{"href":"https:\/\/cannespaysdelerins.fr\/index.php\/wp-json\/wp\/v2\/pages"}],"about":[{"href":"https:\/\/cannespaysdelerins.fr\/index.php\/wp-json\/wp\/v2\/types\/page"}],"author":[{"embeddable":true,"href":"https:\/\/cannespaysdelerins.fr\/index.php\/wp-json\/wp\/v2\/users\/3"}],"replies":[{"embeddable":true,"href":"https:\/\/cannespaysdelerins.fr\/index.php\/wp-json\/wp\/v2\/comments?post=12455"}],"version-history":[{"count":3,"href":"https:\/\/cannespaysdelerins.fr\/index.php\/wp-json\/wp\/v2\/pages\/12455\/revisions"}],"predecessor-version":[{"id":12462,"href":"https:\/\/cannespaysdelerins.fr\/index.php\/wp-json\/wp\/v2\/pages\/12455\/revisions\/12462"}],"wp:attachment":[{"href":"https:\/\/cannespaysdelerins.fr\/index.php\/wp-json\/wp\/v2\/media?parent=12455"}],"curies":[{"name":"wp","href":"https:\/\/api.w.org\/{rel}","templated":true}]}}