{"id":12427,"date":"2021-09-17T14:46:33","date_gmt":"2021-09-17T14:46:33","guid":{"rendered":"https:\/\/cannespaysdelerins.fr\/?page_id=12427"},"modified":"2023-12-04T15:39:04","modified_gmt":"2023-12-04T15:39:04","slug":"projets-par-filiere-dexcellence","status":"publish","type":"page","link":"https:\/\/cannespaysdelerins.fr\/index.php\/projets-par-filiere-dexcellence\/","title":{"rendered":"Projets par fili\u00e8re d&#8217;excellence"},"content":{"rendered":"<p>[et_pb_section fb_built=&#8221;1&#8243; custom_padding_last_edited=&#8221;off|phone&#8221; disabled_on=&#8221;on|off|off&#8221; admin_label=&#8221;Header image&#8221; _builder_version=&#8221;4.16&#8243; background_image=&#8221;https:\/\/cannespaysdelerins.fr\/wp-content\/uploads\/2019\/11\/vis-emploi02.jpg&#8221; parallax=&#8221;on&#8221; z_index=&#8221;0&#8243; min_height=&#8221;700px&#8221; min_height_tablet=&#8221;&#8221; min_height_phone=&#8221;500px&#8221; min_height_last_edited=&#8221;on|desktop&#8221; custom_margin=&#8221;||||false|false&#8221; custom_margin_last_edited=&#8221;off|desktop&#8221; custom_padding=&#8221;||||false|false&#8221; custom_padding_phone=&#8221;||||true|false&#8221; animation_style=&#8221;fade&#8221; collapsed=&#8221;off&#8221; global_colors_info=&#8221;{}&#8221;][et_pb_row disabled_on=&#8221;off|off|off&#8221; admin_label=&#8221;Accroche DESKTOP&#8221; _builder_version=&#8221;4.16&#8243; background_color=&#8221;rgba(0,0,0,0)&#8221; custom_margin=&#8221;||||false|false&#8221; global_colors_info=&#8221;{}&#8221;][et_pb_column type=&#8221;4_4&#8243; _builder_version=&#8221;4.16&#8243; global_colors_info=&#8221;{}&#8221;][et_pb_text _builder_version=&#8221;4.16&#8243; header_font=&#8221;Open Light||||||||&#8221; header_text_align=&#8221;center&#8221; header_text_color=&#8221;#ffffff&#8221; header_font_size=&#8221;40px&#8221; header_letter_spacing=&#8221;1.5px&#8221; header_line_height=&#8221;1.6em&#8221; background_color=&#8221;rgba(22,56,81,0.64)&#8221; max_width=&#8221;450px&#8221; max_width_tablet=&#8221;&#8221; max_width_phone=&#8221;250px&#8221; max_width_last_edited=&#8221;on|phone&#8221; module_alignment=&#8221;center&#8221; custom_margin=&#8221;50px||||false|false&#8221; custom_margin_tablet=&#8221;&#8221; custom_margin_phone=&#8221;0px||||false|false&#8221; custom_margin_last_edited=&#8221;on|phone&#8221; custom_padding=&#8221;30px||30px||true|false&#8221; animation_style=&#8221;fade&#8221; animation_duration=&#8221;2000ms&#8221; header_font_size_tablet=&#8221;&#8221; header_font_size_phone=&#8221;25px&#8221; header_font_size_last_edited=&#8221;on|phone&#8221; header_line_height_tablet=&#8221;&#8221; header_line_height_phone=&#8221;1em&#8221; header_line_height_last_edited=&#8221;on|phone&#8221; border_radii=&#8221;on|6px|6px|6px|6px&#8221; global_colors_info=&#8221;{}&#8221;]<\/p>\n<h1 style=\"text-align: center;\">Projets par fili\u00e8re d&#8217;excellence<\/h1>\n<p>[\/et_pb_text][\/et_pb_column][\/et_pb_row][\/et_pb_section][et_pb_section fb_built=&#8221;1&#8243; custom_padding_last_edited=&#8221;off|phone&#8221; disabled_on=&#8221;off|on|on&#8221; admin_label=&#8221;Header image smartphone&#8221; _builder_version=&#8221;4.16&#8243; background_image=&#8221;https:\/\/cannespaysdelerins.fr\/wp-content\/uploads\/2019\/11\/vis-emploi02.jpg&#8221; parallax=&#8221;on&#8221; z_index=&#8221;0&#8243; min_height=&#8221;700px&#8221; min_height_tablet=&#8221;&#8221; min_height_phone=&#8221;500px&#8221; min_height_last_edited=&#8221;on|desktop&#8221; custom_margin=&#8221;||||false|false&#8221; custom_margin_last_edited=&#8221;off|desktop&#8221; custom_padding=&#8221;||||false|false&#8221; custom_padding_phone=&#8221;||||true|false&#8221; animation_style=&#8221;fade&#8221; collapsed=&#8221;off&#8221; global_colors_info=&#8221;{}&#8221;][et_pb_row disabled_on=&#8221;off|off|off&#8221; admin_label=&#8221;Accroche DESKTOP&#8221; _builder_version=&#8221;4.16&#8243; background_color=&#8221;rgba(0,0,0,0)&#8221; custom_margin=&#8221;||||false|false&#8221; global_colors_info=&#8221;{}&#8221;][et_pb_column type=&#8221;4_4&#8243; _builder_version=&#8221;4.16&#8243; global_colors_info=&#8221;{}&#8221;][et_pb_text _builder_version=&#8221;4.16&#8243; header_font=&#8221;Open Light||||||||&#8221; header_text_align=&#8221;center&#8221; header_text_color=&#8221;#ffffff&#8221; header_font_size=&#8221;40px&#8221; header_letter_spacing=&#8221;1.5px&#8221; header_line_height=&#8221;1.6em&#8221; background_color=&#8221;rgba(22,56,81,0.64)&#8221; max_width=&#8221;450px&#8221; max_width_tablet=&#8221;&#8221; max_width_phone=&#8221;300px&#8221; max_width_last_edited=&#8221;on|phone&#8221; module_alignment=&#8221;center&#8221; custom_margin=&#8221;50px||||false|false&#8221; custom_margin_tablet=&#8221;&#8221; custom_margin_phone=&#8221;50px||||false|false&#8221; custom_margin_last_edited=&#8221;on|phone&#8221; custom_padding=&#8221;20px|20px|20px|20px|true|true&#8221; animation_style=&#8221;fade&#8221; animation_duration=&#8221;2000ms&#8221; header_font_size_tablet=&#8221;&#8221; header_font_size_phone=&#8221;25px&#8221; header_font_size_last_edited=&#8221;on|desktop&#8221; header_line_height_tablet=&#8221;&#8221; header_line_height_phone=&#8221;1em&#8221; header_line_height_last_edited=&#8221;on|phone&#8221; border_radii=&#8221;on|6px|6px|6px|6px&#8221; global_colors_info=&#8221;{}&#8221;]<\/p>\n<h1 style=\"text-align: center;\">Projets par fili\u00e8re d&#8217;excellence<\/h1>\n<p>[\/et_pb_text][\/et_pb_column][\/et_pb_row][\/et_pb_section][et_pb_section fb_built=&#8221;1&#8243; admin_label=&#8221;LISTE PROJETS&#8221; _builder_version=&#8221;4.16&#8243; background_image=&#8221;https:\/\/cannespaysdelerins.fr\/wp-content\/uploads\/2019\/10\/frise-communes1200.png&#8221; background_size=&#8221;initial&#8221; custom_margin=&#8221;||||false|false&#8221; custom_padding=&#8221;||||false|false&#8221; global_colors_info=&#8221;{}&#8221;][et_pb_row use_custom_gutter=&#8221;on&#8221; admin_label=&#8221;PROJETS FILIERE D&#8217;EXCELLENCE&#8221; _builder_version=&#8221;4.16&#8243; max_width=&#8221;900px&#8221; animation_style=&#8221;fade&#8221; global_colors_info=&#8221;{}&#8221;][et_pb_column type=&#8221;4_4&#8243; _builder_version=&#8221;4.16&#8243; global_colors_info=&#8221;{}&#8221;][et_pb_text _builder_version=&#8221;4.16&#8243; header_font=&#8221;Open regular||||||||&#8221; header_text_align=&#8221;left&#8221; header_text_color=&#8221;#666666&#8243; header_font_size=&#8221;25px&#8221; header_line_height=&#8221;1.4em&#8221; background_enable_color=&#8221;off&#8221; custom_margin=&#8221;||||false|false&#8221; custom_padding=&#8221;||||false|false&#8221; global_colors_info=&#8221;{}&#8221;]<\/p>\n<h1 style=\"text-align: left;\">Projets r\u00e9pertori\u00e9s \u00e0 Cannes L\u00e9rins<\/h1>\n<p>[\/et_pb_text][et_pb_accordion _builder_version=&#8221;4.16&#8243; _module_preset=&#8221;default&#8221; global_colors_info=&#8221;{}&#8221;][et_pb_accordion_item title=&#8221;INDUSTRIES CREATIVES ET CULTURELLES&#8221; _builder_version=&#8221;4.16&#8243; _module_preset=&#8221;default&#8221; global_colors_info=&#8221;{}&#8221; open=&#8221;off&#8221;]<\/p>\n<p>Dans le cadre du sch\u00e9ma d\u2019am\u00e9nagement global Cannes Bocca Grand Ouest, l\u2019Agglom\u00e9ration Cannes L\u00e9rins et la Ville de Cannes envisagent la r\u00e9alisation d\u2019un p\u00f4le \u00e9conomique principalement d\u00e9di\u00e9 \u00e0 l\u2019\u00e9conomie cr\u00e9ative et aux m\u00e9tiers de l\u2019\u00e9v\u00e8nementiel, sur le foncier dit \u00ab Ansaldo Breda \u00bb, dans la continuit\u00e9 et, en compl\u00e9mentarit\u00e9, avec le p\u00f4le Cannes Bastide Rouge et le Campus Georges M\u00e9li\u00e8s.<\/p>\n<p>Dans le cadre du sch\u00e9ma d\u2019am\u00e9nagement global <em>Cannes Bocca Grand Ouest<\/em>, l&#8217;Agglom\u00e9ration Cannes L\u00e9rins et la Ville de Cannes envisagent la r\u00e9alisation d\u2019un p\u00f4le \u00e9conomique principalement d\u00e9di\u00e9 \u00e0 l\u2019\u00e9conomie cr\u00e9ative et aux m\u00e9tiers de l\u2019\u00e9v\u00e8nementiel, sur le foncier dit \u00ab Ansaldo Breda \u00bb, dans la continuit\u00e9 et, en compl\u00e9mentarit\u00e9, avec le Campus cr\u00e9atif Bastide Rouge Georges M\u00e9li\u00e8s.<\/p>\n<p><em> <img loading=\"lazy\" decoding=\"async\" class=\"wp-image-12787 aligncenter \" src=\"https:\/\/cannespaysdelerins.fr\/wp-content\/uploads\/2021\/11\/AnsaldoBreda.jpg\" alt=\"\" width=\"582\" height=\"369\" srcset=\"https:\/\/cannespaysdelerins.fr\/wp-content\/uploads\/2021\/11\/AnsaldoBreda.jpg 582w, https:\/\/cannespaysdelerins.fr\/wp-content\/uploads\/2021\/11\/AnsaldoBreda-480x304.jpg 480w\" sizes=\"auto, (min-width: 0px) and (max-width: 480px) 480px, (min-width: 481px) 582px, 100vw\" \/><\/em><\/p>\n<p>Sur ce foncier de 5,7 hectares, le groupe Novelty &#8211; leader europ\u00e9en dans les prestations techniques pour l\u2019\u00e9v\u00e8nementiel (d\u00e9fil\u00e9s, expositions, concerts, conventions, etc) &#8211; devrait r\u00e9aliser dans les ann\u00e9es \u00e0 venir des studios de tournage, des plateaux de t\u00e9l\u00e9vision, un h\u00f4tel, des bureaux, des locaux pour des activit\u00e9s tertiaires et artisanales, une halle ouverte au public, une r\u00e9sidence universitaire et ses propres entrep\u00f4ts.<\/p>\n<div class='et-box et-bio'>\n\t\t\t\t\t<div class='et-box-content'>CONTACT : laurent.chevalier@cannespaysdelerins.fr \/\/ +33 (0)4 89 82 28 51<\/div><\/div>\n<p>[\/et_pb_accordion_item][et_pb_accordion_item title=&#8221;NAUTISME&#8221; _builder_version=&#8221;4.16&#8243; _module_preset=&#8221;default&#8221; global_colors_info=&#8221;{}&#8221; open=&#8221;off&#8221;]<\/p>\n<p>Avec pr\u00e8s de 30 km de c\u00f4te, 16 ports (11 maritimes, 4 fluviaux et 1 \u00e0 sec) et 8 000 anneaux &#8211; soit la moiti\u00e9 de la capacit\u00e9 du d\u00e9partement des Alpes-Maritimes -, l\u2019Agglom\u00e9ration Cannes L\u00e9rins affirme son identit\u00e9 maritime. Plus de 300 professionnels de la plaisance y sont implant\u00e9s et, chaque ann\u00e9e, des \u00e9v\u00e8nements nautiques internationaux s\u2019y d\u00e9roulent : <em>Cannes Yachting Festival, R\u00e9gates Royales, La Napoule Boat Show<\/em>, etc.<\/p>\n<p><img loading=\"lazy\" decoding=\"async\" class=\"wp-image-12782 aligncenter \" src=\"https:\/\/cannespaysdelerins.fr\/wp-content\/uploads\/2021\/11\/Port-de-la-Rague-Theoule.jpg\" alt=\"\" width=\"478\" height=\"358\" \/><\/p>\n<p>Avec ce moteur \u00e9conomique puissant, la cr\u00e9ation d\u2019un p\u00f4le d\u2019excellence du nautisme y a donc tout son sens, qui plus est le long de la Siagne (Pont de Siagne \/ Roubine) sur la commune de Mandelieu-La Napoule. Les objectifs sont clairement d\u00e9finis :<\/p>\n<ul>\n<li>faire du territoire un haut-lieu du nautisme du futur et r\u00e9pondre aux attentes \u00e9conomiques des professionnels locaux, en demande de nouvelles surfaces d\u2019exploitation ;<\/li>\n<li>favoriser l\u2019emploi, l\u2019innovation et la comp\u00e9titivit\u00e9 des acteurs du nautisme, en rassemblant dans une m\u00eame unit\u00e9 de lieu tous les \u00e9l\u00e9ments constitutifs d\u2019un cluster nautique ;<\/li>\n<li>accorder la plus haute importance \u00e0 l\u2019aspect environnemental et paysager de cet am\u00e9nagement, sur le principe de \u00ab la nature en ville \u00bb, dans une zone d\u00e9j\u00e0 soumise \u00e0 des risques naturels.<\/li>\n<\/ul>\n<p>Les \u00e9tudes en cours permettront de d\u00e9finir &#8211; sur la base d\u2019un positionnement \u00e9conomique partag\u00e9 et des analyses du march\u00e9 de l\u2019immobilier d\u2019entreprises et des besoins en \u00e9quipements publics, parapublics et priv\u00e9s &#8211; un programme d\u2019am\u00e9nagement ambitieux, avec une orientation privil\u00e9giant la formation et l\u2019innovation des acteurs \u00e9voluant dans le nautisme.<\/p>\n<div class='et-box et-bio'>\n\t\t\t\t\t<div class='et-box-content'>CONTACT : franck.liange@cannespaysdelerins.fr \/\/ +33 (0)4 89 82 27 21<\/div><\/div>\n<p>&nbsp;<\/p>\n<p>&nbsp;<\/p>\n<p>[\/et_pb_accordion_item][et_pb_accordion_item title=&#8221;SPATIAL&#8221; _builder_version=&#8221;4.16&#8243; _module_preset=&#8221;default&#8221; global_colors_info=&#8221;{}&#8221; open=&#8221;off&#8221;]<\/p>\n<p>La pr\u00e9sence de <em>Thal\u00e8s Alenia Space <\/em>(TAS) &#8211; premier site europ\u00e9en d\u2019int\u00e9gration de satellites et deuxi\u00e8me employeur priv\u00e9 du D\u00e9partement, avec 2 000 salari\u00e9s &#8211; positionne d\u2019embl\u00e9e le territoire Cannes L\u00e9rins comme p\u00f4le d\u2019excellence international du Spatial. L\u2019objectif de l\u2019Agglom\u00e9ration est de conforter l\u2019ancrage territorial de l\u2019activit\u00e9 spatiale existante, en assurant la p\u00e9rennit\u00e9 du site cannois de Thales Alenia Space et en renfor\u00e7ant la fili\u00e8re \u2013 ainsi que sa chaine de valeur \u2013 sur le territoire afin de permettre de d\u00e9velopper des emplois directs et indirects.<\/p>\n<p>L\u2019ensemble de l\u2019\u00e9cosyst\u00e8me compte, par ailleurs, une vingtaine d\u2019entreprises, majoritairement des sous-traitants.<\/p>\n<p><img loading=\"lazy\" decoding=\"async\" class=\"wp-image-12790 aligncenter \" src=\"https:\/\/cannespaysdelerins.fr\/wp-content\/uploads\/2021\/11\/satellite-2771128_1920-1024x541.jpg\" alt=\"\" width=\"604\" height=\"319\" \/><\/p>\n<p>L&#8217;Agglom\u00e9ration a, par ailleurs, sign\u00e9 en 2021 une convention de partenariat avec SAFE (p\u00f4le de comp\u00e9titivit\u00e9 pour les fili\u00e8res a\u00e9ronautiques et spatiales). Cette coop\u00e9ration pr\u00e9voit la cr\u00e9ation d\u2019un comit\u00e9 strat\u00e9gique de la fili\u00e8re, r\u00e9unissant les principaux acteurs industriels, acad\u00e9miques et institutionnels pour \u00e9laborer un projet territorial. Les objectifs sont d\u2019\u00e9valuer les besoins de la fili\u00e8re &#8211; notamment en mati\u00e8re de recrutement -, de la structurer, de l&#8217;animer et de la promouvoir au niveau national et international, ainsi que de soutenir la formation-emploi dans la perspective d\u2019une future universit\u00e9 du spatial.<\/p>\n<p>&nbsp;<\/p>\n<p>L\u2019ensemble de l\u2019\u00e9cosyst\u00e8me compte, une vingtaine d\u2019entreprises, majoritairement des sous-traitants, mais \u00e9galement des entreprises qui op\u00e8rent dans les domaines de R&amp;D ou de traitement de donn\u00e9es spatiales (New Space).<\/p>\n<p>Plusieurs projets communs ont \u00e9t\u00e9 men\u00e9s tels que l\u2019op\u00e9ration \u00ab\u00a0Territoires d\u2019Industrie\u00a0\u00bb et la mise en \u0153uvre du Comite Spatial Azur\u00e9en (partenariat CACPL-THALES ALENIA SPACE -POLE SAFE) qui a pour objectif d\u2019\u00e9laborer un projet territorial dans la perspective d\u2019une future universit\u00e9 d\u00e9di\u00e9e aux applications spatiales.<\/p>\n<p>L\u2019Agglom\u00e9ration a sign\u00e9 une convention triennale de partenariat avec le p\u00f4le SAFE (p\u00f4le de comp\u00e9titivit\u00e9 pour les fili\u00e8res a\u00e9ronautiques et spatiales) dans le but de mener des actions \u00e0 destination de l\u2019\u00e9cosyst\u00e8me territorial avec les objectifs suivants :<\/p>\n<ul>\n<li>Accompagner l&#8217;Agglom\u00e9ration Cannes L\u00e9rins. dans sa d\u00e9finition d\u2019une strat\u00e9gie locale de d\u00e9veloppement et structuration de la fili\u00e8re spatiale ;<\/li>\n<li>Participer \u00e0 l\u2019animation de la fili\u00e8re sur le territoire et \u00e0 l\u2019accompagnement individuel ou collectif des acteurs ;<\/li>\n<li>Assurer la visibilit\u00e9 de cette activit\u00e9 au niveau national voire europ\u00e9en et soutenir la communication du territoire autour de l\u2019activit\u00e9 li\u00e9e \u00e0 la fili\u00e8re spatiale.<\/li>\n<\/ul>\n<p>Cette coop\u00e9ration a facilit\u00e9, entre autres, l\u2019organisation des Finales d\u2019ActinSpace 2022 \u00e0 Cannes et \u00a0le lancement de la plateforme r\u00e9gionale Connect by CNES, sera reconduite pour une p\u00e9riode 2024-2026.<\/p>\n<p><em><div class='et-box et-bio'>\n\t\t\t\t\t<div class='et-box-content'>CONTACT :\u00a0joanna.lintz@cannespaysdelerins.fr \/\/ +33 (0)4 89 82 27 32<\/div><\/div> <\/em><\/p>\n<p>[\/et_pb_accordion_item][et_pb_accordion_item title=&#8221;EVENEMENTIEL&#8221; open=&#8221;off&#8221; _builder_version=&#8221;4.16&#8243; _module_preset=&#8221;default&#8221; global_colors_info=&#8221;{}&#8221;][\/et_pb_accordion_item][et_pb_accordion_item title=&#8221;AGRI&#8217;TECH&#8221; _builder_version=&#8221;4.16&#8243; _module_preset=&#8221;default&#8221; global_colors_info=&#8221;{}&#8221; open=&#8221;off&#8221;]<\/p>\n<p>Sur un territoire o\u00f9 les contraintes fonci\u00e8res sont nombreuses et les risques naturels omnipr\u00e9sents (inondations, incendie, imperm\u00e9abilisation des sols, impacts du changement climatique), la pr\u00e9servation et la valorisation de la Vall\u00e9e de la Siagne sont une n\u00e9cessit\u00e9 et une volont\u00e9 politique affirm\u00e9e. Ainsi, le soutien de la fili\u00e8re agricole &#8211; comme une des composantes \u00e9conomiques forte de notre territoire &#8211; est une \u00e9vidence.\u00a0<\/p>\n<p>La cr\u00e9ation d\u2019une fili\u00e8re \u201cAgriTech s\u2019inscrit dans le cadre d\u2019une volont\u00e9 politique forte et revendiqu\u00e9e de pr\u00e9server et de valoriser les espaces naturels de la Basse Vall\u00e9e de la Siagne. L\u2019objectif est de positionner ce secteur comme un vecteur de recherche et d\u2019innovation sur l\u2019agriculture de demain. Il vise \u00e0 associer une offre de formations sur les outils de l\u2019agro-\u00e9nergie et les cultures avec une zone de culture exp\u00e9rimentale. Il pr\u00e9voit \u00e9galement l\u2019implantation de coop\u00e9ratives, d\u2019un centre innovant de r\u00e9utilisation et valorisation des d\u00e9chets et l\u2019installation d\u2019une Ferme pilote \u00ab EcoFarm \u00bb (Ferme p\u00e9riurbaine \u2013 Serres bioclimatiques en agro-\u00e9nergie).<\/p>\n<p><img loading=\"lazy\" decoding=\"async\" class=\"wp-image-12795 aligncenter \" src=\"https:\/\/cannespaysdelerins.fr\/wp-content\/uploads\/2021\/11\/BVS_5.jpg\" alt=\"\" width=\"568\" height=\"426\" srcset=\"https:\/\/cannespaysdelerins.fr\/wp-content\/uploads\/2021\/11\/BVS_5.jpg 568w, https:\/\/cannespaysdelerins.fr\/wp-content\/uploads\/2021\/11\/BVS_5-480x360.jpg 480w\" sizes=\"auto, (min-width: 0px) and (max-width: 480px) 480px, (min-width: 481px) 568px, 100vw\" \/><\/p>\n<p><strong>Principales composantes du projet<em> Agritech<\/em> :<\/strong><\/p>\n<ul>\n<li>Un campus universitaire des technologies agricoles innovantes (hydroponie, bioponie, aquaponie, m\u00e9t\u00e9orologie, \u00e9nergies renouvelables, etc.) ;<\/li>\n<li>Des laboratoires \u00ab \u00e0 ciel ouvert \u00bb pour accueillir des startups en lien avec l\u2019agriculture de demain (biotechnologies, num\u00e9risation des cultures, outils autonomes) ;<\/li>\n<li>Des surfaces d\u2019exp\u00e9rimentation en pleine terre ;<\/li>\n<li>Un showroom de l\u2019agriculture 3.0, en lien avec des partenaires priv\u00e9s, pour d\u00e9velopper une logique d\u2019apprentissage pour tous les \u00e2ges ;<\/li>\n<li>Des logements pour \u00e9tudiants, chercheurs et entrepreneurs ;<\/li>\n<li>Des activit\u00e9s connexes en lien avec la valorisation du patrimoine naturel (accueil d\u2019artisans paysagistes, architectes, urbanistes, etc.).<\/li>\n<\/ul>\n<p><em><div class='et-box et-bio'>\n\t\t\t\t\t<div class='et-box-content'>CONTACT :\u00a0franck.liange@cannespaysdelerins.fr \/\/ +33 (0)4 89 82 27 21<\/div><\/div> <\/em><\/p>\n<p>[\/et_pb_accordion_item][et_pb_accordion_item title=&#8221;SILVER ECONOMIE&#8221; _builder_version=&#8221;4.16&#8243; _module_preset=&#8221;default&#8221; global_colors_info=&#8221;{}&#8221; open=&#8221;on&#8221;]<\/p>\n<p>Qu\u2019il s\u2019agisse de R&amp;D, de nouvelles technologies, de nouveaux services, de distribution, de marketing\u2026, la Silver \u00e9conomie est un formidable territoire d\u2019innovations. La diversit\u00e9 des acteurs de la fili\u00e8re, leurs innovations, leur potentiel de cr\u00e9ations d\u2019emplois, leur engagement pour le bien vieillir t\u00e9moignent de la r\u00e9elle opportunit\u00e9 \u00e9conomique de la transition d\u00e9mographique.<\/p>\n<p>Pr\u00e8s de 30% de la population du territoire Cannes L\u00e9rins est \u00e2g\u00e9e de plus de 60 ans ; une niche pour la fili\u00e8re de la<em> Silver Economie<\/em> qui regroupe les produits, activit\u00e9s et services en lien avec les s\u00e9niors. Trois secteurs majeurs sont pr\u00e9sents sur le territoire : le maintien \u00e0 domicile, le \u00ab bien vieillir \u00bb et la sant\u00e9, repr\u00e9sentant un total de 116 \u00e9tablissements et pr\u00e8s de 3 000 emplois dans ce secteur. Forte de ce constat, et afin d\u2019accompagner les attentes de la fili\u00e8re pour son d\u00e9veloppement sur le territoire, l\u2019Agglom\u00e9ration Cannes L\u00e9rins s\u2019engage pour se positionner sur ce march\u00e9 transversal \u00e0 fort potentiel de croissance.<\/p>\n<p>Ainsi, depuis 2021, Cannes accueille au Palais des Festivals de Cannes le \u00ab Festival international du Bien Vieillir et de la Silver Eco\u00a0\u00bb, le plus grand salon fran\u00e7ais d\u00e9di\u00e9 aux innovations dans ce secteur.<\/p>\n<p><img loading=\"lazy\" decoding=\"async\" class=\"wp-image-12799 aligncenter \" src=\"https:\/\/cannespaysdelerins.fr\/wp-content\/uploads\/2021\/11\/senior.jpg\" alt=\"\" width=\"587\" height=\"391\" srcset=\"https:\/\/cannespaysdelerins.fr\/wp-content\/uploads\/2021\/11\/senior.jpg 587w, https:\/\/cannespaysdelerins.fr\/wp-content\/uploads\/2021\/11\/senior-480x320.jpg 480w\" sizes=\"auto, (min-width: 0px) and (max-width: 480px) 480px, (min-width: 481px) 587px, 100vw\" \/><\/p>\n<p>Dans un premier temps,\u00a0 il s\u2019agit d\u2019accueillir le plus grand salon fran\u00e7ais d\u00e9di\u00e9 aux innovations dans ce secteur. Ainsi, la 13\u00e8me \u00e9dition du \u00ab Festival du Bien Vieillir et de la Silver Eco \u00bb s\u2019installe au Palais des Festivals de Cannes du 10 au 14 d\u00e9cembre 2021 ; une premi\u00e8re pierre qui marque la structuration et la valorisation de la fili\u00e8re, en attirant sur le territoire ses principaux acteurs industriels\/institutionnels nationaux et internationaux.<\/p>\n<p><em><div class='et-box et-bio'>\n\t\t\t\t\t<div class='et-box-content'>CONTACT :\u00a0joanna.lintz@cannespaysdelerins.fr \/\/ +33 (0)4 89 82 27 32\u00a0<\/div><\/div> <\/em><\/p>\n<p>[\/et_pb_accordion_item][\/et_pb_accordion][\/et_pb_column][\/et_pb_row][\/et_pb_section]<\/p>\n","protected":false},"excerpt":{"rendered":"<p>Projets par fili\u00e8re d&#8217;excellenceProjets par fili\u00e8re d&#8217;excellenceProjets r\u00e9pertori\u00e9s \u00e0 Cannes L\u00e9rinsDans le cadre du sch\u00e9ma d\u2019am\u00e9nagement global Cannes Bocca Grand Ouest, l\u2019Agglom\u00e9ration Cannes L\u00e9rins et la Ville de Cannes envisagent la r\u00e9alisation d\u2019un p\u00f4le \u00e9conomique principalement d\u00e9di\u00e9 \u00e0 l\u2019\u00e9conomie cr\u00e9ative et aux m\u00e9tiers de l\u2019\u00e9v\u00e8nementiel, sur le foncier dit \u00ab Ansaldo Breda \u00bb, dans la [&hellip;]<\/p>\n","protected":false},"author":3,"featured_media":0,"parent":0,"menu_order":0,"comment_status":"closed","ping_status":"closed","template":"","meta":{"_et_pb_use_builder":"on","_et_pb_old_content":"","_et_gb_content_width":"","footnotes":""},"class_list":["post-12427","page","type-page","status-publish","hentry"],"_links":{"self":[{"href":"https:\/\/cannespaysdelerins.fr\/index.php\/wp-json\/wp\/v2\/pages\/12427","targetHints":{"allow":["GET"]}}],"collection":[{"href":"https:\/\/cannespaysdelerins.fr\/index.php\/wp-json\/wp\/v2\/pages"}],"about":[{"href":"https:\/\/cannespaysdelerins.fr\/index.php\/wp-json\/wp\/v2\/types\/page"}],"author":[{"embeddable":true,"href":"https:\/\/cannespaysdelerins.fr\/index.php\/wp-json\/wp\/v2\/users\/3"}],"replies":[{"embeddable":true,"href":"https:\/\/cannespaysdelerins.fr\/index.php\/wp-json\/wp\/v2\/comments?post=12427"}],"version-history":[{"count":15,"href":"https:\/\/cannespaysdelerins.fr\/index.php\/wp-json\/wp\/v2\/pages\/12427\/revisions"}],"predecessor-version":[{"id":16286,"href":"https:\/\/cannespaysdelerins.fr\/index.php\/wp-json\/wp\/v2\/pages\/12427\/revisions\/16286"}],"wp:attachment":[{"href":"https:\/\/cannespaysdelerins.fr\/index.php\/wp-json\/wp\/v2\/media?parent=12427"}],"curies":[{"name":"wp","href":"https:\/\/api.w.org\/{rel}","templated":true}]}}