{"id":12303,"date":"2021-09-07T14:43:10","date_gmt":"2021-09-07T14:43:10","guid":{"rendered":"https:\/\/cannespaysdelerins.fr\/?page_id=12303"},"modified":"2026-02-04T10:48:40","modified_gmt":"2026-02-04T10:48:40","slug":"aide-a-la-creation-dentreprise","status":"publish","type":"page","link":"https:\/\/cannespaysdelerins.fr\/index.php\/aide-a-la-creation-dentreprise\/","title":{"rendered":"Aide \u00e0 la cr\u00e9ation d&#8217;entreprise"},"content":{"rendered":"<p>[et_pb_section fb_built=&#8221;1&#8243; custom_padding_last_edited=&#8221;off|phone&#8221; disabled_on=&#8221;on|off|off&#8221; admin_label=&#8221;Header image&#8221; _builder_version=&#8221;4.16&#8243; background_image=&#8221;https:\/\/cannespaysdelerins.fr\/wp-content\/uploads\/2021\/03\/computer-1185626_1920.jpg&#8221; parallax=&#8221;on&#8221; z_index=&#8221;0&#8243; min_height=&#8221;700px&#8221; min_height_tablet=&#8221;&#8221; min_height_phone=&#8221;500px&#8221; min_height_last_edited=&#8221;on|desktop&#8221; custom_margin=&#8221;||||false|false&#8221; custom_margin_last_edited=&#8221;off|desktop&#8221; custom_padding=&#8221;||||false|false&#8221; custom_padding_phone=&#8221;||||true|false&#8221; animation_style=&#8221;fade&#8221; collapsed=&#8221;off&#8221; global_colors_info=&#8221;{}&#8221;][et_pb_row disabled_on=&#8221;off|off|off&#8221; admin_label=&#8221;Accroche DESKTOP&#8221; _builder_version=&#8221;4.16&#8243; background_color=&#8221;rgba(0,0,0,0)&#8221; custom_margin=&#8221;||||false|false&#8221; global_colors_info=&#8221;{}&#8221;][et_pb_column type=&#8221;4_4&#8243; _builder_version=&#8221;4.16&#8243; global_colors_info=&#8221;{}&#8221;][et_pb_text _builder_version=&#8221;4.16&#8243; header_font=&#8221;Open Light||||||||&#8221; header_text_align=&#8221;center&#8221; header_text_color=&#8221;#ffffff&#8221; header_font_size=&#8221;40px&#8221; header_letter_spacing=&#8221;1.5px&#8221; header_line_height=&#8221;1.6em&#8221; background_color=&#8221;rgba(22,56,81,0.64)&#8221; max_width=&#8221;450px&#8221; max_width_tablet=&#8221;&#8221; max_width_phone=&#8221;280px&#8221; max_width_last_edited=&#8221;on|phone&#8221; module_alignment=&#8221;center&#8221; custom_margin=&#8221;50px||||false|false&#8221; custom_margin_tablet=&#8221;&#8221; custom_margin_phone=&#8221;0px||||false|false&#8221; custom_margin_last_edited=&#8221;on|phone&#8221; custom_padding=&#8221;20px|20px|20px|20px|true|true&#8221; animation_style=&#8221;fade&#8221; animation_duration=&#8221;2000ms&#8221; header_font_size_tablet=&#8221;&#8221; header_font_size_phone=&#8221;25px&#8221; header_font_size_last_edited=&#8221;on|phone&#8221; header_line_height_tablet=&#8221;&#8221; header_line_height_phone=&#8221;1.5em&#8221; header_line_height_last_edited=&#8221;on|phone&#8221; border_radii=&#8221;on|6px|6px|6px|6px&#8221; global_colors_info=&#8221;{}&#8221;]<\/p>\n<h1 style=\"text-align: center;\">Aide \u00e0 la cr\u00e9ation d&#8217;entreprise<\/h1>\n<p>[\/et_pb_text][\/et_pb_column][\/et_pb_row][\/et_pb_section][et_pb_section fb_built=&#8221;1&#8243; custom_padding_last_edited=&#8221;off|phone&#8221; disabled_on=&#8221;off|on|on&#8221; admin_label=&#8221;Header image smartphone&#8221; _builder_version=&#8221;4.16&#8243; background_image=&#8221;https:\/\/cannespaysdelerins.fr\/wp-content\/uploads\/2021\/03\/computer-1185626_1920.jpg&#8221; parallax=&#8221;on&#8221; z_index=&#8221;0&#8243; min_height=&#8221;700px&#8221; min_height_tablet=&#8221;&#8221; min_height_phone=&#8221;500px&#8221; min_height_last_edited=&#8221;on|desktop&#8221; custom_margin=&#8221;||||false|false&#8221; custom_margin_last_edited=&#8221;off|desktop&#8221; custom_padding=&#8221;||||false|false&#8221; custom_padding_phone=&#8221;||||true|false&#8221; animation_style=&#8221;fade&#8221; collapsed=&#8221;off&#8221; global_colors_info=&#8221;{}&#8221;][et_pb_row disabled_on=&#8221;off|off|off&#8221; admin_label=&#8221;Accroche&#8221; _builder_version=&#8221;4.16&#8243; background_color=&#8221;rgba(0,0,0,0)&#8221; custom_margin=&#8221;||||false|false&#8221; global_colors_info=&#8221;{}&#8221;][et_pb_column type=&#8221;4_4&#8243; _builder_version=&#8221;4.16&#8243; global_colors_info=&#8221;{}&#8221;][et_pb_text _builder_version=&#8221;4.16&#8243; header_font=&#8221;Open Light||||||||&#8221; header_text_align=&#8221;center&#8221; header_text_color=&#8221;#ffffff&#8221; header_font_size=&#8221;40px&#8221; header_letter_spacing=&#8221;1.5px&#8221; header_line_height=&#8221;1.6em&#8221; background_color=&#8221;rgba(22,56,81,0.64)&#8221; max_width=&#8221;450px&#8221; max_width_tablet=&#8221;&#8221; max_width_phone=&#8221;280px&#8221; max_width_last_edited=&#8221;on|phone&#8221; module_alignment=&#8221;center&#8221; custom_margin=&#8221;50px||||false|false&#8221; custom_margin_tablet=&#8221;&#8221; custom_margin_phone=&#8221;50px||||false|false&#8221; custom_margin_last_edited=&#8221;on|phone&#8221; custom_padding=&#8221;20px|20px|20px|20px|true|true&#8221; animation_style=&#8221;fade&#8221; animation_duration=&#8221;2000ms&#8221; header_font_size_tablet=&#8221;&#8221; header_font_size_phone=&#8221;25px&#8221; header_font_size_last_edited=&#8221;on|phone&#8221; header_line_height_tablet=&#8221;&#8221; header_line_height_phone=&#8221;1.5em&#8221; header_line_height_last_edited=&#8221;on|phone&#8221; border_radii=&#8221;on|6px|6px|6px|6px&#8221; global_colors_info=&#8221;{}&#8221;]<\/p>\n<h1 style=\"text-align: center;\">Aide \u00e0 la cr\u00e9ation d&#8217;entreprise<\/h1>\n<p>[\/et_pb_text][\/et_pb_column][\/et_pb_row][\/et_pb_section][et_pb_section fb_built=&#8221;1&#8243; admin_label=&#8221;Suivi personnalis\u00e9&#8221; _builder_version=&#8221;4.16&#8243; background_color=&#8221;#f0f0f0&#8243; background_enable_image=&#8221;off&#8221; background_size=&#8221;initial&#8221; background_position=&#8221;top_right&#8221; custom_margin=&#8221;||-81px||false|false&#8221; custom_padding=&#8221;||||false|false&#8221; background_last_edited=&#8221;on|phone&#8221; background_enable_image_phone=&#8221;off&#8221; collapsed=&#8221;off&#8221; global_colors_info=&#8221;{}&#8221;][et_pb_row column_structure=&#8221;1_2,1_2&#8243; admin_label=&#8221;Ligne&#8221; _builder_version=&#8221;4.16&#8243; max_width=&#8221;900px&#8221; custom_margin=&#8221;||40px||false|false&#8221; animation_style=&#8221;fade&#8221; collapsed=&#8221;off&#8221; global_colors_info=&#8221;{}&#8221;][et_pb_column type=&#8221;1_2&#8243; _builder_version=&#8221;4.16&#8243; global_colors_info=&#8221;{}&#8221;][et_pb_text _builder_version=&#8221;4.16&#8243; header_font=&#8221;Open regular||||||||&#8221; header_text_align=&#8221;left&#8221; header_text_color=&#8221;#666666&#8243; header_font_size=&#8221;25px&#8221; header_line_height=&#8221;1.4em&#8221; background_enable_color=&#8221;off&#8221; custom_margin=&#8221;||||false|false&#8221; custom_padding=&#8221;||||false|false&#8221; global_colors_info=&#8221;{}&#8221;]<\/p>\n<h1 style=\"text-align: left;\">Suivi personnalis\u00e9<\/h1>\n<p>[\/et_pb_text][et_pb_text _builder_version=&#8221;4.21.0&#8243; header_2_font=&#8221;Open Light||||||||&#8221; header_2_font_size=&#8221;14px&#8221; header_2_line_height=&#8221;1.6em&#8221; global_colors_info=&#8221;{}&#8221; custom_margin=&#8221;||84px|||&#8221;]<\/p>\n<p><strong>Bastide Rouge<\/strong> : un dispositif d\u2019accompagnement \u00e0 l\u2019entrepreneuriat et \u00e0 l\u2019innovation, au service de la r\u00e9ussite, vous ouvre les portes de la Cit\u00e9 des entreprises, la P\u00e9pini\u00e8re et de l\u2019H\u00f4tel d\u2019entreprises.<\/p>\n<p>&nbsp;<\/p>\n<p><strong>L\u2019accompagnement Bastide Rouge : une v\u00e9ritable valeur ajout\u00e9e !<\/strong><\/p>\n<p>Avec ce soutien complet, le service Entrepreneuriat de l\u2019Agglom\u00e9ration Cannes L\u00e9rins offre ainsi \u00e0 tous les h\u00e9berg\u00e9s une v\u00e9ritable valeur ajout\u00e9e en r\u00e9unissant les conditions optimales pour d\u00e9marrer une activit\u00e9. Une aide efficace qui permet de renforcer les chances de r\u00e9ussite de ces entreprises : de leur d\u00e9veloppement jusqu\u2019\u00e0 leur insertion dans le tissu \u00e9conomique local.<\/p>\n<p>L\u2019accueil des startups li\u00e9es aux p\u00f4les d\u2019excellence de Cannes L\u00e9rins est naturellement privil\u00e9gi\u00e9 : Industries Culturelles et Cr\u00e9atives, Nautisme, Spatial, Ev\u00e8nementiel, Agritech et Silver Economy.<\/p>\n<p>[\/et_pb_text][et_pb_text admin_label=&#8221;cartouche jaune info&#8221; _builder_version=&#8221;4.21.0&#8243; header_2_font=&#8221;Open semi bold||||||||&#8221; header_2_font_size=&#8221;12px&#8221; header_2_line_height=&#8221;1.4em&#8221; background_color=&#8221;#ffe3ab&#8221; custom_margin=&#8221;||81px||false|false&#8221; custom_padding=&#8221;30px|40px|30px|40px|false|true&#8221; animation_style=&#8221;slide&#8221; animation_direction=&#8221;bottom&#8221; border_width_top=&#8221;5px&#8221; border_color_top=&#8221;#f8ac11&#8243; locked=&#8221;off&#8221; global_colors_info=&#8221;{}&#8221;]<\/p>\n<p><strong>Contact Accompagnement Entrepreneurial<\/strong> :<\/p>\n<p>04 89 82 28 00<\/p>\n<p><span style=\"text-decoration: underline;\"><a href=\"mailto:bastiderouge@cannespaysdelerins.fr\">bastiderouge@cannespaysdelerins.fr<\/a><\/span><\/p>\n<p style=\"text-align: left;\">[\/et_pb_text][et_pb_button button_url=&#8221;https:\/\/bastiderouge.com\/wp-content\/uploads\/2024\/10\/Guide-Accompagnement-entrepreneurial.pdf&#8221; button_text=&#8221;T\u00e9l\u00e9charger le Guide de l&#8217;Accompagnement Entrepreneurial \u00e0 Cannes L\u00e9rins&#8221; _builder_version=&#8221;4.25.2&#8243; _module_preset=&#8221;default&#8221; global_colors_info=&#8221;{}&#8221;][\/et_pb_button][\/et_pb_column][et_pb_column type=&#8221;1_2&#8243; _builder_version=&#8221;4.16&#8243; global_colors_info=&#8221;{}&#8221;][et_pb_image title_text=&#8221;pe\u0301pinie\u0300re &#8211; jardin &#8211; 2&#8243; _builder_version=&#8221;4.25.2&#8243; _module_preset=&#8221;default&#8221; hover_enabled=&#8221;0&#8243; global_colors_info=&#8221;{}&#8221; src=&#8221;https:\/\/cannespaysdelerins.fr\/wp-content\/uploads\/2026\/02\/pepiniere-jardin-2.jpg&#8221; sticky_enabled=&#8221;0&#8243;][\/et_pb_image][et_pb_image title_text=&#8221;Capture d\u2019e\u0301cran 2026-02-04 a\u0300 11.46.33&#8243; _builder_version=&#8221;4.25.2&#8243; _module_preset=&#8221;default&#8221; hover_enabled=&#8221;0&#8243; global_colors_info=&#8221;{}&#8221; src=&#8221;https:\/\/cannespaysdelerins.fr\/wp-content\/uploads\/2026\/02\/Capture-decran-2026-02-04-a-11.46.33.png&#8221; sticky_enabled=&#8221;0&#8243;][\/et_pb_image][et_pb_image title_text=&#8221;fond vert&#8221; _builder_version=&#8221;4.25.2&#8243; _module_preset=&#8221;default&#8221; hover_enabled=&#8221;0&#8243; global_colors_info=&#8221;{}&#8221; src=&#8221;https:\/\/cannespaysdelerins.fr\/wp-content\/uploads\/2026\/02\/fond-vert-scaled.jpg&#8221; sticky_enabled=&#8221;0&#8243;][\/et_pb_image][et_pb_image title_text=&#8221;COWORKING HEP&#8221; _builder_version=&#8221;4.25.2&#8243; _module_preset=&#8221;default&#8221; hover_enabled=&#8221;0&#8243; global_colors_info=&#8221;{}&#8221; src=&#8221;https:\/\/cannespaysdelerins.fr\/wp-content\/uploads\/2026\/02\/COWORKING-HEP.jpg&#8221; sticky_enabled=&#8221;0&#8243;][\/et_pb_image][\/et_pb_column][\/et_pb_row][\/et_pb_section][et_pb_section fb_built=&#8221;1&#8243; admin_label=&#8221;Orientation vers les partenaires adapt\u00e9s&#8221; _builder_version=&#8221;4.16&#8243; background_enable_color=&#8221;off&#8221; background_enable_image=&#8221;off&#8221; background_size=&#8221;initial&#8221; custom_margin=&#8221;||||false|false&#8221; custom_padding=&#8221;||||false|false&#8221; collapsed=&#8221;off&#8221; global_colors_info=&#8221;{}&#8221;][et_pb_row column_structure=&#8221;1_2,1_2&#8243; _builder_version=&#8221;4.16&#8243; max_width=&#8221;900px&#8221; animation_style=&#8221;fade&#8221; collapsed=&#8221;off&#8221; global_colors_info=&#8221;{}&#8221;][et_pb_column type=&#8221;1_2&#8243; _builder_version=&#8221;4.16&#8243; global_colors_info=&#8221;{}&#8221;][et_pb_text _builder_version=&#8221;4.16&#8243; header_font=&#8221;Open regular||||||||&#8221; header_text_align=&#8221;left&#8221; header_text_color=&#8221;#666666&#8243; header_font_size=&#8221;25px&#8221; header_line_height=&#8221;1.4em&#8221; background_enable_color=&#8221;off&#8221; custom_margin=&#8221;||||false|false&#8221; custom_padding=&#8221;||||false|false&#8221; global_colors_info=&#8221;{}&#8221;]<\/p>\n<h1>Orientation vers les partenaires adapt\u00e9s<\/h1>\n<p>[\/et_pb_text][et_pb_text _builder_version=&#8221;4.21.0&#8243; header_2_font=&#8221;Open Light||||||||&#8221; header_2_font_size=&#8221;14px&#8221; header_2_line_height=&#8221;1.6em&#8221; global_colors_info=&#8221;{}&#8221;]<\/p>\n<p>Avec l&#8217;appui d&#8217;un r\u00e9seau exceptionnel de 22 partenaires professionnels et experts du d\u00e9veloppement \u00e9conomique, les startups b\u00e9n\u00e9ficient d&#8217;un soutien complet \u00e0 tous les stades de leur \u00e9volution : information et orientation des cr\u00e9ateurs, aide au montage juridique et financier, mise en contact avec des experts\/professionnels, ateliers th\u00e9matiques r\u00e9guliers, mise en relation entre h\u00e9berg\u00e9s et autres professionnels, aide au recrutement, etc.<\/p>\n<p>[\/et_pb_text][et_pb_button button_url=&#8221;https:\/\/cannespaysdelerins.fr\/wp-content\/uploads\/2019\/11\/A5_Brochure_Partenaires_Eco_web.pdf&#8221; url_new_window=&#8221;on&#8221; button_text=&#8221;T\u00e9l\u00e9charger le guide des Partenaires&#8221; button_alignment=&#8221;center&#8221; disabled_on=&#8221;on|on|on&#8221; _builder_version=&#8221;4.25.2&#8243; custom_button=&#8221;on&#8221; button_text_size=&#8221;14px&#8221; button_text_color=&#8221;#ffffff&#8221; button_bg_color=&#8221;#2f7eaf&#8221; button_border_width=&#8221;0px&#8221; custom_margin=&#8221;||||false|false&#8221; custom_padding=&#8221;||||false|false&#8221; animation_style=&#8221;zoom&#8221; disabled=&#8221;on&#8221; global_colors_info=&#8221;{}&#8221;][\/et_pb_button][\/et_pb_column][et_pb_column type=&#8221;1_2&#8243; _builder_version=&#8221;4.16&#8243; global_colors_info=&#8221;{}&#8221;][et_pb_image src=&#8221;https:\/\/cannespaysdelerins.fr\/wp-content\/uploads\/2019\/10\/ima-partenaires.jpg&#8221; _builder_version=&#8221;4.16&#8243; animation_style=&#8221;slide&#8221; animation_direction=&#8221;right&#8221; global_colors_info=&#8221;{}&#8221;][\/et_pb_image][\/et_pb_column][\/et_pb_row][\/et_pb_section][et_pb_section fb_built=&#8221;1&#8243; admin_label=&#8221;Domiciliation&#8221; _builder_version=&#8221;4.16&#8243; background_enable_color=&#8221;off&#8221; background_enable_image=&#8221;off&#8221; background_size=&#8221;initial&#8221; custom_margin=&#8221;||||false|false&#8221; custom_padding=&#8221;||||false|false&#8221; collapsed=&#8221;off&#8221; global_colors_info=&#8221;{}&#8221;][et_pb_row column_structure=&#8221;1_2,1_2&#8243; _builder_version=&#8221;4.16&#8243; max_width=&#8221;900px&#8221; animation_style=&#8221;fade&#8221; collapsed=&#8221;off&#8221; global_colors_info=&#8221;{}&#8221;][et_pb_column type=&#8221;1_2&#8243; _builder_version=&#8221;4.16&#8243; global_colors_info=&#8221;{}&#8221;][et_pb_text _builder_version=&#8221;4.16&#8243; header_font=&#8221;Open regular||||||||&#8221; header_text_align=&#8221;left&#8221; header_text_color=&#8221;#666666&#8243; header_font_size=&#8221;25px&#8221; header_line_height=&#8221;1.4em&#8221; background_enable_color=&#8221;off&#8221; custom_margin=&#8221;||||false|false&#8221; custom_padding=&#8221;||||false|false&#8221; global_colors_info=&#8221;{}&#8221;]<\/p>\n<h1 style=\"text-align: left;\">Domiciliation<\/h1>\n<p>[\/et_pb_text][et_pb_text _builder_version=&#8221;4.21.0&#8243; header_2_font=&#8221;Open Light||||||||&#8221; header_2_font_size=&#8221;14px&#8221; header_2_line_height=&#8221;1.6em&#8221; global_colors_info=&#8221;{}&#8221;]<\/p>\n<p>Un service de domiciliation est \u00e0 disposition pour vous \u00e9tablir, de mani\u00e8re professionnelle, et b\u00e9n\u00e9ficier ainsi d&#8217;une adresse de r\u00e9nomm\u00e9e.<\/p>\n<p>[\/et_pb_text][\/et_pb_column][et_pb_column type=&#8221;1_2&#8243; _builder_version=&#8221;4.16&#8243; global_colors_info=&#8221;{}&#8221;][et_pb_image src=&#8221;https:\/\/cannespaysdelerins.fr\/wp-content\/uploads\/2021\/09\/Domiciliation-150&#215;150.png&#8221; title_text=&#8221;Domiciliation&#8221; _builder_version=&#8221;4.16&#8243; _module_preset=&#8221;default&#8221; global_colors_info=&#8221;{}&#8221;][\/et_pb_image][\/et_pb_column][\/et_pb_row][\/et_pb_section]<\/p>\n","protected":false},"excerpt":{"rendered":"<p>Aide \u00e0 la cr\u00e9ation d&#8217;entrepriseAide \u00e0 la cr\u00e9ation d&#8217;entrepriseSuivi personnalis\u00e9Bastide Rouge : un dispositif d\u2019accompagnement \u00e0 l\u2019entrepreneuriat et \u00e0 l\u2019innovation, au service de la r\u00e9ussite, vous ouvre les portes de la Cit\u00e9 des entreprises, la P\u00e9pini\u00e8re et de l\u2019H\u00f4tel d\u2019entreprises. &nbsp; L\u2019accompagnement Bastide Rouge : une v\u00e9ritable valeur ajout\u00e9e ! Avec ce soutien complet, le [&hellip;]<\/p>\n","protected":false},"author":3,"featured_media":0,"parent":0,"menu_order":0,"comment_status":"closed","ping_status":"closed","template":"","meta":{"_et_pb_use_builder":"on","_et_pb_old_content":"","_et_gb_content_width":"","footnotes":""},"class_list":["post-12303","page","type-page","status-publish","hentry"],"_links":{"self":[{"href":"https:\/\/cannespaysdelerins.fr\/index.php\/wp-json\/wp\/v2\/pages\/12303","targetHints":{"allow":["GET"]}}],"collection":[{"href":"https:\/\/cannespaysdelerins.fr\/index.php\/wp-json\/wp\/v2\/pages"}],"about":[{"href":"https:\/\/cannespaysdelerins.fr\/index.php\/wp-json\/wp\/v2\/types\/page"}],"author":[{"embeddable":true,"href":"https:\/\/cannespaysdelerins.fr\/index.php\/wp-json\/wp\/v2\/users\/3"}],"replies":[{"embeddable":true,"href":"https:\/\/cannespaysdelerins.fr\/index.php\/wp-json\/wp\/v2\/comments?post=12303"}],"version-history":[{"count":13,"href":"https:\/\/cannespaysdelerins.fr\/index.php\/wp-json\/wp\/v2\/pages\/12303\/revisions"}],"predecessor-version":[{"id":21328,"href":"https:\/\/cannespaysdelerins.fr\/index.php\/wp-json\/wp\/v2\/pages\/12303\/revisions\/21328"}],"wp:attachment":[{"href":"https:\/\/cannespaysdelerins.fr\/index.php\/wp-json\/wp\/v2\/media?parent=12303"}],"curies":[{"name":"wp","href":"https:\/\/api.w.org\/{rel}","templated":true}]}}