{"id":12292,"date":"2021-09-07T14:10:33","date_gmt":"2021-09-07T14:10:33","guid":{"rendered":"https:\/\/cannespaysdelerins.fr\/?page_id=12292"},"modified":"2026-01-02T10:20:34","modified_gmt":"2026-01-02T10:20:34","slug":"filieres-dexcellence","status":"publish","type":"page","link":"https:\/\/cannespaysdelerins.fr\/index.php\/filieres-dexcellence\/","title":{"rendered":"Fili\u00e8res d&#8217;excellence"},"content":{"rendered":"<p>[et_pb_section fb_built=&#8221;1&#8243; custom_padding_last_edited=&#8221;off|phone&#8221; disabled_on=&#8221;on|off|off&#8221; admin_label=&#8221;Header image&#8221; _builder_version=&#8221;4.16&#8243; background_image=&#8221;https:\/\/cannespaysdelerins.fr\/wp-content\/uploads\/2019\/11\/vis-emploi02.jpg&#8221; parallax=&#8221;on&#8221; z_index=&#8221;0&#8243; min_height=&#8221;700px&#8221; min_height_tablet=&#8221;&#8221; min_height_phone=&#8221;500px&#8221; min_height_last_edited=&#8221;on|desktop&#8221; custom_margin=&#8221;||||false|false&#8221; custom_margin_last_edited=&#8221;off|desktop&#8221; custom_padding=&#8221;||||false|false&#8221; custom_padding_phone=&#8221;||||true|false&#8221; animation_style=&#8221;fade&#8221; collapsed=&#8221;off&#8221; global_colors_info=&#8221;{}&#8221;][et_pb_row disabled_on=&#8221;off|off|off&#8221; admin_label=&#8221;Accroche DESKTOP&#8221; _builder_version=&#8221;4.16&#8243; background_color=&#8221;rgba(0,0,0,0)&#8221; custom_margin=&#8221;||||false|false&#8221; global_colors_info=&#8221;{}&#8221;][et_pb_column type=&#8221;4_4&#8243; _builder_version=&#8221;4.16&#8243; global_colors_info=&#8221;{}&#8221;][et_pb_text _builder_version=&#8221;4.16&#8243; header_font=&#8221;Open Light||||||||&#8221; header_text_align=&#8221;center&#8221; header_text_color=&#8221;#ffffff&#8221; header_font_size=&#8221;40px&#8221; header_letter_spacing=&#8221;1.5px&#8221; header_line_height=&#8221;1.6em&#8221; background_color=&#8221;rgba(22,56,81,0.64)&#8221; max_width=&#8221;450px&#8221; max_width_tablet=&#8221;&#8221; max_width_phone=&#8221;280px&#8221; max_width_last_edited=&#8221;on|phone&#8221; module_alignment=&#8221;center&#8221; custom_margin=&#8221;50px||||false|false&#8221; custom_margin_tablet=&#8221;&#8221; custom_margin_phone=&#8221;0px||||false|false&#8221; custom_margin_last_edited=&#8221;on|phone&#8221; custom_padding=&#8221;20px|20px|20px|20px|true|true&#8221; animation_style=&#8221;fade&#8221; animation_duration=&#8221;2000ms&#8221; header_font_size_tablet=&#8221;&#8221; header_font_size_phone=&#8221;25px&#8221; header_font_size_last_edited=&#8221;on|phone&#8221; header_line_height_tablet=&#8221;&#8221; header_line_height_phone=&#8221;1.5em&#8221; header_line_height_last_edited=&#8221;on|phone&#8221; border_radii=&#8221;on|6px|6px|6px|6px&#8221; global_colors_info=&#8221;{}&#8221;]<\/p>\n<h1 style=\"text-align: center;\">Fili\u00e8res d&#8217;excellence<\/h1>\n<p>[\/et_pb_text][\/et_pb_column][\/et_pb_row][\/et_pb_section][et_pb_section fb_built=&#8221;1&#8243; custom_padding_last_edited=&#8221;off|phone&#8221; disabled_on=&#8221;off|on|on&#8221; admin_label=&#8221;Header image smartphone&#8221; _builder_version=&#8221;4.16&#8243; background_image=&#8221;https:\/\/cannespaysdelerins.fr\/wp-content\/uploads\/2019\/11\/vis-emploi-smart.jpg&#8221; parallax=&#8221;on&#8221; z_index=&#8221;0&#8243; min_height=&#8221;700px&#8221; min_height_tablet=&#8221;&#8221; min_height_phone=&#8221;500px&#8221; min_height_last_edited=&#8221;on|desktop&#8221; custom_margin=&#8221;||||false|false&#8221; custom_margin_last_edited=&#8221;off|desktop&#8221; custom_padding=&#8221;||||false|false&#8221; custom_padding_phone=&#8221;||||true|false&#8221; animation_style=&#8221;fade&#8221; collapsed=&#8221;off&#8221; global_colors_info=&#8221;{}&#8221;][et_pb_row disabled_on=&#8221;off|off|off&#8221; admin_label=&#8221;Accroche&#8221; _builder_version=&#8221;4.16&#8243; background_color=&#8221;rgba(0,0,0,0)&#8221; custom_margin=&#8221;||||false|false&#8221; global_colors_info=&#8221;{}&#8221;][et_pb_column type=&#8221;4_4&#8243; _builder_version=&#8221;4.16&#8243; global_colors_info=&#8221;{}&#8221;][et_pb_text _builder_version=&#8221;4.16&#8243; header_font=&#8221;Open Light||||||||&#8221; header_text_align=&#8221;center&#8221; header_text_color=&#8221;#ffffff&#8221; header_font_size=&#8221;40px&#8221; header_letter_spacing=&#8221;1.5px&#8221; header_line_height=&#8221;1.6em&#8221; background_color=&#8221;rgba(22,56,81,0.64)&#8221; max_width=&#8221;450px&#8221; max_width_tablet=&#8221;&#8221; max_width_phone=&#8221;280px&#8221; max_width_last_edited=&#8221;on|phone&#8221; module_alignment=&#8221;center&#8221; custom_margin=&#8221;50px||||false|false&#8221; custom_margin_tablet=&#8221;&#8221; custom_margin_phone=&#8221;50px||||false|false&#8221; custom_margin_last_edited=&#8221;on|phone&#8221; custom_padding=&#8221;20px|20px|20px|20px|true|true&#8221; animation_style=&#8221;fade&#8221; animation_duration=&#8221;2000ms&#8221; header_font_size_tablet=&#8221;&#8221; header_font_size_phone=&#8221;25px&#8221; header_font_size_last_edited=&#8221;on|phone&#8221; header_line_height_tablet=&#8221;&#8221; header_line_height_phone=&#8221;1.5em&#8221; header_line_height_last_edited=&#8221;on|phone&#8221; border_radii=&#8221;on|6px|6px|6px|6px&#8221; global_colors_info=&#8221;{}&#8221;]<\/p>\n<h1 style=\"text-align: center;\">Fili\u00e8res d&#8217;excellence<\/h1>\n<p>[\/et_pb_text][\/et_pb_column][\/et_pb_row][\/et_pb_section][et_pb_section fb_built=&#8221;1&#8243; disabled_on=&#8221;on|on|on&#8221; admin_label=&#8221;Webinaire&#8221; _builder_version=&#8221;4.16&#8243; background_color=&#8221;#f0f0f0&#8243; background_enable_image=&#8221;off&#8221; background_size=&#8221;initial&#8221; background_position=&#8221;top_right&#8221; custom_margin=&#8221;||||false|false&#8221; custom_padding=&#8221;||||false|false&#8221; background_last_edited=&#8221;on|phone&#8221; background_enable_image_phone=&#8221;off&#8221; disabled=&#8221;on&#8221; locked=&#8221;off&#8221; collapsed=&#8221;off&#8221; global_colors_info=&#8221;{}&#8221;][et_pb_row _builder_version=&#8221;4.16&#8243; max_width=&#8221;900px&#8221; custom_margin=&#8221;||40px||false|false&#8221; animation_style=&#8221;fade&#8221; collapsed=&#8221;off&#8221; global_colors_info=&#8221;{}&#8221;][et_pb_column type=&#8221;4_4&#8243; _builder_version=&#8221;4.16&#8243; global_colors_info=&#8221;{}&#8221;][et_pb_image src=&#8221;https:\/\/cannespaysdelerins.fr\/wp-content\/uploads\/2021\/02\/Rencontre-Info-Entreprises_Twitter_v2-1024&#215;341.jpg&#8221; title_text=&#8221;Rencontre Info Entreprises_Twitter_v2&#8243; _builder_version=&#8221;4.16&#8243; animation_style=&#8221;slide&#8221; animation_direction=&#8221;right&#8221; global_colors_info=&#8221;{}&#8221;][\/et_pb_image][et_pb_text _builder_version=&#8221;4.16&#8243; header_font=&#8221;Open regular||||||||&#8221; header_text_align=&#8221;left&#8221; header_text_color=&#8221;#666666&#8243; header_font_size=&#8221;25px&#8221; header_line_height=&#8221;1.4em&#8221; background_enable_color=&#8221;off&#8221; custom_margin=&#8221;||||false|false&#8221; custom_padding=&#8221;||||false|false&#8221; global_colors_info=&#8221;{}&#8221;]<\/p>\n<p>&nbsp;<\/p>\n<h1>Lancement des Rencontres &#8220;Info aux entreprises&#8221;<\/h1>\n<p>&nbsp;<\/p>\n<p>Face au contexte \u00e9conomique difficile, les Agglom\u00e9rations de Cannes L\u00e9rins et du Pays de Grasse &#8211; ainsi que leurs partenaires (PLIE, Mission Locale, P\u00f4le Emploi et APEC) &#8211; ont d\u00e9cid\u00e9 d&#8217;unir leurs forces et de proposer toute une s\u00e9rie de Webinaires pour accompagner les entreprises, autour de diff\u00e9rentes th\u00e9matiques.<\/p>\n<h3>\u00a0<\/h3>\n<h4>ATELIER N\u00b01<\/h4>\n<p><span style=\"text-decoration: underline;\">18 f\u00e9vrier \u00e0 9h<\/span> : <strong>Les axes forts du Plan &#8220;1 jeune, 1 solution&#8221; &#8211; Allongement des mesures<\/strong><\/p>\n<p><span style=\"text-decoration: underline;\">Format<\/span> : 1h15 de pr\u00e9sentation en visioconf\u00e9rence et de questions\/r\u00e9ponses<\/p>\n<p>[\/et_pb_text][et_pb_button button_url=&#8221;https:\/\/docs.google.com\/forms\/d\/e\/1FAIpQLSdTZ_7TaW6HB9WLq5gaQJOQMMPtB_Ku-qfA4lV8jQhEAaJOhQ\/viewform?usp=sf_link&#8221; button_text=&#8221;Cliquez ICI pour vous inscrire&#8221; button_alignment=&#8221;center&#8221; _builder_version=&#8221;4.16&#8243; _module_preset=&#8221;default&#8221; custom_button=&#8221;on&#8221; button_text_color=&#8221;#000000&#8243; button_bg_color=&#8221;#e09900&#8243; button_border_color=&#8221;#e09900&#8243; button_icon_color=&#8221;#e09900&#8243; global_colors_info=&#8221;{}&#8221;][\/et_pb_button][et_pb_text _builder_version=&#8221;4.16&#8243; header_font=&#8221;Open regular||||||||&#8221; header_text_align=&#8221;left&#8221; header_text_color=&#8221;#666666&#8243; header_font_size=&#8221;25px&#8221; header_line_height=&#8221;1.4em&#8221; background_enable_color=&#8221;off&#8221; custom_margin=&#8221;||||false|false&#8221; custom_padding=&#8221;||||false|false&#8221; global_colors_info=&#8221;{}&#8221;]<\/p>\n<h3>\u00a0<\/h3>\n<h4>ATELIER N\u00b02<\/h4>\n<p><span style=\"text-decoration: underline;\">11 mars \u00e0 9h<\/span> : <strong>Les diff\u00e9rentes mesures d\u2019aides au recrutement pour les entreprises, associations et collectivit\u00e9s<\/strong><\/p>\n<p><span style=\"text-decoration: underline;\">Format<\/span> : 1h15 de pr\u00e9sentation en visioconf\u00e9rence et de questions\/r\u00e9ponses<\/p>\n<p>[\/et_pb_text][\/et_pb_column][\/et_pb_row][\/et_pb_section][et_pb_section fb_built=&#8221;1&#8243; use_custom_gutter=&#8221;on&#8221; gutter_width=&#8221;1&#8243; specialty=&#8221;on&#8221; padding_top_bottom_link_1=&#8221;false&#8221; padding_top_bottom_link_2=&#8221;false&#8221; padding_left_right_link_1=&#8221;true&#8221; padding_left_right_link_2=&#8221;true&#8221; admin_label=&#8221;Nos fili\u00e8res d\u2019excellence&#8221; _builder_version=&#8221;4.16&#8243; background_image=&#8221;https:\/\/cannespaysdelerins.fr\/wp-content\/uploads\/2019\/10\/frise-communes1200.png&#8221; background_size=&#8221;initial&#8221; inner_max_width=&#8221;800px&#8221; custom_margin=&#8221;|0px||0px|false|true&#8221; custom_padding=&#8221;||||false|false&#8221; animation_style=&#8221;fade&#8221; collapsed=&#8221;off&#8221; global_colors_info=&#8221;{}&#8221;][et_pb_column type=&#8221;1_4&#8243; _builder_version=&#8221;4.16&#8243; custom_padding=&#8221;|||&#8221; global_colors_info=&#8221;{}&#8221; custom_padding__hover=&#8221;|||&#8221;][et_pb_text disabled_on=&#8221;on|on|off&#8221; _builder_version=&#8221;4.16&#8243; animation_style=&#8221;slide&#8221; animation_direction=&#8221;bottom&#8221; global_colors_info=&#8221;{}&#8221;]<\/p>\n<p><img loading=\"lazy\" decoding=\"async\" class=\"aligncenter wp-image-3911\" src=\"https:\/\/cannespaysdelerins.fr\/wp-content\/uploads\/2019\/10\/ima-emploi-stylo.png\" alt=\"\" width=\"62\" height=\"1453\" \/><\/p>\n<p>[\/et_pb_text][\/et_pb_column][et_pb_column type=&#8221;3_4&#8243; specialty_columns=&#8221;3&#8243; _builder_version=&#8221;4.16&#8243; custom_padding=&#8221;|||&#8221; global_colors_info=&#8221;{}&#8221; custom_padding__hover=&#8221;|||&#8221;][et_pb_row_inner use_custom_gutter=&#8221;on&#8221; admin_label=&#8221;titre&#8221; _builder_version=&#8221;4.16&#8243; max_width=&#8221;900px&#8221; custom_margin=&#8221;||||false|false&#8221; custom_padding=&#8221;||||false|false&#8221; animation_style=&#8221;fade&#8221; global_colors_info=&#8221;{}&#8221;][et_pb_column_inner saved_specialty_column_type=&#8221;3_4&#8243; _builder_version=&#8221;4.16&#8243; global_colors_info=&#8221;{}&#8221;][\/et_pb_column_inner][\/et_pb_row_inner][et_pb_row_inner _builder_version=&#8221;4.16&#8243; custom_margin=&#8221;|-101px||||&#8221; global_colors_info=&#8221;{}&#8221;][et_pb_column_inner saved_specialty_column_type=&#8221;3_4&#8243; _builder_version=&#8221;4.16&#8243; global_colors_info=&#8221;{}&#8221;][et_pb_text _builder_version=&#8221;4.21.0&#8243; text_line_height=&#8221;1.4em&#8221; custom_margin=&#8221;||||false|true&#8221; custom_padding=&#8221;||||false|true&#8221; animation_style=&#8221;slide&#8221; animation_direction=&#8221;right&#8221; global_colors_info=&#8221;{}&#8221;]<\/p>\n<p style=\"text-align: left;\"><img loading=\"lazy\" decoding=\"async\" class=\"alignleft wp-image-3605\" src=\"https:\/\/cannespaysdelerins.fr\/wp-content\/uploads\/2019\/10\/ico-emploi-image.png\" alt=\"\" width=\"150\" height=\"177\" \/>\u203a Cannes, capitale du cin\u00e9ma<\/p>\n<p style=\"text-align: left;\">\u203a Cannes <span style=\"color: #800000;\"><a style=\"color: #800000;\" href=\"https:\/\/cannespaysdelerins.fr\/index.php\/campus-bastide-rouge\/\" target=\"_blank\" rel=\"noopener\"><span style=\"text-decoration: underline;\"><em><strong>Bastide Rouge<\/strong><\/em><\/span><\/a><\/span><\/p>\n<p style=\"text-align: left; padding-left: 120px;\">\u203a P\u00f4le d\u2019excellence de l\u2019\u00e9conomie cr\u00e9ative et des m\u00e9tiers de l\u2019image\u00a0; vivier cr\u00e9atif culturel o\u00f9 se c\u00f4toient talents et professionnels de l\u2019audiovisuel, entrepreneurs,\u00a0 start-ups, \u00e9tudiants et universitaires<\/p>\n<p style=\"text-align: left;\">\u203a Proximit\u00e9 avec la technopole de Sophia-Antipolis, au c\u0153ur des technologies de l\u2019information-communication<\/p>\n<p style=\"text-align: left;\">\u203a Labellisation \u00ab\u00a0French Tech C\u00f4te d\u2019Azur\u00a0\u00bb<\/p>\n<p>[\/et_pb_text][\/et_pb_column_inner][\/et_pb_row_inner][et_pb_row_inner _builder_version=&#8221;4.16&#8243; global_colors_info=&#8221;{}&#8221;][et_pb_column_inner saved_specialty_column_type=&#8221;3_4&#8243; _builder_version=&#8221;4.16&#8243; global_colors_info=&#8221;{}&#8221;][et_pb_text _builder_version=&#8221;4.25.2&#8243; text_line_height=&#8221;1.4em&#8221; animation_style=&#8221;slide&#8221; animation_direction=&#8221;right&#8221; global_colors_info=&#8221;{}&#8221;]<\/p>\n<p style=\"text-align: left;\"><img loading=\"lazy\" decoding=\"async\" class=\"alignleft wp-image-3644\" src=\"https:\/\/cannespaysdelerins.fr\/wp-content\/uploads\/2019\/10\/ico-emploi-naut.png\" alt=\"\" width=\"150\" height=\"177\" \/>\u203a 16 ports dont 1 port \u00e0 sec<\/p>\n<p style=\"text-align: left;\">\u203a 30 km de c\u00f4te<\/p>\n<p style=\"text-align: left;\">\u203a 300 professionnels<\/p>\n<p style=\"text-align: left;\">\u203a 1 formation in\u00e9dite certifiante \u00ab\u00a0Personnel de bord\u00a0\u00bb<\/p>\n<p>[\/et_pb_text][\/et_pb_column_inner][\/et_pb_row_inner][et_pb_row_inner _builder_version=&#8221;4.25.2&#8243; global_colors_info=&#8221;{}&#8221;][et_pb_column_inner saved_specialty_column_type=&#8221;3_4&#8243; _builder_version=&#8221;4.16&#8243; global_colors_info=&#8221;{}&#8221;][et_pb_text _builder_version=&#8221;4.25.2&#8243; text_line_height=&#8221;1.4em&#8221; animation_style=&#8221;slide&#8221; animation_direction=&#8221;right&#8221; global_colors_info=&#8221;{}&#8221;]<\/p>\n<p style=\"text-align: left;\"><img loading=\"lazy\" decoding=\"async\" class=\"alignleft wp-image-3672\" src=\"https:\/\/cannespaysdelerins.fr\/wp-content\/uploads\/2019\/10\/ico-emploi-spatial.png\" alt=\"\" width=\"150\" height=\"177\" \/><strong>Les chiffres cl\u00e9s :<\/strong><br \/>\u203a 17 \u00e9tablissements (dont Thales Alenia Space, Soditech, Erma Technic, Expleo, Spirit Technologies, Dorea etc.), 701M \u20ac de chiffre d\u2019affaires, soit 62% du CA spatial d\u00e9partemental.<br \/>\u203a En termes d\u2019emploi : 2652 emplois, soit 46% du total d\u00e9partemental. <br \/>A noter que l\u2019activit\u00e9 de recherche, ing\u00e9nierie et conseil technique (9 \u00e9tablissements) et celles li\u00e9es \u00e0 l\u2019informatique (3 \u00e9tablissements) repr\u00e9sentent un CA cumul\u00e9 de 32M \u20ac et pr\u00e8s de 600 salari\u00e9s.<\/p>\n<p><strong>Ev\u00e8nements majeurs :<\/strong> <br \/>\u203a Les Rencontres du Spatial en R\u00e9gion Sud <br \/>\u203a ActInSpace<br \/>\u203a Health From Space<br \/>\u203a Energy from Space<\/p>\n<p><strong>Partenariat strat\u00e9gique :<\/strong> <br \/>\u203a\u00a0Convention triennale CACPL- P\u00f4le SAFE<br \/><strong>Projet futur :<\/strong><br \/>\u203a Cr\u00e9ation du Campus Spatial et IA Quantique<\/p>\n<p>[\/et_pb_text][\/et_pb_column_inner][\/et_pb_row_inner][et_pb_row_inner _builder_version=&#8221;4.16&#8243; global_colors_info=&#8221;{}&#8221;][et_pb_column_inner saved_specialty_column_type=&#8221;3_4&#8243; _builder_version=&#8221;4.16&#8243; global_colors_info=&#8221;{}&#8221;][et_pb_text _builder_version=&#8221;4.16&#8243; text_line_height=&#8221;1.4em&#8221; custom_margin=&#8221;||||false|true&#8221; custom_padding=&#8221;||||false|true&#8221; animation_style=&#8221;slide&#8221; animation_direction=&#8221;right&#8221; global_colors_info=&#8221;{}&#8221;]<\/p>\n<p style=\"text-align: left;\"><img loading=\"lazy\" decoding=\"async\" class=\"alignleft wp-image-3684\" src=\"https:\/\/cannespaysdelerins.fr\/wp-content\/uploads\/2019\/10\/ico-emploi-even.png\" alt=\"\" width=\"150\" height=\"177\" \/>\u203a Destination touristique et professionnelle de 1<sup>er<\/sup> rang<\/p>\n<p>\u203a 127 h\u00f4tels et 6 891 chambres<\/p>\n<p style=\"text-align: left;\">\u203a 30 000 m\u00b2 d\u2019espaces de congr\u00e8s<\/p>\n<p>\u203a 2<sup>e<\/sup> a\u00e9roport fran\u00e7ais d\u2019aviation d\u2019affaires<\/p>\n<p>[\/et_pb_text][\/et_pb_column_inner][\/et_pb_row_inner][et_pb_row_inner _builder_version=&#8221;4.16&#8243; global_colors_info=&#8221;{}&#8221;][et_pb_column_inner saved_specialty_column_type=&#8221;3_4&#8243; _builder_version=&#8221;4.16&#8243; global_colors_info=&#8221;{}&#8221;][et_pb_text _builder_version=&#8221;4.16&#8243; text_line_height=&#8221;1.4em&#8221; custom_margin=&#8221;||||false|true&#8221; custom_padding=&#8221;||||false|true&#8221; animation_style=&#8221;slide&#8221; animation_direction=&#8221;right&#8221; global_colors_info=&#8221;{}&#8221;]<\/p>\n<p style=\"text-align: left;\"><img loading=\"lazy\" decoding=\"async\" class=\"alignleft wp-image-3741\" src=\"https:\/\/cannespaysdelerins.fr\/wp-content\/uploads\/2019\/10\/ico-emploi-agri.png\" alt=\"\" width=\"150\" height=\"177\" \/>\u203a 244,2 hectares de zones class\u00e9es agricoles<\/p>\n<p style=\"text-align: left;\">\u203a 22 producteurs effectuant de la vente directe sur le territoire<\/p>\n<p style=\"text-align: left;\">\u203a Basse-Vall\u00e9e de la Siagne, terre d\u2019innovation agricole<\/p>\n<p>[\/et_pb_text][\/et_pb_column_inner][\/et_pb_row_inner][et_pb_row_inner _builder_version=&#8221;4.16&#8243; global_colors_info=&#8221;{}&#8221;][et_pb_column_inner saved_specialty_column_type=&#8221;3_4&#8243; _builder_version=&#8221;4.16&#8243; global_colors_info=&#8221;{}&#8221;][et_pb_text _builder_version=&#8221;4.25.2&#8243; text_line_height=&#8221;1.4em&#8221; custom_margin=&#8221;||||false|true&#8221; custom_padding=&#8221;||||false|true&#8221; animation_style=&#8221;slide&#8221; animation_direction=&#8221;right&#8221; global_colors_info=&#8221;{}&#8221;]<\/p>\n<p style=\"text-align: left;\"><img loading=\"lazy\" decoding=\"async\" class=\"alignleft wp-image-3742\" src=\"https:\/\/cannespaysdelerins.fr\/wp-content\/uploads\/2019\/10\/ico-emploi-silver.png\" alt=\"\" width=\"150\" height=\"177\" \/><strong>Les chiffres cl\u00e9s :<\/strong><br \/>\u203a Les Alpes-Maritimes ont une forte concentration de seniors, avec pr\u00e8s d\u2019un tiers de sa population qui a plus de 60 ans (329 000), cette part est en augmentation avec une progression de 11% ces 10 derni\u00e8res ann\u00e9es ;<br \/>\u203a Les personnes \u00e2g\u00e9es (65 ans et +) qui ont une r\u00e9sidence principale sur le territoire de l\u2019Agglom\u00e9ration Cannes L\u00e9rins repr\u00e9sentent 42,6% (34,2% au sein de la R\u00e9gion PACA) ; <br \/>\u203a Dans la seule ville de Cannes la population \u00e2g\u00e9e de 75 ans et + repr\u00e9sente 17,4% ; <br \/>\u203a D\u2019apr\u00e8s une \u00e9tude de la CCI NCA, en 2022 le bassin de vie de l&#8217;Agglom\u00e9ration comptait 119 entreprises et pr\u00e8s de 1 800 emplois issus de cette fili\u00e8re.<\/p>\n<p><strong>Ev\u00e9nement majeur :<\/strong><br \/>\u203a Festival du Bien-Vieillir et de la Silver \u00c9conomie (le plus grand rendez-vous mondial de la soci\u00e9t\u00e9 de la long\u00e9vit\u00e9, du bien-vieillir et de l\u2019interg\u00e9n\u00e9rationnel).<\/p>\n<p>&nbsp;<\/p>\n<p>[\/et_pb_text][\/et_pb_column_inner][\/et_pb_row_inner][\/et_pb_column][\/et_pb_section]<\/p>\n","protected":false},"excerpt":{"rendered":"<p>Fili\u00e8res d&#8217;excellenceFili\u00e8res d&#8217;excellence&nbsp; Lancement des Rencontres &#8220;Info aux entreprises&#8221; &nbsp; Face au contexte \u00e9conomique difficile, les Agglom\u00e9rations de Cannes L\u00e9rins et du Pays de Grasse &#8211; ainsi que leurs partenaires (PLIE, Mission Locale, P\u00f4le Emploi et APEC) &#8211; ont d\u00e9cid\u00e9 d&#8217;unir leurs forces et de proposer toute une s\u00e9rie de Webinaires pour accompagner les entreprises, [&hellip;]<\/p>\n","protected":false},"author":3,"featured_media":0,"parent":0,"menu_order":0,"comment_status":"closed","ping_status":"closed","template":"","meta":{"_et_pb_use_builder":"on","_et_pb_old_content":"","_et_gb_content_width":"","footnotes":""},"class_list":["post-12292","page","type-page","status-publish","hentry"],"_links":{"self":[{"href":"https:\/\/cannespaysdelerins.fr\/index.php\/wp-json\/wp\/v2\/pages\/12292","targetHints":{"allow":["GET"]}}],"collection":[{"href":"https:\/\/cannespaysdelerins.fr\/index.php\/wp-json\/wp\/v2\/pages"}],"about":[{"href":"https:\/\/cannespaysdelerins.fr\/index.php\/wp-json\/wp\/v2\/types\/page"}],"author":[{"embeddable":true,"href":"https:\/\/cannespaysdelerins.fr\/index.php\/wp-json\/wp\/v2\/users\/3"}],"replies":[{"embeddable":true,"href":"https:\/\/cannespaysdelerins.fr\/index.php\/wp-json\/wp\/v2\/comments?post=12292"}],"version-history":[{"count":6,"href":"https:\/\/cannespaysdelerins.fr\/index.php\/wp-json\/wp\/v2\/pages\/12292\/revisions"}],"predecessor-version":[{"id":21172,"href":"https:\/\/cannespaysdelerins.fr\/index.php\/wp-json\/wp\/v2\/pages\/12292\/revisions\/21172"}],"wp:attachment":[{"href":"https:\/\/cannespaysdelerins.fr\/index.php\/wp-json\/wp\/v2\/media?parent=12292"}],"curies":[{"name":"wp","href":"https:\/\/api.w.org\/{rel}","templated":true}]}}