{"id":12137,"date":"2021-08-13T14:13:46","date_gmt":"2021-08-13T14:13:46","guid":{"rendered":"https:\/\/cannespaysdelerins.fr\/?page_id=12137"},"modified":"2022-10-06T15:42:56","modified_gmt":"2022-10-06T15:42:56","slug":"se-developper","status":"publish","type":"page","link":"https:\/\/cannespaysdelerins.fr\/index.php\/se-developper\/","title":{"rendered":"Se d\u00e9velopper"},"content":{"rendered":"<p>[et_pb_section fb_built=&#8221;1&#8243; custom_padding_last_edited=&#8221;off|phone&#8221; disabled_on=&#8221;off|off|off&#8221; admin_label=&#8221;Header image&#8221; _builder_version=&#8221;4.5.1&#8243; background_image=&#8221;https:\/\/cannespaysdelerins.fr\/wp-content\/uploads\/2019\/11\/vis-app-culture02.jpg&#8221; parallax=&#8221;on&#8221; z_index=&#8221;0&#8243; min_height=&#8221;700px&#8221; min_height_tablet=&#8221;&#8221; min_height_phone=&#8221;500px&#8221; min_height_last_edited=&#8221;on|desktop&#8221; custom_margin=&#8221;||||false|false&#8221; custom_margin_last_edited=&#8221;off|desktop&#8221; custom_padding=&#8221;||||false|false&#8221; custom_padding_phone=&#8221;||||true|false&#8221; animation_style=&#8221;fade&#8221; collapsed=&#8221;off&#8221;][et_pb_row disabled_on=&#8221;off|off|off&#8221; admin_label=&#8221;Accroche DESKTOP&#8221; _builder_version=&#8221;3.29.3&#8243; background_color=&#8221;rgba(0,0,0,0)&#8221; custom_margin=&#8221;||||false|false&#8221; collapsed=&#8221;off&#8221;][et_pb_column type=&#8221;4_4&#8243; _builder_version=&#8221;3.29.3&#8243;][et_pb_text _builder_version=&#8221;4.5.1&#8243; header_font=&#8221;Open Light||||||||&#8221; header_text_align=&#8221;center&#8221; header_text_color=&#8221;#ffffff&#8221; header_font_size=&#8221;40px&#8221; header_letter_spacing=&#8221;1.5px&#8221; header_line_height=&#8221;1.3em&#8221; background_color=&#8221;rgba(0,0,0,0.49)&#8221; max_width=&#8221;300px&#8221; max_width_tablet=&#8221;&#8221; max_width_phone=&#8221;200px&#8221; max_width_last_edited=&#8221;on|phone&#8221; module_alignment=&#8221;center&#8221; custom_margin=&#8221;100px||||false|false&#8221; custom_margin_phone=&#8221;0px||||false|false&#8221; custom_margin_last_edited=&#8221;off|desktop&#8221; custom_padding=&#8221;30px||30px||true|false&#8221; animation_style=&#8221;fade&#8221; animation_duration=&#8221;2000ms&#8221; header_font_size_tablet=&#8221;&#8221; header_font_size_phone=&#8221;25px&#8221; header_font_size_last_edited=&#8221;on|phone&#8221; header_line_height_tablet=&#8221;&#8221; header_line_height_phone=&#8221;1em&#8221; header_line_height_last_edited=&#8221;on|phone&#8221; border_radii=&#8221;on|6px|6px|6px|6px&#8221;]<\/p>\n<h1 style=\"text-align: center;\">Se d\u00e9velopper<\/h1>\n<p>[\/et_pb_text][\/et_pb_column][\/et_pb_row][\/et_pb_section][et_pb_section fb_built=&#8221;1&#8243; admin_label=&#8221;sommaire&#8221; _builder_version=&#8221;3.29.3&#8243; background_color=&#8221;rgba(0,0,0,0)&#8221; custom_margin=&#8221;|40px||40px|false|true&#8221; custom_margin_tablet=&#8221;&#8221; custom_margin_phone=&#8221;|20px||20px|false|true&#8221; custom_margin_last_edited=&#8221;on|desktop&#8221; custom_padding=&#8221;0px||140px||false|false&#8221; animation_style=&#8221;slide&#8221; animation_direction=&#8221;bottom&#8221; animation_duration=&#8221;1550ms&#8221;][et_pb_row custom_padding_last_edited=&#8221;on|desktop&#8221; _builder_version=&#8221;3.29.3&#8243; background_color=&#8221;#ffffff&#8221; z_index=&#8221;0&#8243; width_tablet=&#8221;90%&#8221; width_phone=&#8221;90%&#8221; width_last_edited=&#8221;on|desktop&#8221; max_width=&#8221;900px&#8221; overflow-x=&#8221;visible&#8221; overflow-y=&#8221;visible&#8221; custom_margin=&#8221;-100px|auto||auto|false|false&#8221; custom_padding=&#8221;50px|20px|50px|20px|true|true&#8221; custom_padding_tablet=&#8221;|30px||30px|true|true&#8221; custom_padding_phone=&#8221;|0px||0px|false|false&#8221; animation_style=&#8221;fade&#8221; animation_duration=&#8221;2000ms&#8221; box_shadow_style=&#8221;preset3&#8243; box_shadow_vertical=&#8221;40px&#8221; box_shadow_blur=&#8221;110px&#8221; box_shadow_spread=&#8221;0px&#8221; box_shadow_color=&#8221;rgba(131,146,167,0.5)&#8221; locked=&#8221;off&#8221; width__hover_enabled=&#8221;off&#8221;][et_pb_column type=&#8221;4_4&#8243; _builder_version=&#8221;3.29.3&#8243; background_color=&#8221;rgba(0,0,0,0)&#8221; custom_padding=&#8221;|30px||30px|false|true&#8221;][et_pb_text _builder_version=&#8221;4.5.1&#8243; _module_preset=&#8221;default&#8221; hover_enabled=&#8221;0&#8243;]<\/p>\n<ul>\n<li><a href=\"https:\/\/cannespaysdelerins.fr\/index.php\/recherche-de-locaux\/\"><span style=\"color: #000080;\"><strong>Recherche de locaux<\/strong><\/span><\/a><\/li>\n<\/ul>\n<p>&nbsp;<\/p>\n<ul>\n<li><a href=\"https:\/\/cannespaysdelerins.fr\/index.php\/recherche-de-financement\/\"><span style=\"color: #000080;\"><strong>Recherche de financement(s)<\/strong><\/span><\/a><\/li>\n<\/ul>\n<p>&nbsp;<\/p>\n<ul>\n<li><a href=\"https:\/\/cannespaysdelerins.fr\/index.php\/elargir-ses-competences-et-son-reseau\/\"><span style=\"color: #000080;\"><strong>\u00c9largir ses comp\u00e9tences et son r\u00e9seau<\/strong><\/span><\/a>\n<ul>\n<li>Rencontre avec nos partenaires<\/li>\n<li>Mise en r\u00e9seau des p\u00e9pini\u00e8re d&#8217;entreprises CAP AZUR<\/li>\n<\/ul>\n<\/li>\n<\/ul>\n<p>&nbsp;<\/p>\n<ul>\n<li><a href=\"https:\/\/cannespaysdelerins.fr\/index.php\/appels-a-projets\/\"><span style=\"color: #000080;\"><strong>Appels \u00e0 projets<\/strong><\/span><\/a>\n<ul>\n<li>Territoires d&#8217;industrie<\/li>\n<li>France Relance<\/li>\n<\/ul>\n<\/li>\n<\/ul>\n<p>&nbsp;<\/p>\n<ul>\n<li><span style=\"color: #000080;\"><strong><a href=\"https:\/\/cannespaysdelerins.fr\/index.php\/marches-publics-entreprises\/\"><span style=\"color: #000080;\">March\u00e9s publics Entreprises<\/span><\/a><br \/><\/strong><\/span><\/li>\n<\/ul>\n<p>&nbsp;<\/p>\n<ul>\n<li><a href=\"https:\/\/cannespaysdelerins.fr\/index.php\/projets-par-filiere-dexcellence\/\"><span style=\"color: #000080;\"><strong>Projets par fili\u00e8re d&#8217;excellence<\/strong><\/span><\/a>\n<ul>\n<li>INDUSTRIES CR\u00c9ATIVES &amp; CULTURELLES<\/li>\n<li>NAUTISME<\/li>\n<li>SPATIAL<\/li>\n<li>EVENEMENTIEL<\/li>\n<li>AGRI&#8217;TECH<\/li>\n<li>SILVER ECONOMY<\/li>\n<\/ul>\n<\/li>\n<\/ul>\n<p>[\/et_pb_text][\/et_pb_column][\/et_pb_row][\/et_pb_section]<\/p>\n","protected":false},"excerpt":{"rendered":"<p>Se d\u00e9velopper Recherche de locaux &nbsp; Recherche de financement(s) &nbsp; \u00c9largir ses comp\u00e9tences et son r\u00e9seau Rencontre avec nos partenaires Mise en r\u00e9seau des p\u00e9pini\u00e8re d&#8217;entreprises CAP AZUR &nbsp; Appels \u00e0 projets Territoires d&#8217;industrie France Relance &nbsp; March\u00e9s publics Entreprises &nbsp; Projets par fili\u00e8re d&#8217;excellence INDUSTRIES CR\u00c9ATIVES &amp; CULTURELLES NAUTISME SPATIAL EVENEMENTIEL AGRI&#8217;TECH SILVER ECONOMY<\/p>\n","protected":false},"author":3,"featured_media":0,"parent":0,"menu_order":0,"comment_status":"closed","ping_status":"closed","template":"","meta":{"_et_pb_use_builder":"on","_et_pb_old_content":"","_et_gb_content_width":"","footnotes":""},"class_list":["post-12137","page","type-page","status-publish","hentry"],"_links":{"self":[{"href":"https:\/\/cannespaysdelerins.fr\/index.php\/wp-json\/wp\/v2\/pages\/12137","targetHints":{"allow":["GET"]}}],"collection":[{"href":"https:\/\/cannespaysdelerins.fr\/index.php\/wp-json\/wp\/v2\/pages"}],"about":[{"href":"https:\/\/cannespaysdelerins.fr\/index.php\/wp-json\/wp\/v2\/types\/page"}],"author":[{"embeddable":true,"href":"https:\/\/cannespaysdelerins.fr\/index.php\/wp-json\/wp\/v2\/users\/3"}],"replies":[{"embeddable":true,"href":"https:\/\/cannespaysdelerins.fr\/index.php\/wp-json\/wp\/v2\/comments?post=12137"}],"version-history":[{"count":7,"href":"https:\/\/cannespaysdelerins.fr\/index.php\/wp-json\/wp\/v2\/pages\/12137\/revisions"}],"predecessor-version":[{"id":14320,"href":"https:\/\/cannespaysdelerins.fr\/index.php\/wp-json\/wp\/v2\/pages\/12137\/revisions\/14320"}],"wp:attachment":[{"href":"https:\/\/cannespaysdelerins.fr\/index.php\/wp-json\/wp\/v2\/media?parent=12137"}],"curies":[{"name":"wp","href":"https:\/\/api.w.org\/{rel}","templated":true}]}}