{"id":11920,"date":"2021-07-09T14:11:17","date_gmt":"2021-07-09T14:11:17","guid":{"rendered":"https:\/\/cannespaysdelerins.fr\/?page_id=11920"},"modified":"2022-01-12T14:40:25","modified_gmt":"2022-01-12T14:40:25","slug":"pays-aimables","status":"publish","type":"page","link":"https:\/\/cannespaysdelerins.fr\/index.php\/pays-aimables\/","title":{"rendered":"Pays aimables"},"content":{"rendered":"<p>[et_pb_section fb_built=&#8221;1&#8243; custom_padding_last_edited=&#8221;off|phone&#8221; disabled_on=&#8221;off|off|off&#8221; admin_label=&#8221;Header image&#8221; _builder_version=&#8221;3.29.3&#8243; background_image=&#8221;https:\/\/cannespaysdelerins.fr\/wp-content\/uploads\/2019\/10\/visuel-menu-communes.jpg&#8221; parallax=&#8221;on&#8221; z_index=&#8221;0&#8243; min_height=&#8221;700px&#8221; min_height_tablet=&#8221;&#8221; min_height_phone=&#8221;500px&#8221; min_height_last_edited=&#8221;on|desktop&#8221; custom_margin=&#8221;||||false|false&#8221; custom_margin_last_edited=&#8221;off|desktop&#8221; custom_padding=&#8221;||||false|false&#8221; custom_padding_phone=&#8221;||||true|false&#8221; animation_style=&#8221;fade&#8221; collapsed=&#8221;off&#8221;][et_pb_row disabled_on=&#8221;off|off|off&#8221; admin_label=&#8221;Accroche DESKTOP&#8221; _builder_version=&#8221;3.29.3&#8243; background_color=&#8221;rgba(0,0,0,0)&#8221; custom_margin=&#8221;||||false|false&#8221;][et_pb_column type=&#8221;4_4&#8243; _builder_version=&#8221;3.29.3&#8243;][et_pb_text _builder_version=&#8221;4.5.1&#8243; header_font=&#8221;Open Light||||||||&#8221; header_text_align=&#8221;center&#8221; header_text_color=&#8221;#ffffff&#8221; header_font_size=&#8221;40px&#8221; header_letter_spacing=&#8221;1.5px&#8221; header_line_height=&#8221;1.3em&#8221; background_color=&#8221;rgba(22,56,81,0.25)&#8221; max_width=&#8221;300px&#8221; max_width_tablet=&#8221;&#8221; max_width_phone=&#8221;200px&#8221; max_width_last_edited=&#8221;on|phone&#8221; module_alignment=&#8221;center&#8221; custom_margin=&#8221;50px||||false|false&#8221; custom_margin_tablet=&#8221;&#8221; custom_margin_phone=&#8221;0px||||false|false&#8221; custom_margin_last_edited=&#8221;on|phone&#8221; custom_padding=&#8221;30px||30px||true|false&#8221; animation_style=&#8221;fade&#8221; animation_duration=&#8221;2000ms&#8221; header_font_size_tablet=&#8221;&#8221; header_font_size_phone=&#8221;25px&#8221; header_font_size_last_edited=&#8221;on|phone&#8221; header_line_height_tablet=&#8221;&#8221; header_line_height_phone=&#8221;1em&#8221; header_line_height_last_edited=&#8221;on|phone&#8221; border_radii=&#8221;on|6px|6px|6px|6px&#8221;]<\/p>\n<h1 style=\"text-align: center;\">Pays aimables<\/h1>\n<p>[\/et_pb_text][\/et_pb_column][\/et_pb_row][\/et_pb_section][et_pb_section fb_built=&#8221;1&#8243; _builder_version=&#8221;4.5.1&#8243; _module_preset=&#8221;default&#8221; hover_enabled=&#8221;0&#8243;][et_pb_row _builder_version=&#8221;4.5.1&#8243; _module_preset=&#8221;default&#8221; hover_enabled=&#8221;0&#8243; max_width=&#8221;900px&#8221;][et_pb_column type=&#8221;4_4&#8243; _builder_version=&#8221;4.5.1&#8243; _module_preset=&#8221;default&#8221;][et_pb_text _builder_version=&#8221;4.5.1&#8243; _module_preset=&#8221;default&#8221; locked=&#8221;off&#8221;]<\/p>\n<h1><img loading=\"lazy\" decoding=\"async\" class=\"wp-image-12590 size-thumbnail alignleft\" src=\"https:\/\/cannespaysdelerins.fr\/wp-content\/uploads\/2021\/10\/Trio-drapeaux-150x150.png\" alt=\"\" width=\"150\" height=\"150\" \/><\/h1>\n<h1>\u00a0<\/h1>\n<h1>\u00a0<\/h1>\n<h1>\u00a0<\/h1>\n<h1>\u00a0<\/h1>\n<h1>\u00a0<\/h1>\n<h1>\u00a0<\/h1>\n<h1>ALCOTRA, qu&#8217;est-ce que c&#8217;est ?<\/h1>\n<p>ALCOTRA (Alpes Latines COop\u00e9ration TRAnsfrontali\u00e8re), est un programme de coop\u00e9ration transfrontali\u00e8re europ\u00e9enne (Interreg). L\u2019objectif des programmes Interreg est de favoriser des actions de coop\u00e9ration qui am\u00e9liorent la qualit\u00e9 de vie des populations et le d\u00e9veloppement durable des territoires et des syst\u00e8mes \u00e9conomiques et sociaux transfrontaliers.\u00a0ALCOTRA se concentre plus particuli\u00e8rement sur la <strong>fronti\u00e8re alpine entre la France et l&#8217;Italie<\/strong>. Le programme est financ\u00e9 \u00e0 85% par le Fonds Europ\u00e9en de D\u00e9veloppement Economique R\u00e9gional (FEDER).<\/p>\n<p>&nbsp;<\/p>\n<h1>PITER, de quoi parle-t-on ?<\/h1>\n<p>Les Plans Int\u00e9gr\u00e9s Territoriaux (PITER) sont des macro-projets pluri th\u00e9matiques\u00a0: ils se composent de 5 projets\u00a0simples\u00a0dont 1 projet de coordination et 4 projets th\u00e9matiques. Chaque projet th\u00e9matique s\u2019inscrit dans le cadre d\u2019un objectif sp\u00e9cifique du programme ALCOTRA.<\/p>\n<p>Les PITER s\u2019\u00e9tendent sur un territoire bien circonscrit et d\u00e9finissent une strat\u00e9gie de d\u00e9veloppement pour ce territoire. Ils se composent de 10 partenaires (5 fran\u00e7ais et 5 italiens), dont chacun peut avoir 3 d\u00e9l\u00e9gataires.<\/p>\n<h1>\u00a0<\/h1>\n<h1>PITER PAYS-SAGES<\/h1>\n<p>&nbsp;<\/p>\n<p><strong>Th\u00e9matiques <\/strong><\/p>\n<p>&gt; \u00c9conomie \u00e0 basse \u00e9mission de carbone<br \/>&gt; Pr\u00e9vention des risques<br \/>&gt; \u00c9ducation et formation professionnelle<br \/>&gt; Patrimoine naturel et culturel.<\/p>\n<p>&nbsp;<\/p>\n<p><strong>Strat\u00e9gie du PITER<\/strong><\/p>\n<p><em>Exp\u00e9rimenter des approches disruptives de d\u00e9veloppement \u00e9conomique durable des territoires afin de pr\u00e9server le \u00ab\u00a0paysage\u00a0\u00bb, renforcer leurs attractivit\u00e9s, et en faire des \u00ab\u00a0pays-sages\u00bb.<\/em><\/p>\n<p>Elle sera plac\u00e9e sous le signe de la \u00a0proximit\u00e9, du d\u00e9veloppement endog\u00e8ne et de la collaboration :<\/p>\n<ul>\n<li><strong>Exploitation<\/strong> de la pr\u00e9sence d\u2019un tissu entrepreneurial solide, de clusters, de centres de recherche et d\u2019organismes de formation.<\/li>\n<li><strong>Mobilisation<\/strong> des principales structures publiques agissant au b\u00e9n\u00e9fice des territoires, notamment les intercommunalit\u00e9s.<\/li>\n<li><strong>Cr\u00e9ation<\/strong> de synergies nouvelles entre entit\u00e9s publiques, mais aussi entre entit\u00e9s publiques et priv\u00e9es<\/li>\n<\/ul>\n<p>168 communes sont concern\u00e9es.<\/p>\n<p><img loading=\"lazy\" decoding=\"async\" class=\"wp-image-12595 aligncenter size-full\" src=\"https:\/\/cannespaysdelerins.fr\/wp-content\/uploads\/2021\/10\/Carte-PITER.png\" alt=\"\" width=\"774\" height=\"607\" srcset=\"https:\/\/cannespaysdelerins.fr\/wp-content\/uploads\/2021\/10\/Carte-PITER.png 774w, https:\/\/cannespaysdelerins.fr\/wp-content\/uploads\/2021\/10\/Carte-PITER-480x376.png 480w\" sizes=\"auto, (min-width: 0px) and (max-width: 480px) 480px, (min-width: 481px) 774px, 100vw\" \/><\/p>\n<p>&nbsp;<\/p>\n<p>LE PITER est compos\u00e9 de <strong>4 projets simples th\u00e9matiques<\/strong>. Ces projets s\u2019emploient \u00e0 am\u00e9liorer le d\u00e9veloppement des 168 communes italiennes et fran\u00e7aises concern\u00e9es par le PITER en s\u2019appuyant sur 4 axes objectifs d\u00e9finis par le programme ALCOTRA :<\/p>\n<ul>\n<li>\u00c9nergie: projet PAYS ECOGETIQUES<\/li>\n<li><strong>Patrimoine naturel et culturel : PAYS AIMABLES <\/strong><\/li>\n<li><strong>Pr\u00e9vention des risques : PAYS RESILIENTS <\/strong><\/li>\n<li>\u00c9ducation et Formation\u2013PAYS CAPABLES<\/li>\n<\/ul>\n<p>&nbsp;<\/p>\n<p>Budget total : <strong>6 734 117, 65 \u20ac <\/strong>&#8211; Taux de financement\u00a0:\u00a0<strong> 85%<\/strong><\/p>\n<p>Nombre de partenaires : <strong>10<\/strong> (5 italiens et 5 fran\u00e7ais)<\/p>\n<p>Coordinateur du Plan : <strong>Province de Cuneo<\/strong><\/p>\n<p>&nbsp;<\/p>\n<p><strong>Le Projet PAYS AIMABLES fait partie du Plan PITER PAYS SAGES.<\/strong><\/p>\n<p><img loading=\"lazy\" decoding=\"async\" class=\"wp-image-12596  alignleft\" src=\"https:\/\/cannespaysdelerins.fr\/wp-content\/uploads\/2021\/10\/Paysages-300x184.png\" alt=\"\" width=\"267\" height=\"164\" \/><\/p>\n<p>&nbsp;<\/p>\n<p>&nbsp;<\/p>\n<p>&nbsp;<\/p>\n<p>&nbsp;<\/p>\n<p>&nbsp;<\/p>\n<p><strong>R\u00e9sum\u00e9 <\/strong><\/p>\n<p>Pays aimables est le fruit de\u00a0l\u2019engagement d\u2019un partenariat\u00a0multi-niveau pour proposer un d\u00e9veloppement \u00e9conomique \u00e9quilibr\u00e9 et partag\u00e9, selon une logique de durabilit\u00e9 construite sur <strong>la valorisation du paysage.<\/strong><\/p>\n<p>Le projet est n\u00e9 de l\u2019exigence de construire un produit touristique int\u00e9gr\u00e9 sachant conjuguer les ressources consolid\u00e9es du tourisme c\u00f4tier avec les particularit\u00e9s de l\u2019arri\u00e8re-pays de fa\u00e7on innovante et durable. L\u2019objectif premier est la cr\u00e9ation d\u2019un produit transfrontalier misant sur la valorisation du paysage culturel et des productions de qualit\u00e9, capable de se distinguer sur le march\u00e9 globalis\u00e9, comme destination touristique d\u2019excellence. Etude du paysage, donc, pour d\u00e9couvrir l\u2019essence profonde ainsi que les fragilit\u00e9s, les faiblesses et les risques, mais aussi pour en \u00e9valuer sa capacit\u00e9 et force d\u2019attraction comme destination touristique.<\/p>\n<ul>\n<li>Port\u00e9 par la <strong>Province de Coni<\/strong>.<\/li>\n<li>Budget total de <strong>1 411 765 \u20ac <\/strong>dont <strong>1 200 000 \u20ac <\/strong>de <strong>FEDER<\/strong>.<\/li>\n<li>Budget Cannes L\u00e9rins : <strong>42 000 \u20ac.<\/strong><\/li>\n<\/ul>\n<p>&nbsp;<\/p>\n<p><strong>Objectifs : <\/strong><\/p>\n<ul>\n<li>Red\u00e9finir le rapport entre demande et offre touristique, selon une logique de durabilit\u00e9 et de responsabilisation.<\/li>\n<li>Cr\u00e9er un tourisme qui aura un impact environnemental limit\u00e9 mais des retomb\u00e9es \u00e9conomiques \u00e9lev\u00e9es et durables.<\/li>\n<\/ul>\n<p>&nbsp;<\/p>\n<p><strong>ACTIONS CL\u00c9S <\/strong><\/p>\n<ul>\n<li><strong>\u00c9tude prospective <\/strong>sur les nouvelles tendances \u00e9coresponsables en mati\u00e8re de tourisme et les nouveaux m\u00e9tiers du tourisme afin d&#8217;assurer une veille strat\u00e9gique pour le maintien de la comp\u00e9titivit\u00e9 des entreprises locales.<\/li>\n<li><strong>Valorisation, par le biais de signal\u00e9tique<\/strong>, de nouveaux circuits agri-touristiqueset\/ou en agr\u00e9menter des anciens dans les territoires de la CASA et de CACPL, en lien avec la signal\u00e9tique d\u00e9velopp\u00e9e le long des itin\u00e9raires par l&#8217;ensemble des partenaires.<\/li>\n<li><strong>Accompagnement<\/strong> des acteurs \u00e9conomiques de la fili\u00e8re Tourisme<\/li>\n<li><strong>Initiatives promotionnelles <\/strong>autour du produit touristique con\u00e7u autour du paysage<\/li>\n<\/ul>\n<p>&nbsp;<\/p>\n<p>&gt; <strong><a href=\"https:\/\/www.interreg-alcotra.eu\/fr\/decouvrir-alcotra\/les-projets-finances\/pays-aimables\">Cliquez ICI<\/a><\/strong> pour suivre le projet sur la page OFFICIELLE ALCOTRA.<\/p>\n<p>[\/et_pb_text][\/et_pb_column][\/et_pb_row][\/et_pb_section]<\/p>\n","protected":false},"excerpt":{"rendered":"<p>Pays aimables \u00a0 \u00a0 \u00a0 \u00a0 \u00a0 \u00a0 ALCOTRA, qu&#8217;est-ce que c&#8217;est ? ALCOTRA (Alpes Latines COop\u00e9ration TRAnsfrontali\u00e8re), est un programme de coop\u00e9ration transfrontali\u00e8re europ\u00e9enne (Interreg). L\u2019objectif des programmes Interreg est de favoriser des actions de coop\u00e9ration qui am\u00e9liorent la qualit\u00e9 de vie des populations et le d\u00e9veloppement durable des territoires et des syst\u00e8mes \u00e9conomiques [&hellip;]<\/p>\n","protected":false},"author":3,"featured_media":0,"parent":0,"menu_order":0,"comment_status":"closed","ping_status":"closed","template":"","meta":{"_et_pb_use_builder":"on","_et_pb_old_content":"","_et_gb_content_width":"","footnotes":""},"class_list":["post-11920","page","type-page","status-publish","hentry"],"_links":{"self":[{"href":"https:\/\/cannespaysdelerins.fr\/index.php\/wp-json\/wp\/v2\/pages\/11920","targetHints":{"allow":["GET"]}}],"collection":[{"href":"https:\/\/cannespaysdelerins.fr\/index.php\/wp-json\/wp\/v2\/pages"}],"about":[{"href":"https:\/\/cannespaysdelerins.fr\/index.php\/wp-json\/wp\/v2\/types\/page"}],"author":[{"embeddable":true,"href":"https:\/\/cannespaysdelerins.fr\/index.php\/wp-json\/wp\/v2\/users\/3"}],"replies":[{"embeddable":true,"href":"https:\/\/cannespaysdelerins.fr\/index.php\/wp-json\/wp\/v2\/comments?post=11920"}],"version-history":[{"count":6,"href":"https:\/\/cannespaysdelerins.fr\/index.php\/wp-json\/wp\/v2\/pages\/11920\/revisions"}],"predecessor-version":[{"id":13169,"href":"https:\/\/cannespaysdelerins.fr\/index.php\/wp-json\/wp\/v2\/pages\/11920\/revisions\/13169"}],"wp:attachment":[{"href":"https:\/\/cannespaysdelerins.fr\/index.php\/wp-json\/wp\/v2\/media?parent=11920"}],"curies":[{"name":"wp","href":"https:\/\/api.w.org\/{rel}","templated":true}]}}