{"id":11912,"date":"2021-07-09T14:00:57","date_gmt":"2021-07-09T14:00:57","guid":{"rendered":"https:\/\/cannespaysdelerins.fr\/?page_id=11912"},"modified":"2022-01-12T14:40:47","modified_gmt":"2022-01-12T14:40:47","slug":"pays-resilients","status":"publish","type":"page","link":"https:\/\/cannespaysdelerins.fr\/index.php\/pays-resilients\/","title":{"rendered":"Pays r\u00e9silients"},"content":{"rendered":"<p>[et_pb_section fb_built=&#8221;1&#8243; custom_padding_last_edited=&#8221;off|phone&#8221; disabled_on=&#8221;off|off|off&#8221; admin_label=&#8221;Header image&#8221; _builder_version=&#8221;4.0.2&#8243; background_image=&#8221;https:\/\/cannespaysdelerins.fr\/wp-content\/uploads\/2019\/10\/vis-inondation.jpg&#8221; parallax=&#8221;on&#8221; z_index=&#8221;0&#8243; min_height=&#8221;700px&#8221; min_height_tablet=&#8221;&#8221; min_height_phone=&#8221;500px&#8221; min_height_last_edited=&#8221;on|desktop&#8221; custom_margin=&#8221;||||false|false&#8221; custom_margin_last_edited=&#8221;off|desktop&#8221; custom_padding=&#8221;||||false|false&#8221; custom_padding_phone=&#8221;||||true|false&#8221; animation_style=&#8221;fade&#8221; collapsed=&#8221;on&#8221;][et_pb_row disabled_on=&#8221;off|off|off&#8221; admin_label=&#8221;Accroche DESKTOP&#8221; _builder_version=&#8221;3.29.3&#8243; background_color=&#8221;rgba(0,0,0,0)&#8221; custom_margin=&#8221;||||false|false&#8221;][et_pb_column type=&#8221;4_4&#8243; _builder_version=&#8221;3.29.3&#8243;][et_pb_text _builder_version=&#8221;4.5.1&#8243; header_font=&#8221;Open Light||||||||&#8221; header_text_align=&#8221;center&#8221; header_text_color=&#8221;#ffffff&#8221; header_font_size=&#8221;40px&#8221; header_letter_spacing=&#8221;1.5px&#8221; header_line_height=&#8221;1.6em&#8221; background_color=&#8221;rgba(22,56,81,0.64)&#8221; max_width=&#8221;500px&#8221; max_width_tablet=&#8221;&#8221; max_width_phone=&#8221;250px&#8221; max_width_last_edited=&#8221;on|phone&#8221; module_alignment=&#8221;center&#8221; custom_margin=&#8221;50px||||false|false&#8221; custom_margin_tablet=&#8221;&#8221; custom_margin_phone=&#8221;0px||||false|false&#8221; custom_margin_last_edited=&#8221;on|phone&#8221; custom_padding=&#8221;30px||30px||true|false&#8221; animation_style=&#8221;fade&#8221; animation_duration=&#8221;2000ms&#8221; header_font_size_tablet=&#8221;&#8221; header_font_size_phone=&#8221;25px&#8221; header_font_size_last_edited=&#8221;on|phone&#8221; header_line_height_tablet=&#8221;&#8221; header_line_height_phone=&#8221;1.6em&#8221; header_line_height_last_edited=&#8221;on|desktop&#8221; border_radii=&#8221;on|6px|6px|6px|6px&#8221;]<\/p>\n<h1 style=\"text-align: center;\">Pays r\u00e9silients<\/h1>\n<p>[\/et_pb_text][\/et_pb_column][\/et_pb_row][\/et_pb_section][et_pb_section fb_built=&#8221;1&#8243; admin_label=&#8221;PITER &#8211; Pays r\u00e9silients&#8221; _builder_version=&#8221;3.29.3&#8243; background_image=&#8221;https:\/\/cannespaysdelerins.fr\/wp-content\/uploads\/2019\/10\/frise-communes1200.png&#8221; background_size=&#8221;initial&#8221; custom_margin=&#8221;||||false|false&#8221; custom_padding=&#8221;||||false|false&#8221; collapsed=&#8221;off&#8221;][et_pb_row _builder_version=&#8221;4.5.1&#8243; _module_preset=&#8221;default&#8221; hover_enabled=&#8221;0&#8243; max_width=&#8221;900px&#8221;][et_pb_column type=&#8221;4_4&#8243; _builder_version=&#8221;4.5.1&#8243; _module_preset=&#8221;default&#8221;][et_pb_text _builder_version=&#8221;4.5.1&#8243; _module_preset=&#8221;default&#8221;]<\/p>\n<h1><img loading=\"lazy\" decoding=\"async\" class=\"wp-image-12590 size-thumbnail alignleft\" src=\"https:\/\/cannespaysdelerins.fr\/wp-content\/uploads\/2021\/10\/Trio-drapeaux-150x150.png\" alt=\"\" width=\"150\" height=\"150\" \/><\/h1>\n<h1>\u00a0<\/h1>\n<h1>\u00a0<\/h1>\n<h1>\u00a0<\/h1>\n<h1>\u00a0<\/h1>\n<h1>\u00a0<\/h1>\n<h1>\u00a0<\/h1>\n<h1>ALCOTRA, qu&#8217;est-ce que c&#8217;est ?<\/h1>\n<p>ALCOTRA (Alpes Latines COop\u00e9ration TRAnsfrontali\u00e8re), est un programme de coop\u00e9ration transfrontali\u00e8re europ\u00e9enne (Interreg). L\u2019objectif des programmes Interreg est de favoriser des actions de coop\u00e9ration qui am\u00e9liorent la qualit\u00e9 de vie des populations et le d\u00e9veloppement durable des territoires et des syst\u00e8mes \u00e9conomiques et sociaux transfrontaliers.\u00a0ALCOTRA se concentre plus particuli\u00e8rement sur la <strong>fronti\u00e8re alpine entre la France et l&#8217;Italie<\/strong>. Le programme est financ\u00e9 \u00e0 85% par le Fonds Europ\u00e9en de D\u00e9veloppement \u00c9conomique R\u00e9gional (FEDER).<\/p>\n<p>&nbsp;<\/p>\n<h1>PITER, de quoi parle-t-on ?<\/h1>\n<p>Les Plans Int\u00e9gr\u00e9s Territoriaux (PITER) sont des macro-projets pluri th\u00e9matiques\u00a0: ils se composent de 5 projets\u00a0simples\u00a0dont 1 projet de coordination et 4 projets th\u00e9matiques. Chaque projet th\u00e9matique s\u2019inscrit dans le cadre d\u2019un objectif sp\u00e9cifique du programme ALCOTRA.<\/p>\n<p>Les PITER s\u2019\u00e9tendent sur un territoire bien circonscrit et d\u00e9finissent une strat\u00e9gie de d\u00e9veloppement pour ce territoire. Ils se composent de 10 partenaires (5 fran\u00e7ais et 5 italiens), dont chacun peut avoir 3 d\u00e9l\u00e9gataires.<\/p>\n<h1>\u00a0<\/h1>\n<h1>PITER PAYS-SAGES<\/h1>\n<p>&nbsp;<\/p>\n<p><strong>Th\u00e9matiques <\/strong><\/p>\n<p>&gt; \u00c9conomie \u00e0 basse \u00e9mission de carbone<br \/>&gt; Pr\u00e9vention des risques<br \/>&gt; \u00c9ducation et formation professionnelle<br \/>&gt; Patrimoine naturel et culturel.<\/p>\n<p>&nbsp;<\/p>\n<p><strong>D\u00e9fis du Territoire <\/strong><\/p>\n<p>Un enjeu fort : des territoires qui concentrent des indicateurs de fragilit\u00e9 socio-\u00e9conomique dans une zone riche et d\u00e9velopp\u00e9e.<\/p>\n<p>&gt; Espace unique se caract\u00e9risant par une renomm\u00e9e internationale, des zones urbaines prosp\u00e8res, attractives, porteuses d\u2019innovation et de recherche<\/p>\n<p>MAIS&#8230;<\/p>\n<ul>\n<li>une <strong>fragilit\u00e9 en mati\u00e8re de risques naturels <\/strong>et d\u2019effets directs du changement climatique<\/li>\n<li>de <strong>grandes disparit\u00e9s dans l\u2019acc\u00e8s au march\u00e9 du travail.<\/strong><\/li>\n<\/ul>\n<p>Pays Sages- paysage et <strong>pays sage<\/strong> &#8211; se veut \u00eatre en premier lieu un d\u00e9fi visant \u00e0 <strong>comprendre la valeur du paysage car le soin et l\u2019attention pour le territoire font du paysage <\/strong>une opportunit\u00e9 pour ceux qui\u00a0 habitent cette terre, y travaille et pour ceux qui veulent le d\u00e9couvrir.<\/p>\n<p>&nbsp;<\/p>\n<p><strong>Strat\u00e9gie du PITER<\/strong><\/p>\n<p><em>Exp\u00e9rimenter des approches disruptives de d\u00e9veloppement \u00e9conomique durable des territoires afin de pr\u00e9server le \u00ab\u00a0paysage\u00a0\u00bb, renforcer leurs attractivit\u00e9s, et en faire des \u00ab\u00a0pays-sages\u00bb.<\/em><\/p>\n<p>Elle sera plac\u00e9e sous le signe de la \u00a0proximit\u00e9, du d\u00e9veloppement endog\u00e8ne et de la collaboration :<\/p>\n<ul>\n<li><strong>Exploitation<\/strong> de la pr\u00e9sence d\u2019un tissu entrepreneurial solide, de clusters, de centres de recherche et d\u2019organismes de formation.<\/li>\n<li><strong>Mobilisation<\/strong> des principales structures publiques agissant au b\u00e9n\u00e9fice des territoires, notamment les intercommunalit\u00e9s.<\/li>\n<li><strong>Cr\u00e9ation<\/strong> de synergies nouvelles entre entit\u00e9s publiques, mais aussi entre entit\u00e9s publiques et priv\u00e9es<\/li>\n<\/ul>\n<p>168 communes sont concern\u00e9es.<\/p>\n<p><img loading=\"lazy\" decoding=\"async\" class=\"wp-image-12595 aligncenter size-full\" src=\"https:\/\/cannespaysdelerins.fr\/wp-content\/uploads\/2021\/10\/Carte-PITER.png\" alt=\"\" width=\"774\" height=\"607\" srcset=\"https:\/\/cannespaysdelerins.fr\/wp-content\/uploads\/2021\/10\/Carte-PITER.png 774w, https:\/\/cannespaysdelerins.fr\/wp-content\/uploads\/2021\/10\/Carte-PITER-480x376.png 480w\" sizes=\"auto, (min-width: 0px) and (max-width: 480px) 480px, (min-width: 481px) 774px, 100vw\" \/><\/p>\n<p>&nbsp;<\/p>\n<p>LE PITER est compos\u00e9 de <strong>4 projets simples th\u00e9matiques<\/strong>. Ces projets s\u2019emploient \u00e0 am\u00e9liorer le d\u00e9veloppement des 168 communes italiennes et fran\u00e7aises concern\u00e9es par le PITER en s\u2019appuyant sur 4 axes objectifs d\u00e9finis par le programme ALCOTRA :<\/p>\n<ul>\n<li>\u00c9nergie: projet PAYS ECOGETIQUES<\/li>\n<li><strong>Patrimoine naturel et culturel : PAYS AIMABLES <\/strong><\/li>\n<li><strong>Pr\u00e9vention des risques : PAYS RESILIENTS <\/strong><\/li>\n<li>\u00c9ducation et Formation\u2013PAYS CAPABLES<\/li>\n<\/ul>\n<p>&nbsp;<\/p>\n<p>Budget total : <strong>6 734 117, 65 \u20ac <\/strong>&#8211; Taux de financement\u00a0:\u00a0<strong> 85%<\/strong><\/p>\n<p>Nombre de partenaires : <strong>10<\/strong> (5 italiens et 5 fran\u00e7ais)<\/p>\n<p>Coordinateur du Plan : <strong>Province de Cuneo<\/strong><\/p>\n<p>&nbsp;<\/p>\n<p><strong>Le Projet PAYS RESILIENTS fait partie du Plan PITER PAYS SAGES.<\/strong><\/p>\n<p><img loading=\"lazy\" decoding=\"async\" class=\"wp-image-12596  alignleft\" src=\"https:\/\/cannespaysdelerins.fr\/wp-content\/uploads\/2021\/10\/Paysages-300x184.png\" alt=\"\" width=\"267\" height=\"164\" \/><\/p>\n<p>&nbsp;<\/p>\n<p>&nbsp;<\/p>\n<p>&nbsp;<\/p>\n<p>&nbsp;<\/p>\n<p>&nbsp;<\/p>\n<p><strong>R\u00e9sum\u00e9 <\/strong><\/p>\n<p>Le territoire ALCOTRA, et en particulier celui impliqu\u00e9 dans ce projet, est un territoire de valeur mais fragile et expos\u00e9 aux risques environnementaux par sa configuration g\u00e9ographique et ses probl\u00e9matiques de gestion, qui risquent toujours plus de compromettre la sauvegarde du paysage et la s\u00e9curit\u00e9 des habitants et des touristes qui le peuplent.<\/p>\n<p>Les territoires transfrontaliers impliqu\u00e9s dans le projet agissent pour garantir une meilleure gestion des risques, en particulier ceux li\u00e9s \u00e0 des ph\u00e9nom\u00e8nes de catastrophes hydrog\u00e9ologiques, mais jusqu\u2019\u00e0 aujourd\u2019hui les r\u00e9sultats rassembl\u00e9s n\u2019ont pas r\u00e9solu les probl\u00e9matiques qui se manifestent souvent de mani\u00e8re extr\u00eamement violente apportant toujours des destructions et, parfois, des morts.<\/p>\n<p><strong>Le but du projet est de contribuer \u00e0 trouver une solution \u00e0 ce probl\u00e8me important, \u00e0 travers la mise au point d\u2019outils innovants de r\u00e9ponse aux risques, gr\u00e2ce \u00e0 une activit\u00e9 de comparaison et d\u2019\u00e9change \u00e0 l\u2019\u00e9chelle transfrontali\u00e8re qui donne des indications claires pour r\u00e9aliser un mod\u00e8le efficace de pr\u00e9vention et de gestion des risques bas\u00e9 sur la collaboration du public et du priv\u00e9 qui est durable, r\u00e9plicable et adaptable \u00e0 diff\u00e9rents territoires.<\/strong><\/p>\n<p><strong>Au mod\u00e8le viennent s\u2019ajouter les infrastructures n\u00e9cessaires pour garantir la s\u00e9curit\u00e9 du territoire et limiter le ph\u00e9nom\u00e8ne d\u2019abandon du territoire et des petits centres habit\u00e9s \u00e0 l\u2019int\u00e9rieur des terres.<\/strong><\/p>\n<p><strong>Chef de file : <\/strong>Provincia di Imperia<\/p>\n<p>&nbsp;<\/p>\n<p><strong>Activit\u00e9s, impacts, r\u00e9sultats :\u00a0<\/strong><\/p>\n<p>Le projet se donne comme objectif de faire comprendre \u00e0 la communaut\u00e9 l\u2019importance de \u201cprendre soin\u201d du territoire et d\u2019en pr\u00e9server l\u2019int\u00e9grit\u00e9 en augmentant la r\u00e9silience. Les activit\u00e9s pr\u00e9vues sont\u00a0:<\/p>\n<ol>\n<li>Cr\u00e9ation d\u2019un mod\u00e8le transfrontalier de gestion \u00ab\u00a0active\u00a0\u00bb du territoire qui renforce la culture de la pr\u00e9vention des risques hydrog\u00e9ologiques \u00e0 travers une \u00e9troite collaboration entre le public et le priv\u00e9, garantissant la promotion et la coordination d\u2019activit\u00e9s de d\u00e9fense du territoire (organismes publics) et l\u2019implication active des parties prenants, des citoyens et des entreprises\u00a0;<\/li>\n<li>R\u00e9alisation de petites infrastructures et acquisition d\u2019\u00e9quipements pour augmenter la s\u00e9curit\u00e9 du territoire, la pr\u00e9vention\/gestion des risques et garantir la sauvegarde du paysage\u00a0;<\/li>\n<li>Application du mod\u00e8le exp\u00e9rimental sur des zones pilotes particuli\u00e8rement fragiles et touch\u00e9es par les derni\u00e8res catastrophes qui ont eu lieu dans une partie du territoire impliqu\u00e9 dans le PITER\u00a0;<\/li>\n<li>R\u00e9alisation d\u2019une analyse socio-\u00e9conomique qui met en lumi\u00e8re le rapport co\u00fbts-b\u00e9n\u00e9fices sur l\u2019application du mod\u00e8le afin d\u2019en tester la durabilit\u00e9 au terme de la phase de test.<\/li>\n<\/ol>\n<p>&nbsp;<\/p>\n<p><strong>Mobilisation de la CAPL au sein du PITER PAYS-SAGES \u2013 PAYS RESILIENTS<\/strong><\/p>\n<p>&gt; Budget total de <strong>2 117 647 \u20ac <\/strong>dont <strong>1 800 000 \u20ac <\/strong>de <strong>FEDER (80%)<\/strong>.<\/p>\n<p>&gt; Budget Cannes L\u00e9rins : <strong>107 000 \u20ac<\/strong><\/p>\n<p>&nbsp;<\/p>\n<p>Le projet entend <strong>d\u00e9velopper des r\u00e9ponses<\/strong>, en collaboration avec plusieurs organismes et collectivit\u00e9s franco-italiens, <strong>pour mieux g\u00e9rer les crises dues aux risques naturels: <\/strong><\/p>\n<ul>\n<li style=\"list-style-type: none;\">\n<ul>\n<li>en <strong>sensibilisant <\/strong>les acteurs socio-\u00e9conomiques aux risques;<\/li>\n<li>en <strong>cr\u00e9ant un mod\u00e8le transfrontalier <\/strong>de pr\u00e9vention et de s\u00e9curisation des acteurs publics et priv\u00e9s en difficult\u00e9 en cas de conditions climatiques exceptionnelles<\/li>\n<li>en <strong>r\u00e9alisant de menus travaux <\/strong>de mise aux normes<\/li>\n<li>en <strong>accompagnant<\/strong>, in situ, les entreprises et citoyens se trouvant sur des sites impact\u00e9s ou potentiellement impact\u00e9s.<\/li>\n<\/ul>\n<\/li>\n<\/ul>\n<p>&nbsp;<\/p>\n<p><strong>ACTIONS CL\u00c9S <\/strong><\/p>\n<p><strong>Pr\u00e9vention des risques : <\/strong><\/p>\n<p>Sensibiliser les acteurs socio-\u00e9conomiques<\/p>\n<p><strong>Gestion post-crise :<\/strong><\/p>\n<p>D\u00e9velopper des syst\u00e8mes transfrontaliers de r\u00e9ponse aux entreprises en difficult\u00e9 suite \u00e0 une catastrophe naturelle.<\/p>\n<p>R\u00e9aliser des accompagnements d\u2019entreprises sur des sites impact\u00e9s ou potentiellement impact\u00e9s.<\/p>\n<p>&nbsp;<\/p>\n<p>&gt; <a href=\"https:\/\/www.facebook.com\/PITer-Pays-Sages-Provincia-di-Imperia-104337167825493\/?modal=admin_todo_tour\"><strong>Cliquez ICI<\/strong><\/a> pour d\u00e9couvrir la page FACEBOOK du projet<\/p>\n<p>&gt; <strong><a href=\"https:\/\/www.interreg-alcotra.eu\/fr\/decouvrir-alcotra\/les-projets-finances\/pays-resilients\">Cliquez ICI<\/a><\/strong> pour suivre le projet sur la page OFFICIELLE ALCOTRA.<\/p>\n<p>&nbsp;<\/p>\n<p>[\/et_pb_text][\/et_pb_column][\/et_pb_row][\/et_pb_section]<\/p>\n","protected":false},"excerpt":{"rendered":"<p>Pays r\u00e9silients \u00a0 \u00a0 \u00a0 \u00a0 \u00a0 \u00a0 ALCOTRA, qu&#8217;est-ce que c&#8217;est ? ALCOTRA (Alpes Latines COop\u00e9ration TRAnsfrontali\u00e8re), est un programme de coop\u00e9ration transfrontali\u00e8re europ\u00e9enne (Interreg). L\u2019objectif des programmes Interreg est de favoriser des actions de coop\u00e9ration qui am\u00e9liorent la qualit\u00e9 de vie des populations et le d\u00e9veloppement durable des territoires et des syst\u00e8mes \u00e9conomiques [&hellip;]<\/p>\n","protected":false},"author":3,"featured_media":0,"parent":0,"menu_order":0,"comment_status":"closed","ping_status":"closed","template":"","meta":{"_et_pb_use_builder":"on","_et_pb_old_content":"","_et_gb_content_width":"","footnotes":""},"class_list":["post-11912","page","type-page","status-publish","hentry"],"_links":{"self":[{"href":"https:\/\/cannespaysdelerins.fr\/index.php\/wp-json\/wp\/v2\/pages\/11912","targetHints":{"allow":["GET"]}}],"collection":[{"href":"https:\/\/cannespaysdelerins.fr\/index.php\/wp-json\/wp\/v2\/pages"}],"about":[{"href":"https:\/\/cannespaysdelerins.fr\/index.php\/wp-json\/wp\/v2\/types\/page"}],"author":[{"embeddable":true,"href":"https:\/\/cannespaysdelerins.fr\/index.php\/wp-json\/wp\/v2\/users\/3"}],"replies":[{"embeddable":true,"href":"https:\/\/cannespaysdelerins.fr\/index.php\/wp-json\/wp\/v2\/comments?post=11912"}],"version-history":[{"count":11,"href":"https:\/\/cannespaysdelerins.fr\/index.php\/wp-json\/wp\/v2\/pages\/11912\/revisions"}],"predecessor-version":[{"id":13171,"href":"https:\/\/cannespaysdelerins.fr\/index.php\/wp-json\/wp\/v2\/pages\/11912\/revisions\/13171"}],"wp:attachment":[{"href":"https:\/\/cannespaysdelerins.fr\/index.php\/wp-json\/wp\/v2\/media?parent=11912"}],"curies":[{"name":"wp","href":"https:\/\/api.w.org\/{rel}","templated":true}]}}