{"id":11883,"date":"2021-07-09T12:45:44","date_gmt":"2021-07-09T12:45:44","guid":{"rendered":"https:\/\/cannespaysdelerins.fr\/?page_id=11883"},"modified":"2021-07-09T14:39:47","modified_gmt":"2021-07-09T14:39:47","slug":"risqeau","status":"publish","type":"page","link":"https:\/\/cannespaysdelerins.fr\/index.php\/risqeau\/","title":{"rendered":"Risq&#8217;Eau"},"content":{"rendered":"<p>[et_pb_section fb_built=&#8221;1&#8243; custom_padding_last_edited=&#8221;off|phone&#8221; disabled_on=&#8221;on|off|off&#8221; admin_label=&#8221;Header image&#8221; _builder_version=&#8221;4.5.1&#8243; background_image=&#8221;https:\/\/cannespaysdelerins.fr\/wp-content\/uploads\/2020\/11\/Hander.jpg&#8221; parallax=&#8221;on&#8221; z_index=&#8221;0&#8243; min_height=&#8221;700px&#8221; min_height_tablet=&#8221;&#8221; min_height_phone=&#8221;500px&#8221; min_height_last_edited=&#8221;on|desktop&#8221; custom_margin=&#8221;||||false|false&#8221; custom_margin_last_edited=&#8221;off|desktop&#8221; custom_padding=&#8221;||||false|false&#8221; custom_padding_phone=&#8221;||||true|false&#8221; animation_style=&#8221;fade&#8221; collapsed=&#8221;off&#8221;][et_pb_row disabled_on=&#8221;off|off|off&#8221; admin_label=&#8221;Accroche DESKTOP&#8221; _builder_version=&#8221;3.29.3&#8243; background_color=&#8221;rgba(0,0,0,0)&#8221; custom_margin=&#8221;||||false|false&#8221;][et_pb_column type=&#8221;4_4&#8243; _builder_version=&#8221;3.29.3&#8243;][et_pb_text _builder_version=&#8221;4.5.1&#8243; header_font=&#8221;Open Light||||||||&#8221; header_text_align=&#8221;center&#8221; header_text_color=&#8221;#ffffff&#8221; header_font_size=&#8221;40px&#8221; header_letter_spacing=&#8221;1.5px&#8221; header_line_height=&#8221;1.6em&#8221; background_color=&#8221;rgba(22,56,81,0.64)&#8221; max_width=&#8221;450px&#8221; max_width_tablet=&#8221;&#8221; max_width_phone=&#8221;250px&#8221; max_width_last_edited=&#8221;on|phone&#8221; module_alignment=&#8221;center&#8221; custom_margin=&#8221;50px||||false|false&#8221; custom_margin_tablet=&#8221;&#8221; custom_margin_phone=&#8221;0px||||false|false&#8221; custom_margin_last_edited=&#8221;on|phone&#8221; custom_padding=&#8221;30px||30px||true|false&#8221; animation_style=&#8221;fade&#8221; animation_duration=&#8221;2000ms&#8221; header_font_size_tablet=&#8221;&#8221; header_font_size_phone=&#8221;25px&#8221; header_font_size_last_edited=&#8221;on|phone&#8221; header_line_height_tablet=&#8221;&#8221; header_line_height_phone=&#8221;1em&#8221; header_line_height_last_edited=&#8221;on|phone&#8221; border_radii=&#8221;on|6px|6px|6px|6px&#8221;]<\/p>\n<h1 style=\"text-align: center;\">Risq&#8217;Eau<\/h1>\n<p>[\/et_pb_text][\/et_pb_column][\/et_pb_row][\/et_pb_section][et_pb_section fb_built=&#8221;1&#8243; custom_padding_last_edited=&#8221;off|phone&#8221; disabled_on=&#8221;off|on|on&#8221; admin_label=&#8221;Header image smartphone&#8221; _builder_version=&#8221;4.5.1&#8243; background_image=&#8221;https:\/\/cannespaysdelerins.fr\/wp-content\/uploads\/2020\/11\/Hander.jpg&#8221; parallax=&#8221;on&#8221; z_index=&#8221;0&#8243; min_height=&#8221;700px&#8221; min_height_tablet=&#8221;&#8221; min_height_phone=&#8221;500px&#8221; min_height_last_edited=&#8221;on|desktop&#8221; custom_margin=&#8221;||||false|false&#8221; custom_margin_last_edited=&#8221;off|desktop&#8221; custom_padding=&#8221;||||false|false&#8221; custom_padding_phone=&#8221;||||true|false&#8221; animation_style=&#8221;fade&#8221; collapsed=&#8221;off&#8221;][et_pb_row disabled_on=&#8221;off|off|off&#8221; admin_label=&#8221;Accroche DESKTOP&#8221; _builder_version=&#8221;3.29.3&#8243; background_color=&#8221;rgba(0,0,0,0)&#8221; custom_margin=&#8221;||||false|false&#8221;][et_pb_column type=&#8221;4_4&#8243; _builder_version=&#8221;3.29.3&#8243;][et_pb_text _builder_version=&#8221;4.5.1&#8243; header_font=&#8221;Open Light||||||||&#8221; header_text_align=&#8221;center&#8221; header_text_color=&#8221;#ffffff&#8221; header_font_size=&#8221;40px&#8221; header_letter_spacing=&#8221;1.5px&#8221; header_line_height=&#8221;1.6em&#8221; background_color=&#8221;rgba(22,56,81,0.64)&#8221; max_width=&#8221;450px&#8221; max_width_tablet=&#8221;&#8221; max_width_phone=&#8221;300px&#8221; max_width_last_edited=&#8221;on|phone&#8221; module_alignment=&#8221;center&#8221; custom_margin=&#8221;50px||||false|false&#8221; custom_margin_tablet=&#8221;&#8221; custom_margin_phone=&#8221;50px||||false|false&#8221; custom_margin_last_edited=&#8221;on|phone&#8221; custom_padding=&#8221;20px|20px|20px|20px|true|true&#8221; animation_style=&#8221;fade&#8221; animation_duration=&#8221;2000ms&#8221; header_font_size_tablet=&#8221;&#8221; header_font_size_phone=&#8221;25px&#8221; header_font_size_last_edited=&#8221;on|desktop&#8221; header_line_height_tablet=&#8221;&#8221; header_line_height_phone=&#8221;1em&#8221; header_line_height_last_edited=&#8221;on|phone&#8221; border_radii=&#8221;on|6px|6px|6px|6px&#8221;]<\/p>\n<h1 style=\"text-align: center;\">Risq&#8217;Eau<\/h1>\n<p>[\/et_pb_text][\/et_pb_column][\/et_pb_row][\/et_pb_section][et_pb_section fb_built=&#8221;1&#8243; admin_label=&#8221;RISQ&#8217;EAU-PITER&#8221; _builder_version=&#8221;3.29.3&#8243; background_image=&#8221;https:\/\/cannespaysdelerins.fr\/wp-content\/uploads\/2019\/10\/frise-communes1200.png&#8221; background_size=&#8221;initial&#8221; custom_margin=&#8221;||||false|false&#8221; custom_padding=&#8221;||||false|false&#8221;][et_pb_row use_custom_gutter=&#8221;on&#8221; admin_label=&#8221;RISQ&#8217;EAU&#8221; _builder_version=&#8221;3.29.3&#8243; max_width=&#8221;900px&#8221; animation_style=&#8221;fade&#8221;][et_pb_column type=&#8221;4_4&#8243; _builder_version=&#8221;3.29.3&#8243;][et_pb_text _builder_version=&#8221;4.5.1&#8243; header_font=&#8221;Open regular||||||||&#8221; header_text_align=&#8221;left&#8221; header_text_color=&#8221;#666666&#8243; header_font_size=&#8221;25px&#8221; header_line_height=&#8221;1.4em&#8221; background_enable_color=&#8221;off&#8221; custom_margin=&#8221;||||false|false&#8221; custom_padding=&#8221;||||false|false&#8221; hover_enabled=&#8221;0&#8243;]<\/p>\n<h1 style=\"text-align: left;\">RISQ&#8217;EAU, augmentation de la r\u00e9silience des territoires ALCOTRA face aux risques de crues \u00e9clairs et de pollutions des eaux<\/h1>\n<p>[\/et_pb_text][et_pb_image src=&#8221;https:\/\/cannespaysdelerins.fr\/wp-content\/uploads\/2020\/11\/logo-interreg-risqeau-01-1024&#215;429.jpg&#8221; title_text=&#8221;logo interreg risqeau 01&#8243; align=&#8221;center&#8221; _builder_version=&#8221;4.5.1&#8243; _module_preset=&#8221;default&#8221;][\/et_pb_image][et_pb_text _builder_version=&#8221;4.5.1&#8243;]<\/p>\n<p>Le projet RISQ\u2019EAU vise \u00e0 augmenter la <strong>r\u00e9silience des territoires ALCOTRA<\/strong> face aux risques de <strong>crues \u00e9clair<\/strong>, mais \u00e9galement la <strong>pollution des eaux<\/strong>. Le projet, pens\u00e9 d\u00e8s octobre 2015, r\u00e9sulte d\u2019une coop\u00e9ration de l\u2019Agglom\u00e9ration Cannes L\u00e9rins avec les repr\u00e9sentants des vall\u00e9es italiennes de San Lorenzo et du Verbone, qui b\u00e9n\u00e9ficiaient d\u00e9j\u00e0 d\u2019un contact avec la Communaut\u00e9 d\u2019Agglom\u00e9ration Var-Esterel-M\u00e9diterran\u00e9e.<\/p>\n<p>Le principal objectif de ce partenariat est de <strong>partager les exp\u00e9riences et les connaissances<\/strong> des communes parties prenantes du projet. Ces derni\u00e8res ont des territoires voisins, allant de Saint-Rapha\u00ebl \u00e0 Imperia, et pr\u00e9sentent des bassins-versants aux <strong>caract\u00e9ristiques hydrologiques similaires<\/strong>, de dimension r\u00e9duite et propices aux crues \u00e9clairs particuli\u00e8rement dangereuses. L\u2019Agglom\u00e9ration Cannes L\u00e9rins pilote la cr\u00e9ation d\u2019un <strong>syst\u00e8me d\u2019alerte adapt\u00e9 aux crues \u00e9clairs torrentielles<\/strong>, pouvant s\u00e9vir sur son territoire. Ce syst\u00e8me innovant pourra \u00eatre d\u00e9clin\u00e9 \u00e0 l&#8217;avenir sur d\u2019autres territoires pr\u00e9sentant des risques similaires.<\/p>\n<p>[\/et_pb_text][et_pb_image src=&#8221;https:\/\/cannespaysdelerins.fr\/wp-content\/uploads\/2020\/11\/Carte-RisqEau.jpg&#8221; title_text=&#8221;Carte Risq&#8217;Eau&#8221; _builder_version=&#8221;4.5.1&#8243; _module_preset=&#8221;default&#8221;][\/et_pb_image][et_pb_text _builder_version=&#8221;4.5.1&#8243; animation_style=&#8221;slide&#8221; animation_direction=&#8221;bottom&#8221;]<\/p>\n<h4>\u00a0<\/h4>\n<h4><strong>Chiffres cl\u00e9s<\/strong><\/h4>\n<ul>\n<li><strong>8 partenaires<\/strong> <strong>issus de 2 pays<\/strong> :\n<ul>\n<li>4 partenaires fran\u00e7ais (Var et Alpes-Maritimes),<\/li>\n<li>4 partenaires italiens (Ligurie).<\/li>\n<\/ul>\n<\/li>\n<li><strong>1 605 653,39 \u20ac d\u2019actions<\/strong> :\n<ul>\n<li>projet sur 2017-2020,<\/li>\n<li>85 % de subventions via le fond europ\u00e9en FEDER,<\/li>\n<li>330 297 \u20ac financ\u00e9s par l&#8217;Agglom\u00e9ration Cannes L\u00e9rins.<\/li>\n<\/ul>\n<\/li>\n<li><strong>3 axes d&#8217;actions<\/strong> :\n<ul>\n<li>Sensibilisation, formation et communication,<\/li>\n<li>Connaissance et surveillance du territoire,<\/li>\n<li>Am\u00e9lioration de la gestion de crise sur la base de simulations num\u00e9riques.<\/li>\n<\/ul>\n<\/li>\n<\/ul>\n<p>&nbsp;<\/p>\n<h4><strong>Activit\u00e9s, impacts et r\u00e9sultats<\/strong><\/h4>\n<p>Les <span style=\"text-decoration: underline;\">enjeux<\/span> de ce projet sont de :<\/p>\n<ul>\n<li>Tirer parti des<strong> exp\u00e9riences v\u00e9cues<\/strong> au cours des \u00e9v\u00e8nements pass\u00e9s ;<\/li>\n<li>Accro\u00eetre la connaissance des risques du territoire afin d\u2019acqu\u00e9rir les donn\u00e9es de contr\u00f4le n\u00e9cessaires \u00e0 une <strong>gestion ma\u00eetris\u00e9e <\/strong>de ces derniers ;<\/li>\n<li>Surmonter <strong>les difficult\u00e9s de communication<\/strong> pr\u00e9sentes lors des alertes aux crues.<\/li>\n<\/ul>\n<p>&nbsp;<\/p>\n<p>Afin de r\u00e9pondre \u00e0 ces d\u00e9fis, le projet RISQ\u2019EAU souhaite atteindre diff\u00e9rents <span style=\"text-decoration: underline;\">objectifs<\/span> :<\/p>\n<ul>\n<li>R\u00e9duire <strong>la vuln\u00e9rabilit\u00e9<\/strong> des zones sujettes aux inondations, via des actions de pr\u00e9vention efficaces\u00a0 ;<\/li>\n<li>Augmenter la <strong>connaissance du territoire<\/strong> et pr\u00e9voir un r\u00e9seau fixe de contr\u00f4le pluviom\u00e9trique, hydrom\u00e9trique ainsi que de la qualit\u00e9 des eaux\u00a0;<\/li>\n<li>Mettre en place une cha\u00eene pr\u00e9visionnelle de soutien \u00e0 l\u2019<strong>\u00e9mission des alertes<\/strong> afin de r\u00e9pondre aux difficult\u00e9s de communication\u00a0;<\/li>\n<li>Pr\u00e9voir un protocole, en temps r\u00e9el, de<strong> support aux d\u00e9cisions op\u00e9rationnelles<\/strong> lors de la survenue des \u00e9v\u00e8nements\u00a0;<\/li>\n<li><a href=\"http:\/\/risqeau.ingloba360.it\/#!\/app\/map\/default\"><strong>Cartographier<\/strong><\/a> le risque de pollution et de gestion du risque\u00a0;<\/li>\n<li>D\u00e9velopper une <strong>culture du risque<\/strong> chez les op\u00e9rateurs et les populations concern\u00e9es afin de les pr\u00e9parer aux crues \u00e9clairs.<\/li>\n<\/ul>\n<p>&nbsp;<\/p>\n<h4><strong>Exemples d&#8217;actions r\u00e9alis\u00e9es<br \/><\/strong><\/h4>\n<ul>\n<li>Pose d\u2019instruments sur 7 sites pour la surveillance des cours d\u2019eau : mesure de hauteur d\u2019eau, pluviom\u00e8tre, surveillance vid\u00e9o (67 000 \u20ac) ;<\/li>\n<li>Prise en charge de 105 diagnostics de vuln\u00e9rabilit\u00e9 face au risque inondation sur des b\u00e2timents (66 000 \u20ac) ;<\/li>\n<li>Sensibilisation des scolaires pour 6 classes de CM1 (5 500 \u20ac) et distribution de documents et magnets (2 100 \u20ac).<\/li>\n<\/ul>\n<p>[\/et_pb_text][et_pb_image src=&#8221;https:\/\/cannespaysdelerins.fr\/wp-content\/uploads\/2020\/11\/Compil-Risqeau-1024&#215;438.jpg&#8221; title_text=&#8221;Compil Risqeau&#8221; _builder_version=&#8221;4.5.1&#8243; _module_preset=&#8221;default&#8221;][\/et_pb_image][et_pb_text _builder_version=&#8221;4.5.1&#8243; _module_preset=&#8221;default&#8221;]<\/p>\n<p>&gt; Plus d&#8217;infos sur le <a href=\"https:\/\/www.risqeau.eu\" target=\"_blank\" rel=\"noopener noreferrer\"><strong>site internet de Risq&#8217;Eau<\/strong><\/a> et sur le site de l&#8217;organisme <a href=\"http:\/\/www.interreg-alcotra.eu\/fr\" target=\"_blank\" rel=\"noopener noreferrer\"><strong>ALCOTRA<\/strong><\/a><\/p>\n<p>&gt; Suivez toute l&#8217;actualit\u00e9 de Risq&#8217;EAU sur les r\u00e9seaux sociaux :<\/p>\n<p><a href=\"https:\/\/www.facebook.com\/risqeau\/\"><img loading=\"lazy\" decoding=\"async\" class=\"alignnone wp-image-9199\" src=\"https:\/\/cannespaysdelerins.fr\/wp-content\/uploads\/2020\/10\/FB-150x150.jpg\" alt=\"\" width=\"26\" height=\"26\" srcset=\"https:\/\/cannespaysdelerins.fr\/wp-content\/uploads\/2020\/10\/FB-150x150.jpg 150w, https:\/\/cannespaysdelerins.fr\/wp-content\/uploads\/2020\/10\/FB-300x300.jpg 300w, https:\/\/cannespaysdelerins.fr\/wp-content\/uploads\/2020\/10\/FB.jpg 327w\" sizes=\"auto, (max-width: 26px) 100vw, 26px\" \/><\/a> \u00a0 <a href=\"https:\/\/www.instagram.com\/risqeau\/\"><img loading=\"lazy\" decoding=\"async\" class=\"alignnone wp-image-9200\" src=\"https:\/\/cannespaysdelerins.fr\/wp-content\/uploads\/2020\/10\/IS-150x150.jpg\" alt=\"\" width=\"26\" height=\"26\" srcset=\"https:\/\/cannespaysdelerins.fr\/wp-content\/uploads\/2020\/10\/IS-150x150.jpg 150w, https:\/\/cannespaysdelerins.fr\/wp-content\/uploads\/2020\/10\/IS-300x298.jpg 300w, https:\/\/cannespaysdelerins.fr\/wp-content\/uploads\/2020\/10\/IS.jpg 332w\" sizes=\"auto, (max-width: 26px) 100vw, 26px\" \/><\/a> \u00a0 <a href=\"https:\/\/www.youtube.com\/channel\/UC6KQqfDHpOan3q0FEahUQ1A\"><img loading=\"lazy\" decoding=\"async\" class=\"alignnone wp-image-9201\" src=\"https:\/\/cannespaysdelerins.fr\/wp-content\/uploads\/2020\/10\/YT-150x150.jpg\" alt=\"\" width=\"26\" height=\"26\" srcset=\"https:\/\/cannespaysdelerins.fr\/wp-content\/uploads\/2020\/10\/YT-150x150.jpg 150w, https:\/\/cannespaysdelerins.fr\/wp-content\/uploads\/2020\/10\/YT-300x298.jpg 300w, https:\/\/cannespaysdelerins.fr\/wp-content\/uploads\/2020\/10\/YT.jpg 331w\" sizes=\"auto, (max-width: 26px) 100vw, 26px\" \/><\/a><\/p>\n<p>[\/et_pb_text][\/et_pb_column][\/et_pb_row][\/et_pb_section]<\/p>\n","protected":false},"excerpt":{"rendered":"<p>Risq&#8217;EauRisq&#8217;EauRISQ&#8217;EAU, augmentation de la r\u00e9silience des territoires ALCOTRA face aux risques de crues \u00e9clairs et de pollutions des eauxLe projet RISQ\u2019EAU vise \u00e0 augmenter la r\u00e9silience des territoires ALCOTRA face aux risques de crues \u00e9clair, mais \u00e9galement la pollution des eaux. Le projet, pens\u00e9 d\u00e8s octobre 2015, r\u00e9sulte d\u2019une coop\u00e9ration de l\u2019Agglom\u00e9ration Cannes L\u00e9rins avec [&hellip;]<\/p>\n","protected":false},"author":3,"featured_media":0,"parent":0,"menu_order":0,"comment_status":"closed","ping_status":"closed","template":"","meta":{"_et_pb_use_builder":"on","_et_pb_old_content":"","_et_gb_content_width":"","footnotes":""},"class_list":["post-11883","page","type-page","status-publish","hentry"],"_links":{"self":[{"href":"https:\/\/cannespaysdelerins.fr\/index.php\/wp-json\/wp\/v2\/pages\/11883","targetHints":{"allow":["GET"]}}],"collection":[{"href":"https:\/\/cannespaysdelerins.fr\/index.php\/wp-json\/wp\/v2\/pages"}],"about":[{"href":"https:\/\/cannespaysdelerins.fr\/index.php\/wp-json\/wp\/v2\/types\/page"}],"author":[{"embeddable":true,"href":"https:\/\/cannespaysdelerins.fr\/index.php\/wp-json\/wp\/v2\/users\/3"}],"replies":[{"embeddable":true,"href":"https:\/\/cannespaysdelerins.fr\/index.php\/wp-json\/wp\/v2\/comments?post=11883"}],"version-history":[{"count":6,"href":"https:\/\/cannespaysdelerins.fr\/index.php\/wp-json\/wp\/v2\/pages\/11883\/revisions"}],"predecessor-version":[{"id":11951,"href":"https:\/\/cannespaysdelerins.fr\/index.php\/wp-json\/wp\/v2\/pages\/11883\/revisions\/11951"}],"wp:attachment":[{"href":"https:\/\/cannespaysdelerins.fr\/index.php\/wp-json\/wp\/v2\/media?parent=11883"}],"curies":[{"name":"wp","href":"https:\/\/api.w.org\/{rel}","templated":true}]}}