{"id":11360,"date":"2021-05-05T14:29:16","date_gmt":"2021-05-05T14:29:16","guid":{"rendered":"https:\/\/cannespaysdelerins.fr\/?page_id=11360"},"modified":"2021-05-11T15:47:36","modified_gmt":"2021-05-11T15:47:36","slug":"economie-sociale-et-solidaire","status":"publish","type":"page","link":"https:\/\/cannespaysdelerins.fr\/index.php\/economie-sociale-et-solidaire\/","title":{"rendered":"\u00c9conomie Sociale et Solidaire"},"content":{"rendered":"<p>[et_pb_section fb_built=&#8221;1&#8243; custom_padding_last_edited=&#8221;off|phone&#8221; disabled_on=&#8221;on|off|off&#8221; admin_label=&#8221;Header image&#8221; _builder_version=&#8221;4.5.1&#8243; background_image=&#8221;https:\/\/cannespaysdelerins.fr\/wp-content\/uploads\/2019\/12\/ima-habitat055.jpg&#8221; parallax=&#8221;on&#8221; z_index=&#8221;0&#8243; min_height=&#8221;700px&#8221; min_height_tablet=&#8221;&#8221; min_height_phone=&#8221;500px&#8221; min_height_last_edited=&#8221;on|desktop&#8221; custom_margin=&#8221;||||false|false&#8221; custom_margin_last_edited=&#8221;off|desktop&#8221; custom_padding=&#8221;||||false|false&#8221; custom_padding_phone=&#8221;||||true|false&#8221; animation_style=&#8221;fade&#8221; collapsed=&#8221;off&#8221;][et_pb_row disabled_on=&#8221;off|off|off&#8221; admin_label=&#8221;Accroche DESKTOP&#8221; _builder_version=&#8221;3.29.3&#8243; background_color=&#8221;rgba(0,0,0,0)&#8221; custom_margin=&#8221;||||false|false&#8221;][et_pb_column type=&#8221;4_4&#8243; _builder_version=&#8221;3.29.3&#8243;][et_pb_text _builder_version=&#8221;4.5.1&#8243; header_font=&#8221;Open Light||||||||&#8221; header_text_align=&#8221;center&#8221; header_text_color=&#8221;#ffffff&#8221; header_font_size=&#8221;40px&#8221; header_letter_spacing=&#8221;1.5px&#8221; header_line_height=&#8221;1.6em&#8221; background_color=&#8221;rgba(22,56,81,0.64)&#8221; max_width=&#8221;450px&#8221; max_width_tablet=&#8221;&#8221; max_width_phone=&#8221;280px&#8221; max_width_last_edited=&#8221;on|phone&#8221; module_alignment=&#8221;center&#8221; custom_margin=&#8221;50px||||false|false&#8221; custom_margin_tablet=&#8221;&#8221; custom_margin_phone=&#8221;0px||||false|false&#8221; custom_margin_last_edited=&#8221;on|phone&#8221; custom_padding=&#8221;20px|20px|20px|20px|true|true&#8221; animation_style=&#8221;fade&#8221; animation_duration=&#8221;2000ms&#8221; header_font_size_tablet=&#8221;&#8221; header_font_size_phone=&#8221;25px&#8221; header_font_size_last_edited=&#8221;on|phone&#8221; header_line_height_tablet=&#8221;&#8221; header_line_height_phone=&#8221;1.5em&#8221; header_line_height_last_edited=&#8221;on|phone&#8221; border_radii=&#8221;on|6px|6px|6px|6px&#8221;]<\/p>\n<h1 style=\"text-align: center;\">\u00c9conomie Sociale et Solidaire<\/h1>\n<p>[\/et_pb_text][\/et_pb_column][\/et_pb_row][\/et_pb_section][et_pb_section fb_built=&#8221;1&#8243; custom_padding_last_edited=&#8221;off|phone&#8221; disabled_on=&#8221;off|on|on&#8221; admin_label=&#8221;Header image smartphone&#8221; _builder_version=&#8221;4.5.1&#8243; background_image=&#8221;https:\/\/cannespaysdelerins.fr\/wp-content\/uploads\/2019\/12\/ima-habitat055.jpg&#8221; parallax=&#8221;on&#8221; z_index=&#8221;0&#8243; min_height=&#8221;700px&#8221; min_height_tablet=&#8221;&#8221; min_height_phone=&#8221;500px&#8221; min_height_last_edited=&#8221;on|desktop&#8221; custom_margin=&#8221;||||false|false&#8221; custom_margin_last_edited=&#8221;off|desktop&#8221; custom_padding=&#8221;||||false|false&#8221; custom_padding_phone=&#8221;||||true|false&#8221; animation_style=&#8221;fade&#8221; collapsed=&#8221;off&#8221;][et_pb_row disabled_on=&#8221;off|off|off&#8221; admin_label=&#8221;Accroche&#8221; _builder_version=&#8221;3.29.3&#8243; background_color=&#8221;rgba(0,0,0,0)&#8221; custom_margin=&#8221;||||false|false&#8221;][et_pb_column type=&#8221;4_4&#8243; _builder_version=&#8221;3.29.3&#8243;][et_pb_text _builder_version=&#8221;4.5.1&#8243; header_font=&#8221;Open Light||||||||&#8221; header_text_align=&#8221;center&#8221; header_text_color=&#8221;#ffffff&#8221; header_font_size=&#8221;40px&#8221; header_letter_spacing=&#8221;1.5px&#8221; header_line_height=&#8221;1.6em&#8221; background_color=&#8221;rgba(22,56,81,0.64)&#8221; max_width=&#8221;450px&#8221; max_width_tablet=&#8221;&#8221; max_width_phone=&#8221;280px&#8221; max_width_last_edited=&#8221;on|phone&#8221; module_alignment=&#8221;center&#8221; custom_margin=&#8221;50px||||false|false&#8221; custom_margin_tablet=&#8221;&#8221; custom_margin_phone=&#8221;50px||||false|false&#8221; custom_margin_last_edited=&#8221;on|phone&#8221; custom_padding=&#8221;20px|20px|20px|20px|true|true&#8221; animation_style=&#8221;fade&#8221; animation_duration=&#8221;2000ms&#8221; header_font_size_tablet=&#8221;&#8221; header_font_size_phone=&#8221;25px&#8221; header_font_size_last_edited=&#8221;on|phone&#8221; header_line_height_tablet=&#8221;&#8221; header_line_height_phone=&#8221;1.5em&#8221; header_line_height_last_edited=&#8221;on|phone&#8221; border_radii=&#8221;on|6px|6px|6px|6px&#8221;]<\/p>\n<h1 style=\"text-align: center;\">\u00c9conomie Sociale et Solidaire<\/h1>\n<p>[\/et_pb_text][\/et_pb_column][\/et_pb_row][\/et_pb_section][et_pb_section fb_built=&#8221;1&#8243; admin_label=&#8221;ESS&#8221; _builder_version=&#8221;3.29.3&#8243; background_enable_color=&#8221;off&#8221; background_enable_image=&#8221;off&#8221; background_size=&#8221;initial&#8221; custom_margin=&#8221;||||false|false&#8221; custom_padding=&#8221;||||false|false&#8221; collapsed=&#8221;off&#8221;][et_pb_row admin_label=&#8221;ESS&#8221; _builder_version=&#8221;4.5.1&#8243; _module_preset=&#8221;default&#8221; max_width=&#8221;900px&#8221;][et_pb_column type=&#8221;4_4&#8243; _builder_version=&#8221;4.5.1&#8243; _module_preset=&#8221;default&#8221;][et_pb_text _builder_version=&#8221;4.5.1&#8243; _module_preset=&#8221;default&#8221; hover_enabled=&#8221;0&#8243;]<\/p>\n<div id=\"Content11_Panel2\" class=\"Panel\">\n<h5><strong>Principes de l&#8217;ESS<\/strong><\/h5>\n<p>&nbsp;<\/p>\n<p>Le concept d&#8217;\u00e9conomie sociale et solidaire (ESS) d\u00e9signe un ensemble d&#8217;entreprises organis\u00e9es sous forme de coop\u00e9ratives, mutuelles, associations, ou fondations, dont le fonctionnement interne et les activit\u00e9s sont fond\u00e9s sur un principe de solidarit\u00e9 et d&#8217;utilit\u00e9 sociale. Ces entreprises adoptent des modes de gestion d\u00e9mocratiques et participatifs. Elles encadrent, par ailleurs, strictement l&#8217;utilisation des b\u00e9n\u00e9fices qu&#8217;elles r\u00e9alisent : le profit individuel est proscrit et les r\u00e9sultats sont r\u00e9investis.<\/p>\n<p>&nbsp;<\/p>\n<\/div>\n<p><img loading=\"lazy\" decoding=\"async\" class=\"wp-image-11363 aligncenter size-medium\" src=\"https:\/\/cannespaysdelerins.fr\/wp-content\/uploads\/2021\/05\/mois-ess-2020-13e-edition-novembre-cress-ess-france-2-300x194.jpg\" alt=\"\" width=\"300\" height=\"194\" \/><\/p>\n<p>[\/et_pb_text][et_pb_text _builder_version=&#8221;4.5.1&#8243; _module_preset=&#8221;default&#8221; hover_enabled=&#8221;0&#8243;]<\/p>\n<div id=\"Content11_Panel2\" class=\"Panel\">\n<h5><strong>Chiffres cl\u00e9s de l&#8217;ESS<br \/><\/strong><\/h5>\n<p>&nbsp;<\/p>\n<p><strong>Chiffres g\u00e9n\u00e9riques<\/strong> :<\/p>\n<ul>\n<li>10% des entreprises et 14% des salari\u00e9s<\/li>\n<li>30 000 emplois dans les Alpes-Maritimes.<\/li>\n<\/ul>\n<\/div>\n<p>&nbsp;<\/p>\n<p><strong>Chiffres \u00e0 Cannes L\u00e9rins<\/strong> :<\/p>\n<ul>\n<li>3 138 salari\u00e9s, soit 6,7% de l&#8217;emploi priv\u00e9<\/li>\n<li>346 employeurs dont 288 associations, 41 coop\u00e9ratives et 17 mutuelles.<\/li>\n<\/ul>\n<p>&nbsp;<\/p>\n<p>Les 5 premi\u00e8res fili\u00e8res d&#8217;activit\u00e9s concern\u00e9es par l&#8217;ESS sur notre territoire sont : <strong>Action sociale &#8211; Enseignement &#8211; Activit\u00e9s financi\u00e8res et d&#8217;assurances &#8211; Sports &amp; loisirs &#8211; Arts &amp; spectacles<\/strong><\/p>\n<p>[\/et_pb_text][\/et_pb_column][\/et_pb_row][et_pb_row column_structure=&#8221;2_3,1_3&#8243; use_custom_gutter=&#8221;on&#8221; gutter_width=&#8221;4&#8243; admin_label=&#8221;titre&#8221; _builder_version=&#8221;3.29.3&#8243; max_width=&#8221;900px&#8221; custom_margin=&#8221;||0px||false|false&#8221; custom_padding=&#8221;||0px||false|false&#8221; animation_style=&#8221;fade&#8221; collapsed=&#8221;off&#8221;][et_pb_column type=&#8221;2_3&#8243; _builder_version=&#8221;3.29.3&#8243;][et_pb_text _builder_version=&#8221;4.5.1&#8243; text_font=&#8221;Open regular||||||||&#8221; text_font_size=&#8221;25px&#8221; text_line_height=&#8221;1.4em&#8221; header_text_color=&#8221;#666666&#8243; text_orientation=&#8221;center&#8221; max_width=&#8221;500px&#8221; custom_margin=&#8221;||||false|false&#8221; custom_padding=&#8221;20px|20px|20px|20px|false|false&#8221; animation_style=&#8221;slide&#8221; animation_direction=&#8221;bottom&#8221; border_width_all=&#8221;5px&#8221; border_color_all=&#8221;#a3a3a3&#8243;]<\/p>\n<h1 style=\"text-align: center;\"><span class=\"aCOpRe\">Chambre r\u00e9gionale des entreprises de l\u2019\u00c9conomie Sociale et Solidaire PACA<br \/><\/span><\/h1>\n<p>[\/et_pb_text][et_pb_text _builder_version=&#8221;4.5.1&#8243; custom_padding=&#8221;0px||0px|20px|false|false&#8221; border_color_all=&#8221;#cccccc&#8221; border_width_left=&#8221;5px&#8221; border_color_left=&#8221;#f8ac11&#8243;]<\/p>\n<p><strong>Si\u00e8ge PACA<br \/><\/strong>2 place F\u00e9lix Baret \u00e0 Marseille &#8211; T\u00e9l. : 04 91 54 96 75<\/p>\n<p>[\/et_pb_text][\/et_pb_column][et_pb_column type=&#8221;1_3&#8243; _builder_version=&#8221;3.29.3&#8243;][et_pb_text _builder_version=&#8221;4.5.1&#8243; custom_padding=&#8221;||||false|false&#8221; border_color_all=&#8221;#cccccc&#8221; border_color_left=&#8221;#999999&#8243;]<\/p>\n<p><img loading=\"lazy\" decoding=\"async\" class=\"wp-image-11366 aligncenter size-medium\" src=\"https:\/\/cannespaysdelerins.fr\/wp-content\/uploads\/2021\/05\/NEW_Logo-CRESS-horiz2-300x92.jpg\" alt=\"\" width=\"300\" height=\"92\" \/><\/p>\n<p>[\/et_pb_text][et_pb_text _builder_version=&#8221;4.5.1&#8243; _module_preset=&#8221;default&#8221;]<\/p>\n<p>&gt; Plus d&#8217;infos sur le <a href=\"https:\/\/www.cresspaca.org\/\" target=\"_blank\" rel=\"noopener\"><strong>site internet de CRESS PACA<\/strong><\/a><\/p>\n<p>[\/et_pb_text][\/et_pb_column][\/et_pb_row][\/et_pb_section]<\/p>\n","protected":false},"excerpt":{"rendered":"<p>\u00c9conomie Sociale et Solidaire\u00c9conomie Sociale et Solidaire Principes de l&#8217;ESS &nbsp; Le concept d&#8217;\u00e9conomie sociale et solidaire (ESS) d\u00e9signe un ensemble d&#8217;entreprises organis\u00e9es sous forme de coop\u00e9ratives, mutuelles, associations, ou fondations, dont le fonctionnement interne et les activit\u00e9s sont fond\u00e9s sur un principe de solidarit\u00e9 et d&#8217;utilit\u00e9 sociale. Ces entreprises adoptent des modes de gestion [&hellip;]<\/p>\n","protected":false},"author":3,"featured_media":0,"parent":0,"menu_order":0,"comment_status":"closed","ping_status":"closed","template":"","meta":{"_et_pb_use_builder":"on","_et_pb_old_content":"","_et_gb_content_width":"","footnotes":""},"class_list":["post-11360","page","type-page","status-publish","hentry"],"_links":{"self":[{"href":"https:\/\/cannespaysdelerins.fr\/index.php\/wp-json\/wp\/v2\/pages\/11360","targetHints":{"allow":["GET"]}}],"collection":[{"href":"https:\/\/cannespaysdelerins.fr\/index.php\/wp-json\/wp\/v2\/pages"}],"about":[{"href":"https:\/\/cannespaysdelerins.fr\/index.php\/wp-json\/wp\/v2\/types\/page"}],"author":[{"embeddable":true,"href":"https:\/\/cannespaysdelerins.fr\/index.php\/wp-json\/wp\/v2\/users\/3"}],"replies":[{"embeddable":true,"href":"https:\/\/cannespaysdelerins.fr\/index.php\/wp-json\/wp\/v2\/comments?post=11360"}],"version-history":[{"count":8,"href":"https:\/\/cannespaysdelerins.fr\/index.php\/wp-json\/wp\/v2\/pages\/11360\/revisions"}],"predecessor-version":[{"id":11482,"href":"https:\/\/cannespaysdelerins.fr\/index.php\/wp-json\/wp\/v2\/pages\/11360\/revisions\/11482"}],"wp:attachment":[{"href":"https:\/\/cannespaysdelerins.fr\/index.php\/wp-json\/wp\/v2\/media?parent=11360"}],"curies":[{"name":"wp","href":"https:\/\/api.w.org\/{rel}","templated":true}]}}