{"id":10020,"date":"2021-02-16T18:15:06","date_gmt":"2021-02-16T18:15:06","guid":{"rendered":"https:\/\/cannespaysdelerins.fr\/?page_id=10020"},"modified":"2026-01-08T10:27:11","modified_gmt":"2026-01-08T10:27:11","slug":"actions-en-faveur-de-lemploi","status":"publish","type":"page","link":"https:\/\/cannespaysdelerins.fr\/index.php\/actions-en-faveur-de-lemploi\/","title":{"rendered":"Actions en faveur de l&#8217;emploi"},"content":{"rendered":"<p>[et_pb_section fb_built=&#8221;1&#8243; custom_padding_last_edited=&#8221;off|phone&#8221; disabled_on=&#8221;off|off|off&#8221; admin_label=&#8221;Header image&#8221; _builder_version=&#8221;4.16&#8243; background_image=&#8221;https:\/\/cannespaysdelerins.fr\/wp-content\/uploads\/2021\/02\/fond-action-emploi02.jpg&#8221; parallax=&#8221;on&#8221; z_index=&#8221;0&#8243; min_height=&#8221;700px&#8221; min_height_tablet=&#8221;&#8221; min_height_phone=&#8221;500px&#8221; min_height_last_edited=&#8221;on|desktop&#8221; custom_margin=&#8221;||||false|false&#8221; custom_margin_last_edited=&#8221;off|desktop&#8221; custom_padding=&#8221;||||false|false&#8221; custom_padding_phone=&#8221;||||true|false&#8221; animation_style=&#8221;fade&#8221; collapsed=&#8221;off&#8221; global_colors_info=&#8221;{}&#8221;][et_pb_row disabled_on=&#8221;off|off|off&#8221; admin_label=&#8221;Accroche DESKTOP&#8221; _builder_version=&#8221;4.16&#8243; background_color=&#8221;rgba(0,0,0,0)&#8221; custom_margin=&#8221;||||false|false&#8221; global_colors_info=&#8221;{}&#8221;][et_pb_column type=&#8221;4_4&#8243; _builder_version=&#8221;4.16&#8243; global_colors_info=&#8221;{}&#8221;][et_pb_text _builder_version=&#8221;4.16&#8243; header_font=&#8221;Open Light||||||||&#8221; header_text_align=&#8221;center&#8221; header_text_color=&#8221;#ffffff&#8221; header_font_size=&#8221;40px&#8221; header_letter_spacing=&#8221;1.5px&#8221; header_line_height=&#8221;1.3em&#8221; background_color=&#8221;rgba(0,0,0,0.49)&#8221; max_width=&#8221;500px&#8221; max_width_tablet=&#8221;&#8221; max_width_phone=&#8221;250px&#8221; max_width_last_edited=&#8221;on|phone&#8221; module_alignment=&#8221;center&#8221; custom_margin=&#8221;50px||||false|false&#8221; custom_margin_tablet=&#8221;&#8221; custom_margin_phone=&#8221;0px||||false|false&#8221; custom_margin_last_edited=&#8221;on|phone&#8221; custom_padding=&#8221;30px||30px||true|false&#8221; animation_style=&#8221;fade&#8221; animation_duration=&#8221;2000ms&#8221; header_font_size_tablet=&#8221;&#8221; header_font_size_phone=&#8221;25px&#8221; header_font_size_last_edited=&#8221;on|phone&#8221; header_line_height_tablet=&#8221;&#8221; header_line_height_phone=&#8221;1.7em&#8221; header_line_height_last_edited=&#8221;on|phone&#8221; border_radii=&#8221;on|6px|6px|6px|6px&#8221; global_colors_info=&#8221;{}&#8221;]<\/p>\n<h1 style=\"text-align: center;\">Actions en faveur de l&#8217;emploi<\/h1>\n<p>[\/et_pb_text][\/et_pb_column][\/et_pb_row][\/et_pb_section][et_pb_section fb_built=&#8221;1&#8243; admin_label=&#8221;Actions en faveur de l&#8217;emploi&#8221; _builder_version=&#8221;4.16&#8243; background_color=&#8221;rgba(0,0,0,0)&#8221; custom_margin=&#8221;|40px||40px|false|true&#8221; custom_margin_tablet=&#8221;&#8221; custom_margin_phone=&#8221;|20px||20px|false|true&#8221; custom_margin_last_edited=&#8221;on|desktop&#8221; custom_padding=&#8221;0px||140px||false|false&#8221; animation_style=&#8221;fade&#8221; animation_direction=&#8221;bottom&#8221; animation_duration=&#8221;1550ms&#8221; global_colors_info=&#8221;{}&#8221;][et_pb_row admin_label=&#8221;Ligne&#8221; _builder_version=&#8221;4.16&#8243; _module_preset=&#8221;default&#8221; max_width=&#8221;900px&#8221; custom_margin=&#8221;50px||||false|false&#8221; global_colors_info=&#8221;{}&#8221;][et_pb_column type=&#8221;4_4&#8243; _builder_version=&#8221;4.16&#8243; _module_preset=&#8221;default&#8221; global_colors_info=&#8221;{}&#8221;][et_pb_text _builder_version=&#8221;4.16&#8243; _module_preset=&#8221;default&#8221; global_colors_info=&#8221;{}&#8221;]<\/p>\n<h1>Actions principales sur le territoire Cannes L\u00e9rins<\/h1>\n<p>[\/et_pb_text][et_pb_text _builder_version=&#8221;4.21.0&#8243; _module_preset=&#8221;default&#8221; custom_margin=&#8221;||0px||false|false&#8221; global_colors_info=&#8221;{}&#8221;]<\/p>\n<p>Tout au long de l&#8217;ann\u00e9e, de nombreuses op\u00e9rations sont men\u00e9es sur le territoire de l&#8217;Agglom\u00e9ration pour favoriser l&#8217;emploi, la formation et la cr\u00e9ation d&#8217;entreprises, en lien avec le r\u00e9seau des partenaires de Cannes L\u00e9rins.<\/p>\n<p>[\/et_pb_text][\/et_pb_column][\/et_pb_row][et_pb_row custom_padding_last_edited=&#8221;on|phone&#8221; admin_label=&#8221;Agenda du mois&#8221; _builder_version=&#8221;4.16&#8243; background_color=&#8221;#ffffff&#8221; z_index=&#8221;0&#8243; width_tablet=&#8221;90%&#8221; width_phone=&#8221;90%&#8221; width_last_edited=&#8221;on|desktop&#8221; max_width=&#8221;900px&#8221; overflow-x=&#8221;visible&#8221; overflow-y=&#8221;visible&#8221; custom_margin=&#8221;50px|auto|50px|auto|false|false&#8221; custom_padding=&#8221;50px|20px|50px|20px|true|true&#8221; custom_padding_tablet=&#8221;|30px||30px|true|true&#8221; custom_padding_phone=&#8221;|0px||0px|false|false&#8221; animation_style=&#8221;fade&#8221; animation_duration=&#8221;2000ms&#8221; box_shadow_style=&#8221;preset3&#8243; box_shadow_vertical=&#8221;40px&#8221; box_shadow_blur=&#8221;110px&#8221; box_shadow_spread=&#8221;0px&#8221; box_shadow_color=&#8221;rgba(131,146,167,0.5)&#8221; locked=&#8221;off&#8221; global_colors_info=&#8221;{}&#8221; width__hover_enabled=&#8221;off&#8221;][et_pb_column type=&#8221;4_4&#8243; _builder_version=&#8221;4.16&#8243; background_color=&#8221;rgba(0,0,0,0)&#8221; custom_padding=&#8221;|30px||30px|false|true&#8221; global_colors_info=&#8221;{}&#8221;][et_pb_text _builder_version=&#8221;4.21.0&#8243; _module_preset=&#8221;default&#8221; global_colors_info=&#8221;{}&#8221;]<\/p>\n<h1>Agenda<\/h1>\n<p>[\/et_pb_text][et_pb_accordion db_initial_state=&#8221;all_closed&#8221; open_toggle_text_color=&#8221;#666666&#8243; closed_toggle_text_color=&#8221;#0c71c3&#8243; _builder_version=&#8221;4.25.2&#8243; toggle_level=&#8221;h1&#8243; toggle_font=&#8221;Open Light||||||||&#8221; toggle_font_size=&#8221;25px&#8221; toggle_line_height=&#8221;1.3em&#8221; closed_toggle_font=&#8221;Open Light||||||||&#8221; closed_toggle_font_size=&#8221;25px&#8221; custom_margin=&#8221;||||false|false&#8221; hover_enabled=&#8221;0&#8243; border_width_all=&#8221;0px&#8221; global_colors_info=&#8221;{}&#8221; sticky_enabled=&#8221;0&#8243;][et_pb_accordion_item title=&#8221;Le 19 f\u00e9vrier 2026 : Carrefour des M\u00e9tiers&#8221; open=&#8221;on&#8221; _builder_version=&#8221;4.25.2&#8243; _module_preset=&#8221;default&#8221; hover_enabled=&#8221;0&#8243; global_colors_info=&#8221;{}&#8221; sticky_enabled=&#8221;0&#8243;]<\/p>\n<p><img loading=\"lazy\" decoding=\"async\" class=\"wp-image-21199 alignnone size-medium\" src=\"https:\/\/cannespaysdelerins.fr\/wp-content\/uploads\/2026\/01\/VDC-site-appli-960x640-1-300x200.jpg\" alt=\"\" width=\"300\" height=\"200\" \/><\/p>\n<p class=\" text-center \"><a href='https:\/\/cannespaysdelerins.fr\/index.php\/emploi-et-insertion\/' class='small-button smallteal'>En savoir plus<\/a><\/p>\n<p>&nbsp;<\/p>\n<p>[\/et_pb_accordion_item][\/et_pb_accordion][et_pb_accordion db_initial_state=&#8221;all_closed&#8221; open_toggle_text_color=&#8221;#666666&#8243; closed_toggle_text_color=&#8221;#0c71c3&#8243; _builder_version=&#8221;4.25.2&#8243; toggle_level=&#8221;h1&#8243; toggle_font=&#8221;Open Light||||||||&#8221; toggle_font_size=&#8221;25px&#8221; toggle_line_height=&#8221;1.3em&#8221; closed_toggle_font=&#8221;Open Light||||||||&#8221; closed_toggle_font_size=&#8221;25px&#8221; custom_margin=&#8221;||||false|false&#8221; hover_enabled=&#8221;0&#8243; border_width_all=&#8221;0px&#8221; global_colors_info=&#8221;{}&#8221; disabled_on=&#8221;on|on|on&#8221; disabled=&#8221;on&#8221; sticky_enabled=&#8221;0&#8243;][et_pb_accordion_item title=&#8221;Le 6 novembre 2025 : Salon Emploi Formation Entreprises&#8221; open=&#8221;on&#8221; _builder_version=&#8221;4.25.2&#8243; _module_preset=&#8221;default&#8221; global_colors_info=&#8221;{}&#8221;]<\/p>\n<p><img loading=\"lazy\" decoding=\"async\" class=\"wp-image-20772 alignnone size-medium\" src=\"https:\/\/cannespaysdelerins.fr\/wp-content\/uploads\/2025\/09\/40x60_Salon-Emploi-Formation_2025-95-dpi-copie-200x300.jpg\" alt=\"\" width=\"200\" height=\"300\" \/><\/p>\n<p class=\" text-center \"><a href='https:\/\/cannespaysdelerins.fr\/index.php\/emploi-et-insertion\/' class='small-button smallgreen'>En savoir plus<\/a><\/p>\n<p>[\/et_pb_accordion_item][\/et_pb_accordion][\/et_pb_column][\/et_pb_row][et_pb_row disabled_on=&#8221;on|on|on&#8221; admin_label=&#8221;Chiffres de l&#8217;emploi&#8221; _builder_version=&#8221;4.16&#8243; _module_preset=&#8221;default&#8221; max_width=&#8221;900px&#8221; custom_margin=&#8221;50px||||false|false&#8221; disabled=&#8221;on&#8221; global_colors_info=&#8221;{}&#8221;][et_pb_column type=&#8221;4_4&#8243; _builder_version=&#8221;4.16&#8243; _module_preset=&#8221;default&#8221; global_colors_info=&#8221;{}&#8221;][et_pb_text _builder_version=&#8221;4.21.0&#8243; _module_preset=&#8221;default&#8221; custom_margin=&#8221;||0px||false|false&#8221; global_colors_info=&#8221;{}&#8221;]<\/p>\n<p>La strat\u00e9gie pour l\u2019emploi communautaire repose notamment &#8211; hors p\u00e9riode Covid-19 &#8211; sur l\u2019organisation annuelle de trois grands salons\/forums \u00e0 Cannes L\u00e9rins :<\/p>\n<p><strong>Quinzaine de l\u2019Emploi <\/strong><em>(chiffres 2019)<\/em><strong><br \/><\/strong><\/p>\n<ul>\n<li>6 222 demandeurs d\u2019emploi re\u00e7us, accompagn\u00e9s et orient\u00e9s<\/li>\n<li>4 527 offres d\u2019emplois propos\u00e9es (dont 2000 sur le seul Carrefour des M\u00e9tiers)<\/li>\n<li>237 entreprises partenaires<\/li>\n<li>1 020 entreprises prospect\u00e9es lors du D\u00e9fi Emploi<\/li>\n<li>2 450 visiteurs lors du Carrefour des M\u00e9tiers.<\/li>\n<\/ul>\n<p><strong>Forum des m\u00e9tiers de la Silver Economy <\/strong>(m\u00e9tiers du &#8220;bien-vieillir&#8221;)<strong><br \/><\/strong><\/p>\n<ul>\n<li>2 500 visiteurs<\/li>\n<li>88 entreprises et 9 organismes pr\u00e9sents<\/li>\n<li>600 offres d&#8217;emploi propos\u00e9es.<\/li>\n<\/ul>\n<p><strong>Salon Emploi, Formations et Entreprises<br \/><\/strong><\/p>\n<ul>\n<li>4 200 visiteurs<\/li>\n<li>209 stands<\/li>\n<li>2 100 offres d&#8217;emploi propos\u00e9es.<\/li>\n<\/ul>\n<p>[\/et_pb_text][\/et_pb_column][\/et_pb_row][et_pb_row column_structure=&#8221;1_3,1_3,1_3&#8243; admin_label=&#8221;Contacts&#8221; _builder_version=&#8221;4.16&#8243; _module_preset=&#8221;default&#8221; max_width=&#8221;900px&#8221; locked=&#8221;off&#8221; global_colors_info=&#8221;{}&#8221;][et_pb_column type=&#8221;1_3&#8243; _builder_version=&#8221;4.16&#8243; _module_preset=&#8221;default&#8221; global_colors_info=&#8221;{}&#8221;][et_pb_text admin_label=&#8221;Coordonn\u00e9es&#8221; _builder_version=&#8221;4.16&#8243; _module_preset=&#8221;default&#8221; background_color=&#8221;#e09900&#8243; max_width=&#8221;300px&#8221; module_alignment=&#8221;center&#8221; custom_padding=&#8221;20px|20px|20px|20px|true|true&#8221; border_radii=&#8221;on|15px|15px|15px|15px&#8221; global_colors_info=&#8221;{}&#8221;]<\/p>\n<h2 style=\"text-align: center;\"><span style=\"color: #ffffff;\">Une question ?<\/span><\/h2>\n<p style=\"text-align: center;\"><a href=\"mailto:emploi@cannespaysdelerins.fr\" target=\"_blank\" rel=\"noopener\"><strong><span style=\"color: #ffffff;\">emploi@cannespaysdelerins.fr<\/span><\/strong><\/a><\/p>\n<p>[\/et_pb_text][\/et_pb_column][et_pb_column type=&#8221;1_3&#8243; _builder_version=&#8221;4.16&#8243; _module_preset=&#8221;default&#8221; global_colors_info=&#8221;{}&#8221;][\/et_pb_column][et_pb_column type=&#8221;1_3&#8243; _builder_version=&#8221;4.16&#8243; _module_preset=&#8221;default&#8221; global_colors_info=&#8221;{}&#8221;][et_pb_text admin_label=&#8221;RS&#8221; _builder_version=&#8221;4.16&#8243; _module_preset=&#8221;default&#8221; global_colors_info=&#8221;{}&#8221;]<\/p>\n<p><strong>Retrouvez \u00e9galement toute l&#8217;actualit\u00e9 de l&#8217;Emploi \u00e0 Cannes L\u00e9rins sur<\/strong> :<\/p>\n<p><a href=\"https:\/\/www.facebook.com\/CannesLerinsEmploi\" target=\"_blank\" rel=\"noopener\"><img loading=\"lazy\" decoding=\"async\" class=\"wp-image-10623  alignleft\" src=\"https:\/\/cannespaysdelerins.fr\/wp-content\/uploads\/2021\/03\/FB-150x150.png\" alt=\"\" width=\"36\" height=\"36\" \/><\/a> \u00a0\u00a0\u00a0 <a href=\"https:\/\/instagram.com\/canneslerins_emploi?igshid=4akvg85ajttp\" target=\"_blank\" rel=\"noopener\"><img loading=\"lazy\" decoding=\"async\" class=\"wp-image-10625  alignleft\" src=\"https:\/\/cannespaysdelerins.fr\/wp-content\/uploads\/2021\/03\/INSTA-150x150.png\" alt=\"\" width=\"36\" height=\"36\" srcset=\"https:\/\/cannespaysdelerins.fr\/wp-content\/uploads\/2021\/03\/INSTA-150x150.png 150w, https:\/\/cannespaysdelerins.fr\/wp-content\/uploads\/2021\/03\/INSTA.png 152w\" sizes=\"auto, (max-width: 36px) 100vw, 36px\" \/><\/a><a href=\"https:\/\/www.linkedin.com\/company\/cannes-lerins-emploi\" target=\"_blank\" rel=\"noopener\"><img loading=\"lazy\" decoding=\"async\" class=\"alignleft wp-image-10624\" src=\"https:\/\/cannespaysdelerins.fr\/wp-content\/uploads\/2021\/03\/LKD.png\" alt=\"\" width=\"36\" height=\"37\" \/><\/a><\/p>\n<p>[\/et_pb_text][\/et_pb_column][\/et_pb_row][\/et_pb_section]<\/p>\n","protected":false},"excerpt":{"rendered":"<p>Actions en faveur de l&#8217;emploiActions principales sur le territoire Cannes L\u00e9rinsTout au long de l&#8217;ann\u00e9e, de nombreuses op\u00e9rations sont men\u00e9es sur le territoire de l&#8217;Agglom\u00e9ration pour favoriser l&#8217;emploi, la formation et la cr\u00e9ation d&#8217;entreprises, en lien avec le r\u00e9seau des partenaires de Cannes L\u00e9rins.Agenda <a href='https:\/\/cannespaysdelerins.fr\/index.php\/emploi-et-insertion\/' class='small-button smallteal'>En savoir plus<\/a> &nbsp; <a href='https:\/\/cannespaysdelerins.fr\/index.php\/emploi-et-insertion\/' class='small-button smallgreen'><\/a> En [&hellip;]<\/p>\n","protected":false},"author":3,"featured_media":0,"parent":0,"menu_order":0,"comment_status":"closed","ping_status":"closed","template":"","meta":{"_et_pb_use_builder":"on","_et_pb_old_content":"","_et_gb_content_width":"","footnotes":""},"class_list":["post-10020","page","type-page","status-publish","hentry"],"_links":{"self":[{"href":"https:\/\/cannespaysdelerins.fr\/index.php\/wp-json\/wp\/v2\/pages\/10020","targetHints":{"allow":["GET"]}}],"collection":[{"href":"https:\/\/cannespaysdelerins.fr\/index.php\/wp-json\/wp\/v2\/pages"}],"about":[{"href":"https:\/\/cannespaysdelerins.fr\/index.php\/wp-json\/wp\/v2\/types\/page"}],"author":[{"embeddable":true,"href":"https:\/\/cannespaysdelerins.fr\/index.php\/wp-json\/wp\/v2\/users\/3"}],"replies":[{"embeddable":true,"href":"https:\/\/cannespaysdelerins.fr\/index.php\/wp-json\/wp\/v2\/comments?post=10020"}],"version-history":[{"count":200,"href":"https:\/\/cannespaysdelerins.fr\/index.php\/wp-json\/wp\/v2\/pages\/10020\/revisions"}],"predecessor-version":[{"id":21226,"href":"https:\/\/cannespaysdelerins.fr\/index.php\/wp-json\/wp\/v2\/pages\/10020\/revisions\/21226"}],"wp:attachment":[{"href":"https:\/\/cannespaysdelerins.fr\/index.php\/wp-json\/wp\/v2\/media?parent=10020"}],"curies":[{"name":"wp","href":"https:\/\/api.w.org\/{rel}","templated":true}]}}